{"id":112,"date":"2024-05-15T22:20:47","date_gmt":"2024-05-15T22:20:47","guid":{"rendered":"https:\/\/plusmob.com\/?page_id=112"},"modified":"2024-05-15T22:20:47","modified_gmt":"2024-05-15T22:20:47","slug":"%d1%83%d1%81%d0%bb%d0%be%d0%b2%d0%b8%d1%8f-%d0%b7%d0%b0-%d0%bf%d0%be%d0%bb%d0%b7%d0%b2%d0%b0%d0%bd%d0%b5","status":"publish","type":"page","link":"https:\/\/plusmob.com\/bg\/termos-de-uso\/","title":{"rendered":"\u0423\u0441\u043b\u043e\u0432\u0438\u044f \u0437\u0430 \u043f\u043e\u043b\u0437\u0432\u0430\u043d\u0435"},"content":{"rendered":"<p>\u0412\u043b\u0438\u0437\u0430\u0439\u043a\u0438 \u0432 \u0443\u0435\u0431\u0441\u0430\u0439\u0442\u0430 \u043d\u0430 PlusMob, \u0432\u0438\u0435 \u043f\u0440\u0438\u0435\u043c\u0430\u0442\u0435 \u0442\u0435\u0437\u0438 \u0443\u0441\u043b\u043e\u0432\u0438\u044f \u0437\u0430 \u043f\u043e\u043b\u0437\u0432\u0430\u043d\u0435, \u043a\u0430\u043a\u0442\u043e \u0438 \u0432\u0441\u0438\u0447\u043a\u0438 \u043f\u0440\u0438\u043b\u043e\u0436\u0438\u043c\u0438 \u0437\u0430\u043a\u043e\u043d\u0438 \u0438 \u0440\u0430\u0437\u043f\u043e\u0440\u0435\u0434\u0431\u0438, \u0438 \u043f\u043e\u0442\u0432\u044a\u0440\u0436\u0434\u0430\u0432\u0430\u0442\u0435, \u0447\u0435 \u043d\u043e\u0441\u0438\u0442\u0435 \u043e\u0442\u0433\u043e\u0432\u043e\u0440\u043d\u043e\u0441\u0442 \u0434\u0430 \u0441\u043f\u0430\u0437\u0432\u0430\u0442\u0435 \u043f\u0440\u0438\u043b\u043e\u0436\u0438\u043c\u0438\u0442\u0435 \u043c\u0435\u0441\u0442\u043d\u0438 \u0437\u0430\u043a\u043e\u043d\u0438. \u0410\u043a\u043e \u043d\u0435 \u0441\u0442\u0435 \u0441\u044a\u0433\u043b\u0430\u0441\u043d\u0438 \u0441 \u0442\u0435\u0437\u0438 \u0443\u0441\u043b\u043e\u0432\u0438\u044f, \u0432\u0438 \u0435 \u0437\u0430\u0431\u0440\u0430\u043d\u0435\u043d \u0434\u043e\u0441\u0442\u044a\u043f\u044a\u0442 \u0438\u043b\u0438 \u0438\u0437\u043f\u043e\u043b\u0437\u0432\u0430\u043d\u0435\u0442\u043e \u043d\u0430 \u0441\u0430\u0439\u0442\u0430. \u0421\u044a\u0434\u044a\u0440\u0436\u0430\u043d\u0438\u0435\u0442\u043e \u043d\u0430 \u0442\u043e\u0437\u0438 \u0443\u0435\u0431\u0441\u0430\u0439\u0442 \u0435 \u0437\u0430\u0449\u0438\u0442\u0435\u043d\u043e \u043e\u0442 \u0434\u0435\u0439\u0441\u0442\u0432\u0430\u0449\u0438\u0442\u0435 \u0437\u0430\u043a\u043e\u043d\u0438 \u0437\u0430 \u0438\u043d\u0442\u0435\u043b\u0435\u043a\u0442\u0443\u0430\u043b\u043d\u0430 \u0441\u043e\u0431\u0441\u0442\u0432\u0435\u043d\u043e\u0441\u0442 \u0438 \u0442\u044a\u0440\u0433\u043e\u0432\u0441\u043a\u0438 \u043c\u0430\u0440\u043a\u0438.<\/p>\n\n\n\n<p><strong>\u041f\u0440\u0435\u0434\u043e\u0441\u0442\u0430\u0432\u044f\u043d\u0435 \u043d\u0430 \u043b\u0438\u0446\u0435\u043d\u0437<\/strong><br>PlusMob \u0432\u0438 \u0434\u0430\u0432\u0430 \u043f\u0440\u0430\u0432\u043e\u0442\u043e \u0432\u0440\u0435\u043c\u0435\u043d\u043d\u043e \u0434\u0430 \u0438\u0437\u0442\u0435\u0433\u043b\u0438\u0442\u0435 \u0435\u0434\u043d\u043e \u043a\u043e\u043f\u0438\u0435 \u043e\u0442 \u043d\u0430\u043b\u0438\u0447\u043d\u0438\u0442\u0435 \u043d\u0430 \u0441\u0430\u0439\u0442\u0430 \u043c\u0430\u0442\u0435\u0440\u0438\u0430\u043b\u0438 (\u0438\u043d\u0444\u043e\u0440\u043c\u0430\u0446\u0438\u044f \u0438\u043b\u0438 \u0441\u043e\u0444\u0442\u0443\u0435\u0440) \u0441\u0430\u043c\u043e \u0437\u0430 \u0432\u0430\u0448\u0435 \u043b\u0438\u0447\u043d\u043e, \u043d\u0435\u043a\u043e\u043c\u0435\u0440\u0441\u0438\u0430\u043b\u043d\u043e \u0440\u0430\u0437\u0433\u043b\u0435\u0436\u0434\u0430\u043d\u0435. \u0422\u0430\u0437\u0438 \u043a\u043e\u043d\u0446\u0435\u0441\u0438\u044f \u0435 \u043f\u0440\u0430\u0432\u043e \u043d\u0430 \u043f\u043e\u043b\u0437\u0432\u0430\u043d\u0435, \u0430 \u043d\u0435 \u043d\u0430 \u0441\u043e\u0431\u0441\u0442\u0432\u0435\u043d\u043e\u0441\u0442. \u041d\u0435 \u0442\u0440\u044f\u0431\u0432\u0430 \u0434\u0430:<\/p>\n\n\n\n<ul class=\"wp-block-list\">\n<li>\u041f\u0440\u043e\u043c\u044f\u043d\u0430 \u0438\u043b\u0438 \u043a\u043e\u043f\u0438\u0440\u0430\u043d\u0435 \u043d\u0430 \u043c\u0430\u0442\u0435\u0440\u0438\u0430\u043b\u0438\u0442\u0435;<\/li>\n\n\n\n<li>\u0418\u0437\u043f\u043e\u043b\u0437\u0432\u0430\u043d\u0435 \u043d\u0430 \u043c\u0430\u0442\u0435\u0440\u0438\u0430\u043b\u0438\u0442\u0435 \u0437\u0430 \u0442\u044a\u0440\u0433\u043e\u0432\u0441\u043a\u0438 \u0446\u0435\u043b\u0438 \u0438\u043b\u0438 \u0437\u0430 \u043f\u0443\u0431\u043b\u0438\u0447\u043d\u043e \u043f\u043e\u043a\u0430\u0437\u0432\u0430\u043d\u0435 (\u043a\u043e\u043c\u0435\u0440\u0441\u0438\u0430\u043b\u043d\u043e \u0438\u043b\u0438 \u0434\u0440\u0443\u0433\u043e);<\/li>\n\n\n\n<li>\u041e\u043f\u0438\u0442 \u0437\u0430 \u043e\u0431\u0440\u0430\u0442\u043d\u043e \u043f\u0440\u043e\u0435\u043a\u0442\u0438\u0440\u0430\u043d\u0435 \u0438\u043b\u0438 \u0434\u0435\u043a\u043e\u043c\u043f\u0438\u043b\u0438\u0440\u0430\u043d\u0435 \u043d\u0430 \u0441\u043e\u0444\u0442\u0443\u0435\u0440, \u043d\u0430\u043c\u0435\u0440\u0435\u043d \u043d\u0430 \u0443\u0435\u0431\u0441\u0430\u0439\u0442\u0430 \u043d\u0430 PlusMob;<\/li>\n\n\n\n<li>\u0418\u0437\u0442\u0440\u0438\u0439\u0442\u0435 \u0432\u0441\u0438\u0447\u043a\u0438 \u0431\u0435\u043b\u0435\u0436\u043a\u0438 \u0437\u0430 \u0430\u0432\u0442\u043e\u0440\u0441\u043a\u0438 \u043f\u0440\u0430\u0432\u0430 \u0438\u043b\u0438 \u0434\u0440\u0443\u0433\u0438 \u0443\u043a\u0430\u0437\u0430\u043d\u0438\u044f \u0437\u0430 \u0441\u043e\u0431\u0441\u0442\u0432\u0435\u043d\u043e\u0441\u0442 \u043e\u0442 \u043c\u0430\u0442\u0435\u0440\u0438\u0430\u043b\u0438\u0442\u0435;<\/li>\n\n\n\n<li>\u041f\u0440\u0435\u043f\u0440\u0430\u0442\u0435\u0442\u0435 \u043c\u0430\u0442\u0435\u0440\u0438\u0430\u043b\u0438\u0442\u0435 \u043d\u0430 \u0434\u0440\u0443\u0433\u043e \u043b\u0438\u0446\u0435 \u0438\u043b\u0438 \u0434\u0443\u0431\u043b\u0438\u0440\u0430\u0439\u0442\u0435 \u043c\u0430\u0442\u0435\u0440\u0438\u0430\u043b\u0438\u0442\u0435 \u043d\u0430 \u0434\u0440\u0443\u0433 \u0441\u044a\u0440\u0432\u044a\u0440.<\/li>\n<\/ul>\n\n\n\n<p>\u0422\u043e\u0437\u0438 \u043b\u0438\u0446\u0435\u043d\u0437 \u0430\u0432\u0442\u043e\u043c\u0430\u0442\u0438\u0447\u043d\u043e \u0449\u0435 \u0431\u044a\u0434\u0435 \u043f\u0440\u0435\u043a\u0440\u0430\u0442\u0435\u043d, \u0430\u043a\u043e \u043d\u0430\u0440\u0443\u0448\u0438\u0442\u0435 \u043d\u044f\u043a\u043e\u0435 \u043e\u0442 \u0442\u0435\u0437\u0438 \u043e\u0433\u0440\u0430\u043d\u0438\u0447\u0435\u043d\u0438\u044f \u0438 \u043c\u043e\u0436\u0435 \u0434\u0430 \u0431\u044a\u0434\u0435 \u043f\u0440\u0435\u043a\u0440\u0430\u0442\u0435\u043d \u043e\u0442 PlusMob \u043f\u043e \u0432\u0441\u044f\u043a\u043e \u0432\u0440\u0435\u043c\u0435. \u041f\u0440\u0438 \u043f\u0440\u0435\u043a\u0440\u0430\u0442\u044f\u0432\u0430\u043d\u0435 \u043d\u0430 \u0440\u0430\u0437\u0433\u043b\u0435\u0436\u0434\u0430\u043d\u0435\u0442\u043e \u043d\u0430 \u043c\u0430\u0442\u0435\u0440\u0438\u0430\u043b\u0438\u0442\u0435 \u0438\u043b\u0438 \u0441\u043b\u0435\u0434 \u043a\u0440\u0430\u044f \u043d\u0430 \u0442\u043e\u0437\u0438 \u043b\u0438\u0446\u0435\u043d\u0437, \u0442\u0440\u044f\u0431\u0432\u0430 \u0434\u0430 \u0438\u0437\u0442\u0440\u0438\u0435\u0442\u0435 \u0432\u0441\u0438\u0447\u043a\u0438 \u0438\u0437\u0442\u0435\u0433\u043b\u0435\u043d\u0438 \u043c\u0430\u0442\u0435\u0440\u0438\u0430\u043b\u0438, \u043d\u0435\u0437\u0430\u0432\u0438\u0441\u0438\u043c\u043e \u0434\u0430\u043b\u0438 \u0432 \u0435\u043b\u0435\u043a\u0442\u0440\u043e\u043d\u0435\u043d \u0438\u043b\u0438 \u043f\u0435\u0447\u0430\u0442\u0435\u043d \u0444\u043e\u0440\u043c\u0430\u0442.<\/p>\n\n\n\n<p><strong>\u041e\u043f\u0440\u043e\u0432\u0435\u0440\u0436\u0435\u043d\u0438\u0435<\/strong><br>\u041c\u0430\u0442\u0435\u0440\u0438\u0430\u043b\u0438\u0442\u0435 \u043d\u0430 \u0443\u0435\u0431\u0441\u0430\u0439\u0442\u0430 PlusMob \u0441\u0435 \u043f\u0440\u0435\u0434\u043e\u0441\u0442\u0430\u0432\u044f\u0442 \u043d\u0430 \u043f\u0440\u0438\u043d\u0446\u0438\u043f\u0430 \u201e\u043a\u0430\u043a\u0442\u043e \u0441\u0430\u201c. PlusMob \u043d\u0435 \u0434\u0430\u0432\u0430 \u043d\u0438\u043a\u0430\u043a\u0432\u0438 \u0433\u0430\u0440\u0430\u043d\u0446\u0438\u0438, \u0438\u0437\u0440\u0438\u0447\u043d\u0438 \u0438\u043b\u0438 \u043f\u043e\u0434\u0440\u0430\u0437\u0431\u0438\u0440\u0430\u0449\u0438 \u0441\u0435, \u0438 \u043e\u0442\u0445\u0432\u044a\u0440\u043b\u044f \u0432\u0441\u0438\u0447\u043a\u0438 \u0434\u0440\u0443\u0433\u0438 \u0433\u0430\u0440\u0430\u043d\u0446\u0438\u0438, \u0432\u043a\u043b\u044e\u0447\u0438\u0442\u0435\u043b\u043d\u043e, \u0431\u0435\u0437 \u043e\u0433\u0440\u0430\u043d\u0438\u0447\u0435\u043d\u0438\u0435, \u043f\u043e\u0434\u0440\u0430\u0437\u0431\u0438\u0440\u0430\u0449\u0438 \u0441\u0435 \u0433\u0430\u0440\u0430\u043d\u0446\u0438\u0438 \u0437\u0430 \u043f\u0440\u043e\u0434\u0430\u0432\u0430\u0435\u043c\u043e\u0441\u0442, \u0433\u043e\u0434\u043d\u043e\u0441\u0442 \u0437\u0430 \u043e\u043f\u0440\u0435\u0434\u0435\u043b\u0435\u043d\u0430 \u0446\u0435\u043b \u0438\u043b\u0438 \u043d\u0435\u043d\u0430\u0440\u0443\u0448\u0430\u0432\u0430\u043d\u0435 \u043d\u0430 \u043f\u0440\u0430\u0432\u0430\u0442\u0430 \u0432\u044a\u0440\u0445\u0443 \u0438\u043d\u0442\u0435\u043b\u0435\u043a\u0442\u0443\u0430\u043b\u043d\u0430\u0442\u0430 \u0441\u043e\u0431\u0441\u0442\u0432\u0435\u043d\u043e\u0441\u0442.<\/p>\n\n\n\n<p><strong>\u041e\u0433\u0440\u0430\u043d\u0438\u0447\u0435\u043d\u0438\u044f \u043d\u0430 \u043e\u0442\u0433\u043e\u0432\u043e\u0440\u043d\u043e\u0441\u0442\u0442\u0430<\/strong><br>\u0412 \u043d\u0438\u043a\u0430\u043a\u044a\u0432 \u0441\u043b\u0443\u0447\u0430\u0439 PlusMob \u0438\u043b\u0438 \u043d\u0435\u0433\u043e\u0432\u0438\u0442\u0435 \u0434\u043e\u0441\u0442\u0430\u0432\u0447\u0438\u0446\u0438 \u043d\u044f\u043c\u0430 \u0434\u0430 \u043d\u043e\u0441\u044f\u0442 \u043e\u0442\u0433\u043e\u0432\u043e\u0440\u043d\u043e\u0441\u0442 \u0437\u0430 \u0449\u0435\u0442\u0438, \u043f\u0440\u043e\u0438\u0437\u0442\u0438\u0447\u0430\u0449\u0438 \u043e\u0442 \u0438\u0437\u043f\u043e\u043b\u0437\u0432\u0430\u043d\u0435\u0442\u043e \u0438\u043b\u0438 \u043d\u0435\u0432\u044a\u0437\u043c\u043e\u0436\u043d\u043e\u0441\u0442\u0442\u0430 \u0437\u0430 \u0438\u0437\u043f\u043e\u043b\u0437\u0432\u0430\u043d\u0435 \u043d\u0430 \u043c\u0430\u0442\u0435\u0440\u0438\u0430\u043b\u0438\u0442\u0435 \u043d\u0430 PlusMob, \u0434\u043e\u0440\u0438 \u0430\u043a\u043e \u0431\u044a\u0434\u0430\u0442 \u0443\u0432\u0435\u0434\u043e\u043c\u0435\u043d\u0438 \u0437\u0430 \u0432\u044a\u0437\u043c\u043e\u0436\u043d\u043e\u0441\u0442\u0442\u0430 \u043e\u0442 \u0442\u0430\u043a\u0438\u0432\u0430 \u0449\u0435\u0442\u0438. \u0410\u043a\u043e \u043c\u0435\u0441\u0442\u043d\u0438\u0442\u0435 \u0437\u0430\u043a\u043e\u043d\u0438 \u043d\u0435 \u043f\u043e\u0437\u0432\u043e\u043b\u044f\u0432\u0430\u0442 \u0438\u0437\u043a\u043b\u044e\u0447\u0432\u0430\u043d\u0435 \u043d\u0430 \u043e\u043f\u0440\u0435\u0434\u0435\u043b\u0435\u043d\u0438 \u0433\u0430\u0440\u0430\u043d\u0446\u0438\u0438 \u0438\u043b\u0438 \u043e\u0433\u0440\u0430\u043d\u0438\u0447\u0430\u0432\u0430\u043d\u0435 \u043d\u0430 \u043e\u0442\u0433\u043e\u0432\u043e\u0440\u043d\u043e\u0441\u0442\u0442\u0430 \u0437\u0430 \u043f\u043e\u0441\u043b\u0435\u0434\u0432\u0430\u0449\u0438 \u0449\u0435\u0442\u0438, \u0442\u0435\u0437\u0438 \u0438\u0437\u043a\u043b\u044e\u0447\u0435\u043d\u0438\u044f \u0438 \u043e\u0433\u0440\u0430\u043d\u0438\u0447\u0435\u043d\u0438\u044f \u043c\u043e\u0436\u0435 \u0434\u0430 \u043d\u0435 \u0441\u0435 \u043e\u0442\u043d\u0430\u0441\u044f\u0442 \u0437\u0430 \u0432\u0430\u0441.<\/p>\n\n\n\n<p><strong>\u041f\u0440\u0435\u0446\u0438\u0437\u043d\u043e\u0441\u0442 \u043d\u0430 \u043c\u0430\u0442\u0435\u0440\u0438\u0430\u043b\u0438\u0442\u0435<\/strong><br>\u041c\u0430\u0442\u0435\u0440\u0438\u0430\u043b\u0438\u0442\u0435, \u043a\u043e\u0438\u0442\u043e \u0441\u0435 \u043f\u043e\u044f\u0432\u044f\u0432\u0430\u0442 \u043d\u0430 \u0443\u0435\u0431\u0441\u0430\u0439\u0442\u0430 \u043d\u0430 PlusMob, \u043c\u043e\u0436\u0435 \u0434\u0430 \u0441\u044a\u0434\u044a\u0440\u0436\u0430\u0442 \u0442\u0435\u0445\u043d\u0438\u0447\u0435\u0441\u043a\u0438, \u0442\u0438\u043f\u043e\u0433\u0440\u0430\u0444\u0441\u043a\u0438 \u0438\u043b\u0438 \u0444\u043e\u0442\u043e\u0433\u0440\u0430\u0444\u0441\u043a\u0438 \u0433\u0440\u0435\u0448\u043a\u0438. PlusMob \u043d\u0435 \u0433\u0430\u0440\u0430\u043d\u0442\u0438\u0440\u0430 \u0442\u043e\u0447\u043d\u043e\u0441\u0442\u0442\u0430, \u043f\u044a\u043b\u043d\u043e\u0442\u0430\u0442\u0430 \u0438\u043b\u0438 \u0430\u043a\u0442\u0443\u0430\u043b\u043d\u043e\u0441\u0442\u0442\u0430 \u043d\u0430 \u043c\u0430\u0442\u0435\u0440\u0438\u0430\u043b\u0438\u0442\u0435 \u043d\u0430 \u0441\u0432\u043e\u044f \u0443\u0435\u0431\u0441\u0430\u0439\u0442 \u0438 \u043c\u043e\u0436\u0435 \u0434\u0430 \u043f\u0440\u043e\u043c\u0435\u043d\u044f \u043c\u0430\u0442\u0435\u0440\u0438\u0430\u043b\u0438\u0442\u0435 \u043f\u043e \u0432\u0441\u044f\u043a\u043e \u0432\u0440\u0435\u043c\u0435 \u0431\u0435\u0437 \u043f\u0440\u0435\u0434\u0443\u043f\u0440\u0435\u0436\u0434\u0435\u043d\u0438\u0435, \u043d\u043e \u043d\u0435 \u043f\u043e\u0435\u043c\u0430 \u0430\u043d\u0433\u0430\u0436\u0438\u043c\u0435\u043d\u0442 \u0437\u0430 \u0430\u043a\u0442\u0443\u0430\u043b\u0438\u0437\u0438\u0440\u0430\u043d\u0435 \u043d\u0430 \u043c\u0430\u0442\u0435\u0440\u0438\u0430\u043b\u0438\u0442\u0435.<\/p>\n\n\n\n<p><strong>\u0412\u0440\u044a\u0437\u043a\u0438<\/strong><br>PlusMob \u043d\u0435 \u0435 \u043f\u0440\u0435\u0433\u043b\u0435\u0434\u0430\u043b \u0432\u0441\u0438\u0447\u043a\u0438 \u0441\u0430\u0439\u0442\u043e\u0432\u0435, \u0441\u0432\u044a\u0440\u0437\u0430\u043d\u0438 \u0441 \u043d\u0435\u0433\u043e, \u0438 \u043d\u0435 \u043d\u043e\u0441\u0438 \u043e\u0442\u0433\u043e\u0432\u043e\u0440\u043d\u043e\u0441\u0442 \u0437\u0430 \u0441\u044a\u0434\u044a\u0440\u0436\u0430\u043d\u0438\u0435\u0442\u043e \u043d\u0430 \u0432\u044a\u043d\u0448\u043d\u0438 \u0441\u0430\u0439\u0442\u043e\u0432\u0435. \u0412\u043a\u043b\u044e\u0447\u0432\u0430\u043d\u0435\u0442\u043e \u043d\u0430 \u043a\u0430\u043a\u0432\u0430\u0442\u043e \u0438 \u0434\u0430 \u0435 \u0432\u0440\u044a\u0437\u043a\u0430 \u043d\u0435 \u043e\u0437\u043d\u0430\u0447\u0430\u0432\u0430 \u043e\u0434\u043e\u0431\u0440\u0435\u043d\u0438\u0435 \u043d\u0430 \u0441\u0430\u0439\u0442\u0430 \u043e\u0442 PlusMob. \u0418\u0437\u043f\u043e\u043b\u0437\u0432\u0430\u043d\u0435\u0442\u043e \u043d\u0430 \u0441\u0432\u044a\u0440\u0437\u0430\u043d\u0438 \u0441\u0430\u0439\u0442\u043e\u0432\u0435 \u0435 \u043d\u0430 \u0441\u043e\u0431\u0441\u0442\u0432\u0435\u043d\u0430 \u043e\u0442\u0433\u043e\u0432\u043e\u0440\u043d\u043e\u0441\u0442 \u043d\u0430 \u043f\u043e\u0442\u0440\u0435\u0431\u0438\u0442\u0435\u043b\u044f.<\/p>\n\n\n\n<p><strong>\u041f\u0440\u043e\u043c\u0435\u043d\u0438 \u0432 \u0423\u0441\u043b\u043e\u0432\u0438\u044f\u0442\u0430<\/strong><br>PlusMob \u043c\u043e\u0436\u0435 \u0434\u0430 \u043f\u0440\u043e\u043c\u0435\u043d\u0438 \u0442\u0435\u0437\u0438 \u0443\u0441\u043b\u043e\u0432\u0438\u044f \u0437\u0430 \u043f\u043e\u043b\u0437\u0432\u0430\u043d\u0435 \u043f\u043e \u0432\u0441\u044f\u043a\u043e \u0432\u0440\u0435\u043c\u0435, \u0431\u0435\u0437 \u043f\u0440\u0435\u0434\u0438\u0437\u0432\u0435\u0441\u0442\u0438\u0435. \u0418\u0437\u043f\u043e\u043b\u0437\u0432\u0430\u0439\u043a\u0438 \u0442\u043e\u0437\u0438 \u0443\u0435\u0431\u0441\u0430\u0439\u0442, \u0432\u0438\u0435 \u0441\u0435 \u0441\u044a\u0433\u043b\u0430\u0441\u044f\u0432\u0430\u0442\u0435 \u0434\u0430 \u0431\u044a\u0434\u0435\u0442\u0435 \u043e\u0431\u0432\u044a\u0440\u0437\u0430\u043d\u0438 \u0441 \u043d\u0430\u0439-\u043d\u043e\u0432\u0430\u0442\u0430 \u0432\u0435\u0440\u0441\u0438\u044f \u043d\u0430 \u0442\u0435\u0437\u0438 \u0443\u0441\u043b\u043e\u0432\u0438\u044f \u0437\u0430 \u043f\u043e\u043b\u0437\u0432\u0430\u043d\u0435.<\/p>\n\n\n\n<p><strong>\u041f\u0440\u0438\u043b\u043e\u0436\u0438\u043c \u0437\u0430\u043a\u043e\u043d<\/strong><br>\u0422\u0435\u0437\u0438 \u043f\u0440\u0430\u0432\u0438\u043b\u0430 \u0438 \u0443\u0441\u043b\u043e\u0432\u0438\u044f \u0441\u0435 \u0443\u0440\u0435\u0436\u0434\u0430\u0442 \u043e\u0442 \u0437\u0430\u043a\u043e\u043d\u0438\u0442\u0435 \u043d\u0430 PlusMob \u0438 \u0432\u0438\u0435 \u043d\u0435\u043e\u0442\u043c\u0435\u043d\u0438\u043c\u043e \u0441\u0435 \u0441\u044a\u0433\u043b\u0430\u0441\u044f\u0432\u0430\u0442\u0435 \u0441 \u0438\u0437\u043a\u043b\u044e\u0447\u0438\u0442\u0435\u043b\u043d\u0430\u0442\u0430 \u044e\u0440\u0438\u0441\u0434\u0438\u043a\u0446\u0438\u044f \u043d\u0430 \u043c\u0435\u0441\u0442\u043d\u0438\u0442\u0435 \u0441\u044a\u0434\u0438\u043b\u0438\u0449\u0430.<\/p>","protected":false},"excerpt":{"rendered":"<p>Ao entrar no site PlusMob, voc\u00ea aceita estes termos de uso, bem como todas as leis e regulamenta\u00e7\u00f5es relevantes, e reconhece que tem a responsabilidade de observar as leis locais aplic\u00e1veis. Caso n\u00e3o concorde com estes termos, voc\u00ea est\u00e1 proibido de acessar ou utilizar o site. Os conte\u00fados presentes neste website est\u00e3o protegidos pelas leis [&hellip;]<\/p>\n","protected":false},"author":1,"featured_media":0,"parent":0,"menu_order":0,"comment_status":"closed","ping_status":"closed","template":"","meta":{"footnotes":""},"class_list":["post-112","page","type-page","status-publish"],"_links":{"self":[{"href":"https:\/\/plusmob.com\/bg\/wp-json\/wp\/v2\/pages\/112","targetHints":{"allow":["GET"]}}],"collection":[{"href":"https:\/\/plusmob.com\/bg\/wp-json\/wp\/v2\/pages"}],"about":[{"href":"https:\/\/plusmob.com\/bg\/wp-json\/wp\/v2\/types\/page"}],"author":[{"embeddable":true,"href":"https:\/\/plusmob.com\/bg\/wp-json\/wp\/v2\/users\/1"}],"replies":[{"embeddable":true,"href":"https:\/\/plusmob.com\/bg\/wp-json\/wp\/v2\/comments?post=112"}],"version-history":[{"count":1,"href":"https:\/\/plusmob.com\/bg\/wp-json\/wp\/v2\/pages\/112\/revisions"}],"predecessor-version":[{"id":113,"href":"https:\/\/plusmob.com\/bg\/wp-json\/wp\/v2\/pages\/112\/revisions\/113"}],"wp:attachment":[{"href":"https:\/\/plusmob.com\/bg\/wp-json\/wp\/v2\/media?parent=112"}],"curies":[{"name":"\u0440\u0430\u0431\u043e\u0442\u043d\u0430 \u0441\u0440\u0435\u0449\u0430","href":"https:\/\/api.w.org\/{rel}","templated":true}]}}