{"id":112,"date":"2024-05-15T22:20:47","date_gmt":"2024-05-15T22:20:47","guid":{"rendered":"https:\/\/plusmob.com\/?page_id=112"},"modified":"2024-05-15T22:20:47","modified_gmt":"2024-05-15T22:20:47","slug":"%e0%a6%ac%e0%a7%8d%e0%a6%af%e0%a6%ac%e0%a6%b9%e0%a6%be%e0%a6%b0%e0%a7%87%e0%a6%b0-%e0%a6%b6%e0%a6%b0%e0%a7%8d%e0%a6%a4%e0%a6%be%e0%a6%ac%e0%a6%b2%e0%a7%80","status":"publish","type":"page","link":"https:\/\/plusmob.com\/bn\/termos-de-uso\/","title":{"rendered":"\u09ac\u09cd\u09af\u09ac\u09b9\u09be\u09b0\u09c7\u09b0 \u09b6\u09b0\u09cd\u09a4\u09be\u09ac\u09b2\u09c0"},"content":{"rendered":"<p>PlusMob \u0993\u09af\u09bc\u09c7\u09ac\u09b8\u09be\u0987\u099f\u09c7 \u09aa\u09cd\u09b0\u09ac\u09c7\u09b6 \u0995\u09b0\u09c7, \u0986\u09aa\u09a8\u09bf \u098f\u0987 \u09ac\u09cd\u09af\u09ac\u09b9\u09be\u09b0\u09c7\u09b0 \u09b6\u09b0\u09cd\u09a4\u09be\u09ac\u09b2\u09c0, \u09b8\u09c7\u0987\u09b8\u09be\u09a5\u09c7 \u09b8\u09ae\u09b8\u09cd\u09a4 \u09aa\u09cd\u09b0\u09be\u09b8\u0999\u09cd\u0997\u09bf\u0995 \u0986\u0987\u09a8 \u0993 \u09aa\u09cd\u09b0\u09ac\u09bf\u09a7\u09be\u09a8 \u09b8\u09cd\u09ac\u09c0\u0995\u09be\u09b0 \u0995\u09b0\u09c7\u09a8 \u098f\u09ac\u0982 \u09b8\u09cd\u09ac\u09c0\u0995\u09be\u09b0 \u0995\u09b0\u09c7\u09a8 \u09af\u09c7 \u09aa\u09cd\u09b0\u09af\u09cb\u099c\u09cd\u09af \u09b8\u09cd\u09a5\u09be\u09a8\u09c0\u09af\u09bc \u0986\u0987\u09a8 \u09ae\u09c7\u09a8\u09c7 \u099a\u09b2\u09be\u09b0 \u09a6\u09be\u09af\u09bc\u09bf\u09a4\u09cd\u09ac \u0986\u09aa\u09a8\u09be\u09b0 \u09b0\u09af\u09bc\u09c7\u099b\u09c7\u0964 \u0986\u09aa\u09a8\u09bf \u098f\u0987 \u09b6\u09b0\u09cd\u09a4\u09be\u09ac\u09b2\u09c0\u09b0 \u09b8\u09be\u09a5\u09c7 \u098f\u0995\u09ae\u09a4 \u09a8\u09be \u09b9\u09b2\u09c7, \u0986\u09aa\u09a8\u09bf \u09b8\u09be\u0987\u099f \u0985\u09cd\u09af\u09be\u0995\u09cd\u09b8\u09c7\u09b8 \u09ac\u09be \u09ac\u09cd\u09af\u09ac\u09b9\u09be\u09b0 \u09a5\u09c7\u0995\u09c7 \u09a8\u09bf\u09b7\u09bf\u09a6\u09cd\u09a7 \u0995\u09b0\u09be \u09b9\u09af\u09bc. \u098f\u0987 \u0993\u09af\u09bc\u09c7\u09ac\u09b8\u09be\u0987\u099f\u09c7\u09b0 \u09ac\u09bf\u09b7\u09af\u09bc\u09ac\u09b8\u09cd\u09a4\u09c1 \u09ac\u09b0\u09cd\u09a4\u09ae\u09be\u09a8 \u09ae\u09c7\u09a7\u09be \u09b8\u09ae\u09cd\u09aa\u09a4\u09cd\u09a4\u09bf \u098f\u09ac\u0982 \u099f\u09cd\u09b0\u09c7\u09a1\u09ae\u09be\u09b0\u09cd\u0995 \u0986\u0987\u09a8 \u09a6\u09cd\u09ac\u09be\u09b0\u09be \u09b8\u09c1\u09b0\u0995\u09cd\u09b7\u09bf\u09a4\u0964<\/p>\n\n\n\n<p><strong>\u09b2\u09be\u0987\u09b8\u09c7\u09a8\u09cd\u09b8 \u0985\u09a8\u09c1\u09a6\u09be\u09a8<\/strong><br>PlusMob \u0986\u09aa\u09a8\u09be\u0995\u09c7 \u09b6\u09c1\u09a7\u09c1\u09ae\u09be\u09a4\u09cd\u09b0 \u09ac\u09cd\u09af\u0995\u09cd\u09a4\u09bf\u0997\u09a4, \u0985-\u09ac\u09be\u09a3\u09bf\u099c\u09cd\u09af\u09bf\u0995 \u09a6\u09c7\u0996\u09be\u09b0 \u099c\u09a8\u09cd\u09af \u09b8\u09be\u0987\u099f\u09c7 \u0989\u09aa\u09b2\u09ac\u09cd\u09a7 \u09b8\u09be\u09ae\u0997\u09cd\u09b0\u09c0\u09b0 (\u09a4\u09a5\u09cd\u09af \u09ac\u09be \u09b8\u09ab\u09cd\u099f\u0993\u09af\u09bc\u09cd\u09af\u09be\u09b0) \u098f\u0995\u099f\u09bf \u0995\u09aa\u09bf \u09b8\u09be\u09ae\u09af\u09bc\u09bf\u0995\u09ad\u09be\u09ac\u09c7 \u09a1\u09be\u0989\u09a8\u09b2\u09cb\u09a1 \u0995\u09b0\u09be\u09b0 \u0985\u09a7\u09bf\u0995\u09be\u09b0 \u09a6\u09c7\u09af\u09bc\u0964 \u098f\u0987 \u099b\u09be\u09a1\u09bc\u099f\u09bf \u09ac\u09cd\u09af\u09ac\u09b9\u09be\u09b0\u09c7\u09b0 \u0985\u09a7\u09bf\u0995\u09be\u09b0, \u09ae\u09be\u09b2\u09bf\u0995\u09be\u09a8\u09be \u09a8\u09af\u09bc\u0964 \u09a4\u09cb\u09ae\u09be\u09b0 \u0989\u099a\u09bf\u09a4 \u09a8\u09be:<\/p>\n\n\n\n<ul class=\"wp-block-list\">\n<li>\u0989\u09aa\u0995\u09b0\u09a3 \u09aa\u09b0\u09bf\u09ac\u09b0\u09cd\u09a4\u09a8 \u09ac\u09be \u0985\u09a8\u09c1\u09b2\u09bf\u09aa\u09bf;<\/li>\n\n\n\n<li>\u09ac\u09be\u09a3\u09bf\u099c\u09cd\u09af\u09bf\u0995 \u0989\u09a6\u09cd\u09a6\u09c7\u09b6\u09cd\u09af\u09c7 \u09ac\u09be \u09b8\u09b0\u09cd\u09ac\u099c\u09a8\u09c0\u09a8 \u09aa\u09cd\u09b0\u09a6\u09b0\u09cd\u09b6\u09a8\u09c7\u09b0 \u099c\u09a8\u09cd\u09af \u0989\u09aa\u0995\u09b0\u09a3 \u09ac\u09cd\u09af\u09ac\u09b9\u09be\u09b0 \u0995\u09b0\u09c1\u09a8 (\u09ac\u09be\u09a3\u09bf\u099c\u09cd\u09af\u09bf\u0995 \u09ac\u09be \u0985\u09a8\u09cd\u09af\u09a5\u09be\u09af\u09bc);<\/li>\n\n\n\n<li>\u09aa\u09cd\u09b2\u09be\u09b8\u09ae\u09ac \u0993\u09af\u09bc\u09c7\u09ac\u09b8\u09be\u0987\u099f\u09c7 \u09aa\u09be\u0993\u09af\u09bc\u09be \u09af\u09c7\u0995\u09cb\u09a8 \u09b8\u09ab\u09cd\u099f\u0993\u09af\u09bc\u09cd\u09af\u09be\u09b0\u0995\u09c7 \u09b0\u09bf\u09ad\u09be\u09b0\u09cd\u09b8 \u0987\u099e\u09cd\u099c\u09bf\u09a8\u09bf\u09af\u09bc\u09be\u09b0 \u09ac\u09be \u09a1\u09bf\u0995\u09ae\u09cd\u09aa\u09be\u0987\u09b2 \u0995\u09b0\u09be\u09b0 \u099a\u09c7\u09b7\u09cd\u099f\u09be \u0995\u09b0\u09be;<\/li>\n\n\n\n<li>\u0989\u09aa\u0995\u09b0\u09a3 \u09a5\u09c7\u0995\u09c7 \u0995\u09cb\u09a8\u09cb \u0995\u09aa\u09bf\u09b0\u09be\u0987\u099f \u09ac\u09bf\u099c\u09cd\u099e\u09aa\u09cd\u09a4\u09bf \u09ac\u09be \u0985\u09a8\u09cd\u09af\u09be\u09a8\u09cd\u09af \u09ae\u09be\u09b2\u09bf\u0995\u09be\u09a8\u09be \u0987\u0999\u09cd\u0997\u09bf\u09a4 \u09ae\u09c1\u099b\u09c7 \u09ab\u09c7\u09b2\u09c1\u09a8;<\/li>\n\n\n\n<li>\u0989\u09aa\u0995\u09b0\u09a3\u0997\u09c1\u09b2\u09bf \u0985\u09a8\u09cd\u09af \u09ac\u09cd\u09af\u0995\u09cd\u09a4\u09bf\u09b0 \u0995\u09be\u099b\u09c7 \u09ab\u09b0\u09cb\u09af\u09bc\u09be\u09b0\u09cd\u09a1 \u0995\u09b0\u09c1\u09a8 \u09ac\u09be \u0985\u09a8\u09cd\u09af \u09b8\u09be\u09b0\u09cd\u09ad\u09be\u09b0\u09c7 \u0989\u09aa\u0995\u09b0\u09a3\u0997\u09c1\u09b2\u09bf \u09a8\u0995\u09b2 \u0995\u09b0\u09c1\u09a8\u0964<\/li>\n<\/ul>\n\n\n\n<p>\u0986\u09aa\u09a8\u09bf \u09af\u09a6\u09bf \u098f\u0987 \u09ac\u09bf\u09a7\u09bf\u09a8\u09bf\u09b7\u09c7\u09a7\u0997\u09c1\u09b2\u09bf\u09b0 \u09af\u09c7\u0995\u09cb\u09a8\u09cb \u098f\u0995\u099f\u09bf \u09b2\u0999\u09cd\u0998\u09a8 \u0995\u09b0\u09c7\u09a8 \u09a4\u09ac\u09c7 \u098f\u0987 \u09b2\u09be\u0987\u09b8\u09c7\u09a8\u09cd\u09b8\u099f\u09bf \u09b8\u09cd\u09ac\u09af\u09bc\u0982\u0995\u09cd\u09b0\u09bf\u09af\u09bc\u09ad\u09be\u09ac\u09c7 \u09ac\u09a8\u09cd\u09a7 \u09b9\u09af\u09bc\u09c7 \u09af\u09be\u09ac\u09c7 \u098f\u09ac\u0982 \u09af\u09c7 \u0995\u09cb\u09a8\u09cb \u09b8\u09ae\u09af\u09bc PlusMob \u09a6\u09cd\u09ac\u09be\u09b0\u09be \u09ac\u09be\u09a4\u09bf\u09b2 \u0995\u09b0\u09be \u09b9\u09a4\u09c7 \u09aa\u09be\u09b0\u09c7\u0964 \u0986\u09aa\u09a8\u09be\u09b0 \u09b8\u09be\u09ae\u0997\u09cd\u09b0\u09c0\u0997\u09c1\u09b2\u09bf \u09a6\u09c7\u0996\u09be \u09ac\u09a8\u09cd\u09a7 \u0995\u09b0\u09be\u09b0 \u09aa\u09b0\u09c7 \u09ac\u09be \u098f\u0987 \u09b2\u09be\u0987\u09b8\u09c7\u09a8\u09cd\u09b8\u09c7\u09b0 \u09b6\u09c7\u09b7\u09c7, \u0986\u09aa\u09a8\u09be\u0995\u09c7 \u0985\u09ac\u09b6\u09cd\u09af\u0987 \u0987\u09b2\u09c7\u0995\u099f\u09cd\u09b0\u09a8\u09bf\u0995 \u09ac\u09be \u09ae\u09c1\u09a6\u09cd\u09b0\u09bf\u09a4 \u09ac\u09bf\u09a8\u09cd\u09af\u09be\u09b8\u09c7 \u09af\u09c7 \u0995\u09cb\u09a8\u0993 \u09a1\u09be\u0989\u09a8\u09b2\u09cb\u09a1 \u0995\u09b0\u09be \u09b8\u09be\u09ae\u0997\u09cd\u09b0\u09c0 \u09ae\u09c1\u099b\u09c7 \u09ab\u09c7\u09b2\u09a4\u09c7 \u09b9\u09ac\u09c7\u0964<\/p>\n\n\n\n<p><strong>\u09a6\u09be\u09ac\u09bf\u09a4\u09cd\u09af\u09be\u0997<\/strong><br>PlusMob \u0993\u09af\u09bc\u09c7\u09ac\u09b8\u09be\u0987\u099f\u09c7\u09b0 \u0989\u09aa\u0995\u09b0\u09a3\u0997\u09c1\u09b2\u09bf &quot;\u09af\u09c7\u09ae\u09a8 \u0986\u099b\u09c7&quot; \u09ad\u09bf\u09a4\u09cd\u09a4\u09bf\u09a4\u09c7 \u09b8\u09b0\u09ac\u09b0\u09be\u09b9 \u0995\u09b0\u09be \u09b9\u09af\u09bc\u0964 PlusMob \u0995\u09cb\u09a8\u09cb \u0993\u09af\u09bc\u09cd\u09af\u09be\u09b0\u09c7\u09a8\u09cd\u099f\u09bf \u09a6\u09c7\u09af\u09bc \u09a8\u09be, \u09aa\u09cd\u09b0\u0995\u09be\u09b6 \u09ac\u09be \u0989\u09b9\u09cd\u09af, \u098f\u09ac\u0982 \u0985\u09a8\u09cd\u09af\u09be\u09a8\u09cd\u09af \u09b8\u09ae\u09b8\u09cd\u09a4 \u0993\u09af\u09bc\u09cd\u09af\u09be\u09b0\u09c7\u09a8\u09cd\u099f\u09bf \u0985\u09b8\u09cd\u09ac\u09c0\u0995\u09be\u09b0 \u0995\u09b0\u09c7, \u09af\u09be\u09b0 \u09ae\u09a7\u09cd\u09af\u09c7 \u09b8\u09c0\u09ae\u09be\u09ac\u09a6\u09cd\u09a7\u09a4\u09be \u099b\u09be\u09a1\u09bc\u09be\u0987, \u09ac\u09cd\u09af\u09ac\u09b8\u09be\u09af\u09bc\u09bf\u0995\u09a4\u09be\u09b0 \u0985\u09a8\u09cd\u09a4\u09b0\u09cd\u09a8\u09bf\u09b9\u09bf\u09a4 \u0993\u09af\u09bc\u09be\u09b0\u09c7\u09a8\u09cd\u099f\u09bf, \u098f\u0995\u099f\u09bf \u09a8\u09bf\u09b0\u09cd\u09a6\u09bf\u09b7\u09cd\u099f \u0989\u09a6\u09cd\u09a6\u09c7\u09b6\u09cd\u09af\u09c7 \u0989\u09aa\u09af\u09c1\u0995\u09cd\u09a4\u09a4\u09be, \u09ac\u09be \u09ae\u09c7\u09a7\u09be \u09b8\u09ae\u09cd\u09aa\u09a4\u09cd\u09a4\u09bf \u0985\u09a7\u09bf\u0995\u09be\u09b0\u09c7\u09b0 \u0985-\u09b2\u0999\u09cd\u0998\u09a8\u0964<\/p>\n\n\n\n<p><strong>\u09a6\u09be\u09af\u09bc\u09ac\u09a6\u09cd\u09a7\u09a4\u09be\u09b0 \u09b8\u09c0\u09ae\u09be\u09ac\u09a6\u09cd\u09a7\u09a4\u09be<\/strong><br>\u09aa\u09cd\u09b2\u09be\u09b8\u09ae\u09cb\u09ac \u09ac\u09be \u098f\u09b0 \u09b8\u09b0\u09ac\u09b0\u09be\u09b9\u0995\u09be\u09b0\u09c0\u09b0\u09be \u09aa\u09cd\u09b2\u09be\u09b8\u09ae\u09ac-\u098f \u0989\u09aa\u0995\u09b0\u09a3 \u09ac\u09cd\u09af\u09ac\u09b9\u09be\u09b0 \u09ac\u09be \u09ac\u09cd\u09af\u09ac\u09b9\u09be\u09b0\u09c7 \u0985\u0995\u09cd\u09b7\u09ae\u09a4\u09be\u09b0 \u0995\u09be\u09b0\u09a3\u09c7 \u0989\u09a6\u09cd\u09ad\u09c2\u09a4 \u0995\u09cb\u09a8\u09cb \u0995\u09cd\u09b7\u09a4\u09bf\u09b0 \u099c\u09a8\u09cd\u09af \u09a6\u09be\u09af\u09bc\u09c0 \u09a5\u09be\u0995\u09ac\u09c7 \u09a8\u09be, \u098f\u09ae\u09a8\u0995\u09bf \u09af\u09a6\u09bf \u098f\u0987 \u09a7\u09b0\u09a8\u09c7\u09b0 \u0995\u09cd\u09b7\u09a4\u09bf\u09b0 \u09b8\u09ae\u09cd\u09ad\u09be\u09ac\u09a8\u09be\u09b0 \u09ac\u09bf\u09b7\u09af\u09bc\u09c7 \u09aa\u09b0\u09be\u09ae\u09b0\u09cd\u09b6 \u09a6\u09c7\u0993\u09af\u09bc\u09be \u09b9\u09af\u09bc\u0964 \u09b8\u09cd\u09a5\u09be\u09a8\u09c0\u09af\u09bc \u0986\u0987\u09a8 \u09af\u09a6\u09bf \u0995\u09bf\u099b\u09c1 \u09a8\u09bf\u09b0\u09cd\u09a6\u09bf\u09b7\u09cd\u099f \u0993\u09af\u09bc\u09cd\u09af\u09be\u09b0\u09c7\u09a8\u09cd\u099f\u09bf \u09ac\u09b0\u09cd\u099c\u09a8\u09c7\u09b0 \u0985\u09a8\u09c1\u09ae\u09a4\u09bf \u09a8\u09be \u09a6\u09c7\u09af\u09bc \u09ac\u09be \u0986\u09a8\u09c1\u09b7\u0999\u09cd\u0997\u09bf\u0995 \u0995\u09cd\u09b7\u09a4\u09bf\u09b0 \u099c\u09a8\u09cd\u09af \u09a6\u09be\u09af\u09bc\u09ac\u09a6\u09cd\u09a7\u09a4\u09be\u09b0 \u09b8\u09c0\u09ae\u09be\u09ac\u09a6\u09cd\u09a7\u09a4\u09be\u09b0 \u0985\u09a8\u09c1\u09ae\u09a4\u09bf \u09a8\u09be \u09a6\u09c7\u09af\u09bc, \u09a4\u09be\u09b9\u09b2\u09c7 \u098f\u0987 \u09ac\u09b0\u09cd\u099c\u09a8 \u098f\u09ac\u0982 \u09b8\u09c0\u09ae\u09be\u09ac\u09a6\u09cd\u09a7\u09a4\u09be\u0997\u09c1\u09b2\u09bf \u0986\u09aa\u09a8\u09be\u09b0 \u0995\u09cd\u09b7\u09c7\u09a4\u09cd\u09b0\u09c7 \u09aa\u09cd\u09b0\u09af\u09cb\u099c\u09cd\u09af \u09a8\u09be\u0993 \u09b9\u09a4\u09c7 \u09aa\u09be\u09b0\u09c7\u0964<\/p>\n\n\n\n<p><strong>\u0989\u09aa\u09be\u09a6\u09be\u09a8 \u09a8\u09bf\u09b0\u09cd\u09ad\u09c1\u09b2\u09a4\u09be<\/strong><br>PlusMob-\u098f\u09b0 \u0993\u09af\u09bc\u09c7\u09ac\u09b8\u09be\u0987\u099f\u09c7 \u09aa\u09cd\u09b0\u09a6\u09b0\u09cd\u09b6\u09bf\u09a4 \u0989\u09aa\u0995\u09b0\u09a3\u0997\u09c1\u09b2\u09bf\u09a4\u09c7 \u09aa\u09cd\u09b0\u09af\u09c1\u0995\u09cd\u09a4\u09bf\u0997\u09a4, \u099f\u09be\u0987\u09aa\u09cb\u0997\u09cd\u09b0\u09be\u09ab\u09bf\u0995\u09cd\u09af\u09be\u09b2 \u09ac\u09be \u09ab\u099f\u09cb\u0997\u09cd\u09b0\u09be\u09ab\u09bf\u0995 \u09a4\u09cd\u09b0\u09c1\u099f\u09bf \u09a5\u09be\u0995\u09a4\u09c7 \u09aa\u09be\u09b0\u09c7\u0964 PlusMob \u09a4\u09be\u09b0 \u0993\u09af\u09bc\u09c7\u09ac\u09b8\u09be\u0987\u099f\u09c7 \u09a5\u09be\u0995\u09be \u0989\u09aa\u0995\u09b0\u09a3\u0997\u09c1\u09b2\u09bf\u09b0 \u09a8\u09bf\u09b0\u09cd\u09ad\u09c1\u09b2\u09a4\u09be, \u09b8\u09ae\u09cd\u09aa\u09c2\u09b0\u09cd\u09a3\u09a4\u09be \u09ac\u09be \u09b8\u09ae\u09af\u09bc\u09cb\u09aa\u09af\u09cb\u0997\u09c0\u09a4\u09be\u09b0 \u0997\u09cd\u09af\u09be\u09b0\u09be\u09a8\u09cd\u099f\u09bf \u09a6\u09c7\u09af\u09bc \u09a8\u09be \u098f\u09ac\u0982 \u09af\u09c7\u0995\u09cb\u09a8 \u09b8\u09ae\u09af\u09bc \u09a8\u09cb\u099f\u09bf\u09b6 \u099b\u09be\u09a1\u09bc\u09be\u0987 \u0989\u09aa\u0995\u09b0\u09a3\u0997\u09c1\u09b2\u09bf \u09aa\u09b0\u09bf\u09ac\u09b0\u09cd\u09a4\u09a8 \u0995\u09b0\u09a4\u09c7 \u09aa\u09be\u09b0\u09c7, \u09a4\u09ac\u09c7 \u0989\u09aa\u0995\u09b0\u09a3\u0997\u09c1\u09b2\u09bf \u0986\u09aa\u09a1\u09c7\u099f \u0995\u09b0\u09be\u09b0 \u099c\u09a8\u09cd\u09af \u0995\u09cb\u09a8\u0993 \u09aa\u09cd\u09b0\u09a4\u09bf\u09b6\u09cd\u09b0\u09c1\u09a4\u09bf \u09a6\u09c7\u09af\u09bc \u09a8\u09be\u0964<\/p>\n\n\n\n<p><strong>\u09b2\u09bf\u0999\u09cd\u0995<\/strong><br>PlusMob \u098f\u09b0 \u09b8\u09be\u09a5\u09c7 \u09b2\u09bf\u0999\u09cd\u0995 \u0995\u09b0\u09be \u09b8\u09ae\u09b8\u09cd\u09a4 \u09b8\u09be\u0987\u099f \u09aa\u09b0\u09cd\u09af\u09be\u09b2\u09cb\u099a\u09a8\u09be \u0995\u09b0\u09c7\u09a8\u09bf \u098f\u09ac\u0982 \u0995\u09cb\u09a8\u09cb \u09ac\u09b9\u09bf\u09b0\u09be\u0997\u09a4 \u09b8\u09be\u0987\u099f\u09c7\u09b0 \u09ac\u09bf\u09b7\u09af\u09bc\u09ac\u09b8\u09cd\u09a4\u09c1\u09b0 \u099c\u09a8\u09cd\u09af \u09a6\u09be\u09af\u09bc\u09c0 \u09a8\u09af\u09bc\u0964 \u0995\u09cb\u09a8\u09cb \u09b2\u09bf\u0999\u09cd\u0995 \u0985\u09a8\u09cd\u09a4\u09b0\u09cd\u09ad\u09c1\u0995\u09cd\u09a4 \u0995\u09b0\u09be \u09b8\u09be\u0987\u099f\u09c7\u09b0 PlusMob \u09a6\u09cd\u09ac\u09be\u09b0\u09be \u0985\u09a8\u09c1\u09ae\u09cb\u09a6\u09a8 \u09ac\u09cb\u099d\u09be\u09af\u09bc \u09a8\u09be\u0964 \u09b2\u09bf\u0999\u09cd\u0995 \u0995\u09b0\u09be \u09b8\u09be\u0987\u099f\u09c7\u09b0 \u09ac\u09cd\u09af\u09ac\u09b9\u09be\u09b0 \u09ac\u09cd\u09af\u09ac\u09b9\u09be\u09b0\u0995\u09be\u09b0\u09c0\u09b0 \u09a8\u09bf\u099c\u09c7\u09b0 \u099d\u09c1\u0981\u0995\u09bf\u09a4\u09c7\u0964<\/p>\n\n\n\n<p><strong>\u09b6\u09b0\u09cd\u09a4\u09be\u09ac\u09b2\u09c0 \u09aa\u09b0\u09bf\u09ac\u09b0\u09cd\u09a4\u09a8<\/strong><br>PlusMob \u09af\u09c7\u0995\u09cb\u09a8 \u09b8\u09ae\u09af\u09bc \u09aa\u09c2\u09b0\u09cd\u09ac \u09ac\u09bf\u099c\u09cd\u099e\u09aa\u09cd\u09a4\u09bf \u099b\u09be\u09a1\u09bc\u09be\u0987 \u098f\u0987 \u09ac\u09cd\u09af\u09ac\u09b9\u09be\u09b0\u09c7\u09b0 \u09b6\u09b0\u09cd\u09a4\u09be\u09ac\u09b2\u09c0 \u09aa\u09b0\u09bf\u09ac\u09b0\u09cd\u09a4\u09a8 \u0995\u09b0\u09a4\u09c7 \u09aa\u09be\u09b0\u09c7\u0964 \u098f\u0987 \u0993\u09af\u09bc\u09c7\u09ac\u09b8\u09be\u0987\u099f \u09ac\u09cd\u09af\u09ac\u09b9\u09be\u09b0 \u0995\u09b0\u09c7, \u0986\u09aa\u09a8\u09bf \u098f\u0987 \u09ac\u09cd\u09af\u09ac\u09b9\u09be\u09b0\u09c7\u09b0 \u09b6\u09b0\u09cd\u09a4\u09be\u09ac\u09b2\u09c0\u09b0 \u09b8\u09ac\u099a\u09c7\u09af\u09bc\u09c7 \u09b8\u09be\u09ae\u09cd\u09aa\u09cd\u09b0\u09a4\u09bf\u0995 \u09b8\u0982\u09b8\u09cd\u0995\u09b0\u09a3 \u09a6\u09cd\u09ac\u09be\u09b0\u09be \u0986\u09ac\u09a6\u09cd\u09a7 \u09b9\u09a4\u09c7 \u09b8\u09ae\u09cd\u09ae\u09a4 \u09b9\u09a8\u0964<\/p>\n\n\n\n<p><strong>\u09aa\u09cd\u09b0\u09af\u09cb\u099c\u09cd\u09af \u0986\u0987\u09a8<\/strong><br>\u098f\u0987 \u09b6\u09b0\u09cd\u09a4\u09be\u09ac\u09b2\u09c0 PlusMob-\u098f\u09b0 \u0986\u0987\u09a8 \u09a6\u09cd\u09ac\u09be\u09b0\u09be \u09a8\u09bf\u09af\u09bc\u09a8\u09cd\u09a4\u09cd\u09b0\u09bf\u09a4 \u09b9\u09af\u09bc \u098f\u09ac\u0982 \u0986\u09aa\u09a8\u09bf \u09b8\u09cd\u09a5\u09be\u09a8\u09c0\u09af\u09bc \u0986\u09a6\u09be\u09b2\u09a4\u09c7\u09b0 \u098f\u0995\u099a\u09c7\u099f\u09bf\u09af\u09bc\u09be \u098f\u0996\u09a4\u09bf\u09af\u09bc\u09be\u09b0\u09c7 \u0985\u09aa\u09b0\u09bf\u09ac\u09b0\u09cd\u09a4\u09a8\u09c0\u09af\u09bc\u09ad\u09be\u09ac\u09c7 \u09b8\u09ae\u09cd\u09ae\u09a4\u09bf \u09a6\u09c7\u09a8\u0964<\/p>","protected":false},"excerpt":{"rendered":"<p>Ao entrar no site PlusMob, voc\u00ea aceita estes termos de uso, bem como todas as leis e regulamenta\u00e7\u00f5es relevantes, e reconhece que tem a responsabilidade de observar as leis locais aplic\u00e1veis. Caso n\u00e3o concorde com estes termos, voc\u00ea est\u00e1 proibido de acessar ou utilizar o site. Os conte\u00fados presentes neste website est\u00e3o protegidos pelas leis [&hellip;]<\/p>\n","protected":false},"author":1,"featured_media":0,"parent":0,"menu_order":0,"comment_status":"closed","ping_status":"closed","template":"","meta":{"footnotes":""},"class_list":["post-112","page","type-page","status-publish"],"_links":{"self":[{"href":"https:\/\/plusmob.com\/bn\/wp-json\/wp\/v2\/pages\/112","targetHints":{"allow":["GET"]}}],"collection":[{"href":"https:\/\/plusmob.com\/bn\/wp-json\/wp\/v2\/pages"}],"about":[{"href":"https:\/\/plusmob.com\/bn\/wp-json\/wp\/v2\/types\/page"}],"author":[{"embeddable":true,"href":"https:\/\/plusmob.com\/bn\/wp-json\/wp\/v2\/users\/1"}],"replies":[{"embeddable":true,"href":"https:\/\/plusmob.com\/bn\/wp-json\/wp\/v2\/comments?post=112"}],"version-history":[{"count":1,"href":"https:\/\/plusmob.com\/bn\/wp-json\/wp\/v2\/pages\/112\/revisions"}],"predecessor-version":[{"id":113,"href":"https:\/\/plusmob.com\/bn\/wp-json\/wp\/v2\/pages\/112\/revisions\/113"}],"wp:attachment":[{"href":"https:\/\/plusmob.com\/bn\/wp-json\/wp\/v2\/media?parent=112"}],"curies":[{"name":"\u09a1\u09ac\u09cd\u09b2\u09bf\u0989\u09aa\u09bf","href":"https:\/\/api.w.org\/{rel}","templated":true}]}}