{"id":112,"date":"2024-05-15T22:20:47","date_gmt":"2024-05-15T22:20:47","guid":{"rendered":"https:\/\/plusmob.com\/?page_id=112"},"modified":"2024-05-15T22:20:47","modified_gmt":"2024-05-15T22:20:47","slug":"nutzungsbedingungen","status":"publish","type":"page","link":"https:\/\/plusmob.com\/de\/termos-de-uso\/","title":{"rendered":"Nutzungsbedingungen"},"content":{"rendered":"<p>Indem Sie die PlusMob-Website betreten, akzeptieren Sie diese Nutzungsbedingungen sowie alle relevanten Gesetze und Vorschriften und erkennen an, dass Sie f\u00fcr die Einhaltung der geltenden lokalen Gesetze verantwortlich sind. Wenn Sie mit diesen Bedingungen nicht einverstanden sind, ist Ihnen der Zugriff auf die Website oder deren Nutzung untersagt. Die Inhalte dieser Website sind durch die geltenden Gesetze zum Schutz des geistigen Eigentums und der Marken gesch\u00fctzt.<\/p>\n\n\n\n<p><strong>Lizenzgew\u00e4hrung<\/strong><br>PlusMob gew\u00e4hrt Ihnen das Recht, vor\u00fcbergehend eine Kopie der auf der Website verf\u00fcgbaren Materialien (Informationen oder Software) ausschlie\u00dflich zur pers\u00f6nlichen, nicht kommerziellen Betrachtung herunterzuladen. Bei dieser \u00dcberlassung handelt es sich um ein Nutzungsrecht, nicht um Eigentum. Du solltest nicht:<\/p>\n\n\n\n<ul class=\"wp-block-list\">\n<li>Die Materialien \u00e4ndern oder kopieren;<\/li>\n\n\n\n<li>Die Materialien f\u00fcr kommerzielle Zwecke oder zur \u00f6ffentlichen Zurschaustellung (kommerziell oder anderweitig) nutzen;<\/li>\n\n\n\n<li>Versuchen Sie, auf der PlusMob-Website gefundene Software zur\u00fcckzuentwickeln oder zu dekompilieren;<\/li>\n\n\n\n<li>L\u00f6schen Sie alle Urheberrechtshinweise oder andere Eigentumshinweise aus den Materialien.<\/li>\n\n\n\n<li>Leiten Sie die Materialien an eine andere Person weiter oder duplizieren Sie die Materialien auf einem anderen Server.<\/li>\n<\/ul>\n\n\n\n<p>Diese Lizenz erlischt automatisch, wenn Sie gegen eine dieser Einschr\u00e4nkungen versto\u00dfen, und kann von PlusMob jederzeit gek\u00fcndigt werden. Wenn Sie die Anzeige der Materialien beenden oder die Laufzeit dieser Lizenz abl\u00e4uft, m\u00fcssen Sie alle heruntergeladenen Materialien l\u00f6schen, sei es in elektronischer oder gedruckter Form.<\/p>\n\n\n\n<p><strong>Haftungsausschluss<\/strong><br>Die Materialien auf der PlusMob-Website werden ohne M\u00e4ngelgew\u00e4hr bereitgestellt. PlusMob \u00fcbernimmt keine Garantien, weder ausdr\u00fccklich noch stillschweigend, und lehnt alle anderen Garantien ab, einschlie\u00dflich, aber nicht beschr\u00e4nkt auf stillschweigende Garantien der Marktg\u00e4ngigkeit, der Eignung f\u00fcr einen bestimmten Zweck oder der Nichtverletzung von Rechten des geistigen Eigentums.<\/p>\n\n\n\n<p><strong>Haftungsbeschr\u00e4nkungen<\/strong><br>In keinem Fall haften PlusMob oder seine Lieferanten f\u00fcr Sch\u00e4den, die sich aus der Nutzung oder Unm\u00f6glichkeit der Nutzung der Materialien auf PlusMob ergeben, selbst wenn sie auf die M\u00f6glichkeit solcher Sch\u00e4den hingewiesen wurden. Wenn lokale Gesetze den Ausschluss bestimmter Garantien oder die Beschr\u00e4nkung der Haftung f\u00fcr Folgesch\u00e4den nicht zulassen, gelten diese Ausschl\u00fcsse und Beschr\u00e4nkungen m\u00f6glicherweise nicht f\u00fcr Sie.<\/p>\n\n\n\n<p><strong>Pr\u00e4zision der Materialien<\/strong><br>Die auf der Website von PlusMob erscheinenden Materialien k\u00f6nnen technische, typografische oder fotografische Fehler enthalten. PlusMob \u00fcbernimmt keine Garantie f\u00fcr die Richtigkeit, Vollst\u00e4ndigkeit oder Aktualit\u00e4t der Materialien auf seiner Website und kann die Materialien jederzeit ohne Vorank\u00fcndigung \u00e4ndern, \u00fcbernimmt jedoch keine Verpflichtung zur Aktualisierung der Materialien.<\/p>\n\n\n\n<p><strong>Links<\/strong><br>PlusMob hat nicht alle mit ihm verlinkten Seiten \u00fcberpr\u00fcft und ist nicht f\u00fcr den Inhalt externer Seiten verantwortlich. Die Aufnahme eines Links bedeutet nicht, dass PlusMob die Website bef\u00fcrwortet. Die Nutzung verlinkter Seiten erfolgt auf eigene Gefahr des Nutzers.<\/p>\n\n\n\n<p><strong>\u00c4nderungen der Bedingungen<\/strong><br>PlusMob kann diese Nutzungsbedingungen jederzeit und ohne vorherige Ank\u00fcndigung \u00e4ndern. Durch die Nutzung dieser Website erkl\u00e4ren Sie sich mit der aktuellsten Version dieser Nutzungsbedingungen einverstanden.<\/p>\n\n\n\n<p><strong>Anwendbares Recht<\/strong><br>Diese Allgemeinen Gesch\u00e4ftsbedingungen unterliegen den Gesetzen von PlusMob und Sie stimmen unwiderruflich der ausschlie\u00dflichen Zust\u00e4ndigkeit der \u00f6rtlichen Gerichte zu.<\/p>","protected":false},"excerpt":{"rendered":"<p>Ao entrar no site PlusMob, voc\u00ea aceita estes termos de uso, bem como todas as leis e regulamenta\u00e7\u00f5es relevantes, e reconhece que tem a responsabilidade de observar as leis locais aplic\u00e1veis. Caso n\u00e3o concorde com estes termos, voc\u00ea est\u00e1 proibido de acessar ou utilizar o site. Os conte\u00fados presentes neste website est\u00e3o protegidos pelas leis [&hellip;]<\/p>\n","protected":false},"author":1,"featured_media":0,"parent":0,"menu_order":0,"comment_status":"closed","ping_status":"closed","template":"","meta":{"footnotes":""},"class_list":["post-112","page","type-page","status-publish"],"_links":{"self":[{"href":"https:\/\/plusmob.com\/de\/wp-json\/wp\/v2\/pages\/112","targetHints":{"allow":["GET"]}}],"collection":[{"href":"https:\/\/plusmob.com\/de\/wp-json\/wp\/v2\/pages"}],"about":[{"href":"https:\/\/plusmob.com\/de\/wp-json\/wp\/v2\/types\/page"}],"author":[{"embeddable":true,"href":"https:\/\/plusmob.com\/de\/wp-json\/wp\/v2\/users\/1"}],"replies":[{"embeddable":true,"href":"https:\/\/plusmob.com\/de\/wp-json\/wp\/v2\/comments?post=112"}],"version-history":[{"count":1,"href":"https:\/\/plusmob.com\/de\/wp-json\/wp\/v2\/pages\/112\/revisions"}],"predecessor-version":[{"id":113,"href":"https:\/\/plusmob.com\/de\/wp-json\/wp\/v2\/pages\/112\/revisions\/113"}],"wp:attachment":[{"href":"https:\/\/plusmob.com\/de\/wp-json\/wp\/v2\/media?parent=112"}],"curies":[{"name":"wp","href":"https:\/\/api.w.org\/{rel}","templated":true}]}}