{"id":112,"date":"2024-05-15T22:20:47","date_gmt":"2024-05-15T22:20:47","guid":{"rendered":"https:\/\/plusmob.com\/?page_id=112"},"modified":"2024-05-15T22:20:47","modified_gmt":"2024-05-15T22:20:47","slug":"%cf%8c%cf%81%ce%bf%ce%b9-%cf%87%cf%81%ce%ae%cf%83%ce%b7%cf%82","status":"publish","type":"page","link":"https:\/\/plusmob.com\/el\/termos-de-uso\/","title":{"rendered":"\u039f\u03c1\u03bf\u03b9 \u03c7\u03c1\u03ae\u03c3\u03b7\u03c2"},"content":{"rendered":"<p>\u039c\u03b5 \u03c4\u03b7\u03bd \u03b5\u03af\u03c3\u03bf\u03b4\u03cc \u03c3\u03b1\u03c2 \u03c3\u03c4\u03bf\u03bd \u03b9\u03c3\u03c4\u03cc\u03c4\u03bf\u03c0\u03bf \u03c4\u03b7\u03c2 PlusMob, \u03b1\u03c0\u03bf\u03b4\u03ad\u03c7\u03b5\u03c3\u03c4\u03b5 \u03b1\u03c5\u03c4\u03bf\u03cd\u03c2 \u03c4\u03bf\u03c5\u03c2 \u03cc\u03c1\u03bf\u03c5\u03c2 \u03c7\u03c1\u03ae\u03c3\u03b7\u03c2, \u03ba\u03b1\u03b8\u03ce\u03c2 \u03ba\u03b1\u03b9 \u03cc\u03bb\u03bf\u03c5\u03c2 \u03c4\u03bf\u03c5\u03c2 \u03c3\u03c7\u03b5\u03c4\u03b9\u03ba\u03bf\u03cd\u03c2 \u03bd\u03cc\u03bc\u03bf\u03c5\u03c2 \u03ba\u03b1\u03b9 \u03ba\u03b1\u03bd\u03bf\u03bd\u03b9\u03c3\u03bc\u03bf\u03cd\u03c2 \u03ba\u03b1\u03b9 \u03b1\u03bd\u03b1\u03b3\u03bd\u03c9\u03c1\u03af\u03b6\u03b5\u03c4\u03b5 \u03cc\u03c4\u03b9 \u03ad\u03c7\u03b5\u03c4\u03b5 \u03b5\u03c5\u03b8\u03cd\u03bd\u03b7 \u03bd\u03b1 \u03c3\u03c5\u03bc\u03bc\u03bf\u03c1\u03c6\u03ce\u03bd\u03b5\u03c3\u03c4\u03b5 \u03bc\u03b5 \u03c4\u03b7\u03bd \u03b9\u03c3\u03c7\u03cd\u03bf\u03c5\u03c3\u03b1 \u03c4\u03bf\u03c0\u03b9\u03ba\u03ae \u03bd\u03bf\u03bc\u03bf\u03b8\u03b5\u03c3\u03af\u03b1. \u0395\u03ac\u03bd \u03b4\u03b5\u03bd \u03c3\u03c5\u03bc\u03c6\u03c9\u03bd\u03b5\u03af\u03c4\u03b5 \u03bc\u03b5 \u03b1\u03c5\u03c4\u03bf\u03cd\u03c2 \u03c4\u03bf\u03c5\u03c2 \u03cc\u03c1\u03bf\u03c5\u03c2, \u03c3\u03b1\u03c2 \u03b1\u03c0\u03b1\u03b3\u03bf\u03c1\u03b5\u03cd\u03b5\u03c4\u03b1\u03b9 \u03b7 \u03c0\u03c1\u03cc\u03c3\u03b2\u03b1\u03c3\u03b7 \u03ae \u03b7 \u03c7\u03c1\u03ae\u03c3\u03b7 \u03c4\u03bf\u03c5 \u03b9\u03c3\u03c4\u03cc\u03c4\u03bf\u03c0\u03bf\u03c5. \u03a4\u03b1 \u03c0\u03b5\u03c1\u03b9\u03b5\u03c7\u03cc\u03bc\u03b5\u03bd\u03b1 \u03c3\u03b5 \u03b1\u03c5\u03c4\u03cc\u03bd \u03c4\u03bf\u03bd \u03b9\u03c3\u03c4\u03cc\u03c4\u03bf\u03c0\u03bf \u03c0\u03c1\u03bf\u03c3\u03c4\u03b1\u03c4\u03b5\u03cd\u03bf\u03bd\u03c4\u03b1\u03b9 \u03b1\u03c0\u03cc \u03c4\u03bf\u03c5\u03c2 \u03b9\u03c3\u03c7\u03cd\u03bf\u03bd\u03c4\u03b5\u03c2 \u03bd\u03cc\u03bc\u03bf\u03c5\u03c2 \u03c0\u03b5\u03c1\u03af \u03c0\u03bd\u03b5\u03c5\u03bc\u03b1\u03c4\u03b9\u03ba\u03ae\u03c2 \u03b9\u03b4\u03b9\u03bf\u03ba\u03c4\u03b7\u03c3\u03af\u03b1\u03c2 \u03ba\u03b1\u03b9 \u03b5\u03bc\u03c0\u03bf\u03c1\u03b9\u03ba\u03ce\u03bd \u03c3\u03b7\u03bc\u03ac\u03c4\u03c9\u03bd.<\/p>\n\n\n\n<p><strong>\u03a7\u03bf\u03c1\u03ae\u03b3\u03b7\u03c3\u03b7 \u0386\u03b4\u03b5\u03b9\u03b1\u03c2<\/strong><br>\u0397 PlusMob \u03c3\u03ac\u03c2 \u03c0\u03b1\u03c1\u03ad\u03c7\u03b5\u03b9 \u03c4\u03bf \u03b4\u03b9\u03ba\u03b1\u03af\u03c9\u03bc\u03b1 \u03bd\u03b1 \u03ba\u03b1\u03c4\u03b5\u03b2\u03ac\u03c3\u03b5\u03c4\u03b5 \u03c0\u03c1\u03bf\u03c3\u03c9\u03c1\u03b9\u03bd\u03ac \u03ad\u03bd\u03b1 \u03b1\u03bd\u03c4\u03af\u03b3\u03c1\u03b1\u03c6\u03bf \u03c4\u03bf\u03c5 \u03c5\u03bb\u03b9\u03ba\u03bf\u03cd \u03c0\u03bf\u03c5 \u03b5\u03af\u03bd\u03b1\u03b9 \u03b4\u03b9\u03b1\u03b8\u03ad\u03c3\u03b9\u03bc\u03bf \u03c3\u03c4\u03bf\u03bd \u03b9\u03c3\u03c4\u03cc\u03c4\u03bf\u03c0\u03bf (\u03c0\u03bb\u03b7\u03c1\u03bf\u03c6\u03bf\u03c1\u03af\u03b5\u03c2 \u03ae \u03bb\u03bf\u03b3\u03b9\u03c3\u03bc\u03b9\u03ba\u03cc) \u03b3\u03b9\u03b1 \u03c0\u03c1\u03bf\u03c3\u03c9\u03c0\u03b9\u03ba\u03ae, \u03bc\u03b7 \u03b5\u03bc\u03c0\u03bf\u03c1\u03b9\u03ba\u03ae \u03c0\u03c1\u03bf\u03b2\u03bf\u03bb\u03ae \u03bc\u03cc\u03bd\u03bf. \u0391\u03c5\u03c4\u03ae \u03b7 \u03c0\u03b1\u03c1\u03b1\u03c7\u03ce\u03c1\u03b7\u03c3\u03b7 \u03b5\u03af\u03bd\u03b1\u03b9 \u03b4\u03b9\u03ba\u03b1\u03af\u03c9\u03bc\u03b1 \u03c7\u03c1\u03ae\u03c3\u03b7\u03c2 \u03ba\u03b1\u03b9 \u03cc\u03c7\u03b9 \u03b9\u03b4\u03b9\u03bf\u03ba\u03c4\u03b7\u03c3\u03af\u03b1\u03c2. \u0394\u03b5\u03bd \u03b8\u03b1 \u03ad\u03c0\u03c1\u03b5\u03c0\u03b5:<\/p>\n\n\n\n<ul class=\"wp-block-list\">\n<li>\u0391\u03bb\u03bb\u03ac\u03be\u03c4\u03b5 \u03ae \u03b1\u03bd\u03c4\u03b9\u03b3\u03c1\u03ac\u03c8\u03c4\u03b5 \u03c4\u03b1 \u03c5\u03bb\u03b9\u03ba\u03ac.<\/li>\n\n\n\n<li>\u03a7\u03c1\u03b7\u03c3\u03b9\u03bc\u03bf\u03c0\u03bf\u03b9\u03ae\u03c3\u03c4\u03b5 \u03c4\u03b1 \u03c5\u03bb\u03b9\u03ba\u03ac \u03b3\u03b9\u03b1 \u03b5\u03bc\u03c0\u03bf\u03c1\u03b9\u03ba\u03bf\u03cd\u03c2 \u03c3\u03ba\u03bf\u03c0\u03bf\u03cd\u03c2 \u03ae \u03b3\u03b9\u03b1 \u03b4\u03b7\u03bc\u03cc\u03c3\u03b9\u03b1 \u03c0\u03c1\u03bf\u03b2\u03bf\u03bb\u03ae (\u03b5\u03bc\u03c0\u03bf\u03c1\u03b9\u03ba\u03ae \u03ae \u03ac\u03bb\u03bb\u03b7).<\/li>\n\n\n\n<li>\u03a0\u03c1\u03bf\u03c3\u03c0\u03b1\u03b8\u03ae\u03c3\u03c4\u03b5 \u03bd\u03b1 \u03b1\u03bd\u03b1\u03b8\u03b5\u03c9\u03c1\u03ae\u03c3\u03b5\u03c4\u03b5 \u03ae \u03bd\u03b1 \u03b1\u03c0\u03bf\u03bc\u03b5\u03c4\u03b1\u03b3\u03bb\u03c9\u03c4\u03c4\u03af\u03c3\u03b5\u03c4\u03b5 \u03bf\u03c0\u03bf\u03b9\u03bf\u03b4\u03ae\u03c0\u03bf\u03c4\u03b5 \u03bb\u03bf\u03b3\u03b9\u03c3\u03bc\u03b9\u03ba\u03cc \u03b2\u03c1\u03af\u03c3\u03ba\u03b5\u03c4\u03b1\u03b9 \u03c3\u03c4\u03bf\u03bd \u03b9\u03c3\u03c4\u03cc\u03c4\u03bf\u03c0\u03bf PlusMob.<\/li>\n\n\n\n<li>\u0394\u03b9\u03b1\u03b3\u03c1\u03ac\u03c8\u03c4\u03b5 \u03c4\u03c5\u03c7\u03cc\u03bd \u03c3\u03b7\u03bc\u03b5\u03b9\u03ce\u03c3\u03b5\u03b9\u03c2 \u03c0\u03bd\u03b5\u03c5\u03bc\u03b1\u03c4\u03b9\u03ba\u03ce\u03bd \u03b4\u03b9\u03ba\u03b1\u03b9\u03c9\u03bc\u03ac\u03c4\u03c9\u03bd \u03ae \u03ac\u03bb\u03bb\u03b5\u03c2 \u03b9\u03b4\u03b9\u03bf\u03ba\u03c4\u03b7\u03c3\u03b9\u03b1\u03ba\u03ad\u03c2 \u03b5\u03bd\u03b4\u03b5\u03af\u03be\u03b5\u03b9\u03c2 \u03b1\u03c0\u03cc \u03c4\u03bf \u03c5\u03bb\u03b9\u03ba\u03cc.<\/li>\n\n\n\n<li>\u03a0\u03c1\u03bf\u03c9\u03b8\u03ae\u03c3\u03c4\u03b5 \u03c4\u03bf \u03c5\u03bb\u03b9\u03ba\u03cc \u03c3\u03b5 \u03ac\u03bb\u03bb\u03bf \u03ac\u03c4\u03bf\u03bc\u03bf \u03ae \u03b1\u03bd\u03c4\u03b9\u03b3\u03c1\u03ac\u03c8\u03c4\u03b5 \u03c4\u03bf \u03c5\u03bb\u03b9\u03ba\u03cc \u03c3\u03b5 \u03ac\u03bb\u03bb\u03bf \u03b4\u03b9\u03b1\u03ba\u03bf\u03bc\u03b9\u03c3\u03c4\u03ae.<\/li>\n<\/ul>\n\n\n\n<p>\u0391\u03c5\u03c4\u03ae \u03b7 \u03ac\u03b4\u03b5\u03b9\u03b1 \u03c7\u03c1\u03ae\u03c3\u03b7\u03c2 \u03b8\u03b1 \u03c4\u03b5\u03c1\u03bc\u03b1\u03c4\u03b9\u03c3\u03c4\u03b5\u03af \u03b1\u03c5\u03c4\u03cc\u03bc\u03b1\u03c4\u03b1 \u03b5\u03ac\u03bd \u03c0\u03b1\u03c1\u03b1\u03b2\u03b9\u03ac\u03c3\u03b5\u03c4\u03b5 \u03bf\u03c0\u03bf\u03b9\u03bf\u03bd\u03b4\u03ae\u03c0\u03bf\u03c4\u03b5 \u03b1\u03c0\u03cc \u03b1\u03c5\u03c4\u03bf\u03cd\u03c2 \u03c4\u03bf\u03c5\u03c2 \u03c0\u03b5\u03c1\u03b9\u03bf\u03c1\u03b9\u03c3\u03bc\u03bf\u03cd\u03c2 \u03ba\u03b1\u03b9 \u03bc\u03c0\u03bf\u03c1\u03b5\u03af \u03bd\u03b1 \u03c4\u03b5\u03c1\u03bc\u03b1\u03c4\u03b9\u03c3\u03c4\u03b5\u03af \u03b1\u03c0\u03cc \u03c4\u03bf PlusMob \u03b1\u03bd\u03ac \u03c0\u03ac\u03c3\u03b1 \u03c3\u03c4\u03b9\u03b3\u03bc\u03ae. \u039c\u03b5\u03c4\u03ac \u03c4\u03bf\u03bd \u03c4\u03b5\u03c1\u03bc\u03b1\u03c4\u03b9\u03c3\u03bc\u03cc \u03c4\u03b7\u03c2 \u03c0\u03c1\u03bf\u03b2\u03bf\u03bb\u03ae\u03c2 \u03c4\u03bf\u03c5 \u03c5\u03bb\u03b9\u03ba\u03bf\u03cd \u03ae \u03bc\u03b5 \u03c4\u03b7 \u03bb\u03ae\u03be\u03b7 \u03b1\u03c5\u03c4\u03ae\u03c2 \u03c4\u03b7\u03c2 \u03ac\u03b4\u03b5\u03b9\u03b1\u03c2, \u03c0\u03c1\u03ad\u03c0\u03b5\u03b9 \u03bd\u03b1 \u03b4\u03b9\u03b1\u03b3\u03c1\u03ac\u03c8\u03b5\u03c4\u03b5 \u03bf\u03c0\u03bf\u03b9\u03bf\u03b4\u03ae\u03c0\u03bf\u03c4\u03b5 \u03c5\u03bb\u03b9\u03ba\u03cc \u03c0\u03bf\u03c5 \u03ad\u03c7\u03b5\u03c4\u03b5 \u03bb\u03ac\u03b2\u03b5\u03b9 \u03b5\u03af\u03c4\u03b5 \u03c3\u03b5 \u03b7\u03bb\u03b5\u03ba\u03c4\u03c1\u03bf\u03bd\u03b9\u03ba\u03ae \u03b5\u03af\u03c4\u03b5 \u03c3\u03b5 \u03ad\u03bd\u03c4\u03c5\u03c0\u03b7 \u03bc\u03bf\u03c1\u03c6\u03ae.<\/p>\n\n\n\n<p><strong>\u0391\u03c0\u03bf\u03c0\u03bf\u03af\u03b7\u03c3\u03b7 \u03b5\u03c5\u03b8\u03c5\u03bd\u03ce\u03bd<\/strong><br>\u03a4\u03b1 \u03c5\u03bb\u03b9\u03ba\u03ac \u03c3\u03c4\u03bf\u03bd \u03b9\u03c3\u03c4\u03cc\u03c4\u03bf\u03c0\u03bf \u03c4\u03bf\u03c5 PlusMob \u03c0\u03b1\u03c1\u03ad\u03c7\u03bf\u03bd\u03c4\u03b1\u03b9 \u00ab\u03c9\u03c2 \u03ad\u03c7\u03bf\u03c5\u03bd\u00bb. \u0397 PlusMob \u03b4\u03b5\u03bd \u03c0\u03b1\u03c1\u03ad\u03c7\u03b5\u03b9 \u03ba\u03b1\u03bc\u03af\u03b1 \u03b5\u03b3\u03b3\u03cd\u03b7\u03c3\u03b7, \u03c1\u03b7\u03c4\u03ae \u03ae \u03c3\u03b9\u03c9\u03c0\u03b7\u03c1\u03ae, \u03ba\u03b1\u03b9 \u03b1\u03c0\u03bf\u03c0\u03bf\u03b9\u03b5\u03af\u03c4\u03b1\u03b9 \u03cc\u03bb\u03b5\u03c2 \u03c4\u03b9\u03c2 \u03ac\u03bb\u03bb\u03b5\u03c2 \u03b5\u03b3\u03b3\u03c5\u03ae\u03c3\u03b5\u03b9\u03c2, \u03c3\u03c5\u03bc\u03c0\u03b5\u03c1\u03b9\u03bb\u03b1\u03bc\u03b2\u03b1\u03bd\u03bf\u03bc\u03ad\u03bd\u03c9\u03bd, \u03c7\u03c9\u03c1\u03af\u03c2 \u03c0\u03b5\u03c1\u03b9\u03bf\u03c1\u03b9\u03c3\u03bc\u03cc, \u03c3\u03b9\u03c9\u03c0\u03b7\u03c1\u03ce\u03bd \u03b5\u03b3\u03b3\u03c5\u03ae\u03c3\u03b5\u03c9\u03bd \u03b5\u03bc\u03c0\u03bf\u03c1\u03b5\u03c5\u03c3\u03b9\u03bc\u03cc\u03c4\u03b7\u03c4\u03b1\u03c2, \u03ba\u03b1\u03c4\u03b1\u03bb\u03bb\u03b7\u03bb\u03cc\u03c4\u03b7\u03c4\u03b1\u03c2 \u03b3\u03b9\u03b1 \u03c3\u03c5\u03b3\u03ba\u03b5\u03ba\u03c1\u03b9\u03bc\u03ad\u03bd\u03bf \u03c3\u03ba\u03bf\u03c0\u03cc \u03ae \u03bc\u03b7 \u03c0\u03b1\u03c1\u03b1\u03b2\u03af\u03b1\u03c3\u03b7\u03c2 \u03b4\u03b9\u03ba\u03b1\u03b9\u03c9\u03bc\u03ac\u03c4\u03c9\u03bd \u03c0\u03bd\u03b5\u03c5\u03bc\u03b1\u03c4\u03b9\u03ba\u03ae\u03c2 \u03b9\u03b4\u03b9\u03bf\u03ba\u03c4\u03b7\u03c3\u03af\u03b1\u03c2.<\/p>\n\n\n\n<p><strong>\u03a0\u03b5\u03c1\u03b9\u03bf\u03c1\u03b9\u03c3\u03bc\u03bf\u03af \u0395\u03c5\u03b8\u03cd\u03bd\u03b7\u03c2<\/strong><br>\u03a3\u03b5 \u03ba\u03b1\u03bc\u03af\u03b1 \u03c0\u03b5\u03c1\u03af\u03c0\u03c4\u03c9\u03c3\u03b7 \u03b7 PlusMob \u03ae \u03bf\u03b9 \u03c0\u03c1\u03bf\u03bc\u03b7\u03b8\u03b5\u03c5\u03c4\u03ad\u03c2 \u03c4\u03b7\u03c2 \u03b4\u03b5\u03bd \u03c6\u03ad\u03c1\u03bf\u03c5\u03bd \u03b5\u03c5\u03b8\u03cd\u03bd\u03b7 \u03b3\u03b9\u03b1 \u03c4\u03c5\u03c7\u03cc\u03bd \u03b6\u03b7\u03bc\u03af\u03b5\u03c2 \u03c0\u03bf\u03c5 \u03c0\u03c1\u03bf\u03ba\u03cd\u03c0\u03c4\u03bf\u03c5\u03bd \u03b1\u03c0\u03cc \u03c4\u03b7 \u03c7\u03c1\u03ae\u03c3\u03b7 \u03ae \u03c4\u03b7\u03bd \u03b1\u03b4\u03c5\u03bd\u03b1\u03bc\u03af\u03b1 \u03c7\u03c1\u03ae\u03c3\u03b7\u03c2 \u03c4\u03c9\u03bd \u03c5\u03bb\u03b9\u03ba\u03ce\u03bd \u03c3\u03c4\u03bf PlusMob, \u03b1\u03ba\u03cc\u03bc\u03b7 \u03ba\u03b1\u03b9 \u03b1\u03bd \u03b5\u03bd\u03b7\u03bc\u03b5\u03c1\u03c9\u03b8\u03b5\u03af \u03b3\u03b9\u03b1 \u03c4\u03b7\u03bd \u03c0\u03b9\u03b8\u03b1\u03bd\u03cc\u03c4\u03b7\u03c4\u03b1 \u03c4\u03ad\u03c4\u03bf\u03b9\u03c9\u03bd \u03b6\u03b7\u03bc\u03b9\u03ce\u03bd. \u0395\u03ac\u03bd \u03b7 \u03c4\u03bf\u03c0\u03b9\u03ba\u03ae \u03bd\u03bf\u03bc\u03bf\u03b8\u03b5\u03c3\u03af\u03b1 \u03b4\u03b5\u03bd \u03b5\u03c0\u03b9\u03c4\u03c1\u03ad\u03c0\u03b5\u03b9 \u03c4\u03b7\u03bd \u03b5\u03be\u03b1\u03af\u03c1\u03b5\u03c3\u03b7 \u03bf\u03c1\u03b9\u03c3\u03bc\u03ad\u03bd\u03c9\u03bd \u03b5\u03b3\u03b3\u03c5\u03ae\u03c3\u03b5\u03c9\u03bd \u03ae \u03c4\u03bf\u03bd \u03c0\u03b5\u03c1\u03b9\u03bf\u03c1\u03b9\u03c3\u03bc\u03cc \u03c4\u03b7\u03c2 \u03b5\u03c5\u03b8\u03cd\u03bd\u03b7\u03c2 \u03b3\u03b9\u03b1 \u03b5\u03c0\u03b1\u03ba\u03cc\u03bb\u03bf\u03c5\u03b8\u03b5\u03c2 \u03b6\u03b7\u03bc\u03b9\u03ad\u03c2, \u03b1\u03c5\u03c4\u03ad\u03c2 \u03bf\u03b9 \u03b5\u03be\u03b1\u03b9\u03c1\u03ad\u03c3\u03b5\u03b9\u03c2 \u03ba\u03b1\u03b9 \u03bf\u03b9 \u03c0\u03b5\u03c1\u03b9\u03bf\u03c1\u03b9\u03c3\u03bc\u03bf\u03af \u03b5\u03bd\u03b4\u03ad\u03c7\u03b5\u03c4\u03b1\u03b9 \u03bd\u03b1 \u03bc\u03b7\u03bd \u03b9\u03c3\u03c7\u03cd\u03bf\u03c5\u03bd \u03b3\u03b9\u03b1 \u03b5\u03c3\u03ac\u03c2.<\/p>\n\n\n\n<p><strong>\u0391\u03ba\u03c1\u03af\u03b2\u03b5\u03b9\u03b1 \u03a5\u03bb\u03b9\u03ba\u03ce\u03bd<\/strong><br>\u03a4\u03bf \u03c5\u03bb\u03b9\u03ba\u03cc \u03c0\u03bf\u03c5 \u03b5\u03bc\u03c6\u03b1\u03bd\u03af\u03b6\u03b5\u03c4\u03b1\u03b9 \u03c3\u03c4\u03bf\u03bd \u03b9\u03c3\u03c4\u03cc\u03c4\u03bf\u03c0\u03bf \u03c4\u03b7\u03c2 PlusMob \u03b5\u03bd\u03b4\u03ad\u03c7\u03b5\u03c4\u03b1\u03b9 \u03bd\u03b1 \u03c0\u03b5\u03c1\u03b9\u03ad\u03c7\u03b5\u03b9 \u03c4\u03b5\u03c7\u03bd\u03b9\u03ba\u03ac, \u03c4\u03c5\u03c0\u03bf\u03b3\u03c1\u03b1\u03c6\u03b9\u03ba\u03ac \u03ae \u03c6\u03c9\u03c4\u03bf\u03b3\u03c1\u03b1\u03c6\u03b9\u03ba\u03ac \u03bb\u03ac\u03b8\u03b7. \u0397 PlusMob \u03b4\u03b5\u03bd \u03b5\u03b3\u03b3\u03c5\u03ac\u03c4\u03b1\u03b9 \u03c4\u03b7\u03bd \u03b1\u03ba\u03c1\u03af\u03b2\u03b5\u03b9\u03b1, \u03c4\u03b7\u03bd \u03c0\u03bb\u03b7\u03c1\u03cc\u03c4\u03b7\u03c4\u03b1 \u03ae \u03c4\u03b7\u03bd \u03b5\u03c0\u03b9\u03ba\u03b1\u03b9\u03c1\u03cc\u03c4\u03b7\u03c4\u03b1 \u03c4\u03c9\u03bd \u03c5\u03bb\u03b9\u03ba\u03ce\u03bd \u03c3\u03c4\u03bf\u03bd \u03b9\u03c3\u03c4\u03cc\u03c4\u03bf\u03c0\u03cc \u03c4\u03b7\u03c2 \u03ba\u03b1\u03b9 \u03bc\u03c0\u03bf\u03c1\u03b5\u03af \u03bd\u03b1 \u03b1\u03bb\u03bb\u03ac\u03be\u03b5\u03b9 \u03c4\u03bf \u03c5\u03bb\u03b9\u03ba\u03cc \u03b1\u03bd\u03ac \u03c0\u03ac\u03c3\u03b1 \u03c3\u03c4\u03b9\u03b3\u03bc\u03ae \u03c7\u03c9\u03c1\u03af\u03c2 \u03c0\u03c1\u03bf\u03b5\u03b9\u03b4\u03bf\u03c0\u03bf\u03af\u03b7\u03c3\u03b7, \u03b1\u03bb\u03bb\u03ac \u03b4\u03b5\u03bd \u03b4\u03b5\u03c3\u03bc\u03b5\u03cd\u03b5\u03c4\u03b1\u03b9 \u03bd\u03b1 \u03b5\u03bd\u03b7\u03bc\u03b5\u03c1\u03ce\u03c3\u03b5\u03b9 \u03c4\u03bf \u03c5\u03bb\u03b9\u03ba\u03cc.<\/p>\n\n\n\n<p><strong>\u03a3\u03c5\u03bd\u03b4\u03ad\u03c3\u03b5\u03b9\u03c2<\/strong><br>\u03a4\u03bf PlusMob \u03b4\u03b5\u03bd \u03ad\u03c7\u03b5\u03b9 \u03b5\u03bb\u03ad\u03b3\u03be\u03b5\u03b9 \u03cc\u03bb\u03bf\u03c5\u03c2 \u03c4\u03bf\u03c5\u03c2 \u03b9\u03c3\u03c4\u03cc\u03c4\u03bf\u03c0\u03bf\u03c5\u03c2 \u03c0\u03bf\u03c5 \u03c3\u03c5\u03bd\u03b4\u03ad\u03bf\u03bd\u03c4\u03b1\u03b9 \u03bc\u03b5 \u03b1\u03c5\u03c4\u03cc \u03ba\u03b1\u03b9 \u03b4\u03b5\u03bd \u03b5\u03af\u03bd\u03b1\u03b9 \u03c5\u03c0\u03b5\u03cd\u03b8\u03c5\u03bd\u03bf\u03c2 \u03b3\u03b9\u03b1 \u03c4\u03bf \u03c0\u03b5\u03c1\u03b9\u03b5\u03c7\u03cc\u03bc\u03b5\u03bd\u03bf \u03bf\u03c0\u03bf\u03b9\u03c9\u03bd\u03b4\u03ae\u03c0\u03bf\u03c4\u03b5 \u03b5\u03be\u03c9\u03c4\u03b5\u03c1\u03b9\u03ba\u03ce\u03bd \u03c4\u03bf\u03c0\u03bf\u03b8\u03b5\u03c3\u03b9\u03ce\u03bd. \u0397 \u03c3\u03c5\u03bc\u03c0\u03b5\u03c1\u03af\u03bb\u03b7\u03c8\u03b7 \u03bf\u03c0\u03bf\u03b9\u03bf\u03c5\u03b4\u03ae\u03c0\u03bf\u03c4\u03b5 \u03c3\u03c5\u03bd\u03b4\u03ad\u03c3\u03bc\u03bf\u03c5 \u03b4\u03b5\u03bd \u03c3\u03c5\u03bd\u03b5\u03c0\u03ac\u03b3\u03b5\u03c4\u03b1\u03b9 \u03ad\u03b3\u03ba\u03c1\u03b9\u03c3\u03b7 \u03b1\u03c0\u03cc \u03c4\u03b7\u03bd PlusMob \u03c4\u03bf\u03c5 \u03b9\u03c3\u03c4\u03cc\u03c4\u03bf\u03c0\u03bf\u03c5. \u0397 \u03c7\u03c1\u03ae\u03c3\u03b7 \u03c4\u03c9\u03bd \u03c3\u03c5\u03bd\u03b4\u03b5\u03b4\u03b5\u03bc\u03ad\u03bd\u03c9\u03bd \u03c4\u03bf\u03c0\u03bf\u03b8\u03b5\u03c3\u03b9\u03ce\u03bd \u03b3\u03af\u03bd\u03b5\u03c4\u03b1\u03b9 \u03bc\u03b5 \u03b5\u03c5\u03b8\u03cd\u03bd\u03b7 \u03c4\u03bf\u03c5 \u03c7\u03c1\u03ae\u03c3\u03c4\u03b7.<\/p>\n\n\n\n<p><strong>\u03a4\u03c1\u03bf\u03c0\u03bf\u03c0\u03bf\u03b9\u03ae\u03c3\u03b5\u03b9\u03c2 \u03c3\u03c4\u03bf\u03c5\u03c2 \u038c\u03c1\u03bf\u03c5\u03c2<\/strong><br>\u0397 PlusMob \u03bc\u03c0\u03bf\u03c1\u03b5\u03af \u03bd\u03b1 \u03c4\u03c1\u03bf\u03c0\u03bf\u03c0\u03bf\u03b9\u03ae\u03c3\u03b5\u03b9 \u03b1\u03c5\u03c4\u03bf\u03cd\u03c2 \u03c4\u03bf\u03c5\u03c2 \u03cc\u03c1\u03bf\u03c5\u03c2 \u03c7\u03c1\u03ae\u03c3\u03b7\u03c2 \u03b1\u03bd\u03ac \u03c0\u03ac\u03c3\u03b1 \u03c3\u03c4\u03b9\u03b3\u03bc\u03ae, \u03c7\u03c9\u03c1\u03af\u03c2 \u03c0\u03c1\u03bf\u03b7\u03b3\u03bf\u03cd\u03bc\u03b5\u03bd\u03b7 \u03b5\u03b9\u03b4\u03bf\u03c0\u03bf\u03af\u03b7\u03c3\u03b7. \u03a7\u03c1\u03b7\u03c3\u03b9\u03bc\u03bf\u03c0\u03bf\u03b9\u03ce\u03bd\u03c4\u03b1\u03c2 \u03b1\u03c5\u03c4\u03cc\u03bd \u03c4\u03bf\u03bd \u03b9\u03c3\u03c4\u03cc\u03c4\u03bf\u03c0\u03bf, \u03c3\u03c5\u03bc\u03c6\u03c9\u03bd\u03b5\u03af\u03c4\u03b5 \u03cc\u03c4\u03b9 \u03b4\u03b5\u03c3\u03bc\u03b5\u03cd\u03b5\u03c3\u03c4\u03b5 \u03b1\u03c0\u03cc \u03c4\u03b7\u03bd \u03c0\u03b9\u03bf \u03c0\u03c1\u03cc\u03c3\u03c6\u03b1\u03c4\u03b7 \u03ad\u03ba\u03b4\u03bf\u03c3\u03b7 \u03b1\u03c5\u03c4\u03ce\u03bd \u03c4\u03c9\u03bd \u03cc\u03c1\u03c9\u03bd \u03c7\u03c1\u03ae\u03c3\u03b7\u03c2.<\/p>\n\n\n\n<p><strong>\u0395\u03c6\u03b1\u03c1\u03bc\u03cc\u03c3\u03b9\u03bc\u03bf\u03c2 \u03bd\u03cc\u03bc\u03bf\u03c2<\/strong><br>\u0391\u03c5\u03c4\u03bf\u03af \u03bf\u03b9 \u03cc\u03c1\u03bf\u03b9 \u03ba\u03b1\u03b9 \u03c0\u03c1\u03bf\u03cb\u03c0\u03bf\u03b8\u03ad\u03c3\u03b5\u03b9\u03c2 \u03b4\u03b9\u03ad\u03c0\u03bf\u03bd\u03c4\u03b1\u03b9 \u03b1\u03c0\u03cc \u03c4\u03bf\u03c5\u03c2 \u03bd\u03cc\u03bc\u03bf\u03c5\u03c2 \u03c4\u03b7\u03c2 PlusMob \u03ba\u03b1\u03b9 \u03c3\u03c5\u03bd\u03b1\u03b9\u03bd\u03b5\u03af\u03c4\u03b5 \u03b1\u03bc\u03b5\u03c4\u03ac\u03ba\u03bb\u03b7\u03c4\u03b1 \u03c3\u03c4\u03b7\u03bd \u03b1\u03c0\u03bf\u03ba\u03bb\u03b5\u03b9\u03c3\u03c4\u03b9\u03ba\u03ae \u03b4\u03b9\u03ba\u03b1\u03b9\u03bf\u03b4\u03bf\u03c3\u03af\u03b1 \u03c4\u03c9\u03bd \u03c4\u03bf\u03c0\u03b9\u03ba\u03ce\u03bd \u03b4\u03b9\u03ba\u03b1\u03c3\u03c4\u03b7\u03c1\u03af\u03c9\u03bd.<\/p>","protected":false},"excerpt":{"rendered":"<p>Ao entrar no site PlusMob, voc\u00ea aceita estes termos de uso, bem como todas as leis e regulamenta\u00e7\u00f5es relevantes, e reconhece que tem a responsabilidade de observar as leis locais aplic\u00e1veis. Caso n\u00e3o concorde com estes termos, voc\u00ea est\u00e1 proibido de acessar ou utilizar o site. Os conte\u00fados presentes neste website est\u00e3o protegidos pelas leis [&hellip;]<\/p>\n","protected":false},"author":1,"featured_media":0,"parent":0,"menu_order":0,"comment_status":"closed","ping_status":"closed","template":"","meta":{"footnotes":""},"class_list":["post-112","page","type-page","status-publish"],"_links":{"self":[{"href":"https:\/\/plusmob.com\/el\/wp-json\/wp\/v2\/pages\/112","targetHints":{"allow":["GET"]}}],"collection":[{"href":"https:\/\/plusmob.com\/el\/wp-json\/wp\/v2\/pages"}],"about":[{"href":"https:\/\/plusmob.com\/el\/wp-json\/wp\/v2\/types\/page"}],"author":[{"embeddable":true,"href":"https:\/\/plusmob.com\/el\/wp-json\/wp\/v2\/users\/1"}],"replies":[{"embeddable":true,"href":"https:\/\/plusmob.com\/el\/wp-json\/wp\/v2\/comments?post=112"}],"version-history":[{"count":1,"href":"https:\/\/plusmob.com\/el\/wp-json\/wp\/v2\/pages\/112\/revisions"}],"predecessor-version":[{"id":113,"href":"https:\/\/plusmob.com\/el\/wp-json\/wp\/v2\/pages\/112\/revisions\/113"}],"wp:attachment":[{"href":"https:\/\/plusmob.com\/el\/wp-json\/wp\/v2\/media?parent=112"}],"curies":[{"name":"\u03b5\u03c1\u03b3\u03b1\u03c3\u03af\u03b1","href":"https:\/\/api.w.org\/{rel}","templated":true}]}}