{"id":112,"date":"2024-05-15T22:20:47","date_gmt":"2024-05-15T22:20:47","guid":{"rendered":"https:\/\/plusmob.com\/?page_id=112"},"modified":"2024-05-15T22:20:47","modified_gmt":"2024-05-15T22:20:47","slug":"terminos-de-uso","status":"publish","type":"page","link":"https:\/\/plusmob.com\/es\/termos-de-uso\/","title":{"rendered":"Terminos de uso"},"content":{"rendered":"<p>Al ingresar al sitio web de PlusMob, acepta estos t\u00e9rminos de uso, as\u00ed como todas las leyes y regulaciones relevantes, y reconoce que tiene la responsabilidad de cumplir con las leyes locales aplicables. Si no est\u00e1 de acuerdo con estos t\u00e9rminos, se le proh\u00edbe acceder o utilizar el sitio. Los contenidos de este sitio web est\u00e1n protegidos por las leyes vigentes de propiedad intelectual y marcas.<\/p>\n\n\n\n<p><strong>Concesi\u00f3n de licencia<\/strong><br>PlusMob le otorga el derecho de descargar temporalmente una copia de los materiales disponibles en el sitio (informaci\u00f3n o software) para visualizaci\u00f3n personal y no comercial \u00fanicamente. Esta concesi\u00f3n es un derecho de uso, no de propiedad. Usted no debe:<\/p>\n\n\n\n<ul class=\"wp-block-list\">\n<li>Cambiar o copiar los materiales;<\/li>\n\n\n\n<li>Utilizar los materiales con fines comerciales o para exhibici\u00f3n p\u00fablica (comercial o de otro tipo);<\/li>\n\n\n\n<li>Intentar realizar ingenier\u00eda inversa o descompilar cualquier software que se encuentre en el sitio web de PlusMob;<\/li>\n\n\n\n<li>Eliminar cualquier aviso de derechos de autor u otras indicaciones de propiedad de los materiales;<\/li>\n\n\n\n<li>Reenv\u00ede los materiales a otra persona o dupl\u00edquelos en otro servidor.<\/li>\n<\/ul>\n\n\n\n<p>Esta licencia finalizar\u00e1 autom\u00e1ticamente si usted viola cualquiera de estas restricciones y PlusMob podr\u00e1 cancelarla en cualquier momento. Al finalizar la visualizaci\u00f3n de los materiales o al finalizar esta licencia, debe eliminar cualquier material descargado, ya sea en formato electr\u00f3nico o impreso.<\/p>\n\n\n\n<p><strong>Descargo de responsabilidad<\/strong><br>Los materiales del sitio web de PlusMob se proporcionan &quot;tal cual&quot;. PlusMob no ofrece garant\u00edas, expresas o impl\u00edcitas, y renuncia a todas las dem\u00e1s garant\u00edas, incluidas, entre otras, las garant\u00edas impl\u00edcitas de comerciabilidad, idoneidad para un prop\u00f3sito particular o no infracci\u00f3n de derechos de propiedad intelectual.<\/p>\n\n\n\n<p><strong>Limitaciones de responsabilidad<\/strong><br>En ning\u00fan caso PlusMob o sus proveedores ser\u00e1n responsables de los da\u00f1os que surjan del uso o la imposibilidad de usar los materiales en PlusMob, incluso si se les advierte de la posibilidad de dichos da\u00f1os. Si las leyes locales no permiten la exclusi\u00f3n de ciertas garant\u00edas o la limitaci\u00f3n de responsabilidad por da\u00f1os consecuentes, es posible que estas exclusiones y limitaciones no se apliquen a usted.<\/p>\n\n\n\n<p><strong>Precisi\u00f3n de materiales<\/strong><br>Los materiales que aparecen en el sitio web de PlusMob pueden contener errores t\u00e9cnicos, tipogr\u00e1ficos o fotogr\u00e1ficos. PlusMob no garantiza la exactitud, integridad o actualidad de los materiales en su sitio web y puede cambiar los materiales en cualquier momento sin previo aviso, pero no asume ning\u00fan compromiso de actualizarlos.<\/p>\n\n\n\n<p><strong>Enlaces<\/strong><br>PlusMob no ha revisado todos los sitios vinculados a \u00e9l y no es responsable del contenido de ning\u00fan sitio externo. La inclusi\u00f3n de cualquier v\u00ednculo no implica aprobaci\u00f3n del sitio por parte de PlusMob. El uso de los sitios vinculados es bajo el propio riesgo del usuario.<\/p>\n\n\n\n<p><strong>Modificaciones a los T\u00e9rminos<\/strong><br>PlusMob podr\u00e1 modificar estos t\u00e9rminos de uso en cualquier momento, sin previo aviso. Al utilizar este sitio web, usted acepta estar sujeto a la versi\u00f3n m\u00e1s reciente de estos t\u00e9rminos de uso.<\/p>\n\n\n\n<p><strong>Ley aplicable<\/strong><br>Estos t\u00e9rminos y condiciones se rigen por las leyes de PlusMob y usted acepta irrevocablemente la jurisdicci\u00f3n exclusiva de los tribunales locales.<\/p>","protected":false},"excerpt":{"rendered":"<p>Ao entrar no site PlusMob, voc\u00ea aceita estes termos de uso, bem como todas as leis e regulamenta\u00e7\u00f5es relevantes, e reconhece que tem a responsabilidade de observar as leis locais aplic\u00e1veis. Caso n\u00e3o concorde com estes termos, voc\u00ea est\u00e1 proibido de acessar ou utilizar o site. Os conte\u00fados presentes neste website est\u00e3o protegidos pelas leis [&hellip;]<\/p>\n","protected":false},"author":1,"featured_media":0,"parent":0,"menu_order":0,"comment_status":"closed","ping_status":"closed","template":"","meta":{"footnotes":""},"class_list":["post-112","page","type-page","status-publish"],"_links":{"self":[{"href":"https:\/\/plusmob.com\/es\/wp-json\/wp\/v2\/pages\/112","targetHints":{"allow":["GET"]}}],"collection":[{"href":"https:\/\/plusmob.com\/es\/wp-json\/wp\/v2\/pages"}],"about":[{"href":"https:\/\/plusmob.com\/es\/wp-json\/wp\/v2\/types\/page"}],"author":[{"embeddable":true,"href":"https:\/\/plusmob.com\/es\/wp-json\/wp\/v2\/users\/1"}],"replies":[{"embeddable":true,"href":"https:\/\/plusmob.com\/es\/wp-json\/wp\/v2\/comments?post=112"}],"version-history":[{"count":1,"href":"https:\/\/plusmob.com\/es\/wp-json\/wp\/v2\/pages\/112\/revisions"}],"predecessor-version":[{"id":113,"href":"https:\/\/plusmob.com\/es\/wp-json\/wp\/v2\/pages\/112\/revisions\/113"}],"wp:attachment":[{"href":"https:\/\/plusmob.com\/es\/wp-json\/wp\/v2\/media?parent=112"}],"curies":[{"name":"wp","href":"https:\/\/api.w.org\/{rel}","templated":true}]}}