{"id":114,"date":"2024-05-15T22:22:37","date_gmt":"2024-05-15T22:22:37","guid":{"rendered":"https:\/\/plusmob.com\/?page_id=114"},"modified":"2024-12-18T02:27:54","modified_gmt":"2024-12-18T02:27:54","slug":"politica-de-privacidad","status":"publish","type":"page","link":"https:\/\/plusmob.com\/es\/politica-de-privacidade\/","title":{"rendered":"Pol\u00edtica de privacidad"},"content":{"rendered":"<p>Su privacidad es de gran importancia para nosotros. PlusMob se compromete a proteger su privacidad mientras utiliza nuestro sitio web, as\u00ed como otros sitios web que administramos. Recopilamos su informaci\u00f3n personal solo cuando es necesario para brindarle un servicio, y siempre utilizando m\u00e9todos justos y transparentes, con su conocimiento y consentimiento. Tambi\u00e9n aclaramos los motivos de la recopilaci\u00f3n y c\u00f3mo se utilizar\u00e1 esta informaci\u00f3n.<\/p>\n\n\n\n<p>La informaci\u00f3n recogida s\u00f3lo se conserva durante el tiempo necesario para prestar el servicio solicitado. Almacenamos sus datos protegidos por medidas de seguridad comercialmente razonables para evitar p\u00e9rdidas, robos, as\u00ed como acceso, divulgaci\u00f3n, copia, uso o modificaci\u00f3n no autorizados. No divulgamos informaci\u00f3n personal p\u00fablicamente ni a terceros a menos que lo exija la ley.<\/p>\n\n\n\n<p>Nuestro sitio web puede contener enlaces a sitios web externos que no gestionamos nosotros. Tenga en cuenta que no controlamos estos sitios externos y no somos responsables de sus pol\u00edticas de privacidad. Puede optar por no proporcionar su informaci\u00f3n personal, pero esto puede impedirnos brindarle algunos de los servicios que desea. Su uso continuado de nuestro sitio web se considerar\u00e1 la aceptaci\u00f3n de nuestras pr\u00e1cticas de privacidad e informaci\u00f3n personal. Si tiene preguntas sobre c\u00f3mo administramos los datos de los usuarios y la informaci\u00f3n personal, no dude en contactarnos.<\/p>\n\n\n\n<p><strong>Pol\u00edtica de cookies de PlusMob<\/strong><\/p>\n\n\n\n<p><strong>\u00bfQu\u00e9 son las galletas?<\/strong><br>Como es com\u00fan en casi todos los sitios web profesionales, nuestro sitio utiliza cookies, que son peque\u00f1os archivos que se descargan en su dispositivo, para mejorar su experiencia en l\u00ednea. Esta secci\u00f3n explica qu\u00e9 informaci\u00f3n recopilan, c\u00f3mo la usamos y por qu\u00e9 a veces es necesario almacenar estas cookies. Tambi\u00e9n le explicaremos c\u00f3mo puede bloquear la instalaci\u00f3n de cookies, aunque esto pueda comprometer la funcionalidad del sitio.<\/p>\n\n\n\n<p><strong>Uso de cookies<\/strong><br>Utilizamos cookies por varios motivos, que se describen a continuaci\u00f3n. En la mayor\u00eda de los casos, no existen opciones est\u00e1ndar para deshabilitar las cookies sin comprometer la funcionalidad agregada al sitio. Se recomienda que no desactive las cookies si no est\u00e1 seguro de si las necesita, ya que pueden ser necesarias para proporcionar los servicios que utiliza.<\/p>\n\n\n\n<p><strong>Desactivar cookies<\/strong><br>Puede evitar la instalaci\u00f3n de cookies ajustando la configuraci\u00f3n de su navegador. Consulte la ayuda de su navegador para aprender c\u00f3mo hacer esto. Tenga en cuenta que deshabilitar las cookies afectar\u00e1 la funcionalidad de este y otros sitios web que visite. Deshabilitar las cookies implica con car\u00e1cter general la p\u00e9rdida de determinadas funcionalidades y caracter\u00edsticas del sitio web, por lo que es recomendable no deshabilitarlas.<\/p>\n\n\n\n<p><strong>Cookies que utilizamos<\/strong><\/p>\n\n\n\n<ul class=\"wp-block-list\">\n<li><strong>Cookies de cuenta:<\/strong> Si crea una cuenta con nosotros, utilizaremos cookies para gestionar el proceso de registro y la administraci\u00f3n general. Estas cookies generalmente se eliminan cuando cierra la sesi\u00f3n, aunque pueden permanecer despu\u00e9s para mantener las preferencias de su sitio despu\u00e9s de cerrar la sesi\u00f3n.<\/li>\n\n\n\n<li><strong>Cookies de inicio de sesi\u00f3n:<\/strong> Cuando inicia sesi\u00f3n, utilizamos cookies para recordar su sesi\u00f3n. Esto le evita tener que iniciar sesi\u00f3n repetidamente cuando visita diferentes p\u00e1ginas. Estas cookies se eliminan o borran cuando cierra sesi\u00f3n para garantizar que solo tenga acceso a funciones y \u00e1reas restringidas mientras est\u00e1 conectado.<\/li>\n\n\n\n<li><strong>Cookies de bolet\u00edn:<\/strong> Si el sitio ofrece servicios de suscripci\u00f3n a boletines informativos o correo electr\u00f3nico, se pueden utilizar cookies para recordar si est\u00e1 registrado y si deben mostrarse ciertas notificaciones, v\u00e1lidas s\u00f3lo para usuarios suscritos o dados de baja.<\/li>\n<\/ul>","protected":false},"excerpt":{"rendered":"<p>A sua privacidade \u00e9 de grande import\u00e2ncia para n\u00f3s. A PlusMob se compromete a proteger a sua privacidade enquanto voc\u00ea utiliza nosso site, bem como outros sites que administramos. Coletamos suas informa\u00e7\u00f5es pessoais apenas quando necess\u00e1rio para fornecer um servi\u00e7o a voc\u00ea, e sempre com m\u00e9todos justos e transparentes, com seu conhecimento e consentimento. Tamb\u00e9m [&hellip;]<\/p>\n","protected":false},"author":1,"featured_media":0,"parent":0,"menu_order":0,"comment_status":"closed","ping_status":"closed","template":"","meta":{"footnotes":""},"class_list":["post-114","page","type-page","status-publish"],"_links":{"self":[{"href":"https:\/\/plusmob.com\/es\/wp-json\/wp\/v2\/pages\/114","targetHints":{"allow":["GET"]}}],"collection":[{"href":"https:\/\/plusmob.com\/es\/wp-json\/wp\/v2\/pages"}],"about":[{"href":"https:\/\/plusmob.com\/es\/wp-json\/wp\/v2\/types\/page"}],"author":[{"embeddable":true,"href":"https:\/\/plusmob.com\/es\/wp-json\/wp\/v2\/users\/1"}],"replies":[{"embeddable":true,"href":"https:\/\/plusmob.com\/es\/wp-json\/wp\/v2\/comments?post=114"}],"version-history":[{"count":2,"href":"https:\/\/plusmob.com\/es\/wp-json\/wp\/v2\/pages\/114\/revisions"}],"predecessor-version":[{"id":455,"href":"https:\/\/plusmob.com\/es\/wp-json\/wp\/v2\/pages\/114\/revisions\/455"}],"wp:attachment":[{"href":"https:\/\/plusmob.com\/es\/wp-json\/wp\/v2\/media?parent=114"}],"curies":[{"name":"wp","href":"https:\/\/api.w.org\/{rel}","templated":true}]}}