{"id":112,"date":"2024-05-15T22:20:47","date_gmt":"2024-05-15T22:20:47","guid":{"rendered":"https:\/\/plusmob.com\/?page_id=112"},"modified":"2024-05-15T22:20:47","modified_gmt":"2024-05-15T22:20:47","slug":"conditions-dutilisation","status":"publish","type":"page","link":"https:\/\/plusmob.com\/fr\/termos-de-uso\/","title":{"rendered":"Conditions d&#039;utilisation"},"content":{"rendered":"<p>En acc\u00e9dant au site Web PlusMob, vous acceptez ces conditions d&#039;utilisation, ainsi que toutes les lois et r\u00e9glementations pertinentes, et reconnaissez que vous avez la responsabilit\u00e9 de vous conformer aux lois locales applicables. Si vous n&#039;\u00eates pas d&#039;accord avec ces conditions, il vous est interdit d&#039;acc\u00e9der ou d&#039;utiliser le site. Le contenu de ce site Internet est prot\u00e9g\u00e9 par les lois en vigueur sur la propri\u00e9t\u00e9 intellectuelle et les marques.<\/p>\n\n\n\n<p><strong>Octroi de licence<\/strong><br>PlusMob vous accorde le droit de t\u00e9l\u00e9charger temporairement une copie du mat\u00e9riel disponible sur le site (informations ou logiciels) pour une visualisation personnelle et non commerciale uniquement. Cette concession est un droit d&#039;usage et non de propri\u00e9t\u00e9. Tu ne devrais pas:<\/p>\n\n\n\n<ul class=\"wp-block-list\">\n<li>Modifier ou copier les documents\u00a0;<\/li>\n\n\n\n<li>Utiliser le mat\u00e9riel \u00e0 des fins commerciales ou pour une exposition publique (commerciale ou autre)\u00a0;<\/li>\n\n\n\n<li>Tenter de proc\u00e9der \u00e0 une ing\u00e9nierie inverse ou de d\u00e9compiler tout logiciel trouv\u00e9 sur le site Web PlusMob\u00a0;<\/li>\n\n\n\n<li>Supprimer tous les avis de droit d&#039;auteur ou autres indications de propri\u00e9t\u00e9 des documents\u00a0;<\/li>\n\n\n\n<li>Transf\u00e9rez les documents \u00e0 une autre personne ou dupliquez les documents sur un autre serveur.<\/li>\n<\/ul>\n\n\n\n<p>Cette licence sera automatiquement r\u00e9sili\u00e9e si vous violez l&#039;une de ces restrictions et peut \u00eatre r\u00e9sili\u00e9e par PlusMob \u00e0 tout moment. \u00c0 la fin de votre visualisation du mat\u00e9riel ou \u00e0 la fin de cette licence, vous devez supprimer tout mat\u00e9riel t\u00e9l\u00e9charg\u00e9, qu&#039;il soit au format \u00e9lectronique ou imprim\u00e9.<\/p>\n\n\n\n<p><strong>Clause de non-responsabilit\u00e9<\/strong><br>Les documents pr\u00e9sents sur le site Web PlusMob sont fournis \u00ab\u00a0tels quels\u00a0\u00bb. PlusMob n&#039;offre aucune garantie, expresse ou implicite, et d\u00e9cline toute autre garantie, y compris, sans limitation, les garanties implicites de qualit\u00e9 marchande, d&#039;ad\u00e9quation \u00e0 un usage particulier ou de non-violation des droits de propri\u00e9t\u00e9 intellectuelle.<\/p>\n\n\n\n<p><strong>Limites de responsabilit\u00e9<\/strong><br>En aucun cas PlusMob ou ses fournisseurs ne seront responsables des dommages r\u00e9sultant de l&#039;utilisation ou de l&#039;impossibilit\u00e9 d&#039;utiliser le mat\u00e9riel sur PlusMob, m\u00eame s&#039;ils sont inform\u00e9s de la possibilit\u00e9 de tels dommages. Si les lois locales n&#039;autorisent pas l&#039;exclusion de certaines garanties ou la limitation de responsabilit\u00e9 pour les dommages cons\u00e9cutifs, ces exclusions et limitations peuvent ne pas s&#039;appliquer \u00e0 vous.<\/p>\n\n\n\n<p><strong>Pr\u00e9cision des mat\u00e9riaux<\/strong><br>Les \u00e9l\u00e9ments apparaissant sur le site Web de PlusMob peuvent contenir des erreurs techniques, typographiques ou photographiques. PlusMob ne garantit pas l&#039;exactitude, l&#039;exhaustivit\u00e9 ou l&#039;actualit\u00e9 du mat\u00e9riel pr\u00e9sent\u00e9 sur son site Web et peut modifier le mat\u00e9riel \u00e0 tout moment sans pr\u00e9avis, mais ne s&#039;engage pas \u00e0 mettre \u00e0 jour le mat\u00e9riel.<\/p>\n\n\n\n<p><strong>Liens<\/strong><br>PlusMob n&#039;a pas examin\u00e9 tous les sites qui y sont li\u00e9s et n&#039;est pas responsable du contenu des sites externes. L&#039;inclusion de tout lien n&#039;implique pas l&#039;approbation par PlusMob du site. L&#039;utilisation des sites li\u00e9s se fait aux propres risques de l&#039;utilisateur.<\/p>\n\n\n\n<p><strong>Modifications des Conditions<\/strong><br>PlusMob peut modifier ces conditions d&#039;utilisation \u00e0 tout moment, sans pr\u00e9avis. En utilisant ce site Web, vous acceptez d&#039;\u00eatre li\u00e9 par la version la plus r\u00e9cente de ces conditions d&#039;utilisation.<\/p>\n\n\n\n<p><strong>Loi applicable<\/strong><br>Ces termes et conditions sont r\u00e9gis par les lois de PlusMob et vous consentez irr\u00e9vocablement \u00e0 la comp\u00e9tence exclusive des tribunaux locaux.<\/p>","protected":false},"excerpt":{"rendered":"<p>Ao entrar no site PlusMob, voc\u00ea aceita estes termos de uso, bem como todas as leis e regulamenta\u00e7\u00f5es relevantes, e reconhece que tem a responsabilidade de observar as leis locais aplic\u00e1veis. Caso n\u00e3o concorde com estes termos, voc\u00ea est\u00e1 proibido de acessar ou utilizar o site. Os conte\u00fados presentes neste website est\u00e3o protegidos pelas leis [&hellip;]<\/p>\n","protected":false},"author":1,"featured_media":0,"parent":0,"menu_order":0,"comment_status":"closed","ping_status":"closed","template":"","meta":{"footnotes":""},"class_list":["post-112","page","type-page","status-publish"],"_links":{"self":[{"href":"https:\/\/plusmob.com\/fr\/wp-json\/wp\/v2\/pages\/112","targetHints":{"allow":["GET"]}}],"collection":[{"href":"https:\/\/plusmob.com\/fr\/wp-json\/wp\/v2\/pages"}],"about":[{"href":"https:\/\/plusmob.com\/fr\/wp-json\/wp\/v2\/types\/page"}],"author":[{"embeddable":true,"href":"https:\/\/plusmob.com\/fr\/wp-json\/wp\/v2\/users\/1"}],"replies":[{"embeddable":true,"href":"https:\/\/plusmob.com\/fr\/wp-json\/wp\/v2\/comments?post=112"}],"version-history":[{"count":1,"href":"https:\/\/plusmob.com\/fr\/wp-json\/wp\/v2\/pages\/112\/revisions"}],"predecessor-version":[{"id":113,"href":"https:\/\/plusmob.com\/fr\/wp-json\/wp\/v2\/pages\/112\/revisions\/113"}],"wp:attachment":[{"href":"https:\/\/plusmob.com\/fr\/wp-json\/wp\/v2\/media?parent=112"}],"curies":[{"name":"wp","href":"https:\/\/api.w.org\/{rel}","templated":true}]}}