{"id":114,"date":"2024-05-15T22:22:37","date_gmt":"2024-05-15T22:22:37","guid":{"rendered":"https:\/\/plusmob.com\/?page_id=114"},"modified":"2024-12-18T02:27:54","modified_gmt":"2024-12-18T02:27:54","slug":"politique-de-confidentialite","status":"publish","type":"page","link":"https:\/\/plusmob.com\/fr\/politica-de-privacidade\/","title":{"rendered":"politique de confidentialit\u00e9"},"content":{"rendered":"<p>Votre vie priv\u00e9e est d&#039;une grande importance pour nous. PlusMob s&#039;engage \u00e0 prot\u00e9ger votre vie priv\u00e9e lorsque vous utilisez notre site Web, ainsi que les autres sites Web que nous g\u00e9rons. Nous collectons vos informations personnelles uniquement lorsque cela est n\u00e9cessaire pour vous fournir un service, et toujours en utilisant des m\u00e9thodes \u00e9quitables et transparentes, avec votre connaissance et votre consentement. Nous clarifions \u00e9galement les raisons de la collecte et la mani\u00e8re dont ces informations seront utilis\u00e9es.<\/p>\n\n\n\n<p>Les informations collect\u00e9es ne sont conserv\u00e9es que le temps n\u00e9cessaire \u00e0 la fourniture du service demand\u00e9. Nous stockons vos donn\u00e9es prot\u00e9g\u00e9es par des mesures de s\u00e9curit\u00e9 commercialement raisonnables pour \u00e9viter la perte, le vol, ainsi que l&#039;acc\u00e8s, la divulgation, la copie, l&#039;utilisation ou la modification non autoris\u00e9s. Nous ne divulguons pas d&#039;informations personnelles publiquement ou \u00e0 des tiers, sauf si la loi l&#039;exige.<\/p>\n\n\n\n<p>Notre site Internet peut contenir des liens vers des sites Internet externes qui ne sont pas g\u00e9r\u00e9s par nous. Veuillez garder \u00e0 l&#039;esprit que nous ne contr\u00f4lons pas ces sites externes et ne sommes pas responsables de leurs politiques de confidentialit\u00e9. Vous pouvez choisir de ne pas fournir vos informations personnelles, mais cela peut nous emp\u00eacher de vous fournir certains des services que vous souhaitez. Votre utilisation continue de notre site Web sera consid\u00e9r\u00e9e comme une acceptation de nos pratiques en mati\u00e8re de confidentialit\u00e9 et d\u2019informations personnelles. Si vous avez des questions sur la mani\u00e8re dont nous g\u00e9rons les donn\u00e9es utilisateur et les informations personnelles, n&#039;h\u00e9sitez pas \u00e0 nous contacter.<\/p>\n\n\n\n<p><strong>Politique de cookies PlusMob<\/strong><\/p>\n\n\n\n<p><strong>Que sont les cookies ?<\/strong><br>Comme c&#039;est le cas sur presque tous les sites Web professionnels, notre site utilise des cookies, qui sont de petits fichiers t\u00e9l\u00e9charg\u00e9s sur votre appareil, pour am\u00e9liorer votre exp\u00e9rience en ligne. Cette section explique quelles informations ils collectent, comment nous les utilisons et pourquoi il est parfois n\u00e9cessaire de stocker ces cookies. Nous vous expliquerons \u00e9galement comment bloquer l&#039;installation de cookies, m\u00eame si cela peut compromettre la fonctionnalit\u00e9 du site.<\/p>\n\n\n\n<p><strong>Utilisation des cookies<\/strong><br>Nous utilisons des cookies pour plusieurs raisons, d\u00e9crites ci-dessous. Dans la plupart des cas, il n&#039;existe pas d&#039;options standard pour d\u00e9sactiver les cookies sans compromettre les fonctionnalit\u00e9s ajout\u00e9es au site. Il est recommand\u00e9 de ne pas d\u00e9sactiver les cookies si vous n&#039;\u00eates pas s\u00fbr d&#039;en avoir besoin, car ils peuvent \u00eatre n\u00e9cessaires pour fournir les services que vous utilisez.<\/p>\n\n\n\n<p><strong>D\u00e9sactiver les cookies<\/strong><br>Vous pouvez emp\u00eacher l&#039;installation de cookies en ajustant les param\u00e8tres de votre navigateur. Consultez l&#039;aide de votre navigateur pour savoir comment proc\u00e9der. Veuillez garder \u00e0 l&#039;esprit que la d\u00e9sactivation des cookies affectera la fonctionnalit\u00e9 de ce site Web et des autres sites Web que vous visitez. La d\u00e9sactivation des cookies implique g\u00e9n\u00e9ralement la perte de certaines fonctionnalit\u00e9s et caract\u00e9ristiques du site Internet, il est donc conseill\u00e9 de ne pas les d\u00e9sactiver.<\/p>\n\n\n\n<p><strong>Cookies que nous utilisons<\/strong><\/p>\n\n\n\n<ul class=\"wp-block-list\">\n<li><strong>Cookies de compte\u00a0:<\/strong> Si vous cr\u00e9ez un compte chez nous, nous utiliserons des cookies pour g\u00e9rer le processus d&#039;inscription et l&#039;administration g\u00e9n\u00e9rale. Ces cookies sont g\u00e9n\u00e9ralement supprim\u00e9s lorsque vous vous d\u00e9connectez, bien qu&#039;ils puissent rester par la suite pour conserver les pr\u00e9f\u00e9rences de votre site apr\u00e8s votre d\u00e9connexion.<\/li>\n\n\n\n<li><strong>Cookies de connexion\u00a0:<\/strong> Lorsque vous \u00eates connect\u00e9, nous utilisons des cookies pour m\u00e9moriser votre session. Cela vous \u00e9vite de devoir vous connecter \u00e0 plusieurs reprises lorsque vous visitez diff\u00e9rentes pages. Ces cookies sont supprim\u00e9s ou effac\u00e9s lorsque vous vous d\u00e9connectez pour garantir que vous n&#039;avez acc\u00e8s qu&#039;aux fonctionnalit\u00e9s et zones restreintes lorsque vous \u00eates connect\u00e9.<\/li>\n\n\n\n<li><strong>Cookies de newsletter\u00a0:<\/strong> Si le site propose des services d&#039;abonnement \u00e0 une newsletter ou \u00e0 un courrier \u00e9lectronique, des cookies peuvent \u00eatre utilis\u00e9s pour m\u00e9moriser si vous \u00eates inscrit et si certaines notifications, valables uniquement pour les utilisateurs abonn\u00e9s ou non, doivent \u00eatre affich\u00e9es.<\/li>\n<\/ul>","protected":false},"excerpt":{"rendered":"<p>A sua privacidade \u00e9 de grande import\u00e2ncia para n\u00f3s. A PlusMob se compromete a proteger a sua privacidade enquanto voc\u00ea utiliza nosso site, bem como outros sites que administramos. Coletamos suas informa\u00e7\u00f5es pessoais apenas quando necess\u00e1rio para fornecer um servi\u00e7o a voc\u00ea, e sempre com m\u00e9todos justos e transparentes, com seu conhecimento e consentimento. Tamb\u00e9m [&hellip;]<\/p>\n","protected":false},"author":1,"featured_media":0,"parent":0,"menu_order":0,"comment_status":"closed","ping_status":"closed","template":"","meta":{"footnotes":""},"class_list":["post-114","page","type-page","status-publish"],"_links":{"self":[{"href":"https:\/\/plusmob.com\/fr\/wp-json\/wp\/v2\/pages\/114","targetHints":{"allow":["GET"]}}],"collection":[{"href":"https:\/\/plusmob.com\/fr\/wp-json\/wp\/v2\/pages"}],"about":[{"href":"https:\/\/plusmob.com\/fr\/wp-json\/wp\/v2\/types\/page"}],"author":[{"embeddable":true,"href":"https:\/\/plusmob.com\/fr\/wp-json\/wp\/v2\/users\/1"}],"replies":[{"embeddable":true,"href":"https:\/\/plusmob.com\/fr\/wp-json\/wp\/v2\/comments?post=114"}],"version-history":[{"count":2,"href":"https:\/\/plusmob.com\/fr\/wp-json\/wp\/v2\/pages\/114\/revisions"}],"predecessor-version":[{"id":455,"href":"https:\/\/plusmob.com\/fr\/wp-json\/wp\/v2\/pages\/114\/revisions\/455"}],"wp:attachment":[{"href":"https:\/\/plusmob.com\/fr\/wp-json\/wp\/v2\/media?parent=114"}],"curies":[{"name":"wp","href":"https:\/\/api.w.org\/{rel}","templated":true}]}}