{"id":112,"date":"2024-05-15T22:20:47","date_gmt":"2024-05-15T22:20:47","guid":{"rendered":"https:\/\/plusmob.com\/?page_id=112"},"modified":"2024-05-15T22:20:47","modified_gmt":"2024-05-15T22:20:47","slug":"%d7%aa%d7%a0%d7%90%d7%99-%d7%a9%d7%99%d7%9e%d7%95%d7%a9","status":"publish","type":"page","link":"https:\/\/plusmob.com\/he\/termos-de-uso\/","title":{"rendered":"\u05ea\u05e0\u05d0\u05d9 \u05e9\u05d9\u05de\u05d5\u05e9"},"content":{"rendered":"<p>\u05d1\u05db\u05e0\u05d9\u05e1\u05d4 \u05dc\u05d0\u05ea\u05e8 PlusMob, \u05d0\u05ea\u05d4 \u05de\u05e7\u05d1\u05dc \u05d0\u05ea \u05ea\u05e0\u05d0\u05d9 \u05d4\u05e9\u05d9\u05de\u05d5\u05e9 \u05d4\u05dc\u05dc\u05d5, \u05db\u05de\u05d5 \u05d2\u05dd \u05d0\u05ea \u05db\u05dc \u05d4\u05d7\u05d5\u05e7\u05d9\u05dd \u05d5\u05d4\u05ea\u05e7\u05e0\u05d5\u05ea \u05d4\u05e8\u05dc\u05d5\u05d5\u05e0\u05d8\u05d9\u05d9\u05dd, \u05d5\u05de\u05d0\u05e9\u05e8 \u05e9\u05d9\u05e9 \u05dc\u05da \u05d0\u05d7\u05e8\u05d9\u05d5\u05ea \u05dc\u05e6\u05d9\u05d9\u05ea \u05dc\u05d7\u05d5\u05e7\u05d9\u05dd \u05d4\u05de\u05e7\u05d5\u05de\u05d9\u05d9\u05dd \u05d4\u05d7\u05dc\u05d9\u05dd. \u05d0\u05dd \u05d0\u05d9\u05e0\u05da \u05de\u05e1\u05db\u05d9\u05dd \u05dc\u05ea\u05e0\u05d0\u05d9\u05dd \u05d0\u05dc\u05d4, \u05e0\u05d0\u05e1\u05e8 \u05e2\u05dc\u05d9\u05da \u05dc\u05d4\u05d9\u05db\u05e0\u05e1 \u05d0\u05d5 \u05dc\u05d4\u05e9\u05ea\u05de\u05e9 \u05d1\u05d0\u05ea\u05e8. \u05d4\u05ea\u05db\u05e0\u05d9\u05dd \u05d1\u05d0\u05ea\u05e8 \u05d6\u05d4 \u05de\u05d5\u05d2\u05e0\u05d9\u05dd \u05e2\u05dc \u05d9\u05d3\u05d9 \u05d7\u05d5\u05e7\u05d9 \u05e7\u05e0\u05d9\u05d9\u05df \u05e8\u05d5\u05d7\u05e0\u05d9 \u05d5\u05e1\u05d9\u05de\u05e0\u05d9 \u05de\u05e1\u05d7\u05e8 \u05e2\u05d3\u05db\u05e0\u05d9\u05d9\u05dd.<\/p>\n\n\n\n<p><strong>\u05d4\u05e2\u05e0\u05e7\u05ea \u05e8\u05d9\u05e9\u05d9\u05d5\u05df<\/strong><br>PlusMob \u05de\u05e2\u05e0\u05d9\u05e7 \u05dc\u05da \u05d0\u05ea \u05d4\u05d6\u05db\u05d5\u05ea \u05dc\u05d4\u05d5\u05e8\u05d9\u05d3 \u05d1\u05d0\u05d5\u05e4\u05df \u05d6\u05de\u05e0\u05d9 \u05e2\u05d5\u05ea\u05e7 \u05d0\u05d7\u05d3 \u05e9\u05dc \u05d4\u05d7\u05d5\u05de\u05e8\u05d9\u05dd \u05d4\u05d6\u05de\u05d9\u05e0\u05d9\u05dd \u05d1\u05d0\u05ea\u05e8 (\u05de\u05d9\u05d3\u05e2 \u05d0\u05d5 \u05ea\u05d5\u05db\u05e0\u05d4) \u05dc\u05e6\u05e4\u05d9\u05d9\u05d4 \u05d0\u05d9\u05e9\u05d9\u05ea \u05d5\u05dc\u05d0 \u05de\u05e1\u05d7\u05e8\u05d9\u05ea \u05d1\u05dc\u05d1\u05d3. \u05d6\u05d9\u05db\u05d9\u05d5\u05df \u05d6\u05d4 \u05d4\u05d5\u05d0 \u05d6\u05db\u05d5\u05ea \u05e9\u05d9\u05de\u05d5\u05e9, \u05dc\u05d0 \u05d1\u05e2\u05dc\u05d5\u05ea. \u05d0\u05ea\u05d4 \u05dc\u05d0 \u05e6\u05e8\u05d9\u05da:<\/p>\n\n\n\n<ul class=\"wp-block-list\">\n<li>\u05dc\u05e9\u05e0\u05d5\u05ea \u05d0\u05d5 \u05dc\u05d4\u05e2\u05ea\u05d9\u05e7 \u05d0\u05ea \u05d4\u05d7\u05d5\u05de\u05e8\u05d9\u05dd;<\/li>\n\n\n\n<li>\u05dc\u05d4\u05e9\u05ea\u05de\u05e9 \u05d1\u05d7\u05d5\u05de\u05e8\u05d9\u05dd \u05dc\u05de\u05d8\u05e8\u05d5\u05ea \u05de\u05e1\u05d7\u05e8\u05d9\u05d5\u05ea \u05d0\u05d5 \u05dc\u05ea\u05e6\u05d5\u05d2\u05d4 \u05e6\u05d9\u05d1\u05d5\u05e8\u05d9\u05ea (\u05de\u05e1\u05d7\u05e8\u05d9\u05ea \u05d0\u05d5 \u05d0\u05d7\u05e8\u05ea);<\/li>\n\n\n\n<li>\u05e0\u05d9\u05e1\u05d9\u05d5\u05df \u05dc\u05d1\u05e6\u05e2 \u05d4\u05e0\u05d3\u05e1\u05d4 \u05dc\u05d0\u05d7\u05d5\u05e8 \u05d0\u05d5 \u05d3\u05d4-\u05e7\u05d5\u05de\u05e4\u05d9\u05dc\u05e6\u05d9\u05d4 \u05e9\u05dc \u05db\u05dc \u05ea\u05d5\u05db\u05e0\u05d4 \u05e9\u05e0\u05de\u05e6\u05d0\u05ea \u05d1\u05d0\u05ea\u05e8 PlusMob;<\/li>\n\n\n\n<li>\u05de\u05d7\u05e7 \u05db\u05dc \u05d4\u05d5\u05d3\u05e2\u05d5\u05ea \u05d6\u05db\u05d5\u05d9\u05d5\u05ea \u05d9\u05d5\u05e6\u05e8\u05d9\u05dd \u05d0\u05d5 \u05d0\u05d9\u05e0\u05d3\u05d9\u05e7\u05e6\u05d9\u05d5\u05ea \u05e7\u05e0\u05d9\u05d9\u05e0\u05d9\u05d5\u05ea \u05d0\u05d7\u05e8\u05d5\u05ea \u05de\u05d4\u05d7\u05d5\u05de\u05e8\u05d9\u05dd;<\/li>\n\n\n\n<li>\u05d4\u05e2\u05d1\u05e8 \u05d0\u05ea \u05d4\u05d7\u05d5\u05de\u05e8\u05d9\u05dd \u05dc\u05d0\u05d3\u05dd \u05d0\u05d7\u05e8 \u05d0\u05d5 \u05e9\u05db\u05e4\u05dc \u05d0\u05ea \u05d4\u05d7\u05d5\u05de\u05e8\u05d9\u05dd \u05d1\u05e9\u05e8\u05ea \u05d0\u05d7\u05e8.<\/li>\n<\/ul>\n\n\n\n<p>\u05e8\u05d9\u05e9\u05d9\u05d5\u05df \u05d6\u05d4 \u05d9\u05e1\u05ea\u05d9\u05d9\u05dd \u05d0\u05d5\u05d8\u05d5\u05de\u05d8\u05d9\u05ea \u05d0\u05dd \u05ea\u05e4\u05e8 \u05d0\u05d7\u05ea \u05de\u05d4\u05d4\u05d2\u05d1\u05dc\u05d5\u05ea \u05d4\u05dc\u05dc\u05d5 \u05d5\u05e2\u05e9\u05d5\u05d9 \u05dc\u05d4\u05d9\u05e1\u05d2\u05e8 \u05e2\u05dc \u05d9\u05d3\u05d9 PlusMob \u05d1\u05db\u05dc \u05e2\u05ea. \u05e2\u05dd \u05d4\u05e4\u05e1\u05e7\u05ea \u05d4\u05e6\u05e4\u05d9\u05d9\u05d4 \u05e9\u05dc\u05da \u05d1\u05d7\u05d5\u05de\u05e8\u05d9\u05dd \u05d0\u05d5 \u05e2\u05dd \u05e1\u05d9\u05d5\u05dd \u05e8\u05d9\u05e9\u05d9\u05d5\u05df \u05d6\u05d4, \u05e2\u05dc\u05d9\u05da \u05dc\u05de\u05d7\u05d5\u05e7 \u05db\u05dc \u05d7\u05d5\u05de\u05e8 \u05e9\u05d4\u05d5\u05e8\u05d3\u05ea \u05d1\u05d9\u05df \u05d0\u05dd \u05d1\u05e4\u05d5\u05e8\u05de\u05d8 \u05d0\u05dc\u05e7\u05d8\u05e8\u05d5\u05e0\u05d9 \u05d0\u05d5 \u05de\u05d5\u05d3\u05e4\u05e1.<\/p>\n\n\n\n<p><strong>\u05db\u05ea\u05d1 \u05d5\u05d9\u05ea\u05d5\u05e8<\/strong><br>\u05d4\u05d7\u05d5\u05de\u05e8\u05d9\u05dd \u05d1\u05d0\u05ea\u05e8 PlusMob \u05de\u05e1\u05d5\u05e4\u05e7\u05d9\u05dd \u05e2\u05dc \u05d1\u05e1\u05d9\u05e1 &quot;\u05db\u05de\u05d5\u05ea \u05e9\u05d4\u05dd&quot;. PlusMob \u05d0\u05d9\u05e0\u05d4 \u05e0\u05d5\u05ea\u05e0\u05ea \u05d0\u05d7\u05e8\u05d9\u05d5\u05ea, \u05de\u05e4\u05d5\u05e8\u05e9\u05ea \u05d0\u05d5 \u05de\u05e9\u05ea\u05de\u05e2\u05ea, \u05d5\u05de\u05ea\u05e0\u05e2\u05e8\u05ea \u05de\u05db\u05dc \u05d4\u05d0\u05d7\u05e8\u05d9\u05d5\u05ea \u05d4\u05d0\u05d7\u05e8\u05d5\u05ea, \u05dc\u05e8\u05d1\u05d5\u05ea, \u05dc\u05dc\u05d0 \u05d4\u05d2\u05d1\u05dc\u05d4, \u05d0\u05d7\u05e8\u05d9\u05d5\u05ea \u05de\u05e9\u05ea\u05de\u05e2\u05ea \u05dc\u05e1\u05d7\u05d9\u05e8\u05d5\u05ea, \u05d4\u05ea\u05d0\u05de\u05d4 \u05dc\u05de\u05d8\u05e8\u05d4 \u05de\u05e1\u05d5\u05d9\u05de\u05ea \u05d0\u05d5 \u05d0\u05d9-\u05d4\u05e4\u05e8\u05d4 \u05e9\u05dc \u05d6\u05db\u05d5\u05d9\u05d5\u05ea \u05e7\u05e0\u05d9\u05d9\u05df \u05e8\u05d5\u05d7\u05e0\u05d9.<\/p>\n\n\n\n<p><strong>\u05de\u05d2\u05d1\u05dc\u05d5\u05ea \u05d0\u05d7\u05e8\u05d9\u05d5\u05ea<\/strong><br>\u05d1\u05e9\u05d5\u05dd \u05de\u05e7\u05e8\u05d4 PlusMob \u05d0\u05d5 \u05e1\u05e4\u05e7\u05d9\u05d4 \u05dc\u05d0 \u05d9\u05d4\u05d9\u05d5 \u05d0\u05d7\u05e8\u05d0\u05d9\u05dd \u05dc\u05db\u05dc \u05e0\u05d6\u05e7 \u05e9\u05d9\u05d9\u05d2\u05e8\u05dd \u05de\u05e9\u05d9\u05de\u05d5\u05e9 \u05d0\u05d5 \u05d7\u05d5\u05e1\u05e8 \u05d9\u05db\u05d5\u05dc\u05ea \u05dc\u05d4\u05e9\u05ea\u05de\u05e9 \u05d1\u05d7\u05d5\u05de\u05e8\u05d9\u05dd \u05d1- PlusMob, \u05d2\u05dd \u05d0\u05dd \u05d9\u05d5\u05d3\u05d9\u05e2\u05d5 \u05e2\u05dc \u05d4\u05d0\u05e4\u05e9\u05e8\u05d5\u05ea \u05e9\u05dc \u05e0\u05d6\u05e7\u05d9\u05dd \u05db\u05d0\u05dc\u05d4. \u05d0\u05dd \u05d4\u05d7\u05d5\u05e7\u05d9\u05dd \u05d4\u05de\u05e7\u05d5\u05de\u05d9\u05d9\u05dd \u05d0\u05d9\u05e0\u05dd \u05de\u05d0\u05e4\u05e9\u05e8\u05d9\u05dd \u05d4\u05d7\u05e8\u05d2\u05d4 \u05e9\u05dc \u05d0\u05d7\u05e8\u05d9\u05d5\u05ea \u05de\u05e1\u05d5\u05d9\u05de\u05d5\u05ea \u05d0\u05d5 \u05d4\u05d2\u05d1\u05dc\u05ea \u05d0\u05d7\u05e8\u05d9\u05d5\u05ea \u05dc\u05e0\u05d6\u05e7\u05d9\u05dd \u05ea\u05d5\u05e6\u05d0\u05ea\u05d9\u05d9\u05dd, \u05d9\u05d9\u05ea\u05db\u05df \u05e9\u05d4\u05d7\u05e8\u05d2\u05d5\u05ea \u05d5\u05d4\u05d4\u05d2\u05d1\u05dc\u05d5\u05ea \u05d4\u05dc\u05dc\u05d5 \u05dc\u05d0 \u05d9\u05d7\u05d5\u05dc\u05d5 \u05e2\u05dc\u05d9\u05da.<\/p>\n\n\n\n<p><strong>\u05d3\u05d9\u05d5\u05e7 \u05e9\u05dc \u05d7\u05d5\u05de\u05e8\u05d9\u05dd<\/strong><br>\u05d4\u05d7\u05d5\u05de\u05e8\u05d9\u05dd \u05d4\u05de\u05d5\u05e4\u05d9\u05e2\u05d9\u05dd \u05d1\u05d0\u05ea\u05e8 PlusMob \u05e2\u05e9\u05d5\u05d9\u05d9\u05dd \u05dc\u05d4\u05db\u05d9\u05dc \u05e9\u05d2\u05d9\u05d0\u05d5\u05ea \u05d8\u05db\u05e0\u05d9\u05d5\u05ea, \u05d3\u05e4\u05d5\u05e1\u05d9\u05d5\u05ea \u05d0\u05d5 \u05e6\u05d9\u05dc\u05d5\u05de\u05d9\u05d5\u05ea. PlusMob \u05d0\u05d9\u05e0\u05d4 \u05de\u05ea\u05d7\u05d9\u05d9\u05d1\u05ea \u05dc\u05d3\u05d9\u05d5\u05e7, \u05dc\u05e9\u05dc\u05de\u05d5\u05ea \u05d0\u05d5 \u05dc\u05e2\u05d3\u05db\u05e0\u05d9\u05d5\u05ea \u05e9\u05dc \u05d4\u05d7\u05d5\u05de\u05e8\u05d9\u05dd \u05d1\u05d0\u05ea\u05e8 \u05d4\u05d0\u05d9\u05e0\u05d8\u05e8\u05e0\u05d8 \u05e9\u05dc\u05d4 \u05d5\u05e2\u05e9\u05d5\u05d9\u05d4 \u05dc\u05e9\u05e0\u05d5\u05ea \u05d0\u05ea \u05d4\u05d7\u05d5\u05de\u05e8\u05d9\u05dd \u05d1\u05db\u05dc \u05e2\u05ea \u05dc\u05dc\u05d0 \u05d4\u05d5\u05d3\u05e2\u05d4 \u05de\u05d5\u05e7\u05d3\u05de\u05ea, \u05d0\u05da \u05d0\u05d9\u05e0\u05d4 \u05de\u05ea\u05d7\u05d9\u05d9\u05d1\u05ea \u05dc\u05e2\u05d3\u05db\u05df \u05d0\u05ea \u05d4\u05d7\u05d5\u05de\u05e8\u05d9\u05dd.<\/p>\n\n\n\n<p><strong>\u05e7\u05d9\u05e9\u05d5\u05e8\u05d9\u05dd<\/strong><br>PlusMob \u05dc\u05d0 \u05d1\u05d7\u05e0\u05d4 \u05d0\u05ea \u05db\u05dc \u05d4\u05d0\u05ea\u05e8\u05d9\u05dd \u05d4\u05de\u05e7\u05d5\u05e9\u05e8\u05d9\u05dd \u05d0\u05dc\u05d9\u05d5 \u05d5\u05d0\u05d9\u05e0\u05d4 \u05d0\u05d7\u05e8\u05d0\u05d9\u05ea \u05dc\u05ea\u05db\u05e0\u05d9\u05dd \u05e9\u05dc \u05d0\u05ea\u05e8\u05d9\u05dd \u05d7\u05d9\u05e6\u05d5\u05e0\u05d9\u05d9\u05dd \u05db\u05dc\u05e9\u05d4\u05dd. \u05d4\u05db\u05dc\u05dc\u05ea \u05db\u05dc \u05e7\u05d9\u05e9\u05d5\u05e8 \u05d0\u05d9\u05e0\u05d4 \u05de\u05e2\u05d9\u05d3\u05d4 \u05e2\u05dc \u05d0\u05d9\u05e9\u05d5\u05e8 \u05e9\u05dc PlusMob \u05dc\u05d0\u05ea\u05e8. \u05d4\u05e9\u05d9\u05de\u05d5\u05e9 \u05d1\u05d0\u05ea\u05e8\u05d9\u05dd \u05de\u05e7\u05d5\u05e9\u05e8\u05d9\u05dd \u05d4\u05d5\u05d0 \u05e2\u05dc \u05d0\u05d7\u05e8\u05d9\u05d5\u05ea \u05d4\u05de\u05e9\u05ea\u05de\u05e9 \u05d1\u05dc\u05d1\u05d3.<\/p>\n\n\n\n<p><strong>\u05e9\u05d9\u05e0\u05d5\u05d9\u05d9\u05dd \u05d1\u05ea\u05e0\u05d0\u05d9\u05dd<\/strong><br>PlusMob \u05e8\u05e9\u05d0\u05d9\u05ea \u05dc\u05e9\u05e0\u05d5\u05ea \u05d0\u05ea \u05ea\u05e0\u05d0\u05d9 \u05d4\u05e9\u05d9\u05de\u05d5\u05e9 \u05d4\u05dc\u05dc\u05d5 \u05d1\u05db\u05dc \u05e2\u05ea, \u05dc\u05dc\u05d0 \u05d4\u05d5\u05d3\u05e2\u05d4 \u05de\u05d5\u05e7\u05d3\u05de\u05ea. \u05e2\u05dc \u05d9\u05d3\u05d9 \u05e9\u05d9\u05de\u05d5\u05e9 \u05d1\u05d0\u05ea\u05e8 \u05d6\u05d4, \u05d0\u05ea\u05d4 \u05de\u05e1\u05db\u05d9\u05dd \u05dc\u05d4\u05d9\u05d5\u05ea \u05de\u05d7\u05d5\u05d9\u05d1 \u05dc\u05d2\u05e8\u05e1\u05d4 \u05d4\u05e2\u05d3\u05db\u05e0\u05d9\u05ea \u05d1\u05d9\u05d5\u05ea\u05e8 \u05e9\u05dc \u05ea\u05e0\u05d0\u05d9 \u05e9\u05d9\u05de\u05d5\u05e9 \u05d0\u05dc\u05d4.<\/p>\n\n\n\n<p><strong>\u05d7\u05d5\u05e7 \u05d9\u05e9\u05d9\u05dd<\/strong><br>\u05ea\u05e0\u05d0\u05d9\u05dd \u05d5\u05d4\u05d2\u05d1\u05dc\u05d5\u05ea \u05d0\u05dc\u05d5 \u05db\u05e4\u05d5\u05e4\u05d9\u05dd \u05dc\u05d7\u05d5\u05e7\u05d9 PlusMob, \u05d5\u05d0\u05ea\u05d4 \u05de\u05e1\u05db\u05d9\u05dd \u05d1\u05d0\u05d5\u05e4\u05df \u05d1\u05dc\u05ea\u05d9 \u05d4\u05e4\u05d9\u05da \u05dc\u05e1\u05de\u05db\u05d5\u05ea \u05d4\u05e9\u05d9\u05e4\u05d5\u05d8 \u05d4\u05d1\u05dc\u05e2\u05d3\u05d9\u05ea \u05e9\u05dc \u05d1\u05ea\u05d9 \u05d4\u05de\u05e9\u05e4\u05d8 \u05d4\u05de\u05e7\u05d5\u05de\u05d9\u05d9\u05dd.<\/p>","protected":false},"excerpt":{"rendered":"<p>Ao entrar no site PlusMob, voc\u00ea aceita estes termos de uso, bem como todas as leis e regulamenta\u00e7\u00f5es relevantes, e reconhece que tem a responsabilidade de observar as leis locais aplic\u00e1veis. Caso n\u00e3o concorde com estes termos, voc\u00ea est\u00e1 proibido de acessar ou utilizar o site. Os conte\u00fados presentes neste website est\u00e3o protegidos pelas leis [&hellip;]<\/p>\n","protected":false},"author":1,"featured_media":0,"parent":0,"menu_order":0,"comment_status":"closed","ping_status":"closed","template":"","meta":{"footnotes":""},"class_list":["post-112","page","type-page","status-publish"],"_links":{"self":[{"href":"https:\/\/plusmob.com\/he\/wp-json\/wp\/v2\/pages\/112","targetHints":{"allow":["GET"]}}],"collection":[{"href":"https:\/\/plusmob.com\/he\/wp-json\/wp\/v2\/pages"}],"about":[{"href":"https:\/\/plusmob.com\/he\/wp-json\/wp\/v2\/types\/page"}],"author":[{"embeddable":true,"href":"https:\/\/plusmob.com\/he\/wp-json\/wp\/v2\/users\/1"}],"replies":[{"embeddable":true,"href":"https:\/\/plusmob.com\/he\/wp-json\/wp\/v2\/comments?post=112"}],"version-history":[{"count":1,"href":"https:\/\/plusmob.com\/he\/wp-json\/wp\/v2\/pages\/112\/revisions"}],"predecessor-version":[{"id":113,"href":"https:\/\/plusmob.com\/he\/wp-json\/wp\/v2\/pages\/112\/revisions\/113"}],"wp:attachment":[{"href":"https:\/\/plusmob.com\/he\/wp-json\/wp\/v2\/media?parent=112"}],"curies":[{"name":"wp","href":"https:\/\/api.w.org\/{rel}","templated":true}]}}