{"id":112,"date":"2024-05-15T22:20:47","date_gmt":"2024-05-15T22:20:47","guid":{"rendered":"https:\/\/plusmob.com\/?page_id=112"},"modified":"2024-05-15T22:20:47","modified_gmt":"2024-05-15T22:20:47","slug":"uvjeti-koristenja","status":"publish","type":"page","link":"https:\/\/plusmob.com\/hr\/termos-de-uso\/","title":{"rendered":"Uvjeti kori\u0161tenja"},"content":{"rendered":"<p>Ulaskom na web stranicu PlusMob prihva\u0107ate ove uvjete kori\u0161tenja, kao i sve relevantne zakone i propise te potvr\u0111ujete da imate odgovornost pridr\u017eavati se primjenjivih lokalnih zakona. Ako se ne sla\u017eete s ovim uvjetima, zabranjen vam je pristup ili kori\u0161tenje stranice. Sadr\u017eaj na ovoj web stranici za\u0161ti\u0107en je va\u017ee\u0107im zakonima o intelektualnom vlasni\u0161tvu i za\u0161titnim znakovima.<\/p>\n\n\n\n<p><strong>Dodjela licence<\/strong><br>PlusMob Vam daje pravo privremenog preuzimanja jedne kopije materijala dostupnih na stranici (informacije ili softver) samo za osobno, nekomercijalno gledanje. Ova koncesija je pravo kori\u0161tenja, a ne vlasni\u0161tva. Nebi trebao:<\/p>\n\n\n\n<ul class=\"wp-block-list\">\n<li>Promijeniti ili kopirati materijale;<\/li>\n\n\n\n<li>Koristite materijale u komercijalne svrhe ili za javno prikazivanje (komercijalno ili na drugi na\u010din);<\/li>\n\n\n\n<li>Poku\u0161ati izvr\u0161iti obrnuti in\u017eenjering ili dekompilirati bilo koji softver prona\u0111en na web stranici PlusMob;<\/li>\n\n\n\n<li>Izbri\u0161ite sve obavijesti o autorskim pravima ili druge oznake vlasni\u0161tva iz materijala;<\/li>\n\n\n\n<li>Proslijedite materijale drugoj osobi ili duplicirajte materijale na drugom poslu\u017eitelju.<\/li>\n<\/ul>\n\n\n\n<p>Ova \u0107e licenca automatski prestati ako prekr\u0161ite bilo koje od ovih ograni\u010denja, a PlusMob je mo\u017ee ukinuti u bilo kojem trenutku. Po prekidu pregledavanja materijala ili po isteku ove licence, morate izbrisati sve preuzete materijale, bilo u elektroni\u010dkom ili tiskanom obliku.<\/p>\n\n\n\n<p><strong>Odricanje<\/strong><br>Materijali na web-mjestu PlusMob dostupni su na temelju &quot;kakvi jesu&quot;. PlusMob ne daje nikakva jamstva, izri\u010dita ili pre\u0161utna, i odri\u010de se svih drugih jamstava, uklju\u010duju\u0107i, bez ograni\u010denja, implicitna jamstva mogu\u0107nosti prodaje, prikladnosti za odre\u0111enu svrhu ili nekr\u0161enja prava intelektualnog vlasni\u0161tva.<\/p>\n\n\n\n<p><strong>Ograni\u010denja odgovornosti<\/strong><br>Ni u kojem slu\u010daju PlusMob ili njegovi dobavlja\u010di ne\u0107e biti odgovorni za bilo kakvu \u0161tetu nastalu kori\u0161tenjem ili nemogu\u0107no\u0161\u0107u kori\u0161tenja materijala na PlusMobu, \u010dak i ako su obavije\u0161teni o mogu\u0107nosti takve \u0161tete. Ako lokalni zakoni ne dopu\u0161taju isklju\u010denje odre\u0111enih jamstava ili ograni\u010denje odgovornosti za posljedi\u010dne \u0161tete, ta se isklju\u010denja i ograni\u010denja mo\u017eda ne\u0107e odnositi na vas.<\/p>\n\n\n\n<p><strong>Preciznost materijala<\/strong><br>Materijali koji se pojavljuju na web stranici PlusMob mogu sadr\u017eavati tehni\u010dke, tiskarske ili fotografske pogre\u0161ke. PlusMob ne jam\u010di to\u010dnost, potpunost ili pravodobnost materijala na svojoj web stranici i mo\u017ee promijeniti materijale u bilo kojem trenutku bez prethodne najave, ali se ne obvezuje a\u017eurirati materijale.<\/p>\n\n\n\n<p><strong>Linkovi<\/strong><br>PlusMob nije pregledao sve stranice povezane s njim i nije odgovoran za sadr\u017eaj vanjskih stranica. Uklju\u010divanje bilo koje poveznice ne zna\u010di da PlusMob podr\u017eava stranicu. Kori\u0161tenje povezanih stranica je na vlastitu odgovornost korisnika.<\/p>\n\n\n\n<p><strong>Izmjene Uvjeta<\/strong><br>PlusMob mo\u017ee izmijeniti ove uvjete kori\u0161tenja u bilo kojem trenutku, bez prethodne obavijesti. Kori\u0161tenjem ove web stranice prihva\u0107ate najnoviju verziju ovih uvjeta kori\u0161tenja.<\/p>\n\n\n\n<p><strong>Mjerodavno pravo<\/strong><br>Ovi uvjeti i odredbe regulirani su zakonima PlusMoba i vi neopozivo pristajete na isklju\u010divu nadle\u017enost lokalnih sudova.<\/p>","protected":false},"excerpt":{"rendered":"<p>Ao entrar no site PlusMob, voc\u00ea aceita estes termos de uso, bem como todas as leis e regulamenta\u00e7\u00f5es relevantes, e reconhece que tem a responsabilidade de observar as leis locais aplic\u00e1veis. Caso n\u00e3o concorde com estes termos, voc\u00ea est\u00e1 proibido de acessar ou utilizar o site. Os conte\u00fados presentes neste website est\u00e3o protegidos pelas leis [&hellip;]<\/p>\n","protected":false},"author":1,"featured_media":0,"parent":0,"menu_order":0,"comment_status":"closed","ping_status":"closed","template":"","meta":{"footnotes":""},"class_list":["post-112","page","type-page","status-publish"],"_links":{"self":[{"href":"https:\/\/plusmob.com\/hr\/wp-json\/wp\/v2\/pages\/112","targetHints":{"allow":["GET"]}}],"collection":[{"href":"https:\/\/plusmob.com\/hr\/wp-json\/wp\/v2\/pages"}],"about":[{"href":"https:\/\/plusmob.com\/hr\/wp-json\/wp\/v2\/types\/page"}],"author":[{"embeddable":true,"href":"https:\/\/plusmob.com\/hr\/wp-json\/wp\/v2\/users\/1"}],"replies":[{"embeddable":true,"href":"https:\/\/plusmob.com\/hr\/wp-json\/wp\/v2\/comments?post=112"}],"version-history":[{"count":1,"href":"https:\/\/plusmob.com\/hr\/wp-json\/wp\/v2\/pages\/112\/revisions"}],"predecessor-version":[{"id":113,"href":"https:\/\/plusmob.com\/hr\/wp-json\/wp\/v2\/pages\/112\/revisions\/113"}],"wp:attachment":[{"href":"https:\/\/plusmob.com\/hr\/wp-json\/wp\/v2\/media?parent=112"}],"curies":[{"name":"radni list","href":"https:\/\/api.w.org\/{rel}","templated":true}]}}