{"id":114,"date":"2024-05-15T22:22:37","date_gmt":"2024-05-15T22:22:37","guid":{"rendered":"https:\/\/plusmob.com\/?page_id=114"},"modified":"2024-12-18T02:27:54","modified_gmt":"2024-12-18T02:27:54","slug":"politika-privatnosti","status":"publish","type":"page","link":"https:\/\/plusmob.com\/hr\/politica-de-privacidade\/","title":{"rendered":"Politika privatnosti"},"content":{"rendered":"<p>Va\u0161a privatnost nam je od velike va\u017enosti. PlusMob je predan za\u0161titi va\u0161e privatnosti dok koristite na\u0161u web stranicu, kao i druge web stranice kojima upravljamo. Va\u0161e osobne podatke prikupljamo samo kada je to potrebno za pru\u017eanje usluge, uvijek koriste\u0107i po\u0161tene i transparentne metode, uz va\u0161e znanje i privolu. Tako\u0111er poja\u0161njavamo razloge prikupljanja i kako \u0107e se ti podaci koristiti.<\/p>\n\n\n\n<p>Prikupljeni podaci \u010duvaju se samo onoliko dugo koliko je potrebno za pru\u017eanje tra\u017eene usluge. Va\u0161e podatke pohranjujemo za\u0161ti\u0107ene komercijalno razumnim sigurnosnim mjerama kako bismo sprije\u010dili gubitak, kra\u0111u, kao i neovla\u0161teni pristup, otkrivanje, kopiranje, kori\u0161tenje ili modificiranje. Osobne podatke ne otkrivamo javno ili tre\u0107im stranama osim ako to zahtijeva zakon.<\/p>\n\n\n\n<p>Na\u0161a web stranica mo\u017ee sadr\u017eavati poveznice na vanjske web stranice kojima mi ne upravljamo. Imajte na umu da mi ne kontroliramo ove vanjske stranice i nismo odgovorni za njihova pravila privatnosti. Mo\u017eete odabrati da ne date svoje osobne podatke, ali to nas mo\u017ee sprije\u010diti u pru\u017eanju nekih usluga koje \u017eelite. Va\u0161e daljnje kori\u0161tenje na\u0161e web stranice smatrat \u0107e se prihva\u0107anjem na\u0161e prakse privatnosti i osobnih podataka. Ako imate pitanja o tome kako upravljamo korisni\u010dkim podacima i osobnim podacima, slobodno nam se obratite.<\/p>\n\n\n\n<p><strong>PlusMob Politika kola\u010di\u0107a<\/strong><\/p>\n\n\n\n<p><strong>\u0160to su kola\u010di\u0107i?<\/strong><br>Kao \u0161to je uobi\u010dajeno s gotovo svim profesionalnim web-mjestima, na\u0161e web-mjesto koristi kola\u010di\u0107e, male datoteke preuzete na va\u0161 ure\u0111aj, kako bi pobolj\u0161alo va\u0161e online iskustvo. Ovaj odjeljak obja\u0161njava koje informacije prikupljaju, kako ih koristimo i za\u0161to je ponekad potrebno pohraniti te kola\u010di\u0107e. Tako\u0111er \u0107emo objasniti kako mo\u017eete blokirati instalaciju kola\u010di\u0107a, iako to mo\u017ee ugroziti funkcionalnost stranice.<\/p>\n\n\n\n<p><strong>Kori\u0161tenje kola\u010di\u0107a<\/strong><br>Kola\u010di\u0107e koristimo iz nekoliko razloga koji su opisani u nastavku. U ve\u0107ini slu\u010dajeva ne postoje standardne opcije za onemogu\u0107avanje kola\u010di\u0107a bez ugro\u017eavanja funkcionalnosti dodane na web mjesto. Preporu\u010da se da ne onemogu\u0107ujete kola\u010di\u0107e ako niste sigurni trebate li ih, jer mogu biti potrebni za pru\u017eanje usluga koje koristite.<\/p>\n\n\n\n<p><strong>Onemogu\u0107i kola\u010di\u0107e<\/strong><br>Postavljanje kola\u010di\u0107a mo\u017eete sprije\u010diti pode\u0161avanjem postavki preglednika. Pogledajte pomo\u0107 svog preglednika da biste saznali kako to u\u010diniti. Imajte na umu da \u0107e onemogu\u0107avanje kola\u010di\u0107a utjecati na funkcionalnost ove i drugih web stranica koje posje\u0107ujete. Onemogu\u0107avanje kola\u010di\u0107a op\u0107enito podrazumijeva gubitak odre\u0111enih funkcionalnosti i zna\u010dajki web stranice, stoga je preporu\u010dljivo ne onemogu\u0107avati ih.<\/p>\n\n\n\n<p><strong>Kola\u010di\u0107i koje koristimo<\/strong><\/p>\n\n\n\n<ul class=\"wp-block-list\">\n<li><strong>Kola\u010di\u0107i ra\u010duna:<\/strong> Ako kreirate ra\u010dun kod nas, koristit \u0107emo kola\u010di\u0107e za upravljanje postupkom registracije i op\u0107u administraciju. Ovi se kola\u010di\u0107i obi\u010dno bri\u0161u kada se odjavite, iako mogu ostati i nakon toga kako bi zadr\u017eali postavke va\u0161e web stranice nakon \u0161to se odjavite.<\/li>\n\n\n\n<li><strong>Kola\u010di\u0107i za prijavu:<\/strong> Kada ste prijavljeni, koristimo kola\u010di\u0107e da zapamtimo va\u0161u sesiju. Ovo vas \u0161tedi potrebe da se vi\u0161e puta prijavljujete kada posje\u0107ujete razli\u010dite stranice. Ovi se kola\u010di\u0107i uklanjaju ili bri\u0161u kada se odjavite kako biste bili sigurni da imate pristup ograni\u010denim zna\u010dajkama i podru\u010djima samo dok ste prijavljeni.<\/li>\n\n\n\n<li><strong>Kola\u010di\u0107i biltena:<\/strong> Ako web-mjesto nudi usluge pretplate na bilten ili e-po\u0161tu, kola\u010di\u0107i se mogu koristiti kako bi zapamtili jeste li registrirani i trebaju li se prikazivati odre\u0111ene obavijesti, koje vrijede samo za pretpla\u0107ene ili nepretpla\u0107ene korisnike.<\/li>\n<\/ul>","protected":false},"excerpt":{"rendered":"<p>A sua privacidade \u00e9 de grande import\u00e2ncia para n\u00f3s. A PlusMob se compromete a proteger a sua privacidade enquanto voc\u00ea utiliza nosso site, bem como outros sites que administramos. Coletamos suas informa\u00e7\u00f5es pessoais apenas quando necess\u00e1rio para fornecer um servi\u00e7o a voc\u00ea, e sempre com m\u00e9todos justos e transparentes, com seu conhecimento e consentimento. Tamb\u00e9m [&hellip;]<\/p>\n","protected":false},"author":1,"featured_media":0,"parent":0,"menu_order":0,"comment_status":"closed","ping_status":"closed","template":"","meta":{"footnotes":""},"class_list":["post-114","page","type-page","status-publish"],"_links":{"self":[{"href":"https:\/\/plusmob.com\/hr\/wp-json\/wp\/v2\/pages\/114","targetHints":{"allow":["GET"]}}],"collection":[{"href":"https:\/\/plusmob.com\/hr\/wp-json\/wp\/v2\/pages"}],"about":[{"href":"https:\/\/plusmob.com\/hr\/wp-json\/wp\/v2\/types\/page"}],"author":[{"embeddable":true,"href":"https:\/\/plusmob.com\/hr\/wp-json\/wp\/v2\/users\/1"}],"replies":[{"embeddable":true,"href":"https:\/\/plusmob.com\/hr\/wp-json\/wp\/v2\/comments?post=114"}],"version-history":[{"count":2,"href":"https:\/\/plusmob.com\/hr\/wp-json\/wp\/v2\/pages\/114\/revisions"}],"predecessor-version":[{"id":455,"href":"https:\/\/plusmob.com\/hr\/wp-json\/wp\/v2\/pages\/114\/revisions\/455"}],"wp:attachment":[{"href":"https:\/\/plusmob.com\/hr\/wp-json\/wp\/v2\/media?parent=114"}],"curies":[{"name":"radni list","href":"https:\/\/api.w.org\/{rel}","templated":true}]}}