{"id":3,"date":"2024-05-15T03:18:46","date_gmt":"2024-05-15T03:18:46","guid":{"rendered":"http:\/\/plusmob.com\/?page_id=3"},"modified":"2024-12-18T02:33:23","modified_gmt":"2024-12-18T02:33:23","slug":"politika-privatnosti-2","status":"publish","type":"page","link":"https:\/\/plusmob.com\/hr\/privacy-policy\/","title":{"rendered":"Politika privatnosti"},"content":{"rendered":"<h2 class=\"wp-block-heading\">Tko smo mi<\/h2>\n\n\n<p><strong class=\"privacy-policy-tutorial\">Predlo\u017eeni tekst: <\/strong>Adresa na\u0161e web stranice je: http:\/\/plusmob.com.<\/p>\n\n\n<h2 class=\"wp-block-heading\">Komentari<\/h2>\n\n\n<p><strong class=\"privacy-policy-tutorial\">Predlo\u017eeni tekst: <\/strong>Kada posjetitelji ostavljaju komentare na stranici, prikupljamo podatke prikazane u obrascu za komentare, kao i IP adresu posjetitelja i niz korisni\u010dkog agenta preglednika kako bismo pomogli u otkrivanju ne\u017eeljene po\u0161te.<\/p>\n\n\n<p>Anonimizirani niz kreiran iz va\u0161e adrese e-po\u0161te (tako\u0111er nazvan hash) mo\u017ee se dostaviti usluzi Gravatar da vidi koristite li je. Politika privatnosti usluge Gravatar dostupna je ovdje: https:\/\/automattic.com\/privacy\/. Nakon odobrenja va\u0161eg komentara, va\u0161a profilna slika je vidljiva javnosti u kontekstu va\u0161eg komentara.<\/p>\n\n\n<h2 class=\"wp-block-heading\">Prosjek<\/h2>\n\n\n<p><strong class=\"privacy-policy-tutorial\">Predlo\u017eeni tekst: <\/strong>Ako u\u010ditavate slike na web mjesto, trebali biste izbjegavati u\u010ditavanje slika s ugra\u0111enim podacima o lokaciji (EXIF GPS). Posjetitelji web stranice mogu preuzeti i izdvojiti podatke o lokaciji sa slika na web stranici.<\/p>\n\n\n<h2 class=\"wp-block-heading\">Kola\u010di\u0107i<\/h2>\n\n\n<p><strong class=\"privacy-policy-tutorial\">Predlo\u017eeni tekst: <\/strong>Ako ostavite komentar na na\u0161oj stranici, mo\u017eete se odlu\u010diti za spremanje svog imena, adrese e-po\u0161te i web stranice u kola\u010di\u0107e. Ovo je za va\u0161u udobnost kako ne biste morali ponovno ispunjavati svoje podatke kada ostavljate novi komentar. Ovi kola\u010di\u0107i \u0107e trajati godinu dana.<\/p>\n\n\n<p>Ako posjetite na\u0161u stranicu za prijavu, postavit \u0107emo privremeni kola\u010di\u0107 kako bismo utvrdili prihva\u0107a li va\u0161 preglednik kola\u010di\u0107e. Ovaj kola\u010di\u0107 ne sadr\u017ei osobne podatke i odbacuje se kada zatvorite preglednik.<\/p>\n\n\n<p>Kada se prijavite, tako\u0111er \u0107emo postaviti nekoliko kola\u010di\u0107a za spremanje va\u0161ih podataka za prijavu i va\u0161ih izbora prikaza na zaslonu. Kola\u010di\u0107i za prijavu traju dva dana, a kola\u010di\u0107i s opcijama zaslona godinu dana. Ako odaberete &quot;Zapamti me&quot;, va\u0161a \u0107e prijava trajati dva tjedna. Ako se odjavite sa svog ra\u010duna, kola\u010di\u0107i za prijavu bit \u0107e uklonjeni.<\/p>\n\n\n<p>Ako uredite ili objavite \u010dlanak, dodatni kola\u010di\u0107 \u0107e se spremiti u va\u0161 preglednik. Ovaj kola\u010di\u0107 ne uklju\u010duje osobne podatke i samo ozna\u010dava ID objave \u010dlanka koji ste upravo uredili. Isti\u010de nakon 1 dana.<\/p>\n\n\n<h2 class=\"wp-block-heading\">Ugra\u0111eni sadr\u017eaj s drugih web stranica<\/h2>\n\n\n<p><strong class=\"privacy-policy-tutorial\">Predlo\u017eeni tekst: <\/strong>\u010clanci na ovoj stranici mogu sadr\u017eavati ugra\u0111eni sadr\u017eaj (npr. videozapise, slike, \u010dlanke itd.). Ugra\u0111eni sadr\u017eaj s drugih web stranica pona\u0161a se na potpuno isti na\u010din kao da je posjetitelj posjetio drugu web stranicu.<\/p>\n\n\n<p>Ove web stranice mogu prikupljati podatke o vama, koristiti kola\u010di\u0107e, ugraditi dodatno pra\u0107enje tre\u0107e strane i pratiti va\u0161u interakciju s tim ugra\u0111enim sadr\u017eajem, uklju\u010duju\u0107i pra\u0107enje va\u0161e interakcije s ugra\u0111enim sadr\u017eajem ako imate ra\u010dun i prijavljeni ste na tu web stranicu.<\/p>\n\n\n<h2 class=\"wp-block-heading\">S kim dijelimo va\u0161e podatke<\/h2>\n\n\n<p><strong class=\"privacy-policy-tutorial\">Predlo\u017eeni tekst: <\/strong>Ako zatra\u017eite ponovno postavljanje lozinke, va\u0161a IP adresa bit \u0107e uklju\u010dena u e-poruku za ponovno postavljanje.<\/p>\n\n\n<h2 class=\"wp-block-heading\">Koliko dugo zadr\u017eavamo va\u0161e podatke<\/h2>\n\n\n<p><strong class=\"privacy-policy-tutorial\">Predlo\u017eeni tekst: <\/strong>Ako ostavite komentar, komentar i njegovi metapodaci zadr\u017eavaju se na neodre\u0111eno vrijeme. To je tako da mo\u017eemo automatski prepoznati i odobriti sve naknadne komentare umjesto da ih dr\u017eimo u redu za moderiranje.<\/p>\n\n\n<p>Za korisnike koji se registriraju na na\u0161oj web stranici (ako postoje), tako\u0111er pohranjujemo osobne podatke koje daju u svom korisni\u010dkom profilu. Svi korisnici mogu vidjeti, urediti ili izbrisati svoje osobne podatke u bilo kojem trenutku (osim \u0161to ne mogu promijeniti svoje korisni\u010dko ime). Administratori web mjesta tako\u0111er mogu vidjeti i urediti te informacije.<\/p>\n\n\n<h2 class=\"wp-block-heading\">Koja prava imate nad svojim podacima?<\/h2>\n\n\n<p><strong class=\"privacy-policy-tutorial\">Predlo\u017eeni tekst: <\/strong>Ako imate ra\u010dun na ovoj stranici ili ste ostavili komentare, mo\u017eete zatra\u017eiti izvezenu datoteku osobnih podataka koje imamo o vama, uklju\u010duju\u0107i sve podatke koje ste nam dostavili. Tako\u0111er mo\u017eete zatra\u017eiti da izbri\u0161emo sve osobne podatke koje imamo o vama. To ne uklju\u010duje podatke koje smo du\u017eni \u010duvati u administrativne, pravne ili sigurnosne svrhe.<\/p>\n\n\n<h2 class=\"wp-block-heading\">Kamo se \u0161alju va\u0161i podaci<\/h2>\n\n\n<p><strong class=\"privacy-policy-tutorial\">Predlo\u017eeni tekst: <\/strong>Komentari posjetitelja mogu se provjeriti putem automatizirane usluge otkrivanja ne\u017eeljene po\u0161te.<\/p>","protected":false},"excerpt":{"rendered":"<p>Who we are Suggested text: Our website address is: http:\/\/plusmob.com. Comments Suggested text: When visitors leave comments on the site we collect the data shown in the comments form, and also the visitor&#8217;s IP address and browser user agent string to help spam detection. An anonymized string created from your email address (also called a [&hellip;]<\/p>\n","protected":false},"author":1,"featured_media":0,"parent":0,"menu_order":0,"comment_status":"closed","ping_status":"open","template":"","meta":{"footnotes":""},"class_list":["post-3","page","type-page","status-publish"],"_links":{"self":[{"href":"https:\/\/plusmob.com\/hr\/wp-json\/wp\/v2\/pages\/3","targetHints":{"allow":["GET"]}}],"collection":[{"href":"https:\/\/plusmob.com\/hr\/wp-json\/wp\/v2\/pages"}],"about":[{"href":"https:\/\/plusmob.com\/hr\/wp-json\/wp\/v2\/types\/page"}],"author":[{"embeddable":true,"href":"https:\/\/plusmob.com\/hr\/wp-json\/wp\/v2\/users\/1"}],"replies":[{"embeddable":true,"href":"https:\/\/plusmob.com\/hr\/wp-json\/wp\/v2\/comments?post=3"}],"version-history":[{"count":1,"href":"https:\/\/plusmob.com\/hr\/wp-json\/wp\/v2\/pages\/3\/revisions"}],"predecessor-version":[{"id":454,"href":"https:\/\/plusmob.com\/hr\/wp-json\/wp\/v2\/pages\/3\/revisions\/454"}],"wp:attachment":[{"href":"https:\/\/plusmob.com\/hr\/wp-json\/wp\/v2\/media?parent=3"}],"curies":[{"name":"radni list","href":"https:\/\/api.w.org\/{rel}","templated":true}]}}