{"id":112,"date":"2024-05-15T22:20:47","date_gmt":"2024-05-15T22:20:47","guid":{"rendered":"https:\/\/plusmob.com\/?page_id=112"},"modified":"2024-05-15T22:20:47","modified_gmt":"2024-05-15T22:20:47","slug":"hasznalati-feltetelek","status":"publish","type":"page","link":"https:\/\/plusmob.com\/hu\/termos-de-uso\/","title":{"rendered":"Haszn\u00e1lati felt\u00e9telek"},"content":{"rendered":"<p>A PlusMob webhelyre val\u00f3 bel\u00e9p\u00e9ssel elfogadja a jelen haszn\u00e1lati felt\u00e9teleket, valamint az \u00f6sszes vonatkoz\u00f3 t\u00f6rv\u00e9nyt \u00e9s el\u0151\u00edr\u00e1st, \u00e9s tudom\u00e1sul veszi, hogy k\u00f6teles betartani a vonatkoz\u00f3 helyi t\u00f6rv\u00e9nyeket. Ha nem \u00e9rt egyet ezekkel a felt\u00e9telekkel, tilos az oldal el\u00e9r\u00e9se vagy haszn\u00e1lata. A weboldalon tal\u00e1lhat\u00f3 tartalmat a szellemi tulajdonra \u00e9s a v\u00e9djegyekre vonatkoz\u00f3 hat\u00e1lyos t\u00f6rv\u00e9nyek v\u00e9dik.<\/p>\n\n\n\n<p><strong>Licenc Grant<\/strong><br>A PlusMob jogot biztos\u00edt \u00d6nnek, hogy ideiglenesen let\u00f6ltse a webhelyen el\u00e9rhet\u0151 anyagok (inform\u00e1ci\u00f3k vagy szoftverek) egy p\u00e9ld\u00e1ny\u00e1t, kiz\u00e1r\u00f3lag szem\u00e9lyes, nem kereskedelmi megtekint\u00e9s c\u00e9lj\u00e1b\u00f3l. Ez a koncesszi\u00f3 haszn\u00e1lati jog, nem tulajdonjog. Nem k\u00e9ne:<\/p>\n\n\n\n<ul class=\"wp-block-list\">\n<li>M\u00f3dos\u00edtsa vagy m\u00e1solja az anyagokat;<\/li>\n\n\n\n<li>Az anyagokat kereskedelmi c\u00e9lokra vagy nyilv\u00e1nos (kereskedelmi vagy egy\u00e9b) megjelen\u00edt\u00e9sre haszn\u00e1lja;<\/li>\n\n\n\n<li>Pr\u00f3b\u00e1lja meg visszafejteni vagy visszafejteni a PlusMob webhelyen tal\u00e1lhat\u00f3 szoftvereket;<\/li>\n\n\n\n<li>T\u00f6r\u00f6lj\u00f6n minden szerz\u0151i jogi megjegyz\u00e9st vagy m\u00e1s tulajdonosi jelz\u00e9st az anyagokb\u00f3l;<\/li>\n\n\n\n<li>Tov\u00e1bb\u00edtsa az anyagokat egy m\u00e1sik szem\u00e9lynek, vagy m\u00e1solja le az anyagokat egy m\u00e1sik szerveren.<\/li>\n<\/ul>\n\n\n\n<p>Ez a licenc automatikusan megsz\u0171nik, ha megszegi a fenti korl\u00e1toz\u00e1sok b\u00e1rmelyik\u00e9t, \u00e9s a PlusMob b\u00e1rmikor felmondhatja. Az anyagok megtekint\u00e9s\u00e9nek megsz\u00fcntet\u00e9sekor vagy a jelen licenc lej\u00e1rtakor t\u00f6r\u00f6lnie kell minden let\u00f6lt\u00f6tt anyagot, ak\u00e1r elektronikus, ak\u00e1r nyomtatott form\u00e1ban.<\/p>\n\n\n\n<p><strong>Jogi nyilatkozat<\/strong><br>A PlusMob weboldal\u00e1n tal\u00e1lhat\u00f3 anyagok \u201eahogy vannak\u201d alapon jelennek meg. A PlusMob nem v\u00e1llal sem kifejezett, sem hallgat\u00f3lagos garanci\u00e1t, \u00e9s elh\u00e1r\u00edt minden egy\u00e9b garanci\u00e1t, ide\u00e9rtve \u2013 korl\u00e1toz\u00e1s n\u00e9lk\u00fcl \u2013 az eladhat\u00f3s\u00e1gra, egy adott c\u00e9lra val\u00f3 alkalmass\u00e1gra vagy a szellemi tulajdonjogok megs\u00e9rt\u00e9s\u00e9nek hi\u00e1ny\u00e1ra vonatkoz\u00f3 v\u00e9lelmezett garanci\u00e1kat.<\/p>\n\n\n\n<p><strong>A felel\u0151ss\u00e9g korl\u00e1toz\u00e1sai<\/strong><br>A PlusMob vagy besz\u00e1ll\u00edt\u00f3i semmilyen esetben sem v\u00e1llalnak felel\u0151ss\u00e9get a PlusMob-on tal\u00e1lhat\u00f3 anyagok haszn\u00e1lat\u00e1b\u00f3l vagy haszn\u00e1lat\u00e1nak k\u00e9ptelens\u00e9g\u00e9b\u0151l ered\u0151 k\u00e1rok\u00e9rt, m\u00e9g akkor sem, ha \u00e9rtes\u00edtett\u00e9k az ilyen k\u00e1rok lehet\u0151s\u00e9g\u00e9r\u0151l. Ha a helyi t\u00f6rv\u00e9nyek nem teszik lehet\u0151v\u00e9 bizonyos garanci\u00e1k kiz\u00e1r\u00e1s\u00e1t vagy a k\u00f6vetkezm\u00e9nyes k\u00e1rok\u00e9rt val\u00f3 felel\u0151ss\u00e9g korl\u00e1toz\u00e1s\u00e1t, el\u0151fordulhat, hogy ezek a kiz\u00e1r\u00e1sok \u00e9s korl\u00e1toz\u00e1sok nem vonatkoznak \u00d6nre.<\/p>\n\n\n\n<p><strong>Az anyagok pontoss\u00e1ga<\/strong><br>A PlusMob weboldal\u00e1n megjelen\u0151 anyagok technikai, tipogr\u00e1fiai vagy f\u00e9nyk\u00e9p\u00e9szeti hib\u00e1kat tartalmazhatnak. A PlusMob nem v\u00e1llal garanci\u00e1t a weboldal\u00e1n tal\u00e1lhat\u00f3 anyagok pontoss\u00e1g\u00e1\u00e9rt, teljess\u00e9g\u00e9\u00e9rt vagy id\u0151szer\u0171s\u00e9g\u00e9\u00e9rt, \u00e9s az anyagokat b\u00e1rmikor el\u0151zetes \u00e9rtes\u00edt\u00e9s n\u00e9lk\u00fcl megv\u00e1ltoztathatja, de nem v\u00e1llal k\u00f6telezetts\u00e9get az anyagok friss\u00edt\u00e9s\u00e9re.<\/p>\n\n\n\n<p><strong>Linkek<\/strong><br>A PlusMob nem vizsg\u00e1lta \u00e1t az \u00f6sszes hivatkozott webhelyet, \u00e9s nem v\u00e1llal felel\u0151ss\u00e9get semmilyen k\u00fcls\u0151 webhely tartalm\u00e1\u00e9rt. A linkek felt\u00fcntet\u00e9se nem jelenti azt, hogy a PlusMob j\u00f3v\u00e1hagyja a webhelyet. A hivatkozott oldalak haszn\u00e1lata a felhaszn\u00e1l\u00f3 saj\u00e1t felel\u0151ss\u00e9g\u00e9re t\u00f6rt\u00e9nik.<\/p>\n\n\n\n<p><strong>A Felt\u00e9telek m\u00f3dos\u00edt\u00e1sai<\/strong><br>A PlusMob b\u00e1rmikor, el\u0151zetes \u00e9rtes\u00edt\u00e9s n\u00e9lk\u00fcl m\u00f3dos\u00edthatja a jelen haszn\u00e1lati felt\u00e9teleket. A weboldal haszn\u00e1lat\u00e1val \u00d6n v\u00e1llalja, hogy mag\u00e1ra n\u00e9zve k\u00f6telez\u0151nek ismeri el a jelen haszn\u00e1lati felt\u00e9telek leg\u00fajabb verzi\u00f3j\u00e1t.<\/p>\n\n\n\n<p><strong>Alkalmazand\u00f3 jog<\/strong><br>Ezekre a felt\u00e9telekre a PlusMob t\u00f6rv\u00e9nyei az ir\u00e1nyad\u00f3k, \u00e9s \u00d6n visszavonhatatlanul hozz\u00e1j\u00e1rul a helyi b\u00edr\u00f3s\u00e1gok kiz\u00e1r\u00f3lagos joghat\u00f3s\u00e1g\u00e1hoz.<\/p>","protected":false},"excerpt":{"rendered":"<p>Ao entrar no site PlusMob, voc\u00ea aceita estes termos de uso, bem como todas as leis e regulamenta\u00e7\u00f5es relevantes, e reconhece que tem a responsabilidade de observar as leis locais aplic\u00e1veis. Caso n\u00e3o concorde com estes termos, voc\u00ea est\u00e1 proibido de acessar ou utilizar o site. Os conte\u00fados presentes neste website est\u00e3o protegidos pelas leis [&hellip;]<\/p>\n","protected":false},"author":1,"featured_media":0,"parent":0,"menu_order":0,"comment_status":"closed","ping_status":"closed","template":"","meta":{"footnotes":""},"class_list":["post-112","page","type-page","status-publish"],"_links":{"self":[{"href":"https:\/\/plusmob.com\/hu\/wp-json\/wp\/v2\/pages\/112","targetHints":{"allow":["GET"]}}],"collection":[{"href":"https:\/\/plusmob.com\/hu\/wp-json\/wp\/v2\/pages"}],"about":[{"href":"https:\/\/plusmob.com\/hu\/wp-json\/wp\/v2\/types\/page"}],"author":[{"embeddable":true,"href":"https:\/\/plusmob.com\/hu\/wp-json\/wp\/v2\/users\/1"}],"replies":[{"embeddable":true,"href":"https:\/\/plusmob.com\/hu\/wp-json\/wp\/v2\/comments?post=112"}],"version-history":[{"count":1,"href":"https:\/\/plusmob.com\/hu\/wp-json\/wp\/v2\/pages\/112\/revisions"}],"predecessor-version":[{"id":113,"href":"https:\/\/plusmob.com\/hu\/wp-json\/wp\/v2\/pages\/112\/revisions\/113"}],"wp:attachment":[{"href":"https:\/\/plusmob.com\/hu\/wp-json\/wp\/v2\/media?parent=112"}],"curies":[{"name":"munkaf\u00fczet","href":"https:\/\/api.w.org\/{rel}","templated":true}]}}