{"id":114,"date":"2024-05-15T22:22:37","date_gmt":"2024-05-15T22:22:37","guid":{"rendered":"https:\/\/plusmob.com\/?page_id=114"},"modified":"2024-12-18T02:27:54","modified_gmt":"2024-12-18T02:27:54","slug":"adatvedelmi-iranyelvek","status":"publish","type":"page","link":"https:\/\/plusmob.com\/hu\/politica-de-privacidade\/","title":{"rendered":"Adatv\u00e9delmi ir\u00e1nyelvek"},"content":{"rendered":"<p>Az \u00d6n adatainak v\u00e9delme nagyon fontos sz\u00e1munkra. A PlusMob elk\u00f6telezett azir\u00e1nt, hogy megv\u00e9dje az \u00d6n szem\u00e9lyes adatait, mik\u00f6zben \u00d6n weboldalunkat, valamint az \u00e1ltalunk kezelt egy\u00e9b webhelyeket haszn\u00e1lja. Szem\u00e9lyes adatait csak akkor gy\u0171jtj\u00fck, ha az az \u00d6n sz\u00e1m\u00e1ra szolg\u00e1ltat\u00e1s ny\u00fajt\u00e1s\u00e1hoz sz\u00fcks\u00e9ges, \u00e9s mindig tisztess\u00e9ges \u00e9s \u00e1tl\u00e1that\u00f3 m\u00f3dszereket alkalmazunk, az \u00d6n tudt\u00e1val \u00e9s beleegyez\u00e9s\u00e9vel. Tiszt\u00e1zzuk tov\u00e1bb\u00e1 a gy\u0171jt\u00e9s okait \u00e9s az inform\u00e1ci\u00f3k felhaszn\u00e1l\u00e1s\u00e1nak m\u00f3dj\u00e1t.<\/p>\n\n\n\n<p>Az \u00f6sszegy\u0171jt\u00f6tt inform\u00e1ci\u00f3kat csak a k\u00e9rt szolg\u00e1ltat\u00e1s ny\u00fajt\u00e1s\u00e1hoz sz\u00fcks\u00e9ges ideig t\u00e1roljuk. Adatait kereskedelmileg \u00e9sszer\u0171 biztons\u00e1gi int\u00e9zked\u00e9sekkel v\u00e9dve t\u00e1roljuk, hogy megakad\u00e1lyozzuk az elveszt\u00e9st, lop\u00e1st, valamint a jogosulatlan hozz\u00e1f\u00e9r\u00e9st, nyilv\u00e1noss\u00e1gra hozatalt, m\u00e1sol\u00e1st, felhaszn\u00e1l\u00e1st vagy m\u00f3dos\u00edt\u00e1st. A szem\u00e9lyes adatokat nem adjuk ki nyilv\u00e1nosan vagy harmadik f\u00e9lnek, kiv\u00e9ve, ha azt t\u00f6rv\u00e9ny \u00edrja el\u0151.<\/p>\n\n\n\n<p>Weboldalunk olyan k\u00fcls\u0151 webhelyekre mutat\u00f3 hivatkoz\u00e1sokat tartalmazhat, amelyeket nem mi kezel\u00fcnk. K\u00e9rj\u00fck, ne feledje, hogy nem mi ir\u00e1ny\u00edtjuk ezeket a k\u00fcls\u0151 webhelyeket, \u00e9s nem v\u00e1llalunk felel\u0151ss\u00e9get az adatv\u00e9delmi ir\u00e1nyelveik\u00e9rt. D\u00f6nthet \u00fagy, hogy nem adja meg szem\u00e9lyes adatait, de ez megakad\u00e1lyozhatja, hogy biztos\u00edtsuk az \u00d6n \u00e1ltal k\u00edv\u00e1nt szolg\u00e1ltat\u00e1sok egy r\u00e9sz\u00e9t. Weboldalunk tov\u00e1bbi haszn\u00e1lata az adatv\u00e9delmi \u00e9s szem\u00e9lyes adatkezel\u00e9si gyakorlatunk elfogad\u00e1s\u00e1nak min\u0151s\u00fcl. Ha k\u00e9rd\u00e9se van a felhaszn\u00e1l\u00f3i adatok \u00e9s szem\u00e9lyes adatok kezel\u00e9s\u00e9vel kapcsolatban, forduljon hozz\u00e1nk bizalommal.<\/p>\n\n\n\n<p><strong>A PlusMob cookie-kra vonatkoz\u00f3 szab\u00e1lyzata<\/strong><\/p>\n\n\n\n<p><strong>Mik azok a s\u00fctik?<\/strong><br>Mint szinte minden professzion\u00e1lis weboldalon, oldalunk is cookie-kat haszn\u00e1l, amelyek kism\u00e9ret\u0171 f\u00e1jlok, amelyeket az \u00d6n k\u00e9sz\u00fcl\u00e9k\u00e9re t\u00f6ltenek le, hogy jav\u00edts\u00e1k az online \u00e9lm\u00e9nyt. Ez a r\u00e9sz elmagyar\u00e1zza, hogy milyen inform\u00e1ci\u00f3kat gy\u0171jtenek, hogyan haszn\u00e1ljuk azokat, \u00e9s mi\u00e9rt van sz\u00fcks\u00e9g n\u00e9ha ezeknek a cookie-knak a t\u00e1rol\u00e1s\u00e1ra. Azt is elmagyar\u00e1zzuk, hogyan blokkolhatja a cookie-k telep\u00edt\u00e9s\u00e9t, b\u00e1r ez vesz\u00e9lyeztetheti az oldal m\u0171k\u00f6d\u00e9s\u00e9t.<\/p>\n\n\n\n<p><strong>Cookie-k haszn\u00e1lata<\/strong><br>T\u00f6bb okb\u00f3l is haszn\u00e1lunk s\u00fctiket, amelyeket al\u00e1bb ismertet\u00fcnk. A legt\u00f6bb esetben nincs szabv\u00e1nyos lehet\u0151s\u00e9g a cookie-k letilt\u00e1s\u00e1ra an\u00e9lk\u00fcl, hogy vesz\u00e9lyeztetn\u00e9 a webhelyhez hozz\u00e1adott funkci\u00f3kat. Javasoljuk, hogy ne tiltsa le a cookie-kat, ha nem biztos abban, hogy sz\u00fcks\u00e9ge van-e r\u00e1juk, mivel ezek sz\u00fcks\u00e9gesek lehetnek az \u00d6n \u00e1ltal haszn\u00e1lt szolg\u00e1ltat\u00e1sok biztos\u00edt\u00e1s\u00e1hoz.<\/p>\n\n\n\n<p><strong>Cookie-k letilt\u00e1sa<\/strong><br>A cookie-k be\u00e1ll\u00edt\u00e1s\u00e1t a b\u00f6ng\u00e9sz\u0151 be\u00e1ll\u00edt\u00e1sainak m\u00f3dos\u00edt\u00e1s\u00e1val akad\u00e1lyozhatja meg. Tekintse meg b\u00f6ng\u00e9sz\u0151je s\u00fag\u00f3j\u00e1t, hogy megtudja, hogyan kell ezt megtenni. K\u00e9rj\u00fck, ne feledje, hogy a cookie-k letilt\u00e1sa hat\u00e1ssal lesz a jelen \u00e9s m\u00e1s megl\u00e1togatott webhelyek m\u0171k\u00f6d\u00e9s\u00e9re. A cookie-k letilt\u00e1sa \u00e1ltal\u00e1ban a webhely bizonyos funkci\u00f3inak \u00e9s funkci\u00f3inak elveszt\u00e9s\u00e9vel j\u00e1r, ez\u00e9rt nem tan\u00e1csos ezeket letiltani.<\/p>\n\n\n\n<p><strong>Az \u00e1ltalunk haszn\u00e1lt s\u00fctik<\/strong><\/p>\n\n\n\n<ul class=\"wp-block-list\">\n<li><strong>Fi\u00f3k cookie-k:<\/strong> Ha fi\u00f3kot hoz l\u00e9tre n\u00e1lunk, cookie-kat haszn\u00e1lunk a regisztr\u00e1ci\u00f3s folyamat \u00e9s az \u00e1ltal\u00e1nos adminisztr\u00e1ci\u00f3 kezel\u00e9s\u00e9re. Ezek a cookie-k \u00e1ltal\u00e1ban t\u00f6rl\u0151dnek, amikor kijelentkezik, b\u00e1r k\u00e9s\u0151bb is megmaradhatnak, hogy a kijelentkez\u00e9s ut\u00e1n is fenntarts\u00e1k a webhely be\u00e1ll\u00edt\u00e1sait.<\/li>\n\n\n\n<li><strong>Bejelentkez\u00e9si s\u00fctik:<\/strong> Amikor bejelentkezik, cookie-kat haszn\u00e1lunk, hogy megjegyezz\u00fck a munkamenet\u00e9t. Ezzel meg\u00f3vja \u00d6nt att\u00f3l, hogy ism\u00e9telten be kelljen jelentkeznie, amikor k\u00fcl\u00f6nb\u00f6z\u0151 oldalakat l\u00e1togat meg. Ezeket a s\u00fctiket a rendszer elt\u00e1vol\u00edtja vagy t\u00f6rli, amikor kijelentkezik, hogy biztos\u00edtsa, hogy csak korl\u00e1tozott funkci\u00f3khoz \u00e9s ter\u00fcletekhez f\u00e9rhessen hozz\u00e1 bejelentkezve.<\/li>\n\n\n\n<li><strong>H\u00edrlev\u00e9l s\u00fctik:<\/strong> Ha az oldal h\u00edrlev\u00e9l- vagy e-mail feliratkoz\u00e1si szolg\u00e1ltat\u00e1sokat k\u00edn\u00e1l, a cookie-k seg\u00edts\u00e9g\u00e9vel megjegyezhet\u0151, hogy \u00d6n regisztr\u00e1lt-e, \u00e9s meg kell-e jelen\u00edteni bizonyos \u00e9rtes\u00edt\u00e9seket, amelyek csak a feliratkozott vagy leiratkozott felhaszn\u00e1l\u00f3kra vonatkoznak.<\/li>\n<\/ul>","protected":false},"excerpt":{"rendered":"<p>A sua privacidade \u00e9 de grande import\u00e2ncia para n\u00f3s. A PlusMob se compromete a proteger a sua privacidade enquanto voc\u00ea utiliza nosso site, bem como outros sites que administramos. Coletamos suas informa\u00e7\u00f5es pessoais apenas quando necess\u00e1rio para fornecer um servi\u00e7o a voc\u00ea, e sempre com m\u00e9todos justos e transparentes, com seu conhecimento e consentimento. Tamb\u00e9m [&hellip;]<\/p>\n","protected":false},"author":1,"featured_media":0,"parent":0,"menu_order":0,"comment_status":"closed","ping_status":"closed","template":"","meta":{"footnotes":""},"class_list":["post-114","page","type-page","status-publish"],"_links":{"self":[{"href":"https:\/\/plusmob.com\/hu\/wp-json\/wp\/v2\/pages\/114","targetHints":{"allow":["GET"]}}],"collection":[{"href":"https:\/\/plusmob.com\/hu\/wp-json\/wp\/v2\/pages"}],"about":[{"href":"https:\/\/plusmob.com\/hu\/wp-json\/wp\/v2\/types\/page"}],"author":[{"embeddable":true,"href":"https:\/\/plusmob.com\/hu\/wp-json\/wp\/v2\/users\/1"}],"replies":[{"embeddable":true,"href":"https:\/\/plusmob.com\/hu\/wp-json\/wp\/v2\/comments?post=114"}],"version-history":[{"count":2,"href":"https:\/\/plusmob.com\/hu\/wp-json\/wp\/v2\/pages\/114\/revisions"}],"predecessor-version":[{"id":455,"href":"https:\/\/plusmob.com\/hu\/wp-json\/wp\/v2\/pages\/114\/revisions\/455"}],"wp:attachment":[{"href":"https:\/\/plusmob.com\/hu\/wp-json\/wp\/v2\/media?parent=114"}],"curies":[{"name":"munkaf\u00fczet","href":"https:\/\/api.w.org\/{rel}","templated":true}]}}