{"id":112,"date":"2024-05-15T22:20:47","date_gmt":"2024-05-15T22:20:47","guid":{"rendered":"https:\/\/plusmob.com\/?page_id=112"},"modified":"2024-05-15T22:20:47","modified_gmt":"2024-05-15T22:20:47","slug":"termini-di-utilizzo","status":"publish","type":"page","link":"https:\/\/plusmob.com\/it\/termos-de-uso\/","title":{"rendered":"Termini di utilizzo"},"content":{"rendered":"<p>Accedendo al sito Web PlusMob, accetti i presenti termini di utilizzo, nonch\u00e9 tutte le leggi e i regolamenti pertinenti e riconosci di avere la responsabilit\u00e0 di rispettare le leggi locali applicabili. Se non sei d&#039;accordo con questi termini, ti \u00e8 vietato accedere o utilizzare il sito. I contenuti di questo sito web sono protetti dalle attuali leggi sulla propriet\u00e0 intellettuale e sui marchi.<\/p>\n\n\n\n<p><strong>Concessione di licenza<\/strong><br>PlusMob ti garantisce il diritto di scaricare temporaneamente una copia dei materiali disponibili sul sito (informazioni o software) solo per la visualizzazione personale e non commerciale. Questa concessione \u00e8 un diritto d&#039;uso, non di propriet\u00e0. Non dovresti:<\/p>\n\n\n\n<ul class=\"wp-block-list\">\n<li>Modificare o copiare i materiali;<\/li>\n\n\n\n<li>Utilizzare i materiali per scopi commerciali o per esposizione pubblica (commerciale o altro);<\/li>\n\n\n\n<li>Tentare di decodificare o decompilare qualsiasi software trovato sul sito Web PlusMob;<\/li>\n\n\n\n<li>Eliminare eventuali avvisi di copyright o altre indicazioni di propriet\u00e0 dai materiali;<\/li>\n\n\n\n<li>Inoltrare i materiali a un&#039;altra persona o duplicare i materiali su un altro server.<\/li>\n<\/ul>\n\n\n\n<p>Questa licenza verr\u00e0 automaticamente risolta in caso di violazione di una qualsiasi di queste restrizioni e potr\u00e0 essere risolta da PlusMob in qualsiasi momento. Al termine della visualizzazione dei materiali o al termine della presente licenza, \u00e8 necessario eliminare qualsiasi materiale scaricato sia in formato elettronico che stampato.<\/p>\n\n\n\n<p><strong>Disclaimer<\/strong><br>I materiali sul sito Web PlusMob sono forniti &quot;cos\u00ec come sono&quot;. PlusMob non fornisce alcuna garanzia, espressa o implicita, e declina ogni altra garanzia, incluse, senza limitazioni, garanzie implicite di commerciabilit\u00e0, idoneit\u00e0 per uno scopo particolare o non violazione dei diritti di propriet\u00e0 intellettuale.<\/p>\n\n\n\n<p><strong>Limitazioni di responsabilit\u00e0<\/strong><br>In nessun caso PlusMob o i suoi fornitori saranno responsabili per eventuali danni derivanti dall&#039;uso o dall&#039;impossibilit\u00e0 di utilizzare i materiali su PlusMob, anche se informati della possibilit\u00e0 di tali danni. Se le leggi locali non consentono l&#039;esclusione di determinate garanzie o la limitazione di responsabilit\u00e0 per danni consequenziali, tali esclusioni e limitazioni potrebbero non applicarsi all&#039;utente.<\/p>\n\n\n\n<p><strong>Precisione dei materiali<\/strong><br>I materiali visualizzati sul sito Web di PlusMob possono contenere errori tecnici, tipografici o fotografici. PlusMob non garantisce l&#039;accuratezza, la completezza o la tempestivit\u00e0 dei materiali sul proprio sito Web e pu\u00f2 modificare i materiali in qualsiasi momento senza preavviso, ma non si assume alcun impegno ad aggiornare i materiali.<\/p>\n\n\n\n<p><strong>Collegamenti<\/strong><br>PlusMob non ha esaminato tutti i siti ad esso collegati e non \u00e8 responsabile del contenuto di eventuali siti esterni. L&#039;inclusione di qualsiasi collegamento non implica l&#039;approvazione del sito da parte di PlusMob. L&#039;utilizzo dei siti collegati \u00e8 a rischio e pericolo dell&#039;utente.<\/p>\n\n\n\n<p><strong>Modifiche ai Termini<\/strong><br>PlusMob pu\u00f2 modificare le presenti condizioni d&#039;uso in qualsiasi momento, senza preavviso. Utilizzando questo sito Web, accetti di essere vincolato dalla versione pi\u00f9 recente di questi termini di utilizzo.<\/p>\n\n\n\n<p><strong>Legge applicabile<\/strong><br>Questi termini e condizioni sono regolati dalle leggi di PlusMob e l&#039;utente acconsente irrevocabilmente alla giurisdizione esclusiva dei tribunali locali.<\/p>","protected":false},"excerpt":{"rendered":"<p>Ao entrar no site PlusMob, voc\u00ea aceita estes termos de uso, bem como todas as leis e regulamenta\u00e7\u00f5es relevantes, e reconhece que tem a responsabilidade de observar as leis locais aplic\u00e1veis. Caso n\u00e3o concorde com estes termos, voc\u00ea est\u00e1 proibido de acessar ou utilizar o site. Os conte\u00fados presentes neste website est\u00e3o protegidos pelas leis [&hellip;]<\/p>\n","protected":false},"author":1,"featured_media":0,"parent":0,"menu_order":0,"comment_status":"closed","ping_status":"closed","template":"","meta":{"footnotes":""},"class_list":["post-112","page","type-page","status-publish"],"_links":{"self":[{"href":"https:\/\/plusmob.com\/it\/wp-json\/wp\/v2\/pages\/112","targetHints":{"allow":["GET"]}}],"collection":[{"href":"https:\/\/plusmob.com\/it\/wp-json\/wp\/v2\/pages"}],"about":[{"href":"https:\/\/plusmob.com\/it\/wp-json\/wp\/v2\/types\/page"}],"author":[{"embeddable":true,"href":"https:\/\/plusmob.com\/it\/wp-json\/wp\/v2\/users\/1"}],"replies":[{"embeddable":true,"href":"https:\/\/plusmob.com\/it\/wp-json\/wp\/v2\/comments?post=112"}],"version-history":[{"count":1,"href":"https:\/\/plusmob.com\/it\/wp-json\/wp\/v2\/pages\/112\/revisions"}],"predecessor-version":[{"id":113,"href":"https:\/\/plusmob.com\/it\/wp-json\/wp\/v2\/pages\/112\/revisions\/113"}],"wp:attachment":[{"href":"https:\/\/plusmob.com\/it\/wp-json\/wp\/v2\/media?parent=112"}],"curies":[{"name":"parola chiave","href":"https:\/\/api.w.org\/{rel}","templated":true}]}}