{"id":112,"date":"2024-05-15T22:20:47","date_gmt":"2024-05-15T22:20:47","guid":{"rendered":"https:\/\/plusmob.com\/?page_id=112"},"modified":"2024-05-15T22:20:47","modified_gmt":"2024-05-15T22:20:47","slug":"%e5%88%a9%e7%94%a8%e8%a6%8f%e7%b4%84","status":"publish","type":"page","link":"https:\/\/plusmob.com\/ja\/termos-de-uso\/","title":{"rendered":"\u5229\u7528\u898f\u7d04"},"content":{"rendered":"<p>PlusMob Web \u30b5\u30a4\u30c8\u306b\u30a2\u30af\u30bb\u30b9\u3059\u308b\u3068\u3001\u3053\u308c\u3089\u306e\u5229\u7528\u898f\u7d04\u304a\u3088\u3073\u3059\u3079\u3066\u306e\u95a2\u9023\u6cd5\u898f\u5236\u306b\u540c\u610f\u3057\u3001\u9069\u7528\u3055\u308c\u308b\u73fe\u5730\u306e\u6cd5\u5f8b\u3092\u9075\u5b88\u3059\u308b\u8cac\u4efb\u304c\u3042\u308b\u3053\u3068\u3092\u8a8d\u3081\u305f\u3082\u306e\u3068\u307f\u306a\u3055\u308c\u307e\u3059\u3002\u3053\u308c\u3089\u306e\u6761\u4ef6\u306b\u540c\u610f\u3057\u306a\u3044\u5834\u5408\u306f\u3001\u30b5\u30a4\u30c8\u3078\u306e\u30a2\u30af\u30bb\u30b9\u307e\u305f\u306f\u4f7f\u7528\u3092\u7981\u6b62\u3057\u307e\u3059\u3002\u3053\u306e\u30a6\u30a7\u30d6\u30b5\u30a4\u30c8\u306e\u30b3\u30f3\u30c6\u30f3\u30c4\u306f\u3001\u73fe\u5728\u306e\u77e5\u7684\u8ca1\u7523\u6cd5\u304a\u3088\u3073\u5546\u6a19\u6cd5\u306b\u3088\u3063\u3066\u4fdd\u8b77\u3055\u308c\u3066\u3044\u307e\u3059\u3002<\/p>\n\n\n\n<p><strong>\u30e9\u30a4\u30bb\u30f3\u30b9\u306e\u4ed8\u4e0e<\/strong><br>PlusMob \u306f\u3001\u500b\u4eba\u7684\u304b\u3064\u975e\u55b6\u5229\u7684\u306a\u95b2\u89a7\u306e\u307f\u3092\u76ee\u7684\u3068\u3057\u3066\u3001\u30b5\u30a4\u30c8\u4e0a\u3067\u5229\u7528\u53ef\u80fd\u306a\u7d20\u6750 (\u60c5\u5831\u307e\u305f\u306f\u30bd\u30d5\u30c8\u30a6\u30a7\u30a2) \u306e\u30b3\u30d4\u30fc\u3092 1 \u90e8\u4e00\u6642\u7684\u306b\u30c0\u30a6\u30f3\u30ed\u30fc\u30c9\u3059\u308b\u6a29\u5229\u3092\u304a\u5ba2\u69d8\u306b\u4ed8\u4e0e\u3057\u307e\u3059\u3002\u3053\u306e\u8b72\u6b69\u306f\u6240\u6709\u6a29\u3067\u306f\u306a\u304f\u4f7f\u7528\u6a29\u3067\u3059\u3002\u8cb4\u65b9\u306f\u3059\u308b\u3079\u304d\u3067\u306f\u306a\u3044\uff1a<\/p>\n\n\n\n<ul class=\"wp-block-list\">\n<li>\u8cc7\u6599\u3092\u5909\u66f4\u307e\u305f\u306f\u30b3\u30d4\u30fc\u3059\u308b\u3002<\/li>\n\n\n\n<li>\u7d20\u6750\u3092\u5546\u696d\u76ee\u7684\u307e\u305f\u306f\u516c\u5171\u306e\u5c55\u793a\uff08\u5546\u696d\u304b\u3069\u3046\u304b\u306b\u304b\u304b\u308f\u3089\u305a\uff09\u306b\u4f7f\u7528\u3059\u308b\u3002<\/li>\n\n\n\n<li>PlusMob Web \u30b5\u30a4\u30c8\u3067\u898b\u3064\u304b\u3063\u305f\u30bd\u30d5\u30c8\u30a6\u30a7\u30a2\u3092\u30ea\u30d0\u30fc\u30b9 \u30a8\u30f3\u30b8\u30cb\u30a2\u30ea\u30f3\u30b0\u307e\u305f\u306f\u9006\u30b3\u30f3\u30d1\u30a4\u30eb\u3057\u3088\u3046\u3068\u3057\u307e\u3059\u3002<\/li>\n\n\n\n<li>\u8457\u4f5c\u6a29\u8868\u793a\u307e\u305f\u306f\u305d\u306e\u4ed6\u306e\u6240\u6709\u6a29\u8868\u793a\u3092\u7d20\u6750\u304b\u3089\u524a\u9664\u3057\u307e\u3059\u3002<\/li>\n\n\n\n<li>\u7d20\u6750\u3092\u4ed6\u306e\u4eba\u306b\u8ee2\u9001\u3057\u305f\u308a\u3001\u7d20\u6750\u3092\u5225\u306e\u30b5\u30fc\u30d0\u30fc\u306b\u8907\u88fd\u3057\u305f\u308a\u3059\u308b\u3002<\/li>\n<\/ul>\n\n\n\n<p>\u3053\u308c\u3089\u306e\u5236\u9650\u306e\u3044\u305a\u308c\u304b\u306b\u9055\u53cd\u3057\u305f\u5834\u5408\u3001\u3053\u306e\u30e9\u30a4\u30bb\u30f3\u30b9\u306f\u81ea\u52d5\u7684\u306b\u7d42\u4e86\u3057\u3001PlusMob \u306b\u3088\u3063\u3066\u3044\u3064\u3067\u3082\u7d42\u4e86\u3055\u308c\u308b\u53ef\u80fd\u6027\u304c\u3042\u308a\u307e\u3059\u3002\u8cc7\u6599\u306e\u95b2\u89a7\u3092\u7d42\u4e86\u3059\u308b\u3068\u304d\u3001\u307e\u305f\u306f\u3053\u306e\u30e9\u30a4\u30bb\u30f3\u30b9\u306e\u7d42\u4e86\u6642\u306b\u306f\u3001\u96fb\u5b50\u5f62\u5f0f\u307e\u305f\u306f\u5370\u5237\u5f62\u5f0f\u3092\u554f\u308f\u305a\u3001\u30c0\u30a6\u30f3\u30ed\u30fc\u30c9\u3057\u305f\u8cc7\u6599\u3092\u524a\u9664\u3059\u308b\u5fc5\u8981\u304c\u3042\u308a\u307e\u3059\u3002<\/p>\n\n\n\n<p><strong>\u514d\u8cac\u4e8b\u9805<\/strong><br>PlusMob Web \u30b5\u30a4\u30c8\u4e0a\u306e\u30de\u30c6\u30ea\u30a2\u30eb\u306f\u3001\u300c\u73fe\u72b6\u306e\u307e\u307e\u300d\u3067\u63d0\u4f9b\u3055\u308c\u307e\u3059\u3002 PlusMob \u306f\u3001\u660e\u793a\u7684\u304b\u9ed9\u793a\u7684\u304b\u3092\u554f\u308f\u305a\u3001\u3044\u304b\u306a\u308b\u4fdd\u8a3c\u3082\u884c\u308f\u305a\u3001\u5546\u54c1\u6027\u3001\u7279\u5b9a\u306e\u76ee\u7684\u3078\u306e\u9069\u5408\u6027\u3001\u307e\u305f\u306f\u77e5\u7684\u8ca1\u7523\u6a29\u306e\u975e\u4fb5\u5bb3\u306b\u95a2\u3059\u308b\u9ed9\u793a\u7684\u306a\u4fdd\u8a3c\u3092\u542b\u3080\u304c\u3053\u308c\u3089\u306b\u9650\u5b9a\u3055\u308c\u306a\u3044\u3001\u305d\u306e\u4ed6\u3059\u3079\u3066\u306e\u4fdd\u8a3c\u3092\u5426\u8a8d\u3057\u307e\u3059\u3002<\/p>\n\n\n\n<p><strong>\u8cac\u4efb\u306e\u5236\u9650<\/strong><br>PlusMob \u307e\u305f\u306f\u305d\u306e\u30b5\u30d7\u30e9\u30a4\u30e4\u30fc\u306f\u3001\u305f\u3068\u3048\u640d\u5bb3\u306e\u53ef\u80fd\u6027\u306b\u3064\u3044\u3066\u77e5\u3089\u3055\u308c\u3066\u3044\u305f\u3068\u3057\u3066\u3082\u3001PlusMob \u4e0a\u306e\u30de\u30c6\u30ea\u30a2\u30eb\u306e\u4f7f\u7528\u307e\u305f\u306f\u4f7f\u7528\u4e0d\u80fd\u304b\u3089\u751f\u3058\u308b\u640d\u5bb3\u306b\u5bfe\u3057\u3066\u3001\u3044\u304b\u306a\u308b\u5834\u5408\u3082\u8cac\u4efb\u3092\u8ca0\u3044\u307e\u305b\u3093\u3002\u73fe\u5730\u6cd5\u306b\u3088\u308a\u7279\u5b9a\u306e\u4fdd\u8a3c\u306e\u9664\u5916\u307e\u305f\u306f\u7d50\u679c\u7684\u640d\u5bb3\u306b\u5bfe\u3059\u308b\u8cac\u4efb\u306e\u5236\u9650\u304c\u8a8d\u3081\u3089\u308c\u3066\u3044\u306a\u3044\u5834\u5408\u3001\u3053\u308c\u3089\u306e\u9664\u5916\u304a\u3088\u3073\u5236\u9650\u306f\u304a\u5ba2\u69d8\u306b\u9069\u7528\u3055\u308c\u306a\u3044\u5834\u5408\u304c\u3042\u308a\u307e\u3059\u3002<\/p>\n\n\n\n<p><strong>\u6750\u6599\u306e\u7cbe\u5ea6<\/strong><br>PlusMob \u306e Web \u30b5\u30a4\u30c8\u306b\u63b2\u8f09\u3055\u308c\u3066\u3044\u308b\u8cc7\u6599\u306b\u306f\u3001\u6280\u8853\u7684\u3001\u8aa4\u5b57\u3001\u307e\u305f\u306f\u5199\u771f\u4e0a\u306e\u8aa4\u308a\u304c\u542b\u307e\u308c\u3066\u3044\u308b\u53ef\u80fd\u6027\u304c\u3042\u308a\u307e\u3059\u3002 PlusMob \u306f\u3001\u30a6\u30a7\u30d6\u30b5\u30a4\u30c8\u4e0a\u306e\u8cc7\u6599\u306e\u6b63\u78ba\u6027\u3001\u5b8c\u5168\u6027\u3001\u9069\u6642\u6027\u3092\u4fdd\u8a3c\u305b\u305a\u3001\u4e88\u544a\u306a\u3057\u306b\u8cc7\u6599\u3092\u3044\u3064\u3067\u3082\u5909\u66f4\u3059\u308b\u3053\u3068\u304c\u3042\u308a\u307e\u3059\u304c\u3001\u8cc7\u6599\u3092\u66f4\u65b0\u3059\u308b\u3053\u3068\u3092\u7d04\u675f\u3059\u308b\u3082\u306e\u3067\u306f\u3042\u308a\u307e\u305b\u3093\u3002<\/p>\n\n\n\n<p><strong>\u30ea\u30f3\u30af<\/strong><br>PlusMob \u306f\u3001\u30ea\u30f3\u30af\u3055\u308c\u3066\u3044\u308b\u3059\u3079\u3066\u306e\u30b5\u30a4\u30c8\u3092\u78ba\u8a8d\u3057\u3066\u3044\u306a\u3044\u305f\u3081\u3001\u5916\u90e8\u30b5\u30a4\u30c8\u306e\u30b3\u30f3\u30c6\u30f3\u30c4\u306b\u3064\u3044\u3066\u306f\u8cac\u4efb\u3092\u8ca0\u3044\u307e\u305b\u3093\u3002\u30ea\u30f3\u30af\u304c\u542b\u307e\u308c\u3066\u3044\u3066\u3082\u3001PlusMob \u306b\u3088\u308b\u30b5\u30a4\u30c8\u306e\u627f\u8a8d\u3092\u610f\u5473\u3059\u308b\u3082\u306e\u3067\u306f\u3042\u308a\u307e\u305b\u3093\u3002\u30ea\u30f3\u30af\u3055\u308c\u305f\u30b5\u30a4\u30c8\u306e\u4f7f\u7528\u306f\u30e6\u30fc\u30b6\u30fc\u81ea\u8eab\u306e\u8cac\u4efb\u3067\u884c\u308f\u308c\u307e\u3059\u3002<\/p>\n\n\n\n<p><strong>\u898f\u7d04\u306e\u5909\u66f4<\/strong><br>PlusMob \u306f\u3001\u4e88\u544a\u306a\u304f\u3044\u3064\u3067\u3082\u3053\u308c\u3089\u306e\u5229\u7528\u898f\u7d04\u3092\u5909\u66f4\u3059\u308b\u3053\u3068\u304c\u3042\u308a\u307e\u3059\u3002\u3053\u306e Web \u30b5\u30a4\u30c8\u3092\u4f7f\u7528\u3059\u308b\u3068\u3001\u3053\u308c\u3089\u306e\u5229\u7528\u898f\u7d04\u306e\u6700\u65b0\u7248\u306b\u62d8\u675f\u3055\u308c\u308b\u3053\u3068\u306b\u540c\u610f\u3057\u305f\u3082\u306e\u3068\u307f\u306a\u3055\u308c\u307e\u3059\u3002<\/p>\n\n\n\n<p><strong>\u9069\u7528\u6cd5<\/strong><br>\u3053\u308c\u3089\u306e\u5229\u7528\u898f\u7d04\u306f PlusMob \u306e\u6cd5\u5f8b\u306b\u6e96\u62e0\u3057\u3066\u304a\u308a\u3001\u304a\u5ba2\u69d8\u306f\u5730\u65b9\u88c1\u5224\u6240\u306e\u5c02\u5c5e\u7ba1\u8f44\u6a29\u306b\u53d6\u6d88\u4e0d\u80fd\u306e\u5f62\u3067\u540c\u610f\u3059\u308b\u3082\u306e\u3068\u3057\u307e\u3059\u3002<\/p>","protected":false},"excerpt":{"rendered":"<p>Ao entrar no site PlusMob, voc\u00ea aceita estes termos de uso, bem como todas as leis e regulamenta\u00e7\u00f5es relevantes, e reconhece que tem a responsabilidade de observar as leis locais aplic\u00e1veis. Caso n\u00e3o concorde com estes termos, voc\u00ea est\u00e1 proibido de acessar ou utilizar o site. Os conte\u00fados presentes neste website est\u00e3o protegidos pelas leis de propriedade intelectual e de marcas registradas vigentes. Concess\u00e3o de Licen\u00e7aA PlusMob concede a voc\u00ea o direito de fazer o download tempor\u00e1rio de uma c\u00f3pia dos materiais dispon\u00edveis no site (informa\u00e7\u00f5es ou software) somente para visualiza\u00e7\u00e3o pessoal e n\u00e3o comercial. Esta concess\u00e3o \u00e9 um direito de uso, e n\u00e3o de propriedade. Voc\u00ea n\u00e3o deve: Esta [&hellip;]<\/p>\n","protected":false},"author":1,"featured_media":0,"parent":0,"menu_order":0,"comment_status":"closed","ping_status":"closed","template":"","meta":{"footnotes":""},"class_list":["post-112","page","type-page","status-publish"],"_links":{"self":[{"href":"https:\/\/plusmob.com\/ja\/wp-json\/wp\/v2\/pages\/112","targetHints":{"allow":["GET"]}}],"collection":[{"href":"https:\/\/plusmob.com\/ja\/wp-json\/wp\/v2\/pages"}],"about":[{"href":"https:\/\/plusmob.com\/ja\/wp-json\/wp\/v2\/types\/page"}],"author":[{"embeddable":true,"href":"https:\/\/plusmob.com\/ja\/wp-json\/wp\/v2\/users\/1"}],"replies":[{"embeddable":true,"href":"https:\/\/plusmob.com\/ja\/wp-json\/wp\/v2\/comments?post=112"}],"version-history":[{"count":1,"href":"https:\/\/plusmob.com\/ja\/wp-json\/wp\/v2\/pages\/112\/revisions"}],"predecessor-version":[{"id":113,"href":"https:\/\/plusmob.com\/ja\/wp-json\/wp\/v2\/pages\/112\/revisions\/113"}],"wp:attachment":[{"href":"https:\/\/plusmob.com\/ja\/wp-json\/wp\/v2\/media?parent=112"}],"curies":[{"name":"wp","href":"https:\/\/api.w.org\/{rel}","templated":true}]}}