{"id":114,"date":"2024-05-15T22:22:37","date_gmt":"2024-05-15T22:22:37","guid":{"rendered":"https:\/\/plusmob.com\/?page_id=114"},"modified":"2024-12-18T02:27:54","modified_gmt":"2024-12-18T02:27:54","slug":"%e3%83%97%e3%83%a9%e3%82%a4%e3%83%90%e3%82%b7%e3%83%bc%e3%83%9d%e3%83%aa%e3%82%b7%e3%83%bc","status":"publish","type":"page","link":"https:\/\/plusmob.com\/ja\/politica-de-privacidade\/","title":{"rendered":"\u30d7\u30e9\u30a4\u30d0\u30b7\u30fc\u30dd\u30ea\u30b7\u30fc"},"content":{"rendered":"<p>\u3042\u306a\u305f\u306e\u30d7\u30e9\u30a4\u30d0\u30b7\u30fc\u306f\u79c1\u305f\u3061\u306b\u3068\u3063\u3066\u975e\u5e38\u306b\u91cd\u8981\u3067\u3059\u3002 PlusMob \u306f\u3001\u304a\u5ba2\u69d8\u304c\u5f53\u793e Web \u30b5\u30a4\u30c8\u304a\u3088\u3073\u5f53\u793e\u304c\u7ba1\u7406\u3059\u308b\u4ed6\u306e Web \u30b5\u30a4\u30c8\u3092\u4f7f\u7528\u3059\u308b\u969b\u306e\u30d7\u30e9\u30a4\u30d0\u30b7\u30fc\u306e\u4fdd\u8b77\u306b\u52aa\u3081\u307e\u3059\u3002\u5f53\u793e\u306f\u3001\u304a\u5ba2\u69d8\u306b\u30b5\u30fc\u30d3\u30b9\u3092\u63d0\u4f9b\u3059\u308b\u305f\u3081\u306b\u5fc5\u8981\u306a\u5834\u5408\u306b\u306e\u307f\u3001\u304a\u5ba2\u69d8\u306e\u77e5\u8b58\u3068\u540c\u610f\u3092\u5f97\u305f\u4e0a\u3067\u3001\u5e38\u306b\u516c\u6b63\u304b\u3064\u900f\u660e\u306a\u65b9\u6cd5\u3092\u4f7f\u7528\u3057\u3066\u3001\u304a\u5ba2\u69d8\u306e\u500b\u4eba\u60c5\u5831\u3092\u53ce\u96c6\u3057\u307e\u3059\u3002\u307e\u305f\u3001\u53ce\u96c6\u306e\u7406\u7531\u3068\u3053\u306e\u60c5\u5831\u306e\u4f7f\u7528\u65b9\u6cd5\u3082\u660e\u78ba\u306b\u3057\u307e\u3059\u3002<\/p>\n\n\n\n<p>\u53ce\u96c6\u3055\u308c\u305f\u60c5\u5831\u306f\u3001\u8981\u6c42\u3055\u308c\u305f\u30b5\u30fc\u30d3\u30b9\u3092\u63d0\u4f9b\u3059\u308b\u305f\u3081\u306b\u5fc5\u8981\u306a\u671f\u9593\u306e\u307f\u4fdd\u7ba1\u3055\u308c\u307e\u3059\u3002\u5f53\u793e\u306f\u3001\u7d1b\u5931\u3001\u76d7\u96e3\u3001\u304a\u3088\u3073\u4e0d\u6b63\u306a\u30a2\u30af\u30bb\u30b9\u3001\u958b\u793a\u3001\u30b3\u30d4\u30fc\u3001\u4f7f\u7528\u3001\u5909\u66f4\u3092\u9632\u3050\u305f\u3081\u306b\u3001\u5546\u696d\u7684\u306b\u5408\u7406\u7684\u306a\u30bb\u30ad\u30e5\u30ea\u30c6\u30a3\u5bfe\u7b56\u306b\u3088\u3063\u3066\u4fdd\u8b77\u3055\u308c\u305f\u30c7\u30fc\u30bf\u3092\u4fdd\u7ba1\u3057\u307e\u3059\u3002\u5f53\u793e\u306f\u3001\u6cd5\u5f8b\u3067\u8981\u6c42\u3055\u308c\u308b\u5834\u5408\u3092\u9664\u304d\u3001\u500b\u4eba\u60c5\u5831\u3092\u516c\u7684\u307e\u305f\u306f\u7b2c\u4e09\u8005\u306b\u958b\u793a\u3059\u308b\u3053\u3068\u306f\u3042\u308a\u307e\u305b\u3093\u3002<\/p>\n\n\n\n<p>\u5f53\u793e\u30a6\u30a7\u30d6\u30b5\u30a4\u30c8\u306b\u306f\u3001\u5f53\u793e\u304c\u7ba1\u7406\u3057\u3066\u3044\u306a\u3044\u5916\u90e8\u30a6\u30a7\u30d6\u30b5\u30a4\u30c8\u3078\u306e\u30ea\u30f3\u30af\u304c\u542b\u307e\u308c\u3066\u3044\u308b\u5834\u5408\u304c\u3042\u308a\u307e\u3059\u3002\u5f53\u793e\u306f\u3053\u308c\u3089\u306e\u5916\u90e8\u30b5\u30a4\u30c8\u3092\u7ba1\u7406\u3057\u3066\u304a\u3089\u305a\u3001\u305d\u306e\u30d7\u30e9\u30a4\u30d0\u30b7\u30fc \u30dd\u30ea\u30b7\u30fc\u306b\u3064\u3044\u3066\u306f\u8cac\u4efb\u3092\u8ca0\u308f\u306a\u3044\u3053\u3068\u306b\u7559\u610f\u3057\u3066\u304f\u3060\u3055\u3044\u3002\u500b\u4eba\u60c5\u5831\u3092\u63d0\u4f9b\u3057\u306a\u3044\u3053\u3068\u3082\u9078\u629e\u3067\u304d\u307e\u3059\u304c\u3001\u305d\u306e\u5834\u5408\u3001\u304a\u5ba2\u69d8\u304c\u5e0c\u671b\u3059\u308b\u30b5\u30fc\u30d3\u30b9\u306e\u4e00\u90e8\u304c\u63d0\u4f9b\u3067\u304d\u306a\u304f\u306a\u308b\u53ef\u80fd\u6027\u304c\u3042\u308a\u307e\u3059\u3002\u5f53\u793e\u306e\u30a6\u30a7\u30d6\u30b5\u30a4\u30c8\u3092\u7d99\u7d9a\u7684\u306b\u4f7f\u7528\u3059\u308b\u3053\u3068\u306f\u3001\u5f53\u793e\u306e\u30d7\u30e9\u30a4\u30d0\u30b7\u30fc\u304a\u3088\u3073\u500b\u4eba\u60c5\u5831\u306e\u6163\u884c\u306b\u540c\u610f\u3057\u305f\u3082\u306e\u3068\u307f\u306a\u3055\u308c\u307e\u3059\u3002\u30e6\u30fc\u30b6\u30fc\u30c7\u30fc\u30bf\u3084\u500b\u4eba\u60c5\u5831\u306e\u7ba1\u7406\u65b9\u6cd5\u306b\u3064\u3044\u3066\u3054\u4e0d\u660e\u306a\u70b9\u304c\u3054\u3056\u3044\u307e\u3057\u305f\u3089\u3001\u304a\u6c17\u8efd\u306b\u304a\u554f\u3044\u5408\u308f\u305b\u304f\u3060\u3055\u3044\u3002<\/p>\n\n\n\n<p><strong>PlusMob Cookie \u30dd\u30ea\u30b7\u30fc<\/strong><\/p>\n\n\n\n<p><strong>\u30af\u30c3\u30ad\u30fc\u3068\u306f\u4f55\u3067\u3059\u304b?<\/strong><br>\u307b\u307c\u3059\u3079\u3066\u306e\u5c02\u9580\u7684\u306a Web \u30b5\u30a4\u30c8\u3068\u540c\u69d8\u306b\u3001\u5f53\u793e\u306e\u30b5\u30a4\u30c8\u3067\u306f\u3001\u30aa\u30f3\u30e9\u30a4\u30f3 \u30a8\u30af\u30b9\u30da\u30ea\u30a8\u30f3\u30b9\u3092\u5411\u4e0a\u3055\u305b\u308b\u305f\u3081\u306b\u3001\u30c7\u30d0\u30a4\u30b9\u306b\u30c0\u30a6\u30f3\u30ed\u30fc\u30c9\u3055\u308c\u308b\u5c0f\u3055\u306a\u30d5\u30a1\u30a4\u30eb\u3067\u3042\u308b Cookie \u3092\u4f7f\u7528\u3057\u307e\u3059\u3002\u3053\u306e\u30bb\u30af\u30b7\u30e7\u30f3\u3067\u306f\u3001Cookie \u304c\u3069\u306e\u3088\u3046\u306a\u60c5\u5831\u3092\u53ce\u96c6\u3059\u308b\u304b\u3001\u305d\u308c\u3092\u3069\u306e\u3088\u3046\u306b\u4f7f\u7528\u3059\u308b\u304b\u3001\u304a\u3088\u3073\u3053\u308c\u3089\u306e Cookie \u3092\u4fdd\u5b58\u3059\u308b\u5fc5\u8981\u304c\u3042\u308b\u7406\u7531\u306b\u3064\u3044\u3066\u8aac\u660e\u3057\u307e\u3059\u3002\u30b5\u30a4\u30c8\u306e\u6a5f\u80fd\u304c\u640d\u306a\u308f\u308c\u308b\u53ef\u80fd\u6027\u304c\u3042\u308a\u307e\u3059\u304c\u3001Cookie \u306e\u30a4\u30f3\u30b9\u30c8\u30fc\u30eb\u3092\u30d6\u30ed\u30c3\u30af\u3059\u308b\u65b9\u6cd5\u306b\u3064\u3044\u3066\u3082\u8aac\u660e\u3057\u307e\u3059\u3002<\/p>\n\n\n\n<p><strong>Cookie\u306e\u4f7f\u7528<\/strong><br>\u5f53\u793e\u306f\u3001\u4ee5\u4e0b\u306b\u8aac\u660e\u3059\u308b\u3044\u304f\u3064\u304b\u306e\u7406\u7531\u3067 Cookie \u3092\u4f7f\u7528\u3057\u307e\u3059\u3002\u307b\u3068\u3093\u3069\u306e\u5834\u5408\u3001\u30b5\u30a4\u30c8\u306b\u8ffd\u52a0\u3055\u308c\u305f\u6a5f\u80fd\u3092\u640d\u306a\u3046\u3053\u3068\u306a\u304f Cookie \u3092\u7121\u52b9\u306b\u3059\u308b\u6a19\u6e96\u30aa\u30d7\u30b7\u30e7\u30f3\u306f\u3042\u308a\u307e\u305b\u3093\u3002\u4f7f\u7528\u3059\u308b\u30b5\u30fc\u30d3\u30b9\u3092\u63d0\u4f9b\u3059\u308b\u305f\u3081\u306b Cookie \u304c\u5fc5\u8981\u306b\u306a\u308b\u53ef\u80fd\u6027\u304c\u3042\u308b\u305f\u3081\u3001Cookie \u304c\u5fc5\u8981\u304b\u3069\u3046\u304b\u308f\u304b\u3089\u306a\u3044\u5834\u5408\u306f\u7121\u52b9\u306b\u3057\u306a\u3044\u3053\u3068\u3092\u304a\u52e7\u3081\u3057\u307e\u3059\u3002<\/p>\n\n\n\n<p><strong>Cookie\u3092\u7121\u52b9\u306b\u3059\u308b<\/strong><br>\u30d6\u30e9\u30a6\u30b6\u306e\u8a2d\u5b9a\u3092\u8abf\u6574\u3059\u308b\u3053\u3068\u3067\u3001Cookie \u306e\u8a2d\u5b9a\u3092\u9632\u3050\u3053\u3068\u304c\u3067\u304d\u307e\u3059\u3002\u3053\u308c\u3092\u884c\u3046\u65b9\u6cd5\u306b\u3064\u3044\u3066\u306f\u3001\u30d6\u30e9\u30a6\u30b6\u306e\u30d8\u30eb\u30d7\u3092\u53c2\u7167\u3057\u3066\u304f\u3060\u3055\u3044\u3002 Cookie \u3092\u7121\u52b9\u306b\u3059\u308b\u3068\u3001\u3053\u306e Web \u30b5\u30a4\u30c8\u3084\u8a2a\u554f\u3059\u308b\u4ed6\u306e Web \u30b5\u30a4\u30c8\u306e\u6a5f\u80fd\u306b\u5f71\u97ff\u3059\u308b\u3053\u3068\u306b\u6ce8\u610f\u3057\u3066\u304f\u3060\u3055\u3044\u3002 Cookie \u3092\u7121\u52b9\u306b\u3059\u308b\u3068\u3001\u901a\u5e38\u3001Web \u30b5\u30a4\u30c8\u306e\u7279\u5b9a\u306e\u6a5f\u80fd\u304c\u5931\u308f\u308c\u308b\u3053\u3068\u306b\u306a\u308b\u305f\u3081\u3001\u7121\u52b9\u306b\u3057\u306a\u3044\u3053\u3068\u3092\u304a\u52e7\u3081\u3057\u307e\u3059\u3002<\/p>\n\n\n\n<p><strong>\u5f53\u793e\u304c\u4f7f\u7528\u3059\u308b\u30af\u30c3\u30ad\u30fc<\/strong><\/p>\n\n\n\n<ul class=\"wp-block-list\">\n<li><strong>\u30a2\u30ab\u30a6\u30f3\u30c8\u306e\u30af\u30c3\u30ad\u30fc:<\/strong> \u5f53\u793e\u3067\u30a2\u30ab\u30a6\u30f3\u30c8\u3092\u4f5c\u6210\u3059\u308b\u3068\u3001\u767b\u9332\u30d7\u30ed\u30bb\u30b9\u3068\u4e00\u822c\u7684\u306a\u7ba1\u7406\u3092\u7ba1\u7406\u3059\u308b\u305f\u3081\u306b Cookie \u304c\u4f7f\u7528\u3055\u308c\u307e\u3059\u3002\u3053\u308c\u3089\u306e Cookie \u306f\u901a\u5e38\u3001\u30ed\u30b0\u30a2\u30a6\u30c8\u6642\u306b\u524a\u9664\u3055\u308c\u307e\u3059\u304c\u3001\u30ed\u30b0\u30a2\u30a6\u30c8\u5f8c\u3082\u30b5\u30a4\u30c8\u8a2d\u5b9a\u3092\u7dad\u6301\u3059\u308b\u305f\u3081\u306b\u6b8b\u308b\u5834\u5408\u304c\u3042\u308a\u307e\u3059\u3002<\/li>\n\n\n\n<li><strong>\u30ed\u30b0\u30a4\u30f3 Cookie:<\/strong> \u30ed\u30b0\u30a4\u30f3\u3059\u308b\u3068\u3001\u30bb\u30c3\u30b7\u30e7\u30f3\u3092\u8a18\u61b6\u3059\u308b\u305f\u3081\u306b Cookie \u304c\u4f7f\u7528\u3055\u308c\u307e\u3059\u3002\u3053\u308c\u306b\u3088\u308a\u3001\u5225\u306e\u30da\u30fc\u30b8\u306b\u30a2\u30af\u30bb\u30b9\u3059\u308b\u3068\u304d\u306b\u7e70\u308a\u8fd4\u3057\u30ed\u30b0\u30a4\u30f3\u3059\u308b\u5fc5\u8981\u304c\u306a\u304f\u306a\u308a\u307e\u3059\u3002\u3053\u308c\u3089\u306e Cookie \u306f\u30ed\u30b0\u30a2\u30a6\u30c8\u6642\u306b\u524a\u9664\u307e\u305f\u306f\u30af\u30ea\u30a2\u3055\u308c\u3001\u30ed\u30b0\u30a4\u30f3\u4e2d\u306f\u5236\u9650\u3055\u308c\u305f\u6a5f\u80fd\u3068\u9818\u57df\u306e\u307f\u306b\u30a2\u30af\u30bb\u30b9\u3067\u304d\u308b\u3088\u3046\u306b\u306a\u308a\u307e\u3059\u3002<\/li>\n\n\n\n<li><strong>\u30cb\u30e5\u30fc\u30b9\u30ec\u30bf\u30fc\u306e Cookie:<\/strong> \u30b5\u30a4\u30c8\u304c\u30cb\u30e5\u30fc\u30b9\u30ec\u30bf\u30fc\u307e\u305f\u306f\u96fb\u5b50\u30e1\u30fc\u30eb\u8cfc\u8aad\u30b5\u30fc\u30d3\u30b9\u3092\u63d0\u4f9b\u3057\u3066\u3044\u308b\u5834\u5408\u3001Cookie \u306f\u3001\u30e6\u30fc\u30b6\u30fc\u304c\u767b\u9332\u3055\u308c\u3066\u3044\u308b\u304b\u3069\u3046\u304b\u3001\u304a\u3088\u3073\u8cfc\u8aad\u30e6\u30fc\u30b6\u30fc\u307e\u305f\u306f\u672a\u8cfc\u8aad\u30e6\u30fc\u30b6\u30fc\u306b\u306e\u307f\u6709\u52b9\u306a\u7279\u5b9a\u306e\u901a\u77e5\u3092\u8868\u793a\u3059\u308b\u304b\u3069\u3046\u304b\u3092\u8a18\u61b6\u3059\u308b\u305f\u3081\u306b\u4f7f\u7528\u3055\u308c\u308b\u5834\u5408\u304c\u3042\u308a\u307e\u3059\u3002<\/li>\n<\/ul>","protected":false},"excerpt":{"rendered":"<p>A sua privacidade \u00e9 de grande import\u00e2ncia para n\u00f3s. A PlusMob se compromete a proteger a sua privacidade enquanto voc\u00ea utiliza nosso site, bem como outros sites que administramos. Coletamos suas informa\u00e7\u00f5es pessoais apenas quando necess\u00e1rio para fornecer um servi\u00e7o a voc\u00ea, e sempre com m\u00e9todos justos e transparentes, com seu conhecimento e consentimento. Tamb\u00e9m esclarecemos os motivos da coleta e como essas informa\u00e7\u00f5es ser\u00e3o utilizadas. As informa\u00e7\u00f5es coletadas s\u00e3o mantidas apenas pelo tempo necess\u00e1rio para fornecer o servi\u00e7o solicitado. Armazenamos seus dados protegidos por medidas de seguran\u00e7a comercialmente razo\u00e1veis para prevenir perda, roubo, bem como acesso, divulga\u00e7\u00e3o, c\u00f3pia, uso ou modifica\u00e7\u00e3o n\u00e3o autorizados. N\u00e3o divulgamos informa\u00e7\u00f5es pessoais publicamente ou [&hellip;]<\/p>\n","protected":false},"author":1,"featured_media":0,"parent":0,"menu_order":0,"comment_status":"closed","ping_status":"closed","template":"","meta":{"footnotes":""},"class_list":["post-114","page","type-page","status-publish"],"_links":{"self":[{"href":"https:\/\/plusmob.com\/ja\/wp-json\/wp\/v2\/pages\/114","targetHints":{"allow":["GET"]}}],"collection":[{"href":"https:\/\/plusmob.com\/ja\/wp-json\/wp\/v2\/pages"}],"about":[{"href":"https:\/\/plusmob.com\/ja\/wp-json\/wp\/v2\/types\/page"}],"author":[{"embeddable":true,"href":"https:\/\/plusmob.com\/ja\/wp-json\/wp\/v2\/users\/1"}],"replies":[{"embeddable":true,"href":"https:\/\/plusmob.com\/ja\/wp-json\/wp\/v2\/comments?post=114"}],"version-history":[{"count":2,"href":"https:\/\/plusmob.com\/ja\/wp-json\/wp\/v2\/pages\/114\/revisions"}],"predecessor-version":[{"id":455,"href":"https:\/\/plusmob.com\/ja\/wp-json\/wp\/v2\/pages\/114\/revisions\/455"}],"wp:attachment":[{"href":"https:\/\/plusmob.com\/ja\/wp-json\/wp\/v2\/media?parent=114"}],"curies":[{"name":"wp","href":"https:\/\/api.w.org\/{rel}","templated":true}]}}