{"id":112,"date":"2024-05-15T22:20:47","date_gmt":"2024-05-15T22:20:47","guid":{"rendered":"https:\/\/plusmob.com\/?page_id=112"},"modified":"2024-05-15T22:20:47","modified_gmt":"2024-05-15T22:20:47","slug":"%ec%9d%b4%ec%9a%a9-%ec%95%bd%ea%b4%80","status":"publish","type":"page","link":"https:\/\/plusmob.com\/ko\/termos-de-uso\/","title":{"rendered":"\uc774\uc6a9\uc57d\uad00"},"content":{"rendered":"<p>PlusMob \uc6f9\uc0ac\uc774\ud2b8\uc5d0 \uc811\uc18d\ud568\uc73c\ub85c\uc368 \uadc0\ud558\ub294 \ubcf8 \uc774\uc6a9 \uc57d\uad00\uacfc \ubaa8\ub4e0 \uad00\ub828 \ubc95\ub960 \ubc0f \uaddc\uc815\uc744 \uc218\ub77d\ud558\uace0 \ud574\ub2f9 \uc9c0\uc5ed \ubc95\ub960\uc744 \uc900\uc218\ud560 \ucc45\uc784\uc774 \uc788\uc74c\uc744 \uc778\uc815\ud569\ub2c8\ub2e4. \ubcf8 \uc57d\uad00\uc5d0 \ub3d9\uc758\ud558\uc9c0 \uc54a\ub294 \uacbd\uc6b0 \uc0ac\uc774\ud2b8 \uc811\uc18d \ub610\ub294 \uc774\uc6a9\uc774 \uae08\uc9c0\ub429\ub2c8\ub2e4. \uc774 \uc6f9\uc0ac\uc774\ud2b8\uc758 \ucf58\ud150\uce20\ub294 \ud604\ud589 \uc9c0\uc801\uc7ac\uc0b0\uad8c \ubc0f \uc0c1\ud45c\ubc95\uc5d0 \uc758\ud574 \ubcf4\ud638\ub429\ub2c8\ub2e4.<\/p>\n\n\n\n<p><strong>\ub77c\uc774\uc13c\uc2a4 \ubd80\uc5ec<\/strong><br>PlusMob\uc740 \uac1c\uc778\uc801, \ube44\uc0c1\uc5c5\uc801 \ubaa9\uc801\uc73c\ub85c\ub9cc \uc0ac\uc774\ud2b8\uc5d0\uc11c \uc81c\uacf5\ub418\ub294 \uc790\ub8cc(\uc815\ubcf4 \ub610\ub294 \uc18c\ud504\ud2b8\uc6e8\uc5b4)\uc758 \uc0ac\ubcf8 \ud558\ub098\ub97c \uc784\uc2dc\ub85c \ub2e4\uc6b4\ub85c\ub4dc\ud560 \uc218 \uc788\ub294 \uad8c\ub9ac\ub97c \uadc0\ud558\uc5d0\uac8c \ubd80\uc5ec\ud569\ub2c8\ub2e4. \uc774 \uc591\ubcf4\ub294 \uc18c\uc720\uad8c\uc774 \uc544\ub2cc \uc0ac\uc6a9\uad8c\uc785\ub2c8\ub2e4. \ub2f9\uc2e0\uc740\ud574\uc57c\ud558\uc9c0:<\/p>\n\n\n\n<ul class=\"wp-block-list\">\n<li>\uc790\ub8cc\ub97c \ubcc0\uacbd\ud558\uac70\ub098 \ubcf5\uc0ac\ud569\ub2c8\ub2e4.<\/li>\n\n\n\n<li>\uc0c1\uc5c5\uc801 \ubaa9\uc801 \ub610\ub294 \uacf5\uac1c \uc804\uc2dc(\uc0c1\uc5c5\uc801 \ub610\ub294 \uae30\ud0c0)\ub97c \uc704\ud574 \uc790\ub8cc\ub97c \uc0ac\uc6a9\ud569\ub2c8\ub2e4.<\/li>\n\n\n\n<li>PlusMob \uc6f9\uc0ac\uc774\ud2b8\uc5d0\uc11c \ubc1c\uacac\ub41c \uc18c\ud504\ud2b8\uc6e8\uc5b4\ub97c \ub9ac\ubc84\uc2a4 \uc5d4\uc9c0\ub2c8\uc5b4\ub9c1\ud558\uac70\ub098 \ub514\ucef4\ud30c\uc77c\ud558\ub824\uace0 \uc2dc\ub3c4\ud569\ub2c8\ub2e4.<\/li>\n\n\n\n<li>\uc790\ub8cc\uc5d0\uc11c \uc800\uc791\uad8c \ud45c\uc2dc\ub098 \uae30\ud0c0 \uc18c\uc720\uad8c \ud45c\uc2dc\ub97c \uc0ad\uc81c\ud569\ub2c8\ub2e4.<\/li>\n\n\n\n<li>\uc790\ub8cc\ub97c \ub2e4\ub978 \uc0ac\ub78c\uc5d0\uac8c \uc804\ub2ec\ud558\uac70\ub098 \ub2e4\ub978 \uc11c\ubc84\uc5d0 \uc790\ub8cc\ub97c \ubcf5\uc81c\ud558\uc2ed\uc2dc\uc624.<\/li>\n<\/ul>\n\n\n\n<p>\uadc0\ud558\uac00 \uc774\ub7ec\ud55c \uc81c\ud55c \uc0ac\ud56d\uc744 \uc704\ubc18\ud558\ub294 \uacbd\uc6b0 \uc774 \ub77c\uc774\uc13c\uc2a4\ub294 \uc790\ub3d9\uc73c\ub85c \uc885\ub8cc\ub418\uba70 \uc5b8\uc81c\ub4e0\uc9c0 PlusMob\uc5d0 \uc758\ud574 \uc885\ub8cc\ub420 \uc218 \uc788\uc2b5\ub2c8\ub2e4. \uc790\ub8cc \ubcf4\uae30\ub97c \uc885\ub8cc\ud558\uac70\ub098 \ubcf8 \ub77c\uc774\uc13c\uc2a4\uac00 \uc885\ub8cc\ub418\uba74 \uc804\uc790 \ud615\uc2dd\uc774\ub4e0 \uc778\uc1c4 \ud615\uc2dd\uc774\ub4e0 \ub2e4\uc6b4\ub85c\ub4dc\ud55c \ubaa8\ub4e0 \uc790\ub8cc\ub97c \uc0ad\uc81c\ud574\uc57c \ud569\ub2c8\ub2e4.<\/p>\n\n\n\n<p><strong>\ubd80\uc778 \uc131\uba85<\/strong><br>PlusMob \uc6f9\uc0ac\uc774\ud2b8\uc758 \uc790\ub8cc\ub294 &quot;\uc788\ub294 \uadf8\ub300\ub85c&quot; \uc81c\uacf5\ub429\ub2c8\ub2e4. PlusMob\uc740 \uba85\uc2dc\uc801\uc774\ub4e0 \ubb35\uc2dc\uc801\uc774\ub4e0 \uc5b4\ub5a0\ud55c \ubcf4\uc99d\ub3c4 \ud558\uc9c0 \uc54a\uc73c\uba70, \uc0c1\ud488\uc131, \ud2b9\uc815 \ubaa9\uc801\uc5d0\uc758 \uc801\ud569\uc131 \ub610\ub294 \uc9c0\uc801 \uc7ac\uc0b0\uad8c \ube44\uce68\ud574\uc5d0 \ub300\ud55c \ubb35\uc2dc\uc801 \ubcf4\uc99d\uc744 \ud3ec\ud568\ud558\ub418 \uc774\uc5d0 \uad6d\ud55c\ub418\uc9c0 \uc54a\uace0 \uae30\ud0c0 \ubaa8\ub4e0 \ubcf4\uc99d\uc744 \ubd80\uc778\ud569\ub2c8\ub2e4.<\/p>\n\n\n\n<p><strong>\ucc45\uc784\uc758 \ud55c\uacc4<\/strong><br>\uc5b4\ub5a0\ud55c \uacbd\uc6b0\uc5d0\ub3c4 PlusMob \ub610\ub294 \uadf8 \uacf5\uae09\uc5c5\uccb4\ub294 PlusMob\uc758 \uc790\ub8cc \uc0ac\uc6a9 \ub610\ub294 \uc0ac\uc6a9 \ubd88\uac00\ub2a5\uc73c\ub85c \uc778\ud574 \ubc1c\uc0dd\ud558\ub294 \uc190\ud574\uc5d0 \ub300\ud574 \ucc45\uc784\uc744 \uc9c0\uc9c0 \uc54a\uc2b5\ub2c8\ub2e4. \uc774\ub294 \uadf8\ub7ec\ud55c \uc190\ud574\uc758 \uac00\ub2a5\uc131\uc744 \ud1b5\ubcf4\ubc1b\uc740 \uacbd\uc6b0\uc5d0\ub3c4 \ub9c8\ucc2c\uac00\uc9c0\uc785\ub2c8\ub2e4. \ud604\uc9c0 \ubc95\ub960\uc774 \ud2b9\uc815 \ubcf4\uc99d\uc758 \ubc30\uc81c \ub610\ub294 \uacb0\uacfc\uc801 \uc190\ud574\uc5d0 \ub300\ud55c \ucc45\uc784\uc758 \uc81c\ud55c\uc744 \ud5c8\uc6a9\ud558\uc9c0 \uc54a\ub294 \uacbd\uc6b0, \uc774\ub7ec\ud55c \ubc30\uc81c \ubc0f \uc81c\ud55c\uc740 \uadc0\ud558\uc5d0\uac8c \uc801\uc6a9\ub418\uc9c0 \uc54a\uc744 \uc218 \uc788\uc2b5\ub2c8\ub2e4.<\/p>\n\n\n\n<p><strong>\uc7ac\ub8cc\uc758 \uc815\ubc00\ub3c4<\/strong><br>PlusMob \uc6f9\uc0ac\uc774\ud2b8\uc5d0 \ub098\ud0c0\ub098\ub294 \uc790\ub8cc\uc5d0\ub294 \uae30\uc220\uc801, \uc778\uc1c4\uc0c1 \ub610\ub294 \uc0ac\uc9c4\uc0c1\uc758 \uc624\ub958\uac00 \uc788\uc744 \uc218 \uc788\uc2b5\ub2c8\ub2e4. PlusMob\uc740 \uc6f9\uc0ac\uc774\ud2b8 \uc790\ub8cc\uc758 \uc815\ud655\uc131, \uc644\uc804\uc131 \ub610\ub294 \uc801\uc2dc\uc131\uc744 \ubcf4\uc7a5\ud558\uc9c0 \uc54a\uc73c\uba70 \uc5b8\uc81c\ub4e0\uc9c0 \ud1b5\uc9c0 \uc5c6\uc774 \uc790\ub8cc\ub97c \ubcc0\uacbd\ud560 \uc218 \uc788\uc9c0\ub9cc \uc790\ub8cc \uc5c5\ub370\uc774\ud2b8\uc5d0 \ub300\ud55c \uc5b4\ub5a0\ud55c \uc57d\uc18d\ub3c4 \ud558\uc9c0 \uc54a\uc2b5\ub2c8\ub2e4.<\/p>\n\n\n\n<p><strong>\uc5f0\uacb0<\/strong><br>PlusMob\uc740 \ub9c1\ud06c\ub41c \ubaa8\ub4e0 \uc0ac\uc774\ud2b8\ub97c \uac80\ud1a0\ud558\uc9c0 \uc54a\uc558\uc73c\uba70 \uc678\ubd80 \uc0ac\uc774\ud2b8\uc758 \ub0b4\uc6a9\uc5d0 \ub300\ud574 \ucc45\uc784\uc744 \uc9c0\uc9c0 \uc54a\uc2b5\ub2c8\ub2e4. \ub9c1\ud06c\uac00 \ud3ec\ud568\ub418\uc5b4 \uc788\ub2e4\uace0 \ud574\uc11c \ud574\ub2f9 \uc0ac\uc774\ud2b8\ub97c PlusMob\uc774 \ubcf4\uc99d\ud55c\ub2e4\ub294 \uc758\ubbf8\ub294 \uc544\ub2d9\ub2c8\ub2e4. \ub9c1\ud06c\ub41c \uc0ac\uc774\ud2b8\uc758 \uc0ac\uc6a9\uc5d0 \ub530\ub978 \uc704\ud5d8\uc740 \uc0ac\uc6a9\uc790 \ubcf8\uc778\uc774 \ubd80\ub2f4\ud569\ub2c8\ub2e4.<\/p>\n\n\n\n<p><strong>\uc57d\uad00 \uc218\uc815<\/strong><br>PlusMob\uc740 \uc0ac\uc804 \ud1b5\uc9c0 \uc5c6\uc774 \uc5b8\uc81c\ub4e0\uc9c0 \ubcf8 \uc774\uc6a9 \uc57d\uad00\uc744 \uc218\uc815\ud560 \uc218 \uc788\uc2b5\ub2c8\ub2e4. \uc774 \uc6f9\uc0ac\uc774\ud2b8\ub97c \uc774\uc6a9\ud568\uc73c\ub85c\uc368 \uadc0\ud558\ub294 \ubcf8 \uc774\uc6a9\uc57d\uad00\uc758 \ucd5c\uc2e0 \ubc84\uc804\uc744 \uc900\uc218\ud560 \uac83\uc5d0 \ub3d9\uc758\ud558\uac8c \ub429\ub2c8\ub2e4.<\/p>\n\n\n\n<p><strong>\uc900\uac70\ubc95<\/strong><br>\ubcf8 \uc774\uc6a9 \uc57d\uad00\uc740 PlusMob \ubc95\ub960\uc758 \uc801\uc6a9\uc744 \ubc1b\uc73c\uba70, \uadc0\ud558\ub294 \uc9c0\uc5ed \ubc95\uc6d0\uc758 \uc804\uc18d \uad00\ud560\uad8c\uc5d0 \ub3d9\uc758\ud558\uba70 \uc774\ub97c \ucde8\uc18c\ud560 \uc218 \uc5c6\uc2b5\ub2c8\ub2e4.<\/p>","protected":false},"excerpt":{"rendered":"<p>Ao entrar no site PlusMob, voc\u00ea aceita estes termos de uso, bem como todas as leis e regulamenta\u00e7\u00f5es relevantes, e reconhece que tem a responsabilidade de observar as leis locais aplic\u00e1veis. Caso n\u00e3o concorde com estes termos, voc\u00ea est\u00e1 proibido de acessar ou utilizar o site. Os conte\u00fados presentes neste website est\u00e3o protegidos pelas leis [&hellip;]<\/p>\n","protected":false},"author":1,"featured_media":0,"parent":0,"menu_order":0,"comment_status":"closed","ping_status":"closed","template":"","meta":{"footnotes":""},"class_list":["post-112","page","type-page","status-publish"],"_links":{"self":[{"href":"https:\/\/plusmob.com\/ko\/wp-json\/wp\/v2\/pages\/112","targetHints":{"allow":["GET"]}}],"collection":[{"href":"https:\/\/plusmob.com\/ko\/wp-json\/wp\/v2\/pages"}],"about":[{"href":"https:\/\/plusmob.com\/ko\/wp-json\/wp\/v2\/types\/page"}],"author":[{"embeddable":true,"href":"https:\/\/plusmob.com\/ko\/wp-json\/wp\/v2\/users\/1"}],"replies":[{"embeddable":true,"href":"https:\/\/plusmob.com\/ko\/wp-json\/wp\/v2\/comments?post=112"}],"version-history":[{"count":1,"href":"https:\/\/plusmob.com\/ko\/wp-json\/wp\/v2\/pages\/112\/revisions"}],"predecessor-version":[{"id":113,"href":"https:\/\/plusmob.com\/ko\/wp-json\/wp\/v2\/pages\/112\/revisions\/113"}],"wp:attachment":[{"href":"https:\/\/plusmob.com\/ko\/wp-json\/wp\/v2\/media?parent=112"}],"curies":[{"name":"wp","href":"https:\/\/api.w.org\/{rel}","templated":true}]}}