{"id":114,"date":"2024-05-15T22:22:37","date_gmt":"2024-05-15T22:22:37","guid":{"rendered":"https:\/\/plusmob.com\/?page_id=114"},"modified":"2024-12-18T02:27:54","modified_gmt":"2024-12-18T02:27:54","slug":"%ea%b0%9c%ec%9d%b8-%ec%a0%95%eb%b3%b4-%ec%a0%95%ec%b1%85","status":"publish","type":"page","link":"https:\/\/plusmob.com\/ko\/politica-de-privacidade\/","title":{"rendered":"\uac1c\uc778 \uc815\ubcf4 \uc815\ucc45"},"content":{"rendered":"<p>\uadc0\ud558\uc758 \uac1c\uc778\uc815\ubcf4\ub294 \uc6b0\ub9ac\uc5d0\uac8c \ub9e4\uc6b0 \uc911\uc694\ud569\ub2c8\ub2e4. PlusMob\uc740 \uadc0\ud558\uac00 \ub2f9\uc0ac \uc6f9\uc0ac\uc774\ud2b8\uc640 \ub2f9\uc0ac\uac00 \uad00\ub9ac\ud558\ub294 \ub2e4\ub978 \uc6f9\uc0ac\uc774\ud2b8\ub97c \uc0ac\uc6a9\ud558\ub294 \ub3d9\uc548 \uadc0\ud558\uc758 \uac1c\uc778\uc815\ubcf4\ub97c \ubcf4\ud638\ud558\uae30 \uc704\ud574 \ucd5c\uc120\uc744 \ub2e4\ud558\uace0 \uc788\uc2b5\ub2c8\ub2e4. \ub2f9\uc0ac\ub294 \uadc0\ud558\uc5d0\uac8c \uc11c\ube44\uc2a4\ub97c \uc81c\uacf5\ud558\uae30 \uc704\ud574 \ud544\uc694\ud55c \uacbd\uc6b0\uc5d0\ub9cc \uadc0\ud558\uc758 \uac1c\uc778\uc815\ubcf4\ub97c \uc218\uc9d1\ud558\uba70, \uadc0\ud558\uc758 \uc778\uc9c0\uc640 \ub3d9\uc758 \ud558\uc5d0 \ud56d\uc0c1 \uacf5\uc815\ud558\uace0 \ud22c\uba85\ud55c \ubc29\ubc95\uc744 \uc0ac\uc6a9\ud569\ub2c8\ub2e4. \ub610\ud55c \uc218\uc9d1 \uc774\uc720\uc640 \ud574\ub2f9 \uc815\ubcf4\uac00 \uc5b4\ub5bb\uac8c \uc0ac\uc6a9\ub418\ub294\uc9c0 \uba85\uc2dc\ud569\ub2c8\ub2e4.<\/p>\n\n\n\n<p>\uc218\uc9d1\ub41c \uc815\ubcf4\ub294 \uc694\uccad\ud55c \uc11c\ube44\uc2a4\ub97c \uc81c\uacf5\ud558\ub294 \ub370 \ud544\uc694\ud55c \uae30\uac04 \ub3d9\uc548\ub9cc \ubcf4\uad00\ub429\ub2c8\ub2e4. \ub2f9\uc0ac\ub294 \uadc0\ud558\uc758 \ub370\uc774\ud130\ub97c \uc190\uc2e4, \ub3c4\ub09c, \ubb34\ub2e8 \uc561\uc138\uc2a4, \uacf5\uac1c, \ubcf5\uc0ac, \uc0ac\uc6a9 \ub610\ub294 \uc218\uc815\uc744 \ubc29\uc9c0\ud558\uae30 \uc704\ud574 \uc0c1\uc5c5\uc801\uc73c\ub85c \ud569\ub2f9\ud55c \ubcf4\uc548 \uc870\uce58\ub85c \ubcf4\ud638\ud558\uc5ec \uc800\uc7a5\ud569\ub2c8\ub2e4. \ub2f9\uc0ac\ub294 \ubc95\uc801\uc73c\ub85c \uc694\uad6c\ub418\uc9c0 \uc54a\ub294 \ud55c \uac1c\uc778\uc815\ubcf4\ub97c \uacf5\uac1c\uc801\uc73c\ub85c \ub610\ub294 \uc81c3\uc790\uc5d0\uac8c \uacf5\uac1c\ud558\uc9c0 \uc54a\uc2b5\ub2c8\ub2e4.<\/p>\n\n\n\n<p>\ub2f9\uc0ac \uc6f9\uc0ac\uc774\ud2b8\uc5d0\ub294 \ub2f9\uc0ac\uac00 \uad00\ub9ac\ud558\uc9c0 \uc54a\ub294 \uc678\ubd80 \uc6f9\uc0ac\uc774\ud2b8\uc5d0 \ub300\ud55c \ub9c1\ud06c\uac00 \ud3ec\ud568\ub420 \uc218 \uc788\uc2b5\ub2c8\ub2e4. \ub2f9\uc0ac\ub294 \uc774\ub7ec\ud55c \uc678\ubd80 \uc0ac\uc774\ud2b8\ub97c \ud1b5\uc81c\ud558\uc9c0 \uc54a\uc73c\uba70 \ud574\ub2f9 \uc0ac\uc774\ud2b8\uc758 \uac1c\uc778\uc815\ubcf4 \ubcf4\ud638\uc815\ucc45\uc5d0 \ub300\ud574 \ucc45\uc784\uc744 \uc9c0\uc9c0 \uc54a\ub294\ub2e4\ub294 \uc810\uc744 \uba85\uc2ec\ud558\uc2ed\uc2dc\uc624. \uadc0\ud558\ub294 \uac1c\uc778\uc815\ubcf4\ub97c \uc81c\uacf5\ud558\uc9c0 \uc54a\uae30\ub85c \uc120\ud0dd\ud560 \uc218 \uc788\uc73c\ub098, \uc774\ub85c \uc778\ud574 \ub2f9\uc0ac\uac00 \uadc0\ud558\uac00 \uc6d0\ud558\ub294 \uc77c\ubd80 \uc11c\ube44\uc2a4\ub97c \uc81c\uacf5\ud558\uc9c0 \ubabb\ud560 \uc218\ub3c4 \uc788\uc2b5\ub2c8\ub2e4. \uadc0\ud558\uac00 \ub2f9\uc0ac \uc6f9\uc0ac\uc774\ud2b8\ub97c \uacc4\uc18d \uc0ac\uc6a9\ud558\ub294 \uac83\uc740 \ub2f9\uc0ac\uc758 \uac1c\uc778 \uc815\ubcf4 \ubcf4\ud638 \ubc0f \uac1c\uc778 \uc815\ubcf4 \uad00\ud589\uc744 \uc218\ub77d\ud558\ub294 \uac83\uc73c\ub85c \uac04\uc8fc\ub429\ub2c8\ub2e4. \ub2f9\uc0ac\uac00 \uc0ac\uc6a9\uc790 \ub370\uc774\ud130 \ubc0f \uac1c\uc778\uc815\ubcf4\ub97c \uad00\ub9ac\ud558\ub294 \ubc29\ubc95\uc5d0 \ub300\ud574 \uad81\uae08\ud55c \uc810\uc774 \uc788\uc73c\uba74 \uc5b8\uc81c\ub4e0\uc9c0 \ub2f9\uc0ac\uc5d0 \ubb38\uc758\ud574 \uc8fc\uc138\uc694.<\/p>\n\n\n\n<p><strong>PlusMob \ucfe0\ud0a4 \uc815\ucc45<\/strong><\/p>\n\n\n\n<p><strong>\ucfe0\ud0a4\ub780 \ubb34\uc5c7\uc785\ub2c8\uae4c?<\/strong><br>\uac70\uc758 \ubaa8\ub4e0 \uc804\ubb38 \uc6f9\uc0ac\uc774\ud2b8\uc5d0\uc11c \ud754\ud788 \ubcfc \uc218 \uc788\ub4ef\uc774 \ub2f9\uc0ac \uc0ac\uc774\ud2b8\ub294 \uadc0\ud558\uc758 \uc628\ub77c\uc778 \uacbd\ud5d8\uc744 \uac1c\uc120\ud558\uae30 \uc704\ud574 \uadc0\ud558\uc758 \uc7a5\uce58\uc5d0 \ub2e4\uc6b4\ub85c\ub4dc\ub418\ub294 \uc791\uc740 \ud30c\uc77c\uc778 \ucfe0\ud0a4\ub97c \uc0ac\uc6a9\ud569\ub2c8\ub2e4. \uc774 \uc139\uc158\uc5d0\uc11c\ub294 \uadf8\ub4e4\uc774 \uc218\uc9d1\ud558\ub294 \uc815\ubcf4, \ub2f9\uc0ac\uac00 \uc774\ub97c \uc0ac\uc6a9\ud558\ub294 \ubc29\ubc95 \ubc0f \ub54c\ub54c\ub85c \uc774\ub7ec\ud55c \ucfe0\ud0a4\ub97c \uc800\uc7a5\ud574\uc57c \ud558\ub294 \uc774\uc720\ub97c \uc124\uba85\ud569\ub2c8\ub2e4. \ub610\ud55c \uc0ac\uc774\ud2b8\uc758 \uae30\ub2a5\uc774 \uc190\uc0c1\ub420 \uc218 \uc788\uc9c0\ub9cc \ucfe0\ud0a4 \uc124\uce58\ub97c \ucc28\ub2e8\ud560 \uc218 \uc788\ub294 \ubc29\ubc95\ub3c4 \uc124\uba85\ud569\ub2c8\ub2e4.<\/p>\n\n\n\n<p><strong>\ucfe0\ud0a4 \uc0ac\uc6a9<\/strong><br>\ub2f9\uc0ac\ub294 \uc544\ub798\uc5d0 \uc124\uba85\ub41c \uc5ec\ub7ec \uac00\uc9c0 \uc774\uc720\ub85c \ucfe0\ud0a4\ub97c \uc0ac\uc6a9\ud569\ub2c8\ub2e4. \ub300\ubd80\ubd84\uc758 \uacbd\uc6b0, \uc0ac\uc774\ud2b8\uc5d0 \ucd94\uac00\ub41c \uae30\ub2a5\uc744 \uc190\uc0c1\uc2dc\ud0a4\uc9c0 \uc54a\uace0 \ucfe0\ud0a4\ub97c \ube44\ud65c\uc131\ud654\ud560 \uc218 \uc788\ub294 \ud45c\uc900 \uc635\uc158\uc740 \uc5c6\uc2b5\ub2c8\ub2e4. \ucfe0\ud0a4\ub294 \uadc0\ud558\uac00 \uc0ac\uc6a9\ud558\ub294 \uc11c\ube44\uc2a4\ub97c \uc81c\uacf5\ud558\ub294 \ub370 \ud544\uc694\ud560 \uc218 \uc788\uc73c\ubbc0\ub85c \ud544\uc694\ud55c\uc9c0 \ud655\uc2e4\ud558\uc9c0 \uc54a\uc740 \uacbd\uc6b0 \ucfe0\ud0a4\ub97c \ube44\ud65c\uc131\ud654\ud558\uc9c0 \uc54a\ub294 \uac83\uc774 \uc88b\uc2b5\ub2c8\ub2e4.<\/p>\n\n\n\n<p><strong>\ucfe0\ud0a4 \ube44\ud65c\uc131\ud654<\/strong><br>\uadc0\ud558\ub294 \ube0c\ub77c\uc6b0\uc800 \uc124\uc815\uc744 \uc870\uc815\ud558\uc5ec \ucfe0\ud0a4 \uc124\uc815\uc744 \ubc29\uc9c0\ud560 \uc218 \uc788\uc2b5\ub2c8\ub2e4. \uc774\ub97c \uc218\ud589\ud558\ub294 \ubc29\ubc95\uc744 \uc54c\uc544\ubcf4\ub824\uba74 \ube0c\ub77c\uc6b0\uc800\uc758 \ub3c4\uc6c0\ub9d0\uc744 \ucc38\uc870\ud558\uc2ed\uc2dc\uc624. \ucfe0\ud0a4\ub97c \ube44\ud65c\uc131\ud654\ud558\uba74 \uc774 \uc6f9\uc0ac\uc774\ud2b8\uc640 \uadc0\ud558\uac00 \ubc29\ubb38\ud558\ub294 \ub2e4\ub978 \uc6f9\uc0ac\uc774\ud2b8\uc758 \uae30\ub2a5\uc5d0 \uc601\ud5a5\uc744 \ubbf8\uce60 \uc218 \uc788\ub2e4\ub294 \uc810\uc744 \uba85\uc2ec\ud558\uc2ed\uc2dc\uc624. \ucfe0\ud0a4\ub97c \ube44\ud65c\uc131\ud654\ud558\uba74 \uc77c\ubc18\uc801\uc73c\ub85c \uc6f9\uc0ac\uc774\ud2b8\uc758 \ud2b9\uc815 \uae30\ub2a5\uc774 \uc190\uc2e4\ub41c\ub2e4\ub294 \uc758\ubbf8\uc774\ubbc0\ub85c \ucfe0\ud0a4\ub97c \ube44\ud65c\uc131\ud654\ud558\uc9c0 \uc54a\ub294 \uac83\uc774 \uc88b\uc2b5\ub2c8\ub2e4.<\/p>\n\n\n\n<p><strong>\uc6b0\ub9ac\uac00 \uc0ac\uc6a9\ud558\ub294 \ucfe0\ud0a4<\/strong><\/p>\n\n\n\n<ul class=\"wp-block-list\">\n<li><strong>\uacc4\uc815 \ucfe0\ud0a4:<\/strong> \uadc0\ud558\uac00 \ub2f9\uc0ac\uc5d0 \uacc4\uc815\uc744 \uc0dd\uc131\ud558\uba74 \ub2f9\uc0ac\ub294 \ucfe0\ud0a4\ub97c \uc0ac\uc6a9\ud558\uc5ec \ub4f1\ub85d \ud504\ub85c\uc138\uc2a4 \ubc0f \uc77c\ubc18 \uad00\ub9ac\ub97c \uad00\ub9ac\ud569\ub2c8\ub2e4. \uc774\ub7ec\ud55c \ucfe0\ud0a4\ub294 \uc77c\ubc18\uc801\uc73c\ub85c \uadc0\ud558\uac00 \ub85c\uadf8\uc544\uc6c3\ud560 \ub54c \uc0ad\uc81c\ub418\uc9c0\ub9cc, \ub85c\uadf8\uc544\uc6c3 \ud6c4\uc5d0\ub3c4 \uc0ac\uc774\ud2b8 \uae30\ubcf8 \uc124\uc815\uc744 \uc720\uc9c0\ud558\uae30 \uc704\ud574 \ub0a8\uc544 \uc788\uc744 \uc218 \uc788\uc2b5\ub2c8\ub2e4.<\/li>\n\n\n\n<li><strong>\ub85c\uadf8\uc778 \ucfe0\ud0a4:<\/strong> \uadc0\ud558\uac00 \ub85c\uadf8\uc778\ud558\uba74 \ub2f9\uc0ac\ub294 \uadc0\ud558\uc758 \uc138\uc158\uc744 \uae30\uc5b5\ud558\uae30 \uc704\ud574 \ucfe0\ud0a4\ub97c \uc0ac\uc6a9\ud569\ub2c8\ub2e4. \uc774\ub807\uac8c \ud558\uba74 \ub2e4\ub978 \ud398\uc774\uc9c0\ub97c \ubc29\ubb38\ud560 \ub54c \ubc18\ubcf5\uc801\uc73c\ub85c \ub85c\uadf8\uc778\ud560 \ud544\uc694\uac00 \uc5c6\uc2b5\ub2c8\ub2e4. \uc774\ub7ec\ud55c \ucfe0\ud0a4\ub294 \ub85c\uadf8\uc778\ud55c \ub3d9\uc548 \uc81c\ud55c\ub41c \uae30\ub2a5 \ubc0f \uc601\uc5ed\uc5d0\ub9cc \uc561\uc138\uc2a4\ud560 \uc218 \uc788\ub3c4\ub85d \ub85c\uadf8\uc544\uc6c3\ud560 \ub54c \uc81c\uac70\ub418\uac70\ub098 \uc9c0\uc6cc\uc9d1\ub2c8\ub2e4.<\/li>\n\n\n\n<li><strong>\ub274\uc2a4\ub808\ud130 \ucfe0\ud0a4:<\/strong> \uc0ac\uc774\ud2b8\uc5d0\uc11c \ub274\uc2a4\ub808\ud130\ub098 \uc774\uba54\uc77c \uad6c\ub3c5 \uc11c\ube44\uc2a4\ub97c \uc81c\uacf5\ud558\ub294 \uacbd\uc6b0 \ucfe0\ud0a4\ub97c \uc0ac\uc6a9\ud558\uc5ec \uadc0\ud558\uc758 \ub4f1\ub85d \uc5ec\ubd80\uc640 \uad6c\ub3c5 \ub610\ub294 \ube44\uad6c\ub3c5 \uc0ac\uc6a9\uc790\uc5d0\uac8c\ub9cc \uc720\ud6a8\ud55c \ud2b9\uc815 \uc54c\ub9bc\uc774 \ud45c\uc2dc\ub418\uc5b4\uc57c \ud558\ub294\uc9c0 \uc5ec\ubd80\ub97c \uae30\uc5b5\ud560 \uc218 \uc788\uc2b5\ub2c8\ub2e4.<\/li>\n<\/ul>","protected":false},"excerpt":{"rendered":"<p>A sua privacidade \u00e9 de grande import\u00e2ncia para n\u00f3s. A PlusMob se compromete a proteger a sua privacidade enquanto voc\u00ea utiliza nosso site, bem como outros sites que administramos. Coletamos suas informa\u00e7\u00f5es pessoais apenas quando necess\u00e1rio para fornecer um servi\u00e7o a voc\u00ea, e sempre com m\u00e9todos justos e transparentes, com seu conhecimento e consentimento. Tamb\u00e9m [&hellip;]<\/p>\n","protected":false},"author":1,"featured_media":0,"parent":0,"menu_order":0,"comment_status":"closed","ping_status":"closed","template":"","meta":{"footnotes":""},"class_list":["post-114","page","type-page","status-publish"],"_links":{"self":[{"href":"https:\/\/plusmob.com\/ko\/wp-json\/wp\/v2\/pages\/114","targetHints":{"allow":["GET"]}}],"collection":[{"href":"https:\/\/plusmob.com\/ko\/wp-json\/wp\/v2\/pages"}],"about":[{"href":"https:\/\/plusmob.com\/ko\/wp-json\/wp\/v2\/types\/page"}],"author":[{"embeddable":true,"href":"https:\/\/plusmob.com\/ko\/wp-json\/wp\/v2\/users\/1"}],"replies":[{"embeddable":true,"href":"https:\/\/plusmob.com\/ko\/wp-json\/wp\/v2\/comments?post=114"}],"version-history":[{"count":2,"href":"https:\/\/plusmob.com\/ko\/wp-json\/wp\/v2\/pages\/114\/revisions"}],"predecessor-version":[{"id":455,"href":"https:\/\/plusmob.com\/ko\/wp-json\/wp\/v2\/pages\/114\/revisions\/455"}],"wp:attachment":[{"href":"https:\/\/plusmob.com\/ko\/wp-json\/wp\/v2\/media?parent=114"}],"curies":[{"name":"wp","href":"https:\/\/api.w.org\/{rel}","templated":true}]}}