{"id":112,"date":"2024-05-15T22:20:47","date_gmt":"2024-05-15T22:20:47","guid":{"rendered":"https:\/\/plusmob.com\/?page_id=112"},"modified":"2024-05-15T22:20:47","modified_gmt":"2024-05-15T22:20:47","slug":"naudojimo-salygos","status":"publish","type":"page","link":"https:\/\/plusmob.com\/lt\/termos-de-uso\/","title":{"rendered":"Naudojimo s\u0105lygos"},"content":{"rendered":"<p>\u012eeidami \u012f \u201ePlusMob\u201c svetain\u0119, j\u016bs sutinkate su \u0161iomis naudojimo s\u0105lygomis, taip pat su visais atitinkamais \u012fstatymais ir reglamentais bei patvirtinate, kad turite pareig\u0105 laikytis taikom\u0173 vietini\u0173 \u012fstatym\u0173. Jei nesutinkate su \u0161iomis s\u0105lygomis, jums draud\u017eiama patekti \u012f svetain\u0119 ar ja naudotis. \u0160ios svetain\u0117s turinys yra saugomas galiojan\u010di\u0173 intelektin\u0117s nuosavyb\u0117s ir preki\u0173 \u017eenkl\u0173 \u012fstatym\u0173.<\/p>\n\n\n\n<p><strong>Licencijos suteikimas<\/strong><br>\u201ePlusMob\u201c suteikia jums teis\u0119 laikinai atsisi\u0173sti vien\u0105 svetain\u0117je esan\u010dios med\u017eiagos (informacijos ar programin\u0117s \u012frangos) kopij\u0105 tik asmeniniam, nekomerciniam per\u017ei\u016brai. \u0160i koncesija yra naudojimo, o ne nuosavyb\u0117s teis\u0117. J\u016bs netur\u0117tum\u0117te:<\/p>\n\n\n\n<ul class=\"wp-block-list\">\n<li>Keisti arba kopijuoti med\u017eiag\u0105;<\/li>\n\n\n\n<li>Naudoti med\u017eiag\u0105 komerciniais tikslais arba vie\u0161ai demonstruoti (komerciniais ar kitais tikslais);<\/li>\n\n\n\n<li>Bandyti apgr\u0119\u017eti arba dekompiliuoti bet koki\u0105 programin\u0119 \u012frang\u0105, esan\u010di\u0105 \u201ePlusMob\u201c svetain\u0117je;<\/li>\n\n\n\n<li>I\u0161trinkite visus autori\u0173 teisi\u0173 prane\u0161imus ar kitas nuosavyb\u0117s nuorodas i\u0161 med\u017eiagos;<\/li>\n\n\n\n<li>Persi\u0173skite med\u017eiag\u0105 kitam asmeniui arba kopijuokite med\u017eiag\u0105 kitame serveryje.<\/li>\n<\/ul>\n\n\n\n<p>\u0160i licencija bus automati\u0161kai nutraukta, jei pa\u017eeisite bet kur\u012f i\u0161 \u0161i\u0173 apribojim\u0173, ir \u201ePlusMob\u201c gali j\u0105 bet kada nutraukti. Nutrauk\u0119 \u017ei\u016br\u0117ti med\u017eiag\u0105 arba pasibaigus \u0161iai licencijai, turite i\u0161trinti bet koki\u0105 atsisi\u0173st\u0105 med\u017eiag\u0105, tiek elektroniniu, tiek spausdintu formatu.<\/p>\n\n\n\n<p><strong>Atsisakymas<\/strong><br>Med\u017eiaga \u201ePlusMob\u201c svetain\u0117je pateikiama tokia, kokia yra. \u201ePlusMob\u201c nesuteikia joki\u0173 i\u0161reik\u0161t\u0173 ar numanom\u0173 garantij\u0173 ir atsisako vis\u0173 kit\u0173 garantij\u0173, \u012fskaitant, be apribojim\u0173, numanomas perkamumo, tinkamumo tam tikram tikslui ar intelektin\u0117s nuosavyb\u0117s teisi\u0173 nepa\u017eeidimo garantijas.<\/p>\n\n\n\n<p><strong>Atsakomyb\u0117s apribojimai<\/strong><br>\u201ePlusMob\u201c ar jo tiek\u0117jai jokiu b\u016bdu nebus atsakingi u\u017e \u017eal\u0105, atsiradusi\u0105 d\u0117l \u201ePlusMob\u201c esan\u010dios med\u017eiagos naudojimo ar negal\u0117jimo naudoti, net jei jiems buvo prane\u0161ta apie tokios \u017ealos galimyb\u0119. Jei vietiniai \u012fstatymai neleid\u017eia atmesti tam tikr\u0173 garantij\u0173 arba apriboti atsakomyb\u0119 u\u017e pasekmin\u0119 \u017eal\u0105, \u0161ios i\u0161imtys ir apribojimai jums gali b\u016bti netaikomi.<\/p>\n\n\n\n<p><strong>Med\u017eiag\u0173 tikslumas<\/strong><br>\u201ePlusMob\u201c svetain\u0117je esan\u010dioje med\u017eiagoje gali b\u016bti technini\u0173, spausdinimo ar fotografijos klaid\u0173. \u201ePlusMob\u201c negarantuoja savo svetain\u0117je pateikiamos med\u017eiagos tikslumo, i\u0161samumo ar savalaiki\u0161kumo ir gali bet kada be \u012fsp\u0117jimo keisti med\u017eiag\u0105, ta\u010diau ne\u012fsipareigoja j\u0105 atnaujinti.<\/p>\n\n\n\n<p><strong>Nuorodos<\/strong><br>\u201ePlusMob\u201c neper\u017ei\u016br\u0117jo vis\u0173 su juo susijusi\u0173 svetaini\u0173 ir n\u0117ra atsakinga u\u017e joki\u0173 i\u0161orini\u0173 svetaini\u0173 turin\u012f. Bet kokios nuorodos \u012ftraukimas nerei\u0161kia, kad \u201ePlusMob\u201c pritaria svetainei. Su nuorodomis susijusiomis svetain\u0117mis naudojasi pats vartotojas.<\/p>\n\n\n\n<p><strong>S\u0105lyg\u0173 pakeitimai<\/strong><br>\u201ePlusMob\u201c gali bet kada pakeisti \u0161ias naudojimo s\u0105lygas be i\u0161ankstinio \u012fsp\u0117jimo. Naudodamiesi \u0161ia svetaine sutinkate laikytis naujausios \u0161i\u0173 naudojimo s\u0105lyg\u0173 versijos.<\/p>\n\n\n\n<p><strong>Taikytina teis\u0117<\/strong><br>\u0160ias s\u0105lygas reglamentuoja PlusMob \u012fstatymai ir j\u016bs neat\u0161aukiamai sutinkate su i\u0161skirtine vietini\u0173 teism\u0173 jurisdikcija.<\/p>","protected":false},"excerpt":{"rendered":"<p>Ao entrar no site PlusMob, voc\u00ea aceita estes termos de uso, bem como todas as leis e regulamenta\u00e7\u00f5es relevantes, e reconhece que tem a responsabilidade de observar as leis locais aplic\u00e1veis. Caso n\u00e3o concorde com estes termos, voc\u00ea est\u00e1 proibido de acessar ou utilizar o site. Os conte\u00fados presentes neste website est\u00e3o protegidos pelas leis [&hellip;]<\/p>\n","protected":false},"author":1,"featured_media":0,"parent":0,"menu_order":0,"comment_status":"closed","ping_status":"closed","template":"","meta":{"footnotes":""},"class_list":["post-112","page","type-page","status-publish"],"_links":{"self":[{"href":"https:\/\/plusmob.com\/lt\/wp-json\/wp\/v2\/pages\/112","targetHints":{"allow":["GET"]}}],"collection":[{"href":"https:\/\/plusmob.com\/lt\/wp-json\/wp\/v2\/pages"}],"about":[{"href":"https:\/\/plusmob.com\/lt\/wp-json\/wp\/v2\/types\/page"}],"author":[{"embeddable":true,"href":"https:\/\/plusmob.com\/lt\/wp-json\/wp\/v2\/users\/1"}],"replies":[{"embeddable":true,"href":"https:\/\/plusmob.com\/lt\/wp-json\/wp\/v2\/comments?post=112"}],"version-history":[{"count":1,"href":"https:\/\/plusmob.com\/lt\/wp-json\/wp\/v2\/pages\/112\/revisions"}],"predecessor-version":[{"id":113,"href":"https:\/\/plusmob.com\/lt\/wp-json\/wp\/v2\/pages\/112\/revisions\/113"}],"wp:attachment":[{"href":"https:\/\/plusmob.com\/lt\/wp-json\/wp\/v2\/media?parent=112"}],"curies":[{"name":"wp","href":"https:\/\/api.w.org\/{rel}","templated":true}]}}