{"id":114,"date":"2024-05-15T22:22:37","date_gmt":"2024-05-15T22:22:37","guid":{"rendered":"https:\/\/plusmob.com\/?page_id=114"},"modified":"2024-12-18T02:27:54","modified_gmt":"2024-12-18T02:27:54","slug":"privatumo-politika","status":"publish","type":"page","link":"https:\/\/plusmob.com\/lt\/politica-de-privacidade\/","title":{"rendered":"Privatumo politika"},"content":{"rendered":"<p>J\u016bs\u0173 privatumas mums yra labai svarbus. \u201ePlusMob\u201c \u012fsipareigoja saugoti j\u016bs\u0173 privatum\u0105, kai naudojat\u0117s m\u016bs\u0173 svetaine, taip pat kitomis m\u016bs\u0173 valdomomis svetain\u0117mis. Mes renkame j\u016bs\u0173 asmenin\u0119 informacij\u0105 tik tada, kai to reikia norint suteikti jums paslaug\u0105, ir visada s\u0105\u017einingais bei skaidriais metodais, jums \u017einant ir sutikus. Taip pat paai\u0161kiname rinkimo prie\u017eastis ir kaip \u0161i informacija bus naudojama.<\/p>\n\n\n\n<p>Surinkta informacija saugoma tik tiek, kiek reikia norint suteikti pra\u0161om\u0105 paslaug\u0105. Mes saugome j\u016bs\u0173 duomenis, saugomus komerci\u0161kai pagr\u012fstomis saugumo priemon\u0117mis, kad i\u0161vengtume praradimo, vagyst\u0117s, taip pat neteis\u0117tos prieigos, atskleidimo, kopijavimo, naudojimo ar modifikavimo. Mes neatskleid\u017eiame asmenin\u0117s informacijos vie\u0161ai ar tre\u010diosioms \u0161alims, nebent to reikalauja \u012fstatymai.<\/p>\n\n\n\n<p>M\u016bs\u0173 svetain\u0117je gali b\u016bti nuorod\u0173 \u012f i\u0161orines svetaines, kuri\u0173 mes nevaldome. Atminkite, kad mes nekontroliuojame \u0161i\u0173 i\u0161orini\u0173 svetaini\u0173 ir nesame atsakingi u\u017e j\u0173 privatumo politik\u0105. Galite pasirinkti nepateikti savo asmenin\u0117s informacijos, ta\u010diau tai gali neleisti mums teikti kai kuri\u0173 norim\u0173 paslaug\u0173. J\u016bs\u0173 tolesnis naudojimasis m\u016bs\u0173 svetaine bus laikomas sutikimu su m\u016bs\u0173 privatumo ir asmenin\u0117s informacijos praktika. Jei turite klausim\u0173 apie tai, kaip tvarkome vartotojo duomenis ir asmenin\u0119 informacij\u0105, nedvejodami susisiekite su mumis.<\/p>\n\n\n\n<p><strong>\u201ePlusMob\u201c slapuk\u0173 politika<\/strong><\/p>\n\n\n\n<p><strong>Kas yra slapukai?<\/strong><br>Kaip \u012fprasta beveik visose profesionaliose svetain\u0117se, m\u016bs\u0173 svetain\u0117 naudoja slapukus, kurie yra ma\u017ei failai, atsisiun\u010diami \u012f j\u016bs\u0173 \u012frengin\u012f, kad pagerint\u0173 j\u016bs\u0173 internetin\u0119 patirt\u012f. \u0160iame skyriuje paai\u0161kinama, koki\u0105 informacij\u0105 jie renka, kaip j\u0105 naudojame ir kod\u0117l kartais b\u016btina saugoti \u0161iuos slapukus. Taip pat paai\u0161kinsime, kaip galite blokuoti slapuk\u0173 diegim\u0105, nors tai gali pakenkti svetain\u0117s funkcionalumui.<\/p>\n\n\n\n<p><strong>Slapuk\u0173 naudojimas<\/strong><br>Slapukus naudojame d\u0117l keli\u0173 prie\u017eas\u010di\u0173, apra\u0161yt\u0173 toliau. Daugeliu atvej\u0173 n\u0117ra standartini\u0173 parink\u010di\u0173, leid\u017eian\u010di\u0173 i\u0161jungti slapukus nepa\u017eeid\u017eiant svetain\u0117je prid\u0117t\u0173 funkcij\u0173. Rekomenduojama nei\u0161jungti slapuk\u0173, jei nesate tikri, ar j\u0173 jums reikia, nes j\u0173 gali prireikti teikiant j\u016bs\u0173 naudojamas paslaugas.<\/p>\n\n\n\n<p><strong>I\u0161jungti slapukus<\/strong><br>Galite u\u017ekirsti keli\u0105 slapuk\u0173 nustatymui koreguodami savo nar\u0161ykl\u0117s nustatymus. Nor\u0117dami su\u017einoti, kaip tai padaryti, \u017er. nar\u0161ykl\u0117s \u017einyn\u0105. Atminkite, kad slapuk\u0173 i\u0161jungimas tur\u0117s \u012ftakos \u0161ios ir kit\u0173 lankom\u0173 svetaini\u0173 funkcionalumui. Slapuk\u0173 i\u0161jungimas paprastai rei\u0161kia, kad prarandamos tam tikros svetain\u0117s funkcijos ir funkcijos, tod\u0117l patartina j\u0173 nei\u0161jungti.<\/p>\n\n\n\n<p><strong>M\u016bs\u0173 naudojami slapukai<\/strong><\/p>\n\n\n\n<ul class=\"wp-block-list\">\n<li><strong>Paskyros slapukai:<\/strong> Jei sukursite paskyr\u0105 pas mus, mes naudosime slapukus registracijos procesui ir bendram administravimui valdyti. \u0160ie slapukai paprastai i\u0161trinami, kai atsijungiate, nors jie gali likti ir po to, kad atsijungus b\u016bt\u0173 i\u0161saugotos svetain\u0117s nuostatos.<\/li>\n\n\n\n<li><strong>Prisijungimo slapukai:<\/strong> Kai esate prisijung\u0119, naudojame slapukus, kad prisimintume j\u016bs\u0173 sesij\u0105. Taip i\u0161vengsite pakartotinio prisijungimo, kai lankot\u0117s skirtinguose puslapiuose. \u0160ie slapukai pa\u0161alinami arba i\u0161valomi, kai atsijungiate, siekiant u\u017etikrinti, kad prisijung\u0119 tur\u0117site prieig\u0105 tik prie apribot\u0173 funkcij\u0173 ir sri\u010di\u0173.<\/li>\n\n\n\n<li><strong>Naujienlai\u0161kio slapukai:<\/strong> Jei svetain\u0117 si\u016blo naujienlai\u0161ki\u0173 ar el. pa\u0161to prenumeratos paslaugas, slapukai gali b\u016bti naudojami siekiant prisiminti, ar esate u\u017esiregistrav\u0119 ir ar turi b\u016bti rodomi tam tikri prane\u0161imai, galiojantys tik u\u017esiprenumeravusiems ar neprenumeruojantiems vartotojams.<\/li>\n<\/ul>","protected":false},"excerpt":{"rendered":"<p>A sua privacidade \u00e9 de grande import\u00e2ncia para n\u00f3s. A PlusMob se compromete a proteger a sua privacidade enquanto voc\u00ea utiliza nosso site, bem como outros sites que administramos. Coletamos suas informa\u00e7\u00f5es pessoais apenas quando necess\u00e1rio para fornecer um servi\u00e7o a voc\u00ea, e sempre com m\u00e9todos justos e transparentes, com seu conhecimento e consentimento. Tamb\u00e9m [&hellip;]<\/p>\n","protected":false},"author":1,"featured_media":0,"parent":0,"menu_order":0,"comment_status":"closed","ping_status":"closed","template":"","meta":{"footnotes":""},"class_list":["post-114","page","type-page","status-publish"],"_links":{"self":[{"href":"https:\/\/plusmob.com\/lt\/wp-json\/wp\/v2\/pages\/114","targetHints":{"allow":["GET"]}}],"collection":[{"href":"https:\/\/plusmob.com\/lt\/wp-json\/wp\/v2\/pages"}],"about":[{"href":"https:\/\/plusmob.com\/lt\/wp-json\/wp\/v2\/types\/page"}],"author":[{"embeddable":true,"href":"https:\/\/plusmob.com\/lt\/wp-json\/wp\/v2\/users\/1"}],"replies":[{"embeddable":true,"href":"https:\/\/plusmob.com\/lt\/wp-json\/wp\/v2\/comments?post=114"}],"version-history":[{"count":2,"href":"https:\/\/plusmob.com\/lt\/wp-json\/wp\/v2\/pages\/114\/revisions"}],"predecessor-version":[{"id":455,"href":"https:\/\/plusmob.com\/lt\/wp-json\/wp\/v2\/pages\/114\/revisions\/455"}],"wp:attachment":[{"href":"https:\/\/plusmob.com\/lt\/wp-json\/wp\/v2\/media?parent=114"}],"curies":[{"name":"wp","href":"https:\/\/api.w.org\/{rel}","templated":true}]}}