{"id":114,"date":"2024-05-15T22:22:37","date_gmt":"2024-05-15T22:22:37","guid":{"rendered":"https:\/\/plusmob.com\/?page_id=114"},"modified":"2024-12-18T02:27:54","modified_gmt":"2024-12-18T02:27:54","slug":"polityka-prywatnosci","status":"publish","type":"page","link":"https:\/\/plusmob.com\/pl\/politica-de-privacidade\/","title":{"rendered":"Polityka prywatno\u015bci"},"content":{"rendered":"<p>Twoja prywatno\u015b\u0107 jest dla nas bardzo wa\u017cna. PlusMob dok\u0142ada wszelkich stara\u0144, aby chroni\u0107 Twoj\u0105 prywatno\u015b\u0107 podczas korzystania z naszej witryny internetowej, a tak\u017ce innych stron internetowych, kt\u00f3rymi zarz\u0105dzamy. Gromadzimy Twoje dane osobowe tylko wtedy, gdy jest to konieczne do \u015bwiadczenia Ci us\u0142ug, zawsze przy u\u017cyciu uczciwych i przejrzystych metod, za Twoj\u0105 wiedz\u0105 i zgod\u0105. Wyja\u015bniamy r\u00f3wnie\u017c powody gromadzenia danych i spos\u00f3b ich wykorzystania.<\/p>\n\n\n\n<p>Zebrane informacje s\u0105 przechowywane tylko tak d\u0142ugo, jak jest to konieczne do \u015bwiadczenia \u017c\u0105danej us\u0142ugi. Przechowujemy Twoje dane chronione komercyjnie uzasadnionymi \u015brodkami bezpiecze\u0144stwa, aby zapobiec utracie, kradzie\u017cy, a tak\u017ce nieuprawnionemu dost\u0119powi, ujawnieniu, kopiowaniu, wykorzystaniu lub modyfikacji. Nie ujawniamy danych osobowych publicznie ani osobom trzecim, chyba \u017ce jest to wymagane przez prawo.<\/p>\n\n\n\n<p>Na naszej stronie internetowej mog\u0105 znajdowa\u0107 si\u0119 linki do zewn\u0119trznych stron internetowych, kt\u00f3re nie s\u0105 przez nas zarz\u0105dzane. Nale\u017cy pami\u0119ta\u0107, \u017ce nie kontrolujemy tych zewn\u0119trznych witryn i nie odpowiadamy za ich polityk\u0119 prywatno\u015bci. Mo\u017cesz zrezygnowa\u0107 z podawania swoich danych osobowych, ale mo\u017ce to uniemo\u017cliwi\u0107 nam \u015bwiadczenie niekt\u00f3rych us\u0142ug, kt\u00f3rych \u017c\u0105dasz. Dalsze korzystanie z naszej witryny internetowej b\u0119dzie uznane za akceptacj\u0119 naszych praktyk dotycz\u0105cych prywatno\u015bci i danych osobowych. Je\u015bli masz pytania dotycz\u0105ce sposobu, w jaki zarz\u0105dzamy danymi u\u017cytkownik\u00f3w i danymi osobowymi, skontaktuj si\u0119 z nami.<\/p>\n\n\n\n<p><strong>Polityka plik\u00f3w cookies PlusMob<\/strong><\/p>\n\n\n\n<p><strong>Co to s\u0105 pliki cookie?<\/strong><br>Podobnie jak w przypadku prawie wszystkich profesjonalnych witryn internetowych, nasza witryna wykorzystuje pliki cookie, czyli ma\u0142e pliki pobierane na Twoje urz\u0105dzenie w celu poprawy komfortu korzystania z Internetu. W tej sekcji wyja\u015bniono, jakie informacje gromadz\u0105, w jaki spos\u00f3b je wykorzystujemy i dlaczego czasami konieczne jest przechowywanie tych plik\u00f3w cookie. Wyja\u015bnimy r\u00f3wnie\u017c, w jaki spos\u00f3b mo\u017cna zablokowa\u0107 instalacj\u0119 plik\u00f3w cookies, cho\u0107 mo\u017ce to zagrozi\u0107 funkcjonalno\u015bci serwisu.<\/p>\n\n\n\n<p><strong>Korzystanie z plik\u00f3w cookie<\/strong><br>U\u017cywamy plik\u00f3w cookie z kilku powod\u00f3w opisanych poni\u017cej. W wi\u0119kszo\u015bci przypadk\u00f3w nie ma standardowych mo\u017cliwo\u015bci wy\u0142\u0105czenia plik\u00f3w cookies bez uszczerbku dla funkcjonalno\u015bci dodanej do serwisu. Zaleca si\u0119, aby nie wy\u0142\u0105cza\u0107 plik\u00f3w cookies, je\u017celi nie jeste\u015b pewien, czy ich potrzebujesz, gdy\u017c mog\u0105 by\u0107 one niezb\u0119dne do \u015bwiadczenia us\u0142ug, z kt\u00f3rych korzystasz.<\/p>\n\n\n\n<p><strong>Wy\u0142\u0105cz pliki cookie<\/strong><br>Mo\u017cesz zapobiec zapisywaniu plik\u00f3w cookie, dostosowuj\u0105c ustawienia swojej przegl\u0105darki. Zobacz Pomoc przegl\u0105darki, aby dowiedzie\u0107 si\u0119, jak to zrobi\u0107. Pami\u0119taj, \u017ce wy\u0142\u0105czenie plik\u00f3w cookie b\u0119dzie mia\u0142o wp\u0142yw na funkcjonalno\u015b\u0107 tej i innych odwiedzanych witryn. Wy\u0142\u0105czenie plik\u00f3w cookies zazwyczaj oznacza utrat\u0119 niekt\u00f3rych funkcjonalno\u015bci i w\u0142a\u015bciwo\u015bci strony internetowej, dlatego zaleca si\u0119 ich nie wy\u0142\u0105cza\u0107.<\/p>\n\n\n\n<p><strong>Pliki cookie, kt\u00f3rych u\u017cywamy<\/strong><\/p>\n\n\n\n<ul class=\"wp-block-list\">\n<li><strong>Pliki cookie konta:<\/strong> Je\u015bli utworzysz u nas konto, b\u0119dziemy u\u017cywa\u0107 plik\u00f3w cookie do zarz\u0105dzania procesem rejestracji i og\u00f3ln\u0105 administracj\u0105. Te pliki cookie s\u0105 zwykle usuwane po wylogowaniu, chocia\u017c mog\u0105 pozosta\u0107 p\u00f3\u017aniej, aby zachowa\u0107 preferencje witryny po wylogowaniu.<\/li>\n\n\n\n<li><strong>Zaloguj si\u0119 Pliki cookie:<\/strong> Kiedy jeste\u015b zalogowany, u\u017cywamy plik\u00f3w cookie do zapami\u0119tania Twojej sesji. Dzi\u0119ki temu nie musisz si\u0119 logowa\u0107 wielokrotnie podczas odwiedzania r\u00f3\u017cnych stron. Te pliki cookie s\u0105 usuwane lub kasowane po wylogowaniu si\u0119, aby mie\u0107 pewno\u015b\u0107, \u017ce po zalogowaniu masz dost\u0119p tylko do ograniczonych funkcji i obszar\u00f3w.<\/li>\n\n\n\n<li><strong>Pliki cookie biuletynu:<\/strong> Je\u015bli witryna oferuje us\u0142ug\u0119 subskrypcji biuletynu lub poczty e-mail, pliki cookies mog\u0105 zosta\u0107 wykorzystane do zapami\u0119tania, czy jeste\u015b zarejestrowany i czy powinny by\u0107 wy\u015bwietlane okre\u015blone powiadomienia, wa\u017cne tylko dla subskrybowanych lub niezarejestrowanych u\u017cytkownik\u00f3w.<\/li>\n<\/ul>","protected":false},"excerpt":{"rendered":"<p>A sua privacidade \u00e9 de grande import\u00e2ncia para n\u00f3s. A PlusMob se compromete a proteger a sua privacidade enquanto voc\u00ea utiliza nosso site, bem como outros sites que administramos. Coletamos suas informa\u00e7\u00f5es pessoais apenas quando necess\u00e1rio para fornecer um servi\u00e7o a voc\u00ea, e sempre com m\u00e9todos justos e transparentes, com seu conhecimento e consentimento. Tamb\u00e9m [&hellip;]<\/p>\n","protected":false},"author":1,"featured_media":0,"parent":0,"menu_order":0,"comment_status":"closed","ping_status":"closed","template":"","meta":{"footnotes":""},"class_list":["post-114","page","type-page","status-publish"],"_links":{"self":[{"href":"https:\/\/plusmob.com\/pl\/wp-json\/wp\/v2\/pages\/114","targetHints":{"allow":["GET"]}}],"collection":[{"href":"https:\/\/plusmob.com\/pl\/wp-json\/wp\/v2\/pages"}],"about":[{"href":"https:\/\/plusmob.com\/pl\/wp-json\/wp\/v2\/types\/page"}],"author":[{"embeddable":true,"href":"https:\/\/plusmob.com\/pl\/wp-json\/wp\/v2\/users\/1"}],"replies":[{"embeddable":true,"href":"https:\/\/plusmob.com\/pl\/wp-json\/wp\/v2\/comments?post=114"}],"version-history":[{"count":2,"href":"https:\/\/plusmob.com\/pl\/wp-json\/wp\/v2\/pages\/114\/revisions"}],"predecessor-version":[{"id":455,"href":"https:\/\/plusmob.com\/pl\/wp-json\/wp\/v2\/pages\/114\/revisions\/455"}],"wp:attachment":[{"href":"https:\/\/plusmob.com\/pl\/wp-json\/wp\/v2\/media?parent=114"}],"curies":[{"name":"wp","href":"https:\/\/api.w.org\/{rel}","templated":true}]}}