{"id":3,"date":"2024-05-15T03:18:46","date_gmt":"2024-05-15T03:18:46","guid":{"rendered":"http:\/\/plusmob.com\/?page_id=3"},"modified":"2024-12-18T02:33:23","modified_gmt":"2024-12-18T02:33:23","slug":"polityka-prywatnosci-2","status":"publish","type":"page","link":"https:\/\/plusmob.com\/pl\/privacy-policy\/","title":{"rendered":"Polityka prywatno\u015bci"},"content":{"rendered":"<h2 class=\"wp-block-heading\">Kim jeste\u015bmy<\/h2>\n\n\n<p><strong class=\"privacy-policy-tutorial\">Proponowany tekst: <\/strong>Adres naszej strony internetowej to: http:\/\/plusmob.com.<\/p>\n\n\n<h2 class=\"wp-block-heading\">Uwagi<\/h2>\n\n\n<p><strong class=\"privacy-policy-tutorial\">Proponowany tekst: <\/strong>Kiedy odwiedzaj\u0105cy zostawiaj\u0105 komentarze w witrynie, zbieramy dane widoczne w formularzu komentowania, jak i adres IP odwiedzaj\u0105cego oraz ci\u0105g agenta u\u017cytkownika jego przegl\u0105darki jako pomoc przy wykrywaniu spamu.<\/p>\n\n\n<p>Anonimizowany ci\u0105g znak\u00f3w utworzony na podstawie Twojego adresu e-mail (nazywany r\u00f3wnie\u017c hashem) mo\u017ce zosta\u0107 przes\u0142any do us\u0142ugi Gravatar w celu sprawdzenia, czy jej u\u017cywasz. Polityka prywatno\u015bci us\u0142ugi Gravatar jest dost\u0119pna tutaj: https:\/\/automattic.com\/privacy\/. Po zatwierdzeniu komentarza Twoje zdj\u0119cie profilowe b\u0119dzie widoczne publicznie w kontek\u015bcie Twojego komentarza.<\/p>\n\n\n<h2 class=\"wp-block-heading\">Przeci\u0119tny<\/h2>\n\n\n<p><strong class=\"privacy-policy-tutorial\">Proponowany tekst: <\/strong>Przesy\u0142aj\u0105c na stron\u0119 internetow\u0105 obrazy, nale\u017cy unika\u0107 przesy\u0142ania obraz\u00f3w zawieraj\u0105cych osadzone dane o lokalizacji (EXIF GPS). Odwiedzaj\u0105cy witryn\u0119 mog\u0105 pobra\u0107 i wyodr\u0119bni\u0107 wszelkie dane dotycz\u0105ce lokalizacji z obraz\u00f3w w witrynie.<\/p>\n\n\n<h2 class=\"wp-block-heading\">Ciastka<\/h2>\n\n\n<p><strong class=\"privacy-policy-tutorial\">Proponowany tekst: <\/strong>Je\u015bli zostawisz komentarz na naszej stronie, mo\u017cesz wyrazi\u0107 zgod\u0119 na zapisanie Twojego imienia, adresu e-mail i witryny w plikach cookie. S\u0142u\u017c\u0105 one Twojej wygodzie, dzi\u0119ki czemu nie b\u0119dziesz musia\u0142 ponownie wype\u0142nia\u0107 swoich danych, gdy b\u0119dziesz zamieszcza\u0107 kolejny komentarz. Te pliki cookie b\u0119d\u0105 wa\u017cne przez rok.<\/p>\n\n\n<p>Je\u015bli odwiedzisz nasz\u0105 stron\u0119 logowania, ustawimy tymczasowy plik cookie w celu sprawdzenia, czy Twoja przegl\u0105darka akceptuje pliki cookie. Ten plik cookie nie zawiera \u017cadnych danych osobowych i zostanie usuni\u0119ty po zamkni\u0119ciu przegl\u0105darki.<\/p>\n\n\n<p>Gdy si\u0119 zalogujesz, utworzymy tak\u017ce kilka plik\u00f3w cookie, aby zapisa\u0107 Twoje dane logowania oraz wybrane przez Ciebie ustawienia wy\u015bwietlania ekranu. Pliki cookie dotycz\u0105ce logowania s\u0105 przechowywane przez dwa dni, a pliki cookie dotycz\u0105ce opcji ekranowych \u2014 przez rok. Je\u015bli wybierzesz opcj\u0119 \u201eZapami\u0119taj mnie\u201d, Twoje logowanie b\u0119dzie trwa\u0142o dwa tygodnie. Je\u015bli wylogujesz si\u0119 ze swojego konta, pliki cookie s\u0142u\u017c\u0105ce do logowania zostan\u0105 usuni\u0119te.<\/p>\n\n\n<p>Je\u015bli edytujesz lub publikujesz artyku\u0142, w Twojej przegl\u0105darce zostanie zapisany dodatkowy plik cookie. Ten plik cookie nie zawiera \u017cadnych danych osobowych i po prostu wskazuje identyfikator wpisu, kt\u00f3ry przed chwil\u0105 edytowa\u0142e\u015b. Wygasa po 1 dniu.<\/p>\n\n\n<h2 class=\"wp-block-heading\">Osadzone tre\u015bci z innych witryn internetowych<\/h2>\n\n\n<p><strong class=\"privacy-policy-tutorial\">Proponowany tekst: <\/strong>Artyku\u0142y na tej stronie mog\u0105 zawiera\u0107 osadzone tre\u015bci (np. filmy, obrazy, artyku\u0142y itp.). Osadzone tre\u015bci z innych witryn internetowych zachowuj\u0105 si\u0119 dok\u0142adnie tak samo, jak gdyby odwiedzaj\u0105cy odwiedzi\u0142 inn\u0105 witryn\u0119.<\/p>\n\n\n<p>Te witryny mog\u0105 zbiera\u0107 dane o Tobie, u\u017cywa\u0107 plik\u00f3w cookie, osadza\u0107 dodatkowe narz\u0119dzia \u015bledzenia stron trzecich i monitorowa\u0107 Twoj\u0105 interakcj\u0119 z osadzon\u0105 tre\u015bci\u0105, w tym \u015bledzi\u0107 Twoj\u0105 interakcj\u0119 z osadzon\u0105 tre\u015bci\u0105, je\u015bli masz konto i jeste\u015b zalogowany w tej witrynie.<\/p>\n\n\n<h2 class=\"wp-block-heading\">Z kim dzielimy si\u0119 Twoimi danymi<\/h2>\n\n\n<p><strong class=\"privacy-policy-tutorial\">Proponowany tekst: <\/strong>Je\u015bli poprosisz o zresetowanie has\u0142a, Tw\u00f3j adres IP zostanie uwzgl\u0119dniony w wiadomo\u015bci e-mail z resetem has\u0142a.<\/p>\n\n\n<h2 class=\"wp-block-heading\">Jak d\u0142ugo przechowujemy Twoje dane<\/h2>\n\n\n<p><strong class=\"privacy-policy-tutorial\">Proponowany tekst: <\/strong>Je\u015bli zostawisz komentarz, sam komentarz i jego metadane zostan\u0105 zachowane na czas nieokre\u015blony. Dzi\u0119ki temu b\u0119dziemy mogli automatycznie rozpoznawa\u0107 i zatwierdza\u0107 wszelkie kolejne komentarze, zamiast kierowa\u0107 je do kolejki moderacji.<\/p>\n\n\n<p>W przypadku u\u017cytkownik\u00f3w, kt\u00f3rzy zarejestruj\u0105 si\u0119 na naszej stronie internetowej (o ile tacy s\u0105), przechowujemy r\u00f3wnie\u017c dane osobowe, kt\u00f3re podaj\u0105 w swoich profilach u\u017cytkownika. Ka\u017cdy u\u017cytkownik mo\u017ce w ka\u017cdej chwili zobaczy\u0107, edytowa\u0107 lub usun\u0105\u0107 swoje dane osobowe (nie mo\u017ce jednak zmieni\u0107 swojej nazwy u\u017cytkownika). Administratorzy witryny r\u00f3wnie\u017c mog\u0105 przegl\u0105da\u0107 i edytowa\u0107 te informacje.<\/p>\n\n\n<h2 class=\"wp-block-heading\">Jakie prawa masz do swoich danych<\/h2>\n\n\n<p><strong class=\"privacy-policy-tutorial\">Proponowany tekst: <\/strong>Je\u017celi posiadasz konto w tym serwisie lub doda\u0142e\u015b komentarze, mo\u017cesz poprosi\u0107 o przes\u0142anie pliku z wyeksportowanymi danymi osobowymi, kt\u00f3re przechowujemy na tw\u00f3j temat, w tym wszelkimi danymi, kt\u00f3re nam dostarczy\u0142e\u015b. Mo\u017cesz r\u00f3wnie\u017c za\u017c\u0105da\u0107 usuni\u0119cia przez nas wszelkich danych osobowych, kt\u00f3re na Tw\u00f3j temat posiadamy. Nie dotyczy to danych, kt\u00f3re jeste\u015bmy zobowi\u0105zani przechowywa\u0107 w celach administracyjnych, prawnych lub bezpiecze\u0144stwa.<\/p>\n\n\n<h2 class=\"wp-block-heading\">Gdzie s\u0105 wysy\u0142ane Twoje dane<\/h2>\n\n\n<p><strong class=\"privacy-policy-tutorial\">Proponowany tekst: <\/strong>Komentarze go\u015bci mog\u0105 by\u0107 sprawdzane za pomoc\u0105 automatycznej us\u0142ugi wykrywania spamu.<\/p>","protected":false},"excerpt":{"rendered":"<p>Who we are Suggested text: Our website address is: http:\/\/plusmob.com. Comments Suggested text: When visitors leave comments on the site we collect the data shown in the comments form, and also the visitor&#8217;s IP address and browser user agent string to help spam detection. An anonymized string created from your email address (also called a [&hellip;]<\/p>\n","protected":false},"author":1,"featured_media":0,"parent":0,"menu_order":0,"comment_status":"closed","ping_status":"open","template":"","meta":{"footnotes":""},"class_list":["post-3","page","type-page","status-publish"],"_links":{"self":[{"href":"https:\/\/plusmob.com\/pl\/wp-json\/wp\/v2\/pages\/3","targetHints":{"allow":["GET"]}}],"collection":[{"href":"https:\/\/plusmob.com\/pl\/wp-json\/wp\/v2\/pages"}],"about":[{"href":"https:\/\/plusmob.com\/pl\/wp-json\/wp\/v2\/types\/page"}],"author":[{"embeddable":true,"href":"https:\/\/plusmob.com\/pl\/wp-json\/wp\/v2\/users\/1"}],"replies":[{"embeddable":true,"href":"https:\/\/plusmob.com\/pl\/wp-json\/wp\/v2\/comments?post=3"}],"version-history":[{"count":1,"href":"https:\/\/plusmob.com\/pl\/wp-json\/wp\/v2\/pages\/3\/revisions"}],"predecessor-version":[{"id":454,"href":"https:\/\/plusmob.com\/pl\/wp-json\/wp\/v2\/pages\/3\/revisions\/454"}],"wp:attachment":[{"href":"https:\/\/plusmob.com\/pl\/wp-json\/wp\/v2\/media?parent=3"}],"curies":[{"name":"wp","href":"https:\/\/api.w.org\/{rel}","templated":true}]}}