{"id":112,"date":"2024-05-15T22:20:47","date_gmt":"2024-05-15T22:20:47","guid":{"rendered":"https:\/\/plusmob.com\/?page_id=112"},"modified":"2024-05-15T22:20:47","modified_gmt":"2024-05-15T22:20:47","slug":"termeni-de-utilizare","status":"publish","type":"page","link":"https:\/\/plusmob.com\/ro\/termos-de-uso\/","title":{"rendered":"Termeni de utilizare"},"content":{"rendered":"<p>Intr\u00e2nd pe site-ul web PlusMob, accepta\u021bi ace\u0219ti termeni de utilizare, precum \u0219i toate legile \u0219i reglement\u0103rile relevante \u0219i recunoa\u0219te\u021bi c\u0103 ave\u021bi responsabilitatea de a respecta legile locale aplicabile. Dac\u0103 nu sunte\u021bi de acord cu ace\u0219ti termeni, vi se interzice accesarea sau utilizarea site-ului. Con\u021binutul acestui site este protejat de legile actuale privind proprietatea intelectual\u0103 \u0219i m\u0103rcile comerciale.<\/p>\n\n\n\n<p><strong>Acordarea licen\u021bei<\/strong><br>PlusMob v\u0103 acord\u0103 dreptul de a desc\u0103rca temporar o copie a materialelor disponibile pe site (informa\u021bii sau software) numai pentru vizionare personal\u0103, necomercial\u0103. Aceast\u0103 concesiune este un drept de utilizare, nu de proprietate. Tu nu ar trebui s\u0103:<\/p>\n\n\n\n<ul class=\"wp-block-list\">\n<li>Schimba\u021bi sau copia\u021bi materialele;<\/li>\n\n\n\n<li>Utiliza\u021bi materialele \u00een scopuri comerciale sau pentru afi\u0219are public\u0103 (comerciale sau de alt\u0103 natur\u0103);<\/li>\n\n\n\n<li>\u00cencerca\u021bi s\u0103 face\u021bi inginerie invers\u0103 sau s\u0103 decompila\u021bi orice software g\u0103sit pe site-ul PlusMob;<\/li>\n\n\n\n<li>\u0218terge\u021bi orice notific\u0103ri privind drepturile de autor sau alte indica\u021bii de proprietate din materiale;<\/li>\n\n\n\n<li>Redirec\u021biona\u021bi materialele c\u0103tre o alt\u0103 persoan\u0103 sau duplica\u021bi materialele pe un alt server.<\/li>\n<\/ul>\n\n\n\n<p>Aceast\u0103 licen\u021b\u0103 se va rezilia automat dac\u0103 \u00eenc\u0103lca\u021bi oricare dintre aceste restric\u021bii \u0219i poate fi reziliat\u0103 de PlusMob \u00een orice moment. La \u00eencetarea vizualiz\u0103rii materialelor sau la sf\u00e2r\u0219itul acestei licen\u021be, trebuie s\u0103 \u0219terge\u021bi orice materiale desc\u0103rcate, fie \u00een format electronic sau tip\u0103rit.<\/p>\n\n\n\n<p><strong>Disclaimer<\/strong><br>Materialele de pe site-ul PlusMob sunt furnizate \u201eca atare\u201d. PlusMob nu ofer\u0103 garan\u021bii, exprese sau implicite \u0219i declin\u0103 toate celelalte garan\u021bii, inclusiv, f\u0103r\u0103 limitare, garan\u021bii implicite de vandabilitate, potrivire pentru un anumit scop sau ne\u00eenc\u0103lcare a drepturilor de proprietate intelectual\u0103.<\/p>\n\n\n\n<p><strong>Limit\u0103ri de r\u0103spundere<\/strong><br>\u00cen niciun caz, PlusMob sau furnizorii s\u0103i nu vor fi r\u0103spunz\u0103tori pentru orice daune care decurg din utilizarea sau incapacitatea de a utiliza materialele de pe PlusMob, chiar dac\u0103 sunt informa\u021bi cu privire la posibilitatea unor astfel de daune. Dac\u0103 legile locale nu permit excluderea anumitor garan\u021bii sau limitarea r\u0103spunderii pentru daune consecutive, este posibil ca aceste excluderi \u0219i limit\u0103ri s\u0103 nu vi se aplice.<\/p>\n\n\n\n<p><strong>Precizia materialelor<\/strong><br>Materialele care apar pe site-ul PlusMob pot con\u021bine erori tehnice, tipografice sau fotografice. PlusMob nu garanteaz\u0103 acurate\u021bea, completitudinea sau actualitatea materialelor de pe site-ul s\u0103u web \u0219i poate modifica materialele \u00een orice moment f\u0103r\u0103 notificare, dar nu \u00ee\u0219i asum\u0103 niciun angajament de a actualiza materialele.<\/p>\n\n\n\n<p><strong>Leg\u0103turi<\/strong><br>PlusMob nu a revizuit toate site-urile legate de acesta \u0219i nu este responsabil pentru con\u021binutul niciunui site extern. Includerea oric\u0103rui link nu implic\u0103 aprobarea de c\u0103tre PlusMob a site-ului. Utilizarea site-urilor conectate este pe riscul propriu al utilizatorului.<\/p>\n\n\n\n<p><strong>Modific\u0103ri ale Termenilor<\/strong><br>PlusMob poate modifica ace\u0219ti termeni de utilizare \u00een orice moment, f\u0103r\u0103 notificare prealabil\u0103. Prin utilizarea acestui site web, sunte\u021bi de acord s\u0103 respecta\u021bi cea mai recent\u0103 versiune a acestor termeni de utilizare.<\/p>\n\n\n\n<p><strong>Lege aplicabil\u0103<\/strong><br>Ace\u0219ti termeni \u0219i condi\u021bii sunt guvernate de legile PlusMob \u0219i sunte\u021bi irevocabil de acord cu jurisdic\u021bia exclusiv\u0103 a instan\u021belor locale.<\/p>","protected":false},"excerpt":{"rendered":"<p>Ao entrar no site PlusMob, voc\u00ea aceita estes termos de uso, bem como todas as leis e regulamenta\u00e7\u00f5es relevantes, e reconhece que tem a responsabilidade de observar as leis locais aplic\u00e1veis. Caso n\u00e3o concorde com estes termos, voc\u00ea est\u00e1 proibido de acessar ou utilizar o site. Os conte\u00fados presentes neste website est\u00e3o protegidos pelas leis [&hellip;]<\/p>\n","protected":false},"author":1,"featured_media":0,"parent":0,"menu_order":0,"comment_status":"closed","ping_status":"closed","template":"","meta":{"footnotes":""},"class_list":["post-112","page","type-page","status-publish"],"_links":{"self":[{"href":"https:\/\/plusmob.com\/ro\/wp-json\/wp\/v2\/pages\/112","targetHints":{"allow":["GET"]}}],"collection":[{"href":"https:\/\/plusmob.com\/ro\/wp-json\/wp\/v2\/pages"}],"about":[{"href":"https:\/\/plusmob.com\/ro\/wp-json\/wp\/v2\/types\/page"}],"author":[{"embeddable":true,"href":"https:\/\/plusmob.com\/ro\/wp-json\/wp\/v2\/users\/1"}],"replies":[{"embeddable":true,"href":"https:\/\/plusmob.com\/ro\/wp-json\/wp\/v2\/comments?post=112"}],"version-history":[{"count":1,"href":"https:\/\/plusmob.com\/ro\/wp-json\/wp\/v2\/pages\/112\/revisions"}],"predecessor-version":[{"id":113,"href":"https:\/\/plusmob.com\/ro\/wp-json\/wp\/v2\/pages\/112\/revisions\/113"}],"wp:attachment":[{"href":"https:\/\/plusmob.com\/ro\/wp-json\/wp\/v2\/media?parent=112"}],"curies":[{"name":"wp","href":"https:\/\/api.w.org\/{rel}","templated":true}]}}