{"id":114,"date":"2024-05-15T22:22:37","date_gmt":"2024-05-15T22:22:37","guid":{"rendered":"https:\/\/plusmob.com\/?page_id=114"},"modified":"2024-12-18T02:27:54","modified_gmt":"2024-12-18T02:27:54","slug":"politica-de-confidentialitate","status":"publish","type":"page","link":"https:\/\/plusmob.com\/ro\/politica-de-privacidade\/","title":{"rendered":"Politica de confiden\u021bialitate"},"content":{"rendered":"<p>Confiden\u021bialitatea dumneavoastr\u0103 este de mare importan\u021b\u0103 pentru noi. PlusMob se angajeaz\u0103 s\u0103 v\u0103 protejeze confiden\u021bialitatea \u00een timp ce utiliza\u021bi site-ul nostru web, precum \u0219i alte site-uri web pe care le gestion\u0103m. Colect\u0103m informa\u021biile dumneavoastr\u0103 cu caracter personal numai atunci c\u00e2nd este necesar pentru a v\u0103 oferi un serviciu \u0219i \u00eentotdeauna utiliz\u00e2nd metode corecte \u0219i transparente, cu cuno\u0219tin\u021bele \u0219i consim\u021b\u0103m\u00e2ntul dumneavoastr\u0103. De asemenea, clarific\u0103m motivele colect\u0103rii \u0219i modul \u00een care vor fi utilizate aceste informa\u021bii.<\/p>\n\n\n\n<p>Informa\u021biile colectate sunt p\u0103strate doar at\u00e2t timp c\u00e2t este necesar pentru furnizarea serviciului solicitat. Stoc\u0103m datele dumneavoastr\u0103 protejate prin m\u0103suri de securitate rezonabile din punct de vedere comercial pentru a preveni pierderea, furtul, precum \u0219i accesul neautorizat, dezv\u0103luirea, copierea, utilizarea sau modificarea. Nu dezv\u0103luim informa\u021bii personale \u00een mod public sau c\u0103tre ter\u021bi, cu excep\u021bia cazului \u00een care este impus de lege.<\/p>\n\n\n\n<p>Site-ul nostru web poate con\u021bine link-uri c\u0103tre site-uri web externe care nu sunt gestionate de noi. V\u0103 rug\u0103m s\u0103 re\u021bine\u021bi c\u0103 nu control\u0103m aceste site-uri externe \u0219i nu suntem responsabili pentru politicile lor de confiden\u021bialitate. Pute\u021bi alege s\u0103 nu v\u0103 furniza\u021bi informa\u021biile personale, dar acest lucru ne poate \u00eempiedica s\u0103 oferim unele dintre serviciile pe care le dori\u021bi. Utilizarea \u00een continuare a site-ului nostru web va fi considerat\u0103 acceptarea practicilor noastre privind confiden\u021bialitatea \u0219i informa\u021biile personale. Dac\u0103 ave\u021bi \u00eentreb\u0103ri despre modul \u00een care gestion\u0103m datele utilizatorilor \u0219i informa\u021biile personale, nu ezita\u021bi s\u0103 ne contacta\u021bi.<\/p>\n\n\n\n<p><strong>Politica de cookie-uri PlusMob<\/strong><\/p>\n\n\n\n<p><strong>Ce sunt cookie-urile?<\/strong><br>A\u0219a cum este obi\u0219nuit cu aproape toate site-urile web profesionale, site-ul nostru utilizeaz\u0103 cookie-uri, care sunt fi\u0219iere mici desc\u0103rcate pe dispozitivul dvs., pentru a v\u0103 \u00eembun\u0103t\u0103\u021bi experien\u021ba online. Aceast\u0103 sec\u021biune explic\u0103 ce informa\u021bii colecteaz\u0103, cum le folosim \u0219i de ce uneori este necesar\u0103 stocarea acestor cookie-uri. De asemenea, v\u0103 vom explica cum pute\u021bi bloca instalarea cookie-urilor, de\u0219i acest lucru poate compromite func\u021bionalitatea site-ului.<\/p>\n\n\n\n<p><strong>Utilizarea cookie-urilor<\/strong><br>Folosim cookie-uri din mai multe motive, descrise mai jos. \u00cen cele mai multe cazuri, nu exist\u0103 op\u021biuni standard pentru dezactivarea cookie-urilor f\u0103r\u0103 a compromite func\u021bionalitatea ad\u0103ugat\u0103 site-ului. Este recomandat s\u0103 nu dezactiva\u021bi cookie-urile dac\u0103 nu sunte\u021bi sigur dac\u0103 ave\u021bi nevoie de ele, deoarece acestea pot fi necesare pentru a furniza serviciile pe care le utiliza\u021bi.<\/p>\n\n\n\n<p><strong>Dezactiva\u021bi cookie-urile<\/strong><br>Pute\u021bi \u00eempiedica setarea cookie-urilor ajust\u00e2nd set\u0103rile browserului. Consulta\u021bi Ajutorul browserului dvs. pentru a afla cum s\u0103 face\u021bi acest lucru. V\u0103 rug\u0103m s\u0103 re\u021bine\u021bi c\u0103 dezactivarea cookie-urilor va afecta func\u021bionalitatea acestui site \u0219i a altor site-uri web pe care le vizita\u021bi. Dezactivarea cookie-urilor implic\u0103 \u00een general pierderea anumitor func\u021bionalit\u0103\u021bi \u0219i caracteristici ale site-ului web, de aceea este indicat s\u0103 nu le dezactiva\u021bi.<\/p>\n\n\n\n<p><strong>Cookie-uri pe care le folosim<\/strong><\/p>\n\n\n\n<ul class=\"wp-block-list\">\n<li><strong>Cookie-uri de cont:<\/strong> Dac\u0103 v\u0103 crea\u021bi un cont la noi, vom folosi cookie-uri pentru a gestiona procesul de \u00eenregistrare \u0219i administrarea general\u0103. Aceste module cookie sunt de obicei \u0219terse atunci c\u00e2nd v\u0103 deconecta\u021bi, de\u0219i pot r\u0103m\u00e2ne ulterior pentru a v\u0103 men\u021bine preferin\u021bele de site dup\u0103 ce v\u0103 deconecta\u021bi.<\/li>\n\n\n\n<li><strong>Cookie-uri de conectare:<\/strong> C\u00e2nd sunte\u021bi autentificat, folosim cookie-uri pentru a v\u0103 aminti sesiunea. Acest lucru v\u0103 scute\u0219te de a fi nevoit s\u0103 v\u0103 conecta\u021bi \u00een mod repetat atunci c\u00e2nd vizita\u021bi diferite pagini. Aceste cookie-uri sunt eliminate sau \u0219terse atunci c\u00e2nd v\u0103 deconecta\u021bi pentru a v\u0103 asigura c\u0103 ave\u021bi acces numai la func\u021bii \u0219i zone restric\u021bionate \u00een timp ce sunte\u021bi autentificat.<\/li>\n\n\n\n<li><strong>Cookie-uri pentru newsletter:<\/strong> Dac\u0103 site-ul ofer\u0103 servicii de abonare la newsletter sau la e-mail, cookie-urile pot fi folosite pentru a re\u021bine dac\u0103 sunte\u021bi \u00eenregistrat \u0219i dac\u0103 ar trebui afi\u0219ate anumite notific\u0103ri, valabile doar pentru utilizatorii abona\u021bi sau neabona\u021bi.<\/li>\n<\/ul>","protected":false},"excerpt":{"rendered":"<p>A sua privacidade \u00e9 de grande import\u00e2ncia para n\u00f3s. A PlusMob se compromete a proteger a sua privacidade enquanto voc\u00ea utiliza nosso site, bem como outros sites que administramos. Coletamos suas informa\u00e7\u00f5es pessoais apenas quando necess\u00e1rio para fornecer um servi\u00e7o a voc\u00ea, e sempre com m\u00e9todos justos e transparentes, com seu conhecimento e consentimento. Tamb\u00e9m [&hellip;]<\/p>\n","protected":false},"author":1,"featured_media":0,"parent":0,"menu_order":0,"comment_status":"closed","ping_status":"closed","template":"","meta":{"footnotes":""},"class_list":["post-114","page","type-page","status-publish"],"_links":{"self":[{"href":"https:\/\/plusmob.com\/ro\/wp-json\/wp\/v2\/pages\/114","targetHints":{"allow":["GET"]}}],"collection":[{"href":"https:\/\/plusmob.com\/ro\/wp-json\/wp\/v2\/pages"}],"about":[{"href":"https:\/\/plusmob.com\/ro\/wp-json\/wp\/v2\/types\/page"}],"author":[{"embeddable":true,"href":"https:\/\/plusmob.com\/ro\/wp-json\/wp\/v2\/users\/1"}],"replies":[{"embeddable":true,"href":"https:\/\/plusmob.com\/ro\/wp-json\/wp\/v2\/comments?post=114"}],"version-history":[{"count":2,"href":"https:\/\/plusmob.com\/ro\/wp-json\/wp\/v2\/pages\/114\/revisions"}],"predecessor-version":[{"id":455,"href":"https:\/\/plusmob.com\/ro\/wp-json\/wp\/v2\/pages\/114\/revisions\/455"}],"wp:attachment":[{"href":"https:\/\/plusmob.com\/ro\/wp-json\/wp\/v2\/media?parent=114"}],"curies":[{"name":"wp","href":"https:\/\/api.w.org\/{rel}","templated":true}]}}