{"id":112,"date":"2024-05-15T22:20:47","date_gmt":"2024-05-15T22:20:47","guid":{"rendered":"https:\/\/plusmob.com\/?page_id=112"},"modified":"2024-05-15T22:20:47","modified_gmt":"2024-05-15T22:20:47","slug":"podmienky-pouzivania","status":"publish","type":"page","link":"https:\/\/plusmob.com\/sk\/termos-de-uso\/","title":{"rendered":"Podmienky pou\u017e\u00edvania"},"content":{"rendered":"<p>Vstupom na webov\u00fa str\u00e1nku PlusMob s\u00fahlas\u00edte s t\u00fdmito podmienkami pou\u017e\u00edvania, ako aj so v\u0161etk\u00fdmi pr\u00edslu\u0161n\u00fdmi z\u00e1konmi a nariadeniami a beriete na vedomie, \u017ee nesiete zodpovednos\u0165 za dodr\u017eiavanie platn\u00fdch miestnych z\u00e1konov. Ak nes\u00fahlas\u00edte s t\u00fdmito podmienkami, m\u00e1te zak\u00e1zan\u00fd pr\u00edstup na str\u00e1nku alebo jej pou\u017e\u00edvanie. Obsah tejto webovej str\u00e1nky je chr\u00e1nen\u00fd aktu\u00e1lnymi z\u00e1konmi o du\u0161evnom vlastn\u00edctve a ochrann\u00fdch zn\u00e1mkach.<\/p>\n\n\n\n<p><strong>Udelenie licencie<\/strong><br>PlusMob v\u00e1m ude\u013euje pr\u00e1vo do\u010dasne stiahnu\u0165 jednu k\u00f3piu materi\u00e1lov dostupn\u00fdch na str\u00e1nke (inform\u00e1cie alebo softv\u00e9r) len na osobn\u00e9, nekomer\u010dn\u00e9 prezeranie. T\u00e1to koncesia je u\u017e\u00edvac\u00edm pr\u00e1vom, nie vlastn\u00edctvom. Nemal by si:<\/p>\n\n\n\n<ul class=\"wp-block-list\">\n<li>Zme\u0148te alebo skop\u00edrujte materi\u00e1ly;<\/li>\n\n\n\n<li>Pou\u017e\u00edva\u0165 materi\u00e1ly na komer\u010dn\u00e9 \u00fa\u010dely alebo na verejn\u00e9 vystavenie (komer\u010dn\u00e9 alebo in\u00e9);<\/li>\n\n\n\n<li>Pok\u00fasi\u0165 sa sp\u00e4tne analyzova\u0165 alebo dekompilova\u0165 ak\u00fdko\u013evek softv\u00e9r nach\u00e1dzaj\u00faci sa na webovej lokalite PlusMob;<\/li>\n\n\n\n<li>Odstr\u00e1\u0148te z materi\u00e1lov v\u0161etky upozornenia na autorsk\u00e9 pr\u00e1va alebo in\u00e9 vlastn\u00edcke ozna\u010denia;<\/li>\n\n\n\n<li>Po\u0161lite materi\u00e1ly inej osobe alebo ich duplikujte na in\u00fd server.<\/li>\n<\/ul>\n\n\n\n<p>T\u00e1to licencia sa automaticky ukon\u010d\u00ed, ak poru\u0161\u00edte ktor\u00e9ko\u013evek z t\u00fdchto obmedzen\u00ed a m\u00f4\u017ee by\u0165 spolo\u010dnos\u0165ou PlusMob kedyko\u013evek ukon\u010den\u00e1. Po ukon\u010den\u00ed prezerania materi\u00e1lov alebo po skon\u010den\u00ed platnosti tejto licencie mus\u00edte vymaza\u0165 v\u0161etky stiahnut\u00e9 materi\u00e1ly, \u010di u\u017e v elektronickom alebo tla\u010denom form\u00e1te.<\/p>\n\n\n\n<p><strong>Vyl\u00fa\u010denie zodpovednosti<\/strong><br>Materi\u00e1ly na webovej str\u00e1nke PlusMob sa poskytuj\u00fa \u201etak, ako s\u00fa\u201c. PlusMob neposkytuje \u017eiadne z\u00e1ruky, vyjadren\u00e9 alebo predpokladan\u00e9, a zrieka sa v\u0161etk\u00fdch ostatn\u00fdch z\u00e1ruk, vr\u00e1tane, bez obmedzenia, predpokladan\u00fdch z\u00e1ruk predajnosti, vhodnosti na konkr\u00e9tny \u00fa\u010del alebo neporu\u0161enia pr\u00e1v du\u0161evn\u00e9ho vlastn\u00edctva.<\/p>\n\n\n\n<p><strong>Obmedzenia zodpovednosti<\/strong><br>Spolo\u010dnos\u0165 PlusMob ani jej dod\u00e1vatelia nebud\u00fa v \u017eiadnom pr\u00edpade zodpovedn\u00ed za \u017eiadne \u0161kody vypl\u00fdvaj\u00face z pou\u017e\u00edvania alebo nemo\u017enosti pou\u017ei\u0165 materi\u00e1ly na PlusMob, a to ani v pr\u00edpade, \u017ee by boli upozornen\u00ed na mo\u017enos\u0165 tak\u00fdchto \u0161k\u00f4d. Ak miestne z\u00e1kony neumo\u017e\u0148uj\u00fa vyl\u00fa\u010denie ur\u010dit\u00fdch z\u00e1ruk alebo obmedzenie zodpovednosti za n\u00e1sledn\u00e9 \u0161kody, tieto vyl\u00fa\u010denia a obmedzenia sa na v\u00e1s nemusia vz\u0165ahova\u0165.<\/p>\n\n\n\n<p><strong>Presnos\u0165 materi\u00e1lov<\/strong><br>Materi\u00e1ly, ktor\u00e9 sa objavuj\u00fa na webov\u00fdch str\u00e1nkach PlusMob, m\u00f4\u017eu obsahova\u0165 technick\u00e9, typografick\u00e9 alebo fotografick\u00e9 chyby. PlusMob nezaru\u010duje presnos\u0165, \u00faplnos\u0165 alebo aktu\u00e1lnos\u0165 materi\u00e1lov na svojich webov\u00fdch str\u00e1nkach a m\u00f4\u017ee materi\u00e1ly kedyko\u013evek zmeni\u0165 bez upozornenia, ale neprij\u00edma \u017eiadny z\u00e1v\u00e4zok aktualizova\u0165 materi\u00e1ly.<\/p>\n\n\n\n<p><strong>Odkazy<\/strong><br>PlusMob neskontroloval v\u0161etky str\u00e1nky, ktor\u00e9 s\u00fa s n\u00edm spojen\u00e9, a nezodpoved\u00e1 za obsah \u017eiadnych extern\u00fdch str\u00e1nok. Zahrnutie ak\u00e9hoko\u013evek odkazu neznamen\u00e1, \u017ee PlusMob podporuje str\u00e1nku. Pou\u017e\u00edvanie odkazovan\u00fdch str\u00e1nok je na vlastn\u00e9 riziko pou\u017e\u00edvate\u013ea.<\/p>\n\n\n\n<p><strong>\u00dapravy Podmienok<\/strong><br>PlusMob m\u00f4\u017ee tieto podmienky pou\u017e\u00edvania kedyko\u013evek upravi\u0165 bez predch\u00e1dzaj\u00faceho upozornenia. Pou\u017e\u00edvan\u00edm tejto webovej str\u00e1nky s\u00fahlas\u00edte s t\u00fdm, \u017ee budete viazan\u00ed najnov\u0161ou verziou t\u00fdchto podmienok pou\u017e\u00edvania.<\/p>\n\n\n\n<p><strong>Platn\u00e9 pr\u00e1vo<\/strong><br>Tieto zmluvn\u00e9 podmienky sa riadia z\u00e1konmi PlusMob a vy neodvolate\u013ene s\u00fahlas\u00edte s v\u00fdhradnou jurisdikciou miestnych s\u00fadov.<\/p>","protected":false},"excerpt":{"rendered":"<p>Ao entrar no site PlusMob, voc\u00ea aceita estes termos de uso, bem como todas as leis e regulamenta\u00e7\u00f5es relevantes, e reconhece que tem a responsabilidade de observar as leis locais aplic\u00e1veis. Caso n\u00e3o concorde com estes termos, voc\u00ea est\u00e1 proibido de acessar ou utilizar o site. Os conte\u00fados presentes neste website est\u00e3o protegidos pelas leis [&hellip;]<\/p>\n","protected":false},"author":1,"featured_media":0,"parent":0,"menu_order":0,"comment_status":"closed","ping_status":"closed","template":"","meta":{"footnotes":""},"class_list":["post-112","page","type-page","status-publish"],"_links":{"self":[{"href":"https:\/\/plusmob.com\/sk\/wp-json\/wp\/v2\/pages\/112","targetHints":{"allow":["GET"]}}],"collection":[{"href":"https:\/\/plusmob.com\/sk\/wp-json\/wp\/v2\/pages"}],"about":[{"href":"https:\/\/plusmob.com\/sk\/wp-json\/wp\/v2\/types\/page"}],"author":[{"embeddable":true,"href":"https:\/\/plusmob.com\/sk\/wp-json\/wp\/v2\/users\/1"}],"replies":[{"embeddable":true,"href":"https:\/\/plusmob.com\/sk\/wp-json\/wp\/v2\/comments?post=112"}],"version-history":[{"count":1,"href":"https:\/\/plusmob.com\/sk\/wp-json\/wp\/v2\/pages\/112\/revisions"}],"predecessor-version":[{"id":113,"href":"https:\/\/plusmob.com\/sk\/wp-json\/wp\/v2\/pages\/112\/revisions\/113"}],"wp:attachment":[{"href":"https:\/\/plusmob.com\/sk\/wp-json\/wp\/v2\/media?parent=112"}],"curies":[{"name":"pracovn\u00fd list","href":"https:\/\/api.w.org\/{rel}","templated":true}]}}