{"id":114,"date":"2024-05-15T22:22:37","date_gmt":"2024-05-15T22:22:37","guid":{"rendered":"https:\/\/plusmob.com\/?page_id=114"},"modified":"2024-12-18T02:27:54","modified_gmt":"2024-12-18T02:27:54","slug":"zasady-ochrany-osobnych-udajov","status":"publish","type":"page","link":"https:\/\/plusmob.com\/sk\/politica-de-privacidade\/","title":{"rendered":"Z\u00e1sady ochrany osobn\u00fdch \u00fadajov"},"content":{"rendered":"<p>Va\u0161e s\u00fakromie je pre n\u00e1s ve\u013emi d\u00f4le\u017eit\u00e9. PlusMob sa zav\u00e4zuje chr\u00e1ni\u0165 va\u0161e s\u00fakromie po\u010das pou\u017e\u00edvania na\u0161ej webovej str\u00e1nky, ako aj in\u00fdch webov\u00fdch str\u00e1nok, ktor\u00e9 spravujeme. Va\u0161e osobn\u00e9 \u00fadaje zhroma\u017e\u010fujeme iba vtedy, ke\u010f je to potrebn\u00e9 na to, aby sme v\u00e1m mohli poskytn\u00fa\u0165 slu\u017ebu, a v\u017edy s pou\u017eit\u00edm spravodliv\u00fdch a transparentn\u00fdch met\u00f3d s va\u0161\u00edm vedom\u00edm a s\u00fahlasom. Objas\u0148ujeme tie\u017e d\u00f4vody zberu a sp\u00f4sob pou\u017eitia t\u00fdchto inform\u00e1ci\u00ed.<\/p>\n\n\n\n<p>Zhroma\u017eden\u00e9 inform\u00e1cie sa uchov\u00e1vaj\u00fa len tak dlho, ako je potrebn\u00e9 na poskytnutie po\u017eadovanej slu\u017eby. Va\u0161e \u00fadaje uchov\u00e1vame chr\u00e1nen\u00e9 komer\u010dne primeran\u00fdmi bezpe\u010dnostn\u00fdmi opatreniami, aby sme zabr\u00e1nili strate, kr\u00e1de\u017ei, ako aj neopr\u00e1vnen\u00e9mu pr\u00edstupu, zverejneniu, kop\u00edrovaniu, pou\u017eitiu alebo \u00faprave. Osobn\u00e9 \u00fadaje nezverej\u0148ujeme verejne ani tret\u00edm stran\u00e1m, pokia\u013e to nevy\u017eaduje z\u00e1kon.<\/p>\n\n\n\n<p>Na\u0161a webov\u00e1 str\u00e1nka m\u00f4\u017ee obsahova\u0165 odkazy na extern\u00e9 webov\u00e9 str\u00e1nky, ktor\u00e9 nespravujeme. Majte na pam\u00e4ti, \u017ee tieto extern\u00e9 str\u00e1nky nekontrolujeme a nezodpoved\u00e1me za ich z\u00e1sady ochrany osobn\u00fdch \u00fadajov. M\u00f4\u017eete sa rozhodn\u00fa\u0165 neposkytn\u00fa\u0165 svoje osobn\u00e9 \u00fadaje, ale to n\u00e1m m\u00f4\u017ee br\u00e1ni\u0165 v poskytovan\u00ed niektor\u00fdch slu\u017eieb, ktor\u00e9 po\u017eadujete. Va\u0161e \u010fal\u0161ie pou\u017e\u00edvanie na\u0161ej webovej str\u00e1nky bude pova\u017eovan\u00e9 za s\u00fahlas s na\u0161imi postupmi v oblasti ochrany osobn\u00fdch \u00fadajov a osobn\u00fdch \u00fadajov. Ak m\u00e1te ot\u00e1zky o tom, ako spravujeme pou\u017e\u00edvate\u013esk\u00e9 \u00fadaje a osobn\u00e9 inform\u00e1cie, nev\u00e1hajte n\u00e1s kontaktova\u0165.<\/p>\n\n\n\n<p><strong>Pravidl\u00e1 pou\u017e\u00edvania s\u00faborov cookie PlusMob<\/strong><\/p>\n\n\n\n<p><strong>\u010co s\u00fa cookies?<\/strong><br>Ako je be\u017en\u00e9 u takmer v\u0161etk\u00fdch profesion\u00e1lnych webov\u00fdch str\u00e1nok, na\u0161a str\u00e1nka pou\u017e\u00edva cookies, \u010do s\u00fa mal\u00e9 s\u00fabory stiahnut\u00e9 do v\u00e1\u0161ho zariadenia, aby sme zlep\u0161ili v\u00e1\u0161 online z\u00e1\u017eitok. T\u00e1to \u010das\u0165 vysvet\u013euje, ak\u00e9 inform\u00e1cie zhroma\u017e\u010fuj\u00fa, ako ich pou\u017e\u00edvame a pre\u010do je niekedy potrebn\u00e9 tieto s\u00fabory cookie uklada\u0165. Vysvetl\u00edme v\u00e1m tie\u017e, ako m\u00f4\u017eete zablokova\u0165 in\u0161tal\u00e1ciu s\u00faborov cookie, hoci to m\u00f4\u017ee ohrozi\u0165 funk\u010dnos\u0165 str\u00e1nky.<\/p>\n\n\n\n<p><strong>Pou\u017e\u00edvanie s\u00faborov cookie<\/strong><br>S\u00fabory cookie pou\u017e\u00edvame z nieko\u013ek\u00fdch d\u00f4vodov, ktor\u00e9 s\u00fa pop\u00edsan\u00e9 ni\u017e\u0161ie. Vo v\u00e4\u010d\u0161ine pr\u00edpadov neexistuj\u00fa \u017eiadne \u0161tandardn\u00e9 mo\u017enosti na zak\u00e1zanie s\u00faborov cookie bez ohrozenia funk\u010dnosti pridanej na str\u00e1nku. Odpor\u00fa\u010da sa, aby ste cookies nezakazovali, ak si nie ste ist\u00ed, \u010di ich potrebujete, preto\u017ee m\u00f4\u017eu by\u0165 potrebn\u00e9 na poskytovanie slu\u017eieb, ktor\u00e9 pou\u017e\u00edvate.<\/p>\n\n\n\n<p><strong>Zak\u00e1za\u0165 s\u00fabory cookie<\/strong><br>Nastavovaniu cookies m\u00f4\u017eete zabr\u00e1ni\u0165 \u00fapravou nastaven\u00ed prehliada\u010da. Pozrite si pomocn\u00edka v\u00e1\u0161ho prehliada\u010da, kde sa dozviete, ako to urobi\u0165. Majte na pam\u00e4ti, \u017ee zak\u00e1zanie s\u00faborov cookie ovplyvn\u00ed funk\u010dnos\u0165 tejto a in\u00fdch webov\u00fdch str\u00e1nok, ktor\u00e9 nav\u0161t\u00edvite. Zak\u00e1zanie s\u00faborov cookie vo v\u0161eobecnosti znamen\u00e1 stratu ur\u010dit\u00fdch funkci\u00ed a vlastnost\u00ed webovej str\u00e1nky, preto je vhodn\u00e9 ich nevyp\u00edna\u0165.<\/p>\n\n\n\n<p><strong>S\u00fabory cookie, ktor\u00e9 pou\u017e\u00edvame<\/strong><\/p>\n\n\n\n<ul class=\"wp-block-list\">\n<li><strong>S\u00fabory cookie \u00fa\u010dtu:<\/strong> Ak si u n\u00e1s vytvor\u00edte \u00fa\u010det, budeme na spr\u00e1vu registra\u010dn\u00e9ho procesu a v\u0161eobecnej administr\u00e1cie pou\u017e\u00edva\u0165 s\u00fabory cookie. Tieto s\u00fabory cookie sa zvy\u010dajne vyma\u017e\u00fa, ke\u010f sa odhl\u00e1site, aj ke\u010f m\u00f4\u017eu po odhl\u00e1sen\u00ed zosta\u0165, aby sa zachovali predvo\u013eby va\u0161ej lokality.<\/li>\n\n\n\n<li><strong>Prihlasovacie s\u00fabory cookie:<\/strong> Ke\u010f ste prihl\u00e1sen\u00ed, pou\u017e\u00edvame cookies na zapam\u00e4tanie si va\u0161ej rel\u00e1cie. To v\u00e1m u\u0161etr\u00ed opakovan\u00e9 prihlasovanie pri n\u00e1v\u0161teve r\u00f4znych str\u00e1nok. Tieto s\u00fabory cookie sa odstr\u00e1nia alebo vyma\u017e\u00fa, ke\u010f sa odhl\u00e1site, aby ste sa uistili, \u017ee po\u010das prihl\u00e1senia budete ma\u0165 pr\u00edstup iba k obmedzen\u00fdm funkci\u00e1m a oblastiam.<\/li>\n\n\n\n<li><strong>Newsletter cookies:<\/strong> Ak str\u00e1nka pon\u00faka slu\u017eby odberu noviniek alebo e-mailov, s\u00fabory cookie sa m\u00f4\u017eu pou\u017ei\u0165 na zapam\u00e4tanie si toho, \u010di ste zaregistrovan\u00fd a \u010di by sa mali zobrazova\u0165 ur\u010dit\u00e9 upozornenia platn\u00e9 len pre prihl\u00e1sen\u00fdch alebo odhl\u00e1sen\u00fdch pou\u017e\u00edvate\u013eov.<\/li>\n<\/ul>","protected":false},"excerpt":{"rendered":"<p>A sua privacidade \u00e9 de grande import\u00e2ncia para n\u00f3s. A PlusMob se compromete a proteger a sua privacidade enquanto voc\u00ea utiliza nosso site, bem como outros sites que administramos. Coletamos suas informa\u00e7\u00f5es pessoais apenas quando necess\u00e1rio para fornecer um servi\u00e7o a voc\u00ea, e sempre com m\u00e9todos justos e transparentes, com seu conhecimento e consentimento. Tamb\u00e9m [&hellip;]<\/p>\n","protected":false},"author":1,"featured_media":0,"parent":0,"menu_order":0,"comment_status":"closed","ping_status":"closed","template":"","meta":{"footnotes":""},"class_list":["post-114","page","type-page","status-publish"],"_links":{"self":[{"href":"https:\/\/plusmob.com\/sk\/wp-json\/wp\/v2\/pages\/114","targetHints":{"allow":["GET"]}}],"collection":[{"href":"https:\/\/plusmob.com\/sk\/wp-json\/wp\/v2\/pages"}],"about":[{"href":"https:\/\/plusmob.com\/sk\/wp-json\/wp\/v2\/types\/page"}],"author":[{"embeddable":true,"href":"https:\/\/plusmob.com\/sk\/wp-json\/wp\/v2\/users\/1"}],"replies":[{"embeddable":true,"href":"https:\/\/plusmob.com\/sk\/wp-json\/wp\/v2\/comments?post=114"}],"version-history":[{"count":2,"href":"https:\/\/plusmob.com\/sk\/wp-json\/wp\/v2\/pages\/114\/revisions"}],"predecessor-version":[{"id":455,"href":"https:\/\/plusmob.com\/sk\/wp-json\/wp\/v2\/pages\/114\/revisions\/455"}],"wp:attachment":[{"href":"https:\/\/plusmob.com\/sk\/wp-json\/wp\/v2\/media?parent=114"}],"curies":[{"name":"pracovn\u00fd list","href":"https:\/\/api.w.org\/{rel}","templated":true}]}}