{"id":112,"date":"2024-05-15T22:20:47","date_gmt":"2024-05-15T22:20:47","guid":{"rendered":"https:\/\/plusmob.com\/?page_id=112"},"modified":"2024-05-15T22:20:47","modified_gmt":"2024-05-15T22:20:47","slug":"pogoji-uporabe","status":"publish","type":"page","link":"https:\/\/plusmob.com\/sl\/termos-de-uso\/","title":{"rendered":"Pogoji uporabe"},"content":{"rendered":"<p>Z vstopom na spletno mesto PlusMob sprejemate te pogoje uporabe ter vse ustrezne zakone in predpise ter potrjujete, da ste odgovorni za ravnanje v skladu z veljavno lokalno zakonodajo. \u010ce se s temi pogoji ne strinjate, vam je prepovedan dostop ali uporaba spletnega mesta. Vsebine na tej spletni strani so za\u0161\u010ditene z veljavno zakonodajo o intelektualni lastnini in blagovnih znamkah.<\/p>\n\n\n\n<p><strong>Podelitev licence<\/strong><br>PlusMob vam podeljuje pravico do za\u010dasnega prenosa ene kopije materialov, ki so na voljo na spletnem mestu (informacije ali programska oprema), samo za osebni, nekomercialni ogled. Ta koncesija je pravica uporabe in ne lastni\u0161tva. Ne bi smel:<\/p>\n\n\n\n<ul class=\"wp-block-list\">\n<li>Spremenite ali kopirajte materiale;<\/li>\n\n\n\n<li>Uporabite materiale v komercialne namene ali za javno prikazovanje (komercialno ali druga\u010de);<\/li>\n\n\n\n<li>Poskusi obratnega in\u017eeniringa ali dekompilacije programske opreme, ki jo najdete na spletni strani PlusMob;<\/li>\n\n\n\n<li>Izbri\u0161ite vsa obvestila o avtorskih pravicah ali druge lastni\u0161ke oznake iz gradiva;<\/li>\n\n\n\n<li>Posredujte materiale drugi osebi ali podvojite materiale na drugem stre\u017eniku.<\/li>\n<\/ul>\n\n\n\n<p>Ta licenca bo samodejno prenehala veljati, \u010de prekr\u0161ite katero od teh omejitev in jo lahko PlusMob kadar koli prekine. Po prekinitvi ogledovanja materialov ali po koncu te licence morate izbrisati vsa prenesena gradiva v elektronski ali tiskani obliki.<\/p>\n\n\n\n<p><strong>Zavrnitev odgovornosti<\/strong><br>Gradiva na spletni strani PlusMob so na voljo na podlagi &quot;tak\u0161na, kot so&quot;. PlusMob ne daje nobenih jamstev, izrecnih ali implicitnih, in zavra\u010da vsa druga jamstva, vklju\u010dno, brez omejitev, implicitnih jamstev glede primernosti za prodajo, primernosti za dolo\u010den namen ali nekr\u0161itve pravic intelektualne lastnine.<\/p>\n\n\n\n<p><strong>Omejitve odgovornosti<\/strong><br>PlusMob ali njegovi dobavitelji v nobenem primeru ne bodo odgovorni za kakr\u0161no koli \u0161kodo, ki bi nastala zaradi uporabe ali nezmo\u017enosti uporabe materialov na PlusMob, tudi \u010de so obve\u0161\u010deni o mo\u017enosti tak\u0161ne \u0161kode. \u010ce lokalni zakoni ne dovoljujejo izklju\u010ditve dolo\u010denih jamstev ali omejitve odgovornosti za posledi\u010dno \u0161kodo, te izklju\u010ditve in omejitve morda ne veljajo za vas.<\/p>\n\n\n\n<p><strong>Natan\u010dnost materialov<\/strong><br>Gradiva, ki se pojavljajo na spletni strani PlusMob, lahko vsebujejo tehni\u010dne, tipografske ali fotografske napake. PlusMob ne jam\u010di za to\u010dnost, popolnost ali a\u017eurnost gradiv na svoji spletni strani in jih lahko kadar koli spremeni brez predhodnega obvestila, vendar se ne zavezuje k posodabljanju gradiv.<\/p>\n\n\n\n<p><strong>Povezave<\/strong><br>PlusMob ni pregledal vseh spletnih mest, povezanih z njim, in ni odgovoren za vsebino zunanjih spletnih mest. Vklju\u010ditev katere koli povezave ne pomeni, da PlusMob podpira spletno mesto. Uporaba povezanih spletnih mest je na lastno odgovornost uporabnika.<\/p>\n\n\n\n<p><strong>Spremembe pogojev<\/strong><br>PlusMob lahko kadar koli spremeni te pogoje uporabe brez predhodnega obvestila. Z uporabo te spletne strani se strinjate, da vas zavezuje najnovej\u0161a razli\u010dica teh pogojev uporabe.<\/p>\n\n\n\n<p><strong>Veljavno pravo<\/strong><br>Ta dolo\u010dila in pogoje urejajo zakoni PlusMob in nepreklicno sogla\u0161ate z izklju\u010dno pristojnostjo lokalnih sodi\u0161\u010d.<\/p>","protected":false},"excerpt":{"rendered":"<p>Ao entrar no site PlusMob, voc\u00ea aceita estes termos de uso, bem como todas as leis e regulamenta\u00e7\u00f5es relevantes, e reconhece que tem a responsabilidade de observar as leis locais aplic\u00e1veis. Caso n\u00e3o concorde com estes termos, voc\u00ea est\u00e1 proibido de acessar ou utilizar o site. Os conte\u00fados presentes neste website est\u00e3o protegidos pelas leis [&hellip;]<\/p>\n","protected":false},"author":1,"featured_media":0,"parent":0,"menu_order":0,"comment_status":"closed","ping_status":"closed","template":"","meta":{"footnotes":""},"class_list":["post-112","page","type-page","status-publish"],"_links":{"self":[{"href":"https:\/\/plusmob.com\/sl\/wp-json\/wp\/v2\/pages\/112","targetHints":{"allow":["GET"]}}],"collection":[{"href":"https:\/\/plusmob.com\/sl\/wp-json\/wp\/v2\/pages"}],"about":[{"href":"https:\/\/plusmob.com\/sl\/wp-json\/wp\/v2\/types\/page"}],"author":[{"embeddable":true,"href":"https:\/\/plusmob.com\/sl\/wp-json\/wp\/v2\/users\/1"}],"replies":[{"embeddable":true,"href":"https:\/\/plusmob.com\/sl\/wp-json\/wp\/v2\/comments?post=112"}],"version-history":[{"count":1,"href":"https:\/\/plusmob.com\/sl\/wp-json\/wp\/v2\/pages\/112\/revisions"}],"predecessor-version":[{"id":113,"href":"https:\/\/plusmob.com\/sl\/wp-json\/wp\/v2\/pages\/112\/revisions\/113"}],"wp:attachment":[{"href":"https:\/\/plusmob.com\/sl\/wp-json\/wp\/v2\/media?parent=112"}],"curies":[{"name":"delovni list","href":"https:\/\/api.w.org\/{rel}","templated":true}]}}