{"id":114,"date":"2024-05-15T22:22:37","date_gmt":"2024-05-15T22:22:37","guid":{"rendered":"https:\/\/plusmob.com\/?page_id=114"},"modified":"2024-12-18T02:27:54","modified_gmt":"2024-12-18T02:27:54","slug":"politika-zasebnosti","status":"publish","type":"page","link":"https:\/\/plusmob.com\/sl\/politica-de-privacidade\/","title":{"rendered":"Politika zasebnosti"},"content":{"rendered":"<p>Va\u0161a zasebnost je za nas zelo pomembna. PlusMob se zavezuje, da bo varoval va\u0161o zasebnost med uporabo na\u0161ega spletnega mesta, pa tudi drugih spletnih mest, ki jih upravljamo. Va\u0161e osebne podatke zbiramo samo, kadar je to potrebno za zagotavljanje storitve, in vedno z uporabo po\u0161tenih in transparentnih metod, z va\u0161im vedenjem in soglasjem. Pojasnjujemo tudi razloge za zbiranje in kako bodo ti podatki uporabljeni.<\/p>\n\n\n\n<p>Zbrani podatki se hranijo le toliko \u010dasa, kolikor je potrebno za zagotavljanje zahtevane storitve. Va\u0161e podatke hranimo za\u0161\u010ditene s komercialno razumnimi varnostnimi ukrepi, da prepre\u010dimo izgubo, krajo ter nepoobla\u0161\u010den dostop, razkritje, kopiranje, uporabo ali spreminjanje. Osebnih podatkov ne razkrivamo javno ali tretjim osebam, razen \u010de to zahteva zakon.<\/p>\n\n\n\n<p>Na\u0161e spletno mesto lahko vsebuje povezave do zunanjih spletnih mest, ki jih ne upravljamo mi. Upo\u0161tevajte, da ne nadzorujemo teh zunanjih spletnih mest in nismo odgovorni za njihove politike zasebnosti. Lahko se odlo\u010dite, da svojih osebnih podatkov ne boste posredovali, vendar nam to lahko prepre\u010di zagotavljanje nekaterih storitev, ki jih \u017eelite. Va\u0161a nadaljnja uporaba na\u0161ega spletnega mesta se bo \u0161tela za sprejemanje na\u0161ih praks glede zasebnosti in osebnih podatkov. \u010ce imate vpra\u0161anja o tem, kako upravljamo uporabni\u0161ke podatke in osebne podatke, nas kontaktirajte.<\/p>\n\n\n\n<p><strong>Politika pi\u0161kotkov PlusMob<\/strong><\/p>\n\n\n\n<p><strong>Kaj so pi\u0161kotki?<\/strong><br>Kot je obi\u010dajno pri skoraj vseh profesionalnih spletnih mestih, na\u0161e spletno mesto uporablja pi\u0161kotke, ki so majhne datoteke, nalo\u017eene v va\u0161o napravo, za izbolj\u0161anje va\u0161e spletne izku\u0161nje. V tem razdelku je pojasnjeno, katere podatke zbirajo, kako jih uporabljamo in zakaj je v\u010dasih potrebno shraniti te pi\u0161kotke. Pojasnili bomo tudi, kako lahko blokirate namestitev pi\u0161kotkov, \u010deprav lahko to ogrozi funkcionalnost spletnega mesta.<\/p>\n\n\n\n<p><strong>Uporaba pi\u0161kotkov<\/strong><br>Pi\u0161kotke uporabljamo iz ve\u010d razlogov, opisanih spodaj. V ve\u010dini primerov ni standardnih mo\u017enosti za onemogo\u010danje pi\u0161kotkov brez ogro\u017eanja funkcionalnosti, dodane spletnemu mestu. Priporo\u010dljivo je, da pi\u0161kotkov ne onemogo\u010dite, \u010de niste prepri\u010dani, ali jih potrebujete, saj so lahko potrebni za zagotavljanje storitev, ki jih uporabljate.<\/p>\n\n\n\n<p><strong>Onemogo\u010di pi\u0161kotke<\/strong><br>Nastavitev pi\u0161kotkov lahko prepre\u010dite tako, da prilagodite nastavitve brskalnika. \u010ce \u017eelite izvedeti, kako to storite, si oglejte pomo\u010d brskalnika. Upo\u0161tevajte, da bo onemogo\u010danje pi\u0161kotkov vplivalo na delovanje tega in drugih spletnih mest, ki jih obi\u0161\u010dete. Onemogo\u010danje pi\u0161kotkov na splo\u0161no pomeni izgubo dolo\u010denih funkcionalnosti in lastnosti spletne strani, zato je priporo\u010dljivo, da jih ne onemogo\u010dite.<\/p>\n\n\n\n<p><strong>Pi\u0161kotki, ki jih uporabljamo<\/strong><\/p>\n\n\n\n<ul class=\"wp-block-list\">\n<li><strong>Pi\u0161kotki ra\u010duna:<\/strong> \u010ce pri nas ustvarite ra\u010dun, bomo za upravljanje postopka registracije in splo\u0161ne administracije uporabljali pi\u0161kotke. Ti pi\u0161kotki se obi\u010dajno izbri\u0161ejo, ko se odjavite, \u010deprav lahko ostanejo tudi pozneje, da ohranijo va\u0161e nastavitve spletnega mesta, ko se odjavite.<\/li>\n\n\n\n<li><strong>Pi\u0161kotki za prijavo:<\/strong> Ko ste prijavljeni, uporabljamo pi\u0161kotke, da si zapomnimo va\u0161o sejo. To vam prihrani ponavljajo\u010do se prijavo, ko obi\u0161\u010dete razli\u010dne strani. Ti pi\u0161kotki se odstranijo ali po\u010distijo, ko se odjavite, da zagotovite, da imate dostop do omejenih funkcij in obmo\u010dij le, ko ste prijavljeni.<\/li>\n\n\n\n<li><strong>Pi\u0161kotki glasila:<\/strong> \u010ce spletno mesto ponuja storitve naro\u010danja na novice ali e-po\u0161to, se lahko pi\u0161kotki uporabijo za zapomnitev, ali ste registrirani in ali naj se prika\u017eejo dolo\u010dena obvestila, ki veljajo samo za naro\u010dene ali nenaro\u010dene uporabnike.<\/li>\n<\/ul>","protected":false},"excerpt":{"rendered":"<p>A sua privacidade \u00e9 de grande import\u00e2ncia para n\u00f3s. A PlusMob se compromete a proteger a sua privacidade enquanto voc\u00ea utiliza nosso site, bem como outros sites que administramos. Coletamos suas informa\u00e7\u00f5es pessoais apenas quando necess\u00e1rio para fornecer um servi\u00e7o a voc\u00ea, e sempre com m\u00e9todos justos e transparentes, com seu conhecimento e consentimento. Tamb\u00e9m [&hellip;]<\/p>\n","protected":false},"author":1,"featured_media":0,"parent":0,"menu_order":0,"comment_status":"closed","ping_status":"closed","template":"","meta":{"footnotes":""},"class_list":["post-114","page","type-page","status-publish"],"_links":{"self":[{"href":"https:\/\/plusmob.com\/sl\/wp-json\/wp\/v2\/pages\/114","targetHints":{"allow":["GET"]}}],"collection":[{"href":"https:\/\/plusmob.com\/sl\/wp-json\/wp\/v2\/pages"}],"about":[{"href":"https:\/\/plusmob.com\/sl\/wp-json\/wp\/v2\/types\/page"}],"author":[{"embeddable":true,"href":"https:\/\/plusmob.com\/sl\/wp-json\/wp\/v2\/users\/1"}],"replies":[{"embeddable":true,"href":"https:\/\/plusmob.com\/sl\/wp-json\/wp\/v2\/comments?post=114"}],"version-history":[{"count":2,"href":"https:\/\/plusmob.com\/sl\/wp-json\/wp\/v2\/pages\/114\/revisions"}],"predecessor-version":[{"id":455,"href":"https:\/\/plusmob.com\/sl\/wp-json\/wp\/v2\/pages\/114\/revisions\/455"}],"wp:attachment":[{"href":"https:\/\/plusmob.com\/sl\/wp-json\/wp\/v2\/media?parent=114"}],"curies":[{"name":"delovni list","href":"https:\/\/api.w.org\/{rel}","templated":true}]}}