{"id":112,"date":"2024-05-15T22:20:47","date_gmt":"2024-05-15T22:20:47","guid":{"rendered":"https:\/\/plusmob.com\/?page_id=112"},"modified":"2024-05-15T22:20:47","modified_gmt":"2024-05-15T22:20:47","slug":"villkor","status":"publish","type":"page","link":"https:\/\/plusmob.com\/sv\/termos-de-uso\/","title":{"rendered":"Villkor"},"content":{"rendered":"<p>Genom att g\u00e5 in p\u00e5 PlusMobs webbplats accepterar du dessa anv\u00e4ndarvillkor, s\u00e5v\u00e4l som alla relevanta lagar och f\u00f6rordningar, och erk\u00e4nner att du har ett ansvar att f\u00f6lja till\u00e4mpliga lokala lagar. Om du inte godk\u00e4nner dessa villkor \u00e4r du f\u00f6rbjuden att komma \u00e5t eller anv\u00e4nda webbplatsen. Inneh\u00e5llet p\u00e5 denna webbplats \u00e4r skyddat av g\u00e4llande immateriella r\u00e4ttigheter och varum\u00e4rkeslagar.<\/p>\n\n\n\n<p><strong>Licensbeviljande<\/strong><br>PlusMob ger dig r\u00e4tten att tillf\u00e4lligt ladda ner en kopia av det material som finns tillg\u00e4ngligt p\u00e5 webbplatsen (information eller programvara) endast f\u00f6r personlig, icke-kommersiell visning. Denna koncession \u00e4r en nyttjander\u00e4tt, inte \u00e4gander\u00e4tt. Du borde inte:<\/p>\n\n\n\n<ul class=\"wp-block-list\">\n<li>\u00c4ndra eller kopiera materialet;<\/li>\n\n\n\n<li>Anv\u00e4nd materialet f\u00f6r kommersiella \u00e4ndam\u00e5l eller f\u00f6r offentlig visning (kommersiellt eller p\u00e5 annat s\u00e4tt);<\/li>\n\n\n\n<li>F\u00f6rs\u00f6k att bak\u00e5tkonstruera eller dekompilera n\u00e5gon programvara som finns p\u00e5 PlusMobs webbplats;<\/li>\n\n\n\n<li>Ta bort alla upphovsr\u00e4ttsmeddelanden eller andra \u00e4gander\u00e4ttsindikationer fr\u00e5n materialet;<\/li>\n\n\n\n<li>Vidarebefordra materialet till en annan person eller duplicera materialet p\u00e5 en annan server.<\/li>\n<\/ul>\n\n\n\n<p>Denna licens kommer automatiskt att avslutas om du bryter mot n\u00e5gon av dessa begr\u00e4nsningar och kan s\u00e4gas upp av PlusMob n\u00e4r som helst. N\u00e4r du avslutar din visning av materialet eller vid slutet av denna licens m\u00e5ste du radera allt nedladdat material, oavsett om det \u00e4r i elektroniskt eller tryckt format.<\/p>\n\n\n\n<p><strong>varning<\/strong><br>Materialet p\u00e5 PlusMob-webbplatsen tillhandah\u00e5lls &quot;i befintligt skick&quot;. PlusMob ger inga garantier, vare sig uttryckliga eller underf\u00f6rst\u00e5dda, och fr\u00e5ns\u00e4ger sig alla andra garantier, inklusive, utan begr\u00e4nsning, underf\u00f6rst\u00e5dda garantier om s\u00e4ljbarhet, l\u00e4mplighet f\u00f6r ett visst \u00e4ndam\u00e5l eller icke-intr\u00e5ng i immateriella r\u00e4ttigheter.<\/p>\n\n\n\n<p><strong>Ansvarsbegr\u00e4nsningar<\/strong><br>Under inga omst\u00e4ndigheter kommer PlusMob eller dess leverant\u00f6rer att h\u00e5llas ansvariga f\u00f6r skador som uppst\u00e5r fr\u00e5n anv\u00e4ndningen av eller of\u00f6rm\u00e5gan att anv\u00e4nda materialet p\u00e5 PlusMob, \u00e4ven om de informeras om m\u00f6jligheten till s\u00e5dana skador. Om lokala lagar inte till\u00e5ter uteslutning av vissa garantier eller begr\u00e4nsning av ansvar f\u00f6r f\u00f6ljdskador, kanske dessa undantag och begr\u00e4nsningar inte g\u00e4ller dig.<\/p>\n\n\n\n<p><strong>Materialens precision<\/strong><br>Materialet som visas p\u00e5 PlusMobs webbplats kan inneh\u00e5lla tekniska, typografiska eller fotografiska fel. PlusMob garanterar inte materialets riktighet, fullst\u00e4ndighet eller aktualitet p\u00e5 sin webbplats och kan \u00e4ndra materialet n\u00e4r som helst utan f\u00f6rvarning, men g\u00f6r inget \u00e5tagande att uppdatera materialet.<\/p>\n\n\n\n<p><strong>L\u00e4nkar<\/strong><br>PlusMob har inte granskat alla webbplatser som \u00e4r l\u00e4nkade till den och \u00e4r inte ansvarig f\u00f6r inneh\u00e5llet p\u00e5 externa webbplatser. Inkluderandet av n\u00e5gon l\u00e4nk inneb\u00e4r inte att PlusMob godk\u00e4nner webbplatsen. Anv\u00e4ndning av l\u00e4nkade webbplatser sker p\u00e5 anv\u00e4ndarens egen risk.<\/p>\n\n\n\n<p><strong>\u00c4ndringar av villkoren<\/strong><br>PlusMob kan \u00e4ndra dessa anv\u00e4ndarvillkor n\u00e4r som helst utan f\u00f6reg\u00e5ende meddelande. Genom att anv\u00e4nda denna webbplats samtycker du till att vara bunden av den senaste versionen av dessa anv\u00e4ndarvillkor.<\/p>\n\n\n\n<p><strong>Till\u00e4mplig lag<\/strong><br>Dessa villkor regleras av lagarna i PlusMob, och du samtycker o\u00e5terkalleligt till de lokala domstolarnas exklusiva jurisdiktion.<\/p>","protected":false},"excerpt":{"rendered":"<p>Ao entrar no site PlusMob, voc\u00ea aceita estes termos de uso, bem como todas as leis e regulamenta\u00e7\u00f5es relevantes, e reconhece que tem a responsabilidade de observar as leis locais aplic\u00e1veis. Caso n\u00e3o concorde com estes termos, voc\u00ea est\u00e1 proibido de acessar ou utilizar o site. Os conte\u00fados presentes neste website est\u00e3o protegidos pelas leis [&hellip;]<\/p>\n","protected":false},"author":1,"featured_media":0,"parent":0,"menu_order":0,"comment_status":"closed","ping_status":"closed","template":"","meta":{"footnotes":""},"class_list":["post-112","page","type-page","status-publish"],"_links":{"self":[{"href":"https:\/\/plusmob.com\/sv\/wp-json\/wp\/v2\/pages\/112","targetHints":{"allow":["GET"]}}],"collection":[{"href":"https:\/\/plusmob.com\/sv\/wp-json\/wp\/v2\/pages"}],"about":[{"href":"https:\/\/plusmob.com\/sv\/wp-json\/wp\/v2\/types\/page"}],"author":[{"embeddable":true,"href":"https:\/\/plusmob.com\/sv\/wp-json\/wp\/v2\/users\/1"}],"replies":[{"embeddable":true,"href":"https:\/\/plusmob.com\/sv\/wp-json\/wp\/v2\/comments?post=112"}],"version-history":[{"count":1,"href":"https:\/\/plusmob.com\/sv\/wp-json\/wp\/v2\/pages\/112\/revisions"}],"predecessor-version":[{"id":113,"href":"https:\/\/plusmob.com\/sv\/wp-json\/wp\/v2\/pages\/112\/revisions\/113"}],"wp:attachment":[{"href":"https:\/\/plusmob.com\/sv\/wp-json\/wp\/v2\/media?parent=112"}],"curies":[{"name":"wp","href":"https:\/\/api.w.org\/{rel}","templated":true}]}}