{"id":114,"date":"2024-05-15T22:22:37","date_gmt":"2024-05-15T22:22:37","guid":{"rendered":"https:\/\/plusmob.com\/?page_id=114"},"modified":"2024-12-18T02:27:54","modified_gmt":"2024-12-18T02:27:54","slug":"integritetspolicy","status":"publish","type":"page","link":"https:\/\/plusmob.com\/sv\/politica-de-privacidade\/","title":{"rendered":"Integritetspolicy"},"content":{"rendered":"<p>Din integritet \u00e4r av stor betydelse f\u00f6r oss. PlusMob har \u00e5tagit sig att skydda din integritet medan du anv\u00e4nder v\u00e5r webbplats, s\u00e5v\u00e4l som andra webbplatser som vi hanterar. Vi samlar in dina personuppgifter endast n\u00e4r det \u00e4r n\u00f6dv\u00e4ndigt f\u00f6r att tillhandah\u00e5lla en tj\u00e4nst till dig, och alltid med r\u00e4ttvisa och transparenta metoder, med din kunskap och ditt samtycke. Vi klarg\u00f6r ocks\u00e5 sk\u00e4len till insamlingen och hur denna information kommer att anv\u00e4ndas.<\/p>\n\n\n\n<p>Informationen som samlas in sparas endast s\u00e5 l\u00e4nge som det \u00e4r n\u00f6dv\u00e4ndigt f\u00f6r att tillhandah\u00e5lla den efterfr\u00e5gade tj\u00e4nsten. Vi lagrar dina data skyddade av kommersiellt rimliga s\u00e4kerhets\u00e5tg\u00e4rder f\u00f6r att f\u00f6rhindra f\u00f6rlust, st\u00f6ld, s\u00e5v\u00e4l som obeh\u00f6rig \u00e5tkomst, avsl\u00f6jande, kopiering, anv\u00e4ndning eller modifiering. Vi l\u00e4mnar inte ut personlig information offentligt eller till tredje part om det inte kr\u00e4vs enligt lag.<\/p>\n\n\n\n<p>V\u00e5r webbplats kan inneh\u00e5lla l\u00e4nkar till externa webbplatser som inte hanteras av oss. Kom ih\u00e5g att vi inte kontrollerar dessa externa webbplatser och \u00e4r inte ansvariga f\u00f6r deras integritetspolicy. Du kan v\u00e4lja att inte tillhandah\u00e5lla din personliga information, men det kan hindra oss fr\u00e5n att tillhandah\u00e5lla n\u00e5gra av de tj\u00e4nster du vill ha. Din fortsatta anv\u00e4ndning av v\u00e5r webbplats kommer att anses acceptera v\u00e5r sekretess- och personliga informationspraxis. Om du har fr\u00e5gor om hur vi hanterar anv\u00e4ndardata och personlig information \u00e4r du v\u00e4lkommen att kontakta oss.<\/p>\n\n\n\n<p><strong>PlusMob Cookies Policy<\/strong><\/p>\n\n\n\n<p><strong>Vad \u00e4r cookies?<\/strong><br>Som \u00e4r vanligt med n\u00e4stan alla professionella webbplatser anv\u00e4nder v\u00e5r webbplats cookies, som \u00e4r sm\u00e5 filer som laddas ner till din enhet, f\u00f6r att f\u00f6rb\u00e4ttra din onlineupplevelse. Det h\u00e4r avsnittet f\u00f6rklarar vilken information de samlar in, hur vi anv\u00e4nder den och varf\u00f6r det ibland \u00e4r n\u00f6dv\u00e4ndigt att lagra dessa cookies. Vi kommer ocks\u00e5 att f\u00f6rklara hur du kan blockera installationen av cookies, \u00e4ven om detta kan \u00e4ventyra webbplatsens funktionalitet.<\/p>\n\n\n\n<p><strong>Anv\u00e4ndning av cookies<\/strong><br>Vi anv\u00e4nder cookies av flera sk\u00e4l, som beskrivs nedan. I de flesta fall finns det inga standardalternativ f\u00f6r att inaktivera cookies utan att kompromissa med funktionaliteten som lagts till p\u00e5 webbplatsen. Det rekommenderas att du inte inaktiverar cookies om du inte \u00e4r s\u00e4ker p\u00e5 om du beh\u00f6ver dem, eftersom de kan vara n\u00f6dv\u00e4ndiga f\u00f6r att tillhandah\u00e5lla tj\u00e4nster som du anv\u00e4nder.<\/p>\n\n\n\n<p><strong>Inaktivera cookies<\/strong><br>Du kan f\u00f6rhindra inst\u00e4llningen av cookies genom att justera dina webbl\u00e4sarinst\u00e4llningar. Se din webbl\u00e4sares hj\u00e4lp f\u00f6r att l\u00e4ra dig hur du g\u00f6r detta. T\u00e4nk p\u00e5 att inaktivering av cookies kommer att p\u00e5verka funktionen hos denna och andra webbplatser du bes\u00f6ker. Att inaktivera cookies inneb\u00e4r i allm\u00e4nhet f\u00f6rlust av vissa funktioner och funktioner p\u00e5 webbplatsen, s\u00e5 det \u00e4r tillr\u00e5dligt att inte inaktivera dem.<\/p>\n\n\n\n<p><strong>Cookies vi anv\u00e4nder<\/strong><\/p>\n\n\n\n<ul class=\"wp-block-list\">\n<li><strong>Kontokakor:<\/strong> Om du skapar ett konto hos oss kommer vi att anv\u00e4nda cookies f\u00f6r att hantera registreringsprocessen och allm\u00e4n administration. Dessa cookies tas vanligtvis bort n\u00e4r du loggar ut, \u00e4ven om de kan finnas kvar efter\u00e5t f\u00f6r att beh\u00e5lla dina webbplatsinst\u00e4llningar efter att du loggat ut.<\/li>\n\n\n\n<li><strong>Inloggningscookies:<\/strong> N\u00e4r du \u00e4r inloggad anv\u00e4nder vi cookies f\u00f6r att komma ih\u00e5g din session. Detta g\u00f6r att du slipper logga in upprepade g\u00e5nger n\u00e4r du bes\u00f6ker olika sidor. Dessa cookies tas bort eller rensas n\u00e4r du loggar ut f\u00f6r att s\u00e4kerst\u00e4lla att du bara har tillg\u00e5ng till begr\u00e4nsade funktioner och omr\u00e5den n\u00e4r du \u00e4r inloggad.<\/li>\n\n\n\n<li><strong>Nyhetsbrevscookies:<\/strong> Om webbplatsen erbjuder nyhetsbrev eller e-postprenumerationstj\u00e4nster kan cookies anv\u00e4ndas f\u00f6r att komma ih\u00e5g om du \u00e4r registrerad och om vissa meddelanden, som endast g\u00e4ller f\u00f6r prenumererade eller avregistrerade anv\u00e4ndare, ska visas.<\/li>\n<\/ul>","protected":false},"excerpt":{"rendered":"<p>A sua privacidade \u00e9 de grande import\u00e2ncia para n\u00f3s. A PlusMob se compromete a proteger a sua privacidade enquanto voc\u00ea utiliza nosso site, bem como outros sites que administramos. Coletamos suas informa\u00e7\u00f5es pessoais apenas quando necess\u00e1rio para fornecer um servi\u00e7o a voc\u00ea, e sempre com m\u00e9todos justos e transparentes, com seu conhecimento e consentimento. Tamb\u00e9m [&hellip;]<\/p>\n","protected":false},"author":1,"featured_media":0,"parent":0,"menu_order":0,"comment_status":"closed","ping_status":"closed","template":"","meta":{"footnotes":""},"class_list":["post-114","page","type-page","status-publish"],"_links":{"self":[{"href":"https:\/\/plusmob.com\/sv\/wp-json\/wp\/v2\/pages\/114","targetHints":{"allow":["GET"]}}],"collection":[{"href":"https:\/\/plusmob.com\/sv\/wp-json\/wp\/v2\/pages"}],"about":[{"href":"https:\/\/plusmob.com\/sv\/wp-json\/wp\/v2\/types\/page"}],"author":[{"embeddable":true,"href":"https:\/\/plusmob.com\/sv\/wp-json\/wp\/v2\/users\/1"}],"replies":[{"embeddable":true,"href":"https:\/\/plusmob.com\/sv\/wp-json\/wp\/v2\/comments?post=114"}],"version-history":[{"count":2,"href":"https:\/\/plusmob.com\/sv\/wp-json\/wp\/v2\/pages\/114\/revisions"}],"predecessor-version":[{"id":455,"href":"https:\/\/plusmob.com\/sv\/wp-json\/wp\/v2\/pages\/114\/revisions\/455"}],"wp:attachment":[{"href":"https:\/\/plusmob.com\/sv\/wp-json\/wp\/v2\/media?parent=114"}],"curies":[{"name":"wp","href":"https:\/\/api.w.org\/{rel}","templated":true}]}}