{"id":112,"date":"2024-05-15T22:20:47","date_gmt":"2024-05-15T22:20:47","guid":{"rendered":"https:\/\/plusmob.com\/?page_id=112"},"modified":"2024-05-15T22:20:47","modified_gmt":"2024-05-15T22:20:47","slug":"%e0%b8%82%e0%b9%89%e0%b8%ad%e0%b8%81%e0%b8%b3%e0%b8%ab%e0%b8%99%e0%b8%94%e0%b8%81%e0%b8%b2%e0%b8%a3%e0%b9%83%e0%b8%8a%e0%b9%89%e0%b8%87%e0%b8%b2%e0%b8%99","status":"publish","type":"page","link":"https:\/\/plusmob.com\/th\/termos-de-uso\/","title":{"rendered":"\u0e02\u0e49\u0e2d\u0e01\u0e33\u0e2b\u0e19\u0e14\u0e01\u0e32\u0e23\u0e43\u0e0a\u0e49\u0e07\u0e32\u0e19"},"content":{"rendered":"<p>\u0e40\u0e21\u0e37\u0e48\u0e2d\u0e40\u0e02\u0e49\u0e32\u0e2a\u0e39\u0e48\u0e40\u0e27\u0e47\u0e1a\u0e44\u0e0b\u0e15\u0e4c PlusMob \u0e04\u0e38\u0e13\u0e22\u0e2d\u0e21\u0e23\u0e31\u0e1a\u0e02\u0e49\u0e2d\u0e01\u0e33\u0e2b\u0e19\u0e14\u0e01\u0e32\u0e23\u0e43\u0e0a\u0e49\u0e07\u0e32\u0e19\u0e40\u0e2b\u0e25\u0e48\u0e32\u0e19\u0e35\u0e49\u0e15\u0e25\u0e2d\u0e14\u0e08\u0e19\u0e01\u0e0e\u0e2b\u0e21\u0e32\u0e22\u0e41\u0e25\u0e30\u0e02\u0e49\u0e2d\u0e1a\u0e31\u0e07\u0e04\u0e31\u0e1a\u0e17\u0e35\u0e48\u0e40\u0e01\u0e35\u0e48\u0e22\u0e27\u0e02\u0e49\u0e2d\u0e07\u0e17\u0e31\u0e49\u0e07\u0e2b\u0e21\u0e14 \u0e41\u0e25\u0e30\u0e23\u0e31\u0e1a\u0e17\u0e23\u0e32\u0e1a\u0e27\u0e48\u0e32\u0e04\u0e38\u0e13\u0e21\u0e35\u0e04\u0e27\u0e32\u0e21\u0e23\u0e31\u0e1a\u0e1c\u0e34\u0e14\u0e0a\u0e2d\u0e1a\u0e43\u0e19\u0e01\u0e32\u0e23\u0e1b\u0e0f\u0e34\u0e1a\u0e31\u0e15\u0e34\u0e15\u0e32\u0e21\u0e01\u0e0e\u0e2b\u0e21\u0e32\u0e22\u0e17\u0e49\u0e2d\u0e07\u0e16\u0e34\u0e48\u0e19\u0e17\u0e35\u0e48\u0e40\u0e01\u0e35\u0e48\u0e22\u0e27\u0e02\u0e49\u0e2d\u0e07 \u0e2b\u0e32\u0e01\u0e04\u0e38\u0e13\u0e44\u0e21\u0e48\u0e40\u0e2b\u0e47\u0e19\u0e14\u0e49\u0e27\u0e22\u0e01\u0e31\u0e1a\u0e02\u0e49\u0e2d\u0e01\u0e33\u0e2b\u0e19\u0e14\u0e40\u0e2b\u0e25\u0e48\u0e32\u0e19\u0e35\u0e49 \u0e04\u0e38\u0e13\u0e08\u0e30\u0e44\u0e21\u0e48\u0e44\u0e14\u0e49\u0e23\u0e31\u0e1a\u0e2d\u0e19\u0e38\u0e0d\u0e32\u0e15\u0e43\u0e2b\u0e49\u0e40\u0e02\u0e49\u0e32\u0e16\u0e36\u0e07\u0e2b\u0e23\u0e37\u0e2d\u0e43\u0e0a\u0e49\u0e07\u0e32\u0e19\u0e40\u0e27\u0e47\u0e1a\u0e44\u0e0b\u0e15\u0e4c \u0e40\u0e19\u0e37\u0e49\u0e2d\u0e2b\u0e32\u0e1a\u0e19\u0e40\u0e27\u0e47\u0e1a\u0e44\u0e0b\u0e15\u0e4c\u0e19\u0e35\u0e49\u0e44\u0e14\u0e49\u0e23\u0e31\u0e1a\u0e01\u0e32\u0e23\u0e04\u0e38\u0e49\u0e21\u0e04\u0e23\u0e2d\u0e07\u0e42\u0e14\u0e22\u0e01\u0e0e\u0e2b\u0e21\u0e32\u0e22\u0e17\u0e23\u0e31\u0e1e\u0e22\u0e4c\u0e2a\u0e34\u0e19\u0e17\u0e32\u0e07\u0e1b\u0e31\u0e0d\u0e0d\u0e32\u0e41\u0e25\u0e30\u0e40\u0e04\u0e23\u0e37\u0e48\u0e2d\u0e07\u0e2b\u0e21\u0e32\u0e22\u0e01\u0e32\u0e23\u0e04\u0e49\u0e32\u0e43\u0e19\u0e1b\u0e31\u0e08\u0e08\u0e38\u0e1a\u0e31\u0e19<\/p>\n\n\n\n<p><strong>\u0e43\u0e1a\u0e2d\u0e19\u0e38\u0e0d\u0e32\u0e15\u0e43\u0e2b\u0e49<\/strong><br>PlusMob \u0e43\u0e2b\u0e49\u0e2a\u0e34\u0e17\u0e18\u0e34\u0e4c\u0e04\u0e38\u0e13\u0e43\u0e19\u0e01\u0e32\u0e23\u0e14\u0e32\u0e27\u0e19\u0e4c\u0e42\u0e2b\u0e25\u0e14\u0e2a\u0e33\u0e40\u0e19\u0e32\u0e02\u0e2d\u0e07\u0e2a\u0e37\u0e48\u0e2d\u0e17\u0e35\u0e48\u0e21\u0e35\u0e2d\u0e22\u0e39\u0e48\u0e1a\u0e19\u0e40\u0e27\u0e47\u0e1a\u0e44\u0e0b\u0e15\u0e4c (\u0e02\u0e49\u0e2d\u0e21\u0e39\u0e25\u0e2b\u0e23\u0e37\u0e2d\u0e0b\u0e2d\u0e1f\u0e15\u0e4c\u0e41\u0e27\u0e23\u0e4c) \u0e2b\u0e19\u0e36\u0e48\u0e07\u0e0a\u0e38\u0e14\u0e40\u0e1b\u0e47\u0e19\u0e01\u0e32\u0e23\u0e0a\u0e31\u0e48\u0e27\u0e04\u0e23\u0e32\u0e27\u0e40\u0e1e\u0e37\u0e48\u0e2d\u0e01\u0e32\u0e23\u0e23\u0e31\u0e1a\u0e0a\u0e21\u0e2a\u0e48\u0e27\u0e19\u0e1a\u0e38\u0e04\u0e04\u0e25\u0e17\u0e35\u0e48\u0e44\u0e21\u0e48\u0e43\u0e0a\u0e48\u0e40\u0e0a\u0e34\u0e07\u0e1e\u0e32\u0e13\u0e34\u0e0a\u0e22\u0e4c\u0e40\u0e17\u0e48\u0e32\u0e19\u0e31\u0e49\u0e19 \u0e2a\u0e31\u0e21\u0e1b\u0e17\u0e32\u0e19\u0e19\u0e35\u0e49\u0e40\u0e1b\u0e47\u0e19\u0e2a\u0e34\u0e17\u0e18\u0e34\u0e43\u0e19\u0e01\u0e32\u0e23\u0e43\u0e0a\u0e49\u0e44\u0e21\u0e48\u0e43\u0e0a\u0e48\u0e01\u0e23\u0e23\u0e21\u0e2a\u0e34\u0e17\u0e18\u0e34\u0e4c \u0e17\u0e35\u0e48\u0e04\u0e38\u0e13\u0e44\u0e21\u0e48\u0e04\u0e27\u0e23:<\/p>\n\n\n\n<ul class=\"wp-block-list\">\n<li>\u0e40\u0e1b\u0e25\u0e35\u0e48\u0e22\u0e19\u0e41\u0e1b\u0e25\u0e07\u0e2b\u0e23\u0e37\u0e2d\u0e04\u0e31\u0e14\u0e25\u0e2d\u0e01\u0e40\u0e2d\u0e01\u0e2a\u0e32\u0e23;<\/li>\n\n\n\n<li>\u0e43\u0e0a\u0e49\u0e27\u0e31\u0e2a\u0e14\u0e38\u0e40\u0e1e\u0e37\u0e48\u0e2d\u0e27\u0e31\u0e15\u0e16\u0e38\u0e1b\u0e23\u0e30\u0e2a\u0e07\u0e04\u0e4c\u0e17\u0e32\u0e07\u0e01\u0e32\u0e23\u0e04\u0e49\u0e32\u0e2b\u0e23\u0e37\u0e2d\u0e40\u0e1e\u0e37\u0e48\u0e2d\u0e01\u0e32\u0e23\u0e41\u0e2a\u0e14\u0e07\u0e2a\u0e32\u0e18\u0e32\u0e23\u0e13\u0e30 (\u0e40\u0e0a\u0e34\u0e07\u0e1e\u0e32\u0e13\u0e34\u0e0a\u0e22\u0e4c\u0e2b\u0e23\u0e37\u0e2d\u0e2d\u0e22\u0e48\u0e32\u0e07\u0e2d\u0e37\u0e48\u0e19)<\/li>\n\n\n\n<li>\u0e1e\u0e22\u0e32\u0e22\u0e32\u0e21\u0e17\u0e33\u0e27\u0e34\u0e28\u0e27\u0e01\u0e23\u0e23\u0e21\u0e22\u0e49\u0e2d\u0e19\u0e01\u0e25\u0e31\u0e1a\u0e2b\u0e23\u0e37\u0e2d\u0e16\u0e2d\u0e14\u0e23\u0e2b\u0e31\u0e2a\u0e0b\u0e2d\u0e1f\u0e15\u0e4c\u0e41\u0e27\u0e23\u0e4c\u0e43\u0e14 \u0e46 \u0e17\u0e35\u0e48\u0e1e\u0e1a\u0e43\u0e19\u0e40\u0e27\u0e47\u0e1a\u0e44\u0e0b\u0e15\u0e4c PlusMob<\/li>\n\n\n\n<li>\u0e25\u0e1a\u0e1b\u0e23\u0e30\u0e01\u0e32\u0e28\u0e25\u0e34\u0e02\u0e2a\u0e34\u0e17\u0e18\u0e34\u0e4c\u0e2b\u0e23\u0e37\u0e2d\u0e02\u0e49\u0e2d\u0e1a\u0e48\u0e07\u0e0a\u0e35\u0e49\u0e01\u0e23\u0e23\u0e21\u0e2a\u0e34\u0e17\u0e18\u0e34\u0e4c\u0e2d\u0e37\u0e48\u0e19 \u0e46 \u0e2d\u0e2d\u0e01\u0e08\u0e32\u0e01\u0e40\u0e19\u0e37\u0e49\u0e2d\u0e2b\u0e32<\/li>\n\n\n\n<li>\u0e2a\u0e48\u0e07\u0e15\u0e48\u0e2d\u0e2a\u0e37\u0e48\u0e2d\u0e44\u0e1b\u0e22\u0e31\u0e07\u0e1a\u0e38\u0e04\u0e04\u0e25\u0e2d\u0e37\u0e48\u0e19\u0e2b\u0e23\u0e37\u0e2d\u0e17\u0e33\u0e0b\u0e49\u0e33\u0e2a\u0e37\u0e48\u0e2d\u0e1a\u0e19\u0e40\u0e0b\u0e34\u0e23\u0e4c\u0e1f\u0e40\u0e27\u0e2d\u0e23\u0e4c\u0e2d\u0e37\u0e48\u0e19<\/li>\n<\/ul>\n\n\n\n<p>\u0e43\u0e1a\u0e2d\u0e19\u0e38\u0e0d\u0e32\u0e15\u0e19\u0e35\u0e49\u0e08\u0e30\u0e22\u0e38\u0e15\u0e34\u0e42\u0e14\u0e22\u0e2d\u0e31\u0e15\u0e42\u0e19\u0e21\u0e31\u0e15\u0e34\u0e2b\u0e32\u0e01\u0e04\u0e38\u0e13\u0e25\u0e30\u0e40\u0e21\u0e34\u0e14\u0e02\u0e49\u0e2d\u0e08\u0e33\u0e01\u0e31\u0e14\u0e43\u0e14\u0e46 \u0e40\u0e2b\u0e25\u0e48\u0e32\u0e19\u0e35\u0e49 \u0e41\u0e25\u0e30\u0e2d\u0e32\u0e08\u0e16\u0e39\u0e01\u0e22\u0e01\u0e40\u0e25\u0e34\u0e01\u0e42\u0e14\u0e22 PlusMob \u0e44\u0e14\u0e49\u0e15\u0e25\u0e2d\u0e14\u0e40\u0e27\u0e25\u0e32 \u0e40\u0e21\u0e37\u0e48\u0e2d\u0e22\u0e38\u0e15\u0e34\u0e01\u0e32\u0e23\u0e14\u0e39\u0e40\u0e19\u0e37\u0e49\u0e2d\u0e2b\u0e32\u0e2b\u0e23\u0e37\u0e2d\u0e40\u0e21\u0e37\u0e48\u0e2d\u0e2a\u0e34\u0e49\u0e19\u0e2a\u0e38\u0e14\u0e43\u0e1a\u0e2d\u0e19\u0e38\u0e0d\u0e32\u0e15\u0e19\u0e35\u0e49 \u0e04\u0e38\u0e13\u0e15\u0e49\u0e2d\u0e07\u0e25\u0e1a\u0e40\u0e19\u0e37\u0e49\u0e2d\u0e2b\u0e32\u0e17\u0e35\u0e48\u0e14\u0e32\u0e27\u0e19\u0e4c\u0e42\u0e2b\u0e25\u0e14\u0e44\u0e21\u0e48\u0e27\u0e48\u0e32\u0e08\u0e30\u0e2d\u0e22\u0e39\u0e48\u0e43\u0e19\u0e23\u0e39\u0e1b\u0e41\u0e1a\u0e1a\u0e2d\u0e34\u0e40\u0e25\u0e47\u0e01\u0e17\u0e23\u0e2d\u0e19\u0e34\u0e01\u0e2a\u0e4c\u0e2b\u0e23\u0e37\u0e2d\u0e2a\u0e34\u0e48\u0e07\u0e1e\u0e34\u0e21\u0e1e\u0e4c<\/p>\n\n\n\n<p><strong>\u0e02\u0e49\u0e2d\u0e2a\u0e07\u0e27\u0e19\u0e2a\u0e34\u0e17\u0e18\u0e34\u0e4c<\/strong><br>\u0e40\u0e19\u0e37\u0e49\u0e2d\u0e2b\u0e32\u0e1a\u0e19\u0e40\u0e27\u0e47\u0e1a\u0e44\u0e0b\u0e15\u0e4c PlusMob \u0e08\u0e31\u0e14\u0e17\u0e33\u0e02\u0e36\u0e49\u0e19 &quot;\u0e15\u0e32\u0e21\u0e2a\u0e20\u0e32\u0e1e\u0e17\u0e35\u0e48\u0e40\u0e1b\u0e47\u0e19\u0e2d\u0e22\u0e39\u0e48&quot; PlusMob \u0e44\u0e21\u0e48\u0e23\u0e31\u0e1a\u0e1b\u0e23\u0e30\u0e01\u0e31\u0e19\u0e17\u0e31\u0e49\u0e07\u0e42\u0e14\u0e22\u0e0a\u0e31\u0e14\u0e41\u0e08\u0e49\u0e07\u0e2b\u0e23\u0e37\u0e2d\u0e42\u0e14\u0e22\u0e19\u0e31\u0e22 \u0e41\u0e25\u0e30\u0e44\u0e21\u0e48\u0e23\u0e31\u0e1a\u0e1c\u0e34\u0e14\u0e0a\u0e2d\u0e1a\u0e15\u0e48\u0e2d\u0e01\u0e32\u0e23\u0e23\u0e31\u0e1a\u0e1b\u0e23\u0e30\u0e01\u0e31\u0e19\u0e2d\u0e37\u0e48\u0e19 \u0e46 \u0e17\u0e31\u0e49\u0e07\u0e2b\u0e21\u0e14 \u0e23\u0e27\u0e21\u0e16\u0e36\u0e07\u0e41\u0e15\u0e48\u0e44\u0e21\u0e48\u0e08\u0e33\u0e01\u0e31\u0e14\u0e40\u0e1e\u0e35\u0e22\u0e07 \u0e01\u0e32\u0e23\u0e23\u0e31\u0e1a\u0e1b\u0e23\u0e30\u0e01\u0e31\u0e19\u0e42\u0e14\u0e22\u0e19\u0e31\u0e22\u0e15\u0e48\u0e2d\u0e04\u0e27\u0e32\u0e21\u0e2a\u0e32\u0e21\u0e32\u0e23\u0e16\u0e40\u0e0a\u0e34\u0e07\u0e1e\u0e32\u0e13\u0e34\u0e0a\u0e22\u0e4c \u0e04\u0e27\u0e32\u0e21\u0e40\u0e2b\u0e21\u0e32\u0e30\u0e2a\u0e21\u0e2a\u0e33\u0e2b\u0e23\u0e31\u0e1a\u0e27\u0e31\u0e15\u0e16\u0e38\u0e1b\u0e23\u0e30\u0e2a\u0e07\u0e04\u0e4c\u0e40\u0e09\u0e1e\u0e32\u0e30 \u0e2b\u0e23\u0e37\u0e2d\u0e01\u0e32\u0e23\u0e44\u0e21\u0e48\u0e25\u0e30\u0e40\u0e21\u0e34\u0e14\u0e2a\u0e34\u0e17\u0e18\u0e34\u0e4c\u0e43\u0e19\u0e17\u0e23\u0e31\u0e1e\u0e22\u0e4c\u0e2a\u0e34\u0e19\u0e17\u0e32\u0e07\u0e1b\u0e31\u0e0d\u0e0d\u0e32<\/p>\n\n\n\n<p><strong>\u0e02\u0e49\u0e2d\u0e08\u0e33\u0e01\u0e31\u0e14\u0e04\u0e27\u0e32\u0e21\u0e23\u0e31\u0e1a\u0e1c\u0e34\u0e14<\/strong><br>\u0e44\u0e21\u0e48\u0e27\u0e48\u0e32\u0e43\u0e19\u0e01\u0e23\u0e13\u0e35\u0e43\u0e14 PlusMob \u0e2b\u0e23\u0e37\u0e2d\u0e0b\u0e31\u0e1e\u0e1e\u0e25\u0e32\u0e22\u0e40\u0e2d\u0e2d\u0e23\u0e4c\u0e08\u0e30\u0e44\u0e21\u0e48\u0e23\u0e31\u0e1a\u0e1c\u0e34\u0e14\u0e0a\u0e2d\u0e1a\u0e15\u0e48\u0e2d\u0e04\u0e27\u0e32\u0e21\u0e40\u0e2a\u0e35\u0e22\u0e2b\u0e32\u0e22\u0e43\u0e14 \u0e46 \u0e17\u0e35\u0e48\u0e40\u0e01\u0e34\u0e14\u0e02\u0e36\u0e49\u0e19\u0e08\u0e32\u0e01\u0e01\u0e32\u0e23\u0e43\u0e0a\u0e49\u0e2b\u0e23\u0e37\u0e2d\u0e01\u0e32\u0e23\u0e44\u0e21\u0e48\u0e2a\u0e32\u0e21\u0e32\u0e23\u0e16\u0e43\u0e0a\u0e49\u0e27\u0e31\u0e2a\u0e14\u0e38\u0e1a\u0e19 PlusMob \u0e41\u0e21\u0e49\u0e27\u0e48\u0e32\u0e08\u0e30\u0e44\u0e14\u0e49\u0e23\u0e31\u0e1a\u0e04\u0e33\u0e41\u0e19\u0e30\u0e19\u0e33\u0e16\u0e36\u0e07\u0e04\u0e27\u0e32\u0e21\u0e40\u0e1b\u0e47\u0e19\u0e44\u0e1b\u0e44\u0e14\u0e49\u0e02\u0e2d\u0e07\u0e04\u0e27\u0e32\u0e21\u0e40\u0e2a\u0e35\u0e22\u0e2b\u0e32\u0e22\u0e14\u0e31\u0e07\u0e01\u0e25\u0e48\u0e32\u0e27\u0e01\u0e47\u0e15\u0e32\u0e21 \u0e2b\u0e32\u0e01\u0e01\u0e0e\u0e2b\u0e21\u0e32\u0e22\u0e17\u0e49\u0e2d\u0e07\u0e16\u0e34\u0e48\u0e19\u0e44\u0e21\u0e48\u0e2d\u0e19\u0e38\u0e0d\u0e32\u0e15\u0e43\u0e2b\u0e49\u0e21\u0e35\u0e01\u0e32\u0e23\u0e22\u0e01\u0e40\u0e27\u0e49\u0e19\u0e01\u0e32\u0e23\u0e23\u0e31\u0e1a\u0e1b\u0e23\u0e30\u0e01\u0e31\u0e19\u0e1a\u0e32\u0e07\u0e1b\u0e23\u0e30\u0e01\u0e32\u0e23\u0e2b\u0e23\u0e37\u0e2d\u0e01\u0e32\u0e23\u0e08\u0e33\u0e01\u0e31\u0e14\u0e04\u0e27\u0e32\u0e21\u0e23\u0e31\u0e1a\u0e1c\u0e34\u0e14\u0e2a\u0e33\u0e2b\u0e23\u0e31\u0e1a\u0e04\u0e27\u0e32\u0e21\u0e40\u0e2a\u0e35\u0e22\u0e2b\u0e32\u0e22\u0e17\u0e35\u0e48\u0e40\u0e1b\u0e47\u0e19\u0e1c\u0e25\u0e2a\u0e37\u0e1a\u0e40\u0e19\u0e37\u0e48\u0e2d\u0e07 \u0e02\u0e49\u0e2d\u0e22\u0e01\u0e40\u0e27\u0e49\u0e19\u0e41\u0e25\u0e30\u0e02\u0e49\u0e2d\u0e08\u0e33\u0e01\u0e31\u0e14\u0e40\u0e2b\u0e25\u0e48\u0e32\u0e19\u0e35\u0e49\u0e2d\u0e32\u0e08\u0e44\u0e21\u0e48\u0e21\u0e35\u0e1c\u0e25\u0e01\u0e31\u0e1a\u0e04\u0e38\u0e13<\/p>\n\n\n\n<p><strong>\u0e04\u0e27\u0e32\u0e21\u0e41\u0e21\u0e48\u0e19\u0e22\u0e33\u0e02\u0e2d\u0e07\u0e27\u0e31\u0e2a\u0e14\u0e38<\/strong><br>\u0e40\u0e19\u0e37\u0e49\u0e2d\u0e2b\u0e32\u0e17\u0e35\u0e48\u0e1b\u0e23\u0e32\u0e01\u0e0f\u0e1a\u0e19\u0e40\u0e27\u0e47\u0e1a\u0e44\u0e0b\u0e15\u0e4c\u0e02\u0e2d\u0e07 PlusMob \u0e2d\u0e32\u0e08\u0e21\u0e35\u0e02\u0e49\u0e2d\u0e1c\u0e34\u0e14\u0e1e\u0e25\u0e32\u0e14\u0e17\u0e32\u0e07\u0e40\u0e17\u0e04\u0e19\u0e34\u0e04 \u0e01\u0e32\u0e23\u0e1e\u0e34\u0e21\u0e1e\u0e4c \u0e2b\u0e23\u0e37\u0e2d\u0e20\u0e32\u0e1e\u0e16\u0e48\u0e32\u0e22 PlusMob \u0e44\u0e21\u0e48\u0e23\u0e31\u0e1a\u0e1b\u0e23\u0e30\u0e01\u0e31\u0e19\u0e04\u0e27\u0e32\u0e21\u0e16\u0e39\u0e01\u0e15\u0e49\u0e2d\u0e07 \u0e04\u0e27\u0e32\u0e21\u0e04\u0e23\u0e1a\u0e16\u0e49\u0e27\u0e19 \u0e2b\u0e23\u0e37\u0e2d\u0e17\u0e31\u0e19\u0e40\u0e27\u0e25\u0e32\u0e02\u0e2d\u0e07\u0e40\u0e19\u0e37\u0e49\u0e2d\u0e2b\u0e32\u0e1a\u0e19\u0e40\u0e27\u0e47\u0e1a\u0e44\u0e0b\u0e15\u0e4c \u0e41\u0e25\u0e30\u0e2d\u0e32\u0e08\u0e40\u0e1b\u0e25\u0e35\u0e48\u0e22\u0e19\u0e41\u0e1b\u0e25\u0e07\u0e40\u0e19\u0e37\u0e49\u0e2d\u0e2b\u0e32\u0e44\u0e14\u0e49\u0e15\u0e25\u0e2d\u0e14\u0e40\u0e27\u0e25\u0e32\u0e42\u0e14\u0e22\u0e44\u0e21\u0e48\u0e15\u0e49\u0e2d\u0e07\u0e41\u0e08\u0e49\u0e07\u0e43\u0e2b\u0e49\u0e17\u0e23\u0e32\u0e1a \u0e41\u0e15\u0e48\u0e44\u0e21\u0e48\u0e21\u0e35\u0e02\u0e49\u0e2d\u0e1c\u0e39\u0e01\u0e21\u0e31\u0e14\u0e43\u0e14\u0e46 \u0e43\u0e19\u0e01\u0e32\u0e23\u0e2d\u0e31\u0e1b\u0e40\u0e14\u0e15\u0e40\u0e19\u0e37\u0e49\u0e2d\u0e2b\u0e32<\/p>\n\n\n\n<p><strong>\u0e25\u0e34\u0e07\u0e04\u0e4c<\/strong><br>PlusMob \u0e22\u0e31\u0e07\u0e44\u0e21\u0e48\u0e44\u0e14\u0e49\u0e15\u0e23\u0e27\u0e08\u0e2a\u0e2d\u0e1a\u0e40\u0e27\u0e47\u0e1a\u0e44\u0e0b\u0e15\u0e4c\u0e17\u0e31\u0e49\u0e07\u0e2b\u0e21\u0e14\u0e17\u0e35\u0e48\u0e40\u0e0a\u0e37\u0e48\u0e2d\u0e21\u0e42\u0e22\u0e07\u0e01\u0e31\u0e1a\u0e40\u0e27\u0e47\u0e1a\u0e44\u0e0b\u0e15\u0e4c\u0e14\u0e31\u0e07\u0e01\u0e25\u0e48\u0e32\u0e27 \u0e41\u0e25\u0e30\u0e44\u0e21\u0e48\u0e23\u0e31\u0e1a\u0e1c\u0e34\u0e14\u0e0a\u0e2d\u0e1a\u0e15\u0e48\u0e2d\u0e40\u0e19\u0e37\u0e49\u0e2d\u0e2b\u0e32\u0e02\u0e2d\u0e07\u0e40\u0e27\u0e47\u0e1a\u0e44\u0e0b\u0e15\u0e4c\u0e20\u0e32\u0e22\u0e19\u0e2d\u0e01\u0e43\u0e14\u0e46 \u0e01\u0e32\u0e23\u0e23\u0e27\u0e21\u0e25\u0e34\u0e07\u0e04\u0e4c\u0e43\u0e14\u0e46 \u0e44\u0e21\u0e48\u0e44\u0e14\u0e49\u0e2b\u0e21\u0e32\u0e22\u0e04\u0e27\u0e32\u0e21\u0e16\u0e36\u0e07\u0e01\u0e32\u0e23\u0e23\u0e31\u0e1a\u0e23\u0e2d\u0e07\u0e42\u0e14\u0e22 PlusMob \u0e02\u0e2d\u0e07\u0e40\u0e27\u0e47\u0e1a\u0e44\u0e0b\u0e15\u0e4c \u0e01\u0e32\u0e23\u0e43\u0e0a\u0e49\u0e44\u0e0b\u0e15\u0e4c\u0e17\u0e35\u0e48\u0e40\u0e0a\u0e37\u0e48\u0e2d\u0e21\u0e42\u0e22\u0e07\u0e16\u0e37\u0e2d\u0e40\u0e1b\u0e47\u0e19\u0e04\u0e27\u0e32\u0e21\u0e40\u0e2a\u0e35\u0e48\u0e22\u0e07\u0e02\u0e2d\u0e07\u0e1c\u0e39\u0e49\u0e43\u0e0a\u0e49\u0e40\u0e2d\u0e07<\/p>\n\n\n\n<p><strong>\u0e01\u0e32\u0e23\u0e1b\u0e23\u0e31\u0e1a\u0e40\u0e1b\u0e25\u0e35\u0e48\u0e22\u0e19\u0e02\u0e49\u0e2d\u0e01\u0e33\u0e2b\u0e19\u0e14<\/strong><br>PlusMob \u0e2d\u0e32\u0e08\u0e41\u0e01\u0e49\u0e44\u0e02\u0e02\u0e49\u0e2d\u0e01\u0e33\u0e2b\u0e19\u0e14\u0e01\u0e32\u0e23\u0e43\u0e0a\u0e49\u0e07\u0e32\u0e19\u0e40\u0e2b\u0e25\u0e48\u0e32\u0e19\u0e35\u0e49\u0e44\u0e14\u0e49\u0e15\u0e25\u0e2d\u0e14\u0e40\u0e27\u0e25\u0e32\u0e42\u0e14\u0e22\u0e44\u0e21\u0e48\u0e15\u0e49\u0e2d\u0e07\u0e41\u0e08\u0e49\u0e07\u0e43\u0e2b\u0e49\u0e17\u0e23\u0e32\u0e1a\u0e25\u0e48\u0e27\u0e07\u0e2b\u0e19\u0e49\u0e32 \u0e01\u0e32\u0e23\u0e43\u0e0a\u0e49\u0e40\u0e27\u0e47\u0e1a\u0e44\u0e0b\u0e15\u0e4c\u0e19\u0e35\u0e49\u0e41\u0e2a\u0e14\u0e07\u0e27\u0e48\u0e32\u0e04\u0e38\u0e13\u0e15\u0e01\u0e25\u0e07\u0e17\u0e35\u0e48\u0e08\u0e30\u0e1c\u0e39\u0e01\u0e1e\u0e31\u0e19\u0e15\u0e32\u0e21\u0e02\u0e49\u0e2d\u0e01\u0e33\u0e2b\u0e19\u0e14\u0e01\u0e32\u0e23\u0e43\u0e0a\u0e49\u0e07\u0e32\u0e19\u0e09\u0e1a\u0e31\u0e1a\u0e25\u0e48\u0e32\u0e2a\u0e38\u0e14<\/p>\n\n\n\n<p><strong>\u0e01\u0e0e\u0e2b\u0e21\u0e32\u0e22\u0e17\u0e35\u0e48\u0e43\u0e0a\u0e49\u0e1a\u0e31\u0e07\u0e04\u0e31\u0e1a<\/strong><br>\u0e02\u0e49\u0e2d\u0e01\u0e33\u0e2b\u0e19\u0e14\u0e41\u0e25\u0e30\u0e40\u0e07\u0e37\u0e48\u0e2d\u0e19\u0e44\u0e02\u0e40\u0e2b\u0e25\u0e48\u0e32\u0e19\u0e35\u0e49\u0e2d\u0e22\u0e39\u0e48\u0e20\u0e32\u0e22\u0e43\u0e15\u0e49\u0e01\u0e0e\u0e2b\u0e21\u0e32\u0e22\u0e02\u0e2d\u0e07 PlusMob \u0e41\u0e25\u0e30\u0e04\u0e38\u0e13\u0e22\u0e34\u0e19\u0e22\u0e2d\u0e21\u0e2d\u0e22\u0e48\u0e32\u0e07\u0e44\u0e21\u0e48\u0e2d\u0e32\u0e08\u0e40\u0e1e\u0e34\u0e01\u0e16\u0e2d\u0e19\u0e44\u0e14\u0e49\u0e15\u0e48\u0e2d\u0e40\u0e02\u0e15\u0e2d\u0e33\u0e19\u0e32\u0e08\u0e28\u0e32\u0e25\u0e40\u0e09\u0e1e\u0e32\u0e30\u0e02\u0e2d\u0e07\u0e28\u0e32\u0e25\u0e17\u0e49\u0e2d\u0e07\u0e16\u0e34\u0e48\u0e19<\/p>","protected":false},"excerpt":{"rendered":"<p>Ao entrar no site PlusMob, voc\u00ea aceita estes termos de uso, bem como todas as leis e regulamenta\u00e7\u00f5es relevantes, e reconhece que tem a responsabilidade de observar as leis locais aplic\u00e1veis. Caso n\u00e3o concorde com estes termos, voc\u00ea est\u00e1 proibido de acessar ou utilizar o site. Os conte\u00fados presentes neste website est\u00e3o protegidos pelas leis [&hellip;]<\/p>\n","protected":false},"author":1,"featured_media":0,"parent":0,"menu_order":0,"comment_status":"closed","ping_status":"closed","template":"","meta":{"footnotes":""},"class_list":["post-112","page","type-page","status-publish"],"_links":{"self":[{"href":"https:\/\/plusmob.com\/th\/wp-json\/wp\/v2\/pages\/112","targetHints":{"allow":["GET"]}}],"collection":[{"href":"https:\/\/plusmob.com\/th\/wp-json\/wp\/v2\/pages"}],"about":[{"href":"https:\/\/plusmob.com\/th\/wp-json\/wp\/v2\/types\/page"}],"author":[{"embeddable":true,"href":"https:\/\/plusmob.com\/th\/wp-json\/wp\/v2\/users\/1"}],"replies":[{"embeddable":true,"href":"https:\/\/plusmob.com\/th\/wp-json\/wp\/v2\/comments?post=112"}],"version-history":[{"count":1,"href":"https:\/\/plusmob.com\/th\/wp-json\/wp\/v2\/pages\/112\/revisions"}],"predecessor-version":[{"id":113,"href":"https:\/\/plusmob.com\/th\/wp-json\/wp\/v2\/pages\/112\/revisions\/113"}],"wp:attachment":[{"href":"https:\/\/plusmob.com\/th\/wp-json\/wp\/v2\/media?parent=112"}],"curies":[{"name":"wp","href":"https:\/\/api.w.org\/{rel}","templated":true}]}}