{"id":112,"date":"2024-05-15T22:20:47","date_gmt":"2024-05-15T22:20:47","guid":{"rendered":"https:\/\/plusmob.com\/?page_id=112"},"modified":"2024-05-15T22:20:47","modified_gmt":"2024-05-15T22:20:47","slug":"kullanim-sartlari","status":"publish","type":"page","link":"https:\/\/plusmob.com\/tr\/termos-de-uso\/","title":{"rendered":"Kullan\u0131m \u015eartlar\u0131"},"content":{"rendered":"<p>PlusMob web sitesine girerek, bu kullan\u0131m ko\u015fullar\u0131n\u0131 ve ilgili t\u00fcm yasa ve d\u00fczenlemeleri kabul etmi\u015f ve y\u00fcr\u00fcrl\u00fckteki yerel yasalara uyma sorumlulu\u011funuzun bulundu\u011funu kabul etmi\u015f olursunuz. Bu ko\u015fullar\u0131 kabul etmemeniz durumunda siteye eri\u015fmeniz veya siteyi kullanman\u0131z yasakt\u0131r. Bu web sitesindeki i\u00e7erikler mevcut fikri m\u00fclkiyet ve ticari marka kanunlar\u0131 taraf\u0131ndan korunmaktad\u0131r.<\/p>\n\n\n\n<p><strong>Lisans Verilmesi<\/strong><br>PlusMob size, sitede mevcut olan materyallerin (bilgi veya yaz\u0131l\u0131m) bir kopyas\u0131n\u0131 yaln\u0131zca ki\u015fisel, ticari olmayan g\u00f6r\u00fcnt\u00fcleme amac\u0131yla ge\u00e7ici olarak indirme hakk\u0131n\u0131 verir. Bu imtiyaz m\u00fclkiyet hakk\u0131 de\u011fil kullan\u0131m hakk\u0131d\u0131r. Yapmamal\u0131s\u0131n:<\/p>\n\n\n\n<ul class=\"wp-block-list\">\n<li>Materyalleri de\u011fi\u015ftirin veya kopyalay\u0131n;<\/li>\n\n\n\n<li>Materyalleri ticari ama\u00e7larla veya kamuya a\u00e7\u0131k g\u00f6sterim i\u00e7in (ticari veya ba\u015fka t\u00fcrl\u00fc) kullanmak;<\/li>\n\n\n\n<li>PlusMob web sitesinde bulunan herhangi bir yaz\u0131l\u0131ma ters m\u00fchendislik veya kaynak koda d\u00f6n\u00fc\u015ft\u00fcrme giri\u015fiminde bulunmak;<\/li>\n\n\n\n<li>Materyallerden her t\u00fcrl\u00fc telif hakk\u0131 bildirimini veya di\u011fer m\u00fclkiyet g\u00f6stergesini silin;<\/li>\n\n\n\n<li>Materyalleri ba\u015fka bir ki\u015fiye iletin veya materyalleri ba\u015fka bir sunucuya kopyalay\u0131n.<\/li>\n<\/ul>\n\n\n\n<p>Bu lisans, bu k\u0131s\u0131tlamalardan herhangi birini ihlal etmeniz durumunda otomatik olarak sonland\u0131r\u0131l\u0131r veya PlusMob taraf\u0131ndan herhangi bir zamanda sonland\u0131r\u0131labilir. Materyalleri g\u00f6r\u00fcnt\u00fclemeniz sona erdi\u011finde veya bu lisans\u0131n sona ermesi \u00fczerine, elektronik veya bas\u0131l\u0131 formatta indirdi\u011finiz t\u00fcm materyalleri silmelisiniz.<\/p>\n\n\n\n<p><strong>Sorumluluk reddi beyan\u0131<\/strong><br>PlusMob web sitesindeki materyaller &quot;oldu\u011fu gibi&quot; sa\u011flanmaktad\u0131r. PlusMob, a\u00e7\u0131k veya z\u0131mni hi\u00e7bir garanti vermez ve ticarete elveri\u015flilik, belirli bir amaca uygunluk veya fikri m\u00fclkiyet haklar\u0131n\u0131n ihlal edilmemesine ili\u015fkin z\u0131mni garantiler dahil ancak bunlarla s\u0131n\u0131rl\u0131 olmamak \u00fczere di\u011fer t\u00fcm garantileri reddeder.<\/p>\n\n\n\n<p><strong>Y\u00fck\u00fcml\u00fcl\u00fck S\u0131n\u0131rlamalar\u0131<\/strong><br>PlusMob veya tedarik\u00e7ileri, PlusMob&#039;daki materyallerin kullan\u0131m\u0131ndan veya kullan\u0131lamamas\u0131ndan kaynaklanan hi\u00e7bir zarardan, bu t\u00fcr zararlar\u0131n olas\u0131l\u0131\u011f\u0131 \u00f6nceden bildirilmi\u015f olsa bile hi\u00e7bir durumda sorumlu tutulamaz. Yerel yasalar belirli garantilerin hari\u00e7 tutulmas\u0131na veya dolayl\u0131 zararlara ili\u015fkin sorumlulu\u011fun s\u0131n\u0131rland\u0131r\u0131lmas\u0131na izin vermiyorsa, bu istisnalar ve s\u0131n\u0131rlamalar sizin i\u00e7in ge\u00e7erli olmayabilir.<\/p>\n\n\n\n<p><strong>Malzemelerin Hassasiyeti<\/strong><br>PlusMob&#039;un web sitesinde g\u00f6r\u00fcnen materyaller teknik, dizgisel veya fotografik hatalar i\u00e7erebilir. PlusMob, web sitesindeki materyallerin do\u011frulu\u011funu, eksiksizli\u011fini veya g\u00fcncelli\u011fini garanti etmez ve materyalleri herhangi bir zamanda bildirimde bulunmaks\u0131z\u0131n de\u011fi\u015ftirebilir, ancak materyalleri g\u00fcncelleme taahh\u00fcd\u00fcnde bulunmaz.<\/p>\n\n\n\n<p><strong>Ba\u011flant\u0131lar<\/strong><br>PlusMob kendisine ba\u011fl\u0131 sitelerin tamam\u0131n\u0131 incelememi\u015ftir ve harici sitelerin i\u00e7eri\u011finden sorumlu de\u011fildir. Herhangi bir ba\u011flant\u0131n\u0131n dahil edilmesi sitenin PlusMob taraf\u0131ndan onayland\u0131\u011f\u0131 anlam\u0131na gelmez. Ba\u011flant\u0131 verilen sitelerin kullan\u0131m\u0131 kullan\u0131c\u0131n\u0131n sorumlulu\u011fundad\u0131r.<\/p>\n\n\n\n<p><strong>\u015eartlarda De\u011fi\u015fiklikler<\/strong><br>PlusMob, bu kullan\u0131m ko\u015fullar\u0131n\u0131 herhangi bir zamanda \u00f6nceden bildirimde bulunmaks\u0131z\u0131n de\u011fi\u015ftirebilir. Bu web sitesini kullanarak, bu kullan\u0131m ko\u015fullar\u0131n\u0131n en son versiyonuna ba\u011fl\u0131 kalmay\u0131 kabul etmi\u015f olursunuz.<\/p>\n\n\n\n<p><strong>Uygulanabilir yasa<\/strong><br>Bu \u015fartlar ve ko\u015fullar PlusMob yasalar\u0131na tabidir ve yerel mahkemelerin m\u00fcnhas\u0131r yarg\u0131 yetkisine geri d\u00f6n\u00fclemez bir \u015fekilde izin vermi\u015f olursunuz.<\/p>","protected":false},"excerpt":{"rendered":"<p>Ao entrar no site PlusMob, voc\u00ea aceita estes termos de uso, bem como todas as leis e regulamenta\u00e7\u00f5es relevantes, e reconhece que tem a responsabilidade de observar as leis locais aplic\u00e1veis. Caso n\u00e3o concorde com estes termos, voc\u00ea est\u00e1 proibido de acessar ou utilizar o site. Os conte\u00fados presentes neste website est\u00e3o protegidos pelas leis [&hellip;]<\/p>\n","protected":false},"author":1,"featured_media":0,"parent":0,"menu_order":0,"comment_status":"closed","ping_status":"closed","template":"","meta":{"footnotes":""},"class_list":["post-112","page","type-page","status-publish"],"_links":{"self":[{"href":"https:\/\/plusmob.com\/tr\/wp-json\/wp\/v2\/pages\/112","targetHints":{"allow":["GET"]}}],"collection":[{"href":"https:\/\/plusmob.com\/tr\/wp-json\/wp\/v2\/pages"}],"about":[{"href":"https:\/\/plusmob.com\/tr\/wp-json\/wp\/v2\/types\/page"}],"author":[{"embeddable":true,"href":"https:\/\/plusmob.com\/tr\/wp-json\/wp\/v2\/users\/1"}],"replies":[{"embeddable":true,"href":"https:\/\/plusmob.com\/tr\/wp-json\/wp\/v2\/comments?post=112"}],"version-history":[{"count":1,"href":"https:\/\/plusmob.com\/tr\/wp-json\/wp\/v2\/pages\/112\/revisions"}],"predecessor-version":[{"id":113,"href":"https:\/\/plusmob.com\/tr\/wp-json\/wp\/v2\/pages\/112\/revisions\/113"}],"wp:attachment":[{"href":"https:\/\/plusmob.com\/tr\/wp-json\/wp\/v2\/media?parent=112"}],"curies":[{"name":"wp","href":"https:\/\/api.w.org\/{rel}","templated":true}]}}