{"id":114,"date":"2024-05-15T22:22:37","date_gmt":"2024-05-15T22:22:37","guid":{"rendered":"https:\/\/plusmob.com\/?page_id=114"},"modified":"2024-12-18T02:27:54","modified_gmt":"2024-12-18T02:27:54","slug":"gizlilik-politikasi","status":"publish","type":"page","link":"https:\/\/plusmob.com\/tr\/politica-de-privacidade\/","title":{"rendered":"Gizlilik Politikas\u0131"},"content":{"rendered":"<p>Gizlili\u011finiz bizim i\u00e7in b\u00fcy\u00fck \u00f6nem ta\u015f\u0131yor. PlusMob, web sitemizi ve y\u00f6netti\u011fimiz di\u011fer web sitelerini kullan\u0131rken gizlili\u011finizi korumay\u0131 taahh\u00fct eder. Ki\u015fisel bilgilerinizi yaln\u0131zca size bir hizmet sunmak i\u00e7in gerekli oldu\u011funda ve her zaman adil ve \u015feffaf y\u00f6ntemler kullanarak, bilginiz ve izniniz do\u011frultusunda topluyoruz. Ayr\u0131ca toplama nedenlerini ve bu bilgilerin nas\u0131l kullan\u0131laca\u011f\u0131n\u0131 da a\u00e7\u0131kl\u0131yoruz.<\/p>\n\n\n\n<p>Toplanan bilgiler yaln\u0131zca talep edilen hizmetin sa\u011flanmas\u0131 i\u00e7in gerekli oldu\u011fu s\u00fcrece saklan\u0131r. Verilerinizi, kay\u0131p, h\u0131rs\u0131zl\u0131\u011f\u0131n yan\u0131 s\u0131ra yetkisiz eri\u015fim, if\u015fa, kopyalama, kullan\u0131m veya de\u011fi\u015ftirmeyi \u00f6nlemek i\u00e7in ticari a\u00e7\u0131dan makul g\u00fcvenlik \u00f6nlemleriyle korunarak sakl\u0131yoruz. Yasalar gerektirmedik\u00e7e ki\u015fisel bilgileri kamuya veya \u00fc\u00e7\u00fcnc\u00fc taraflara a\u00e7\u0131klam\u0131yoruz.<\/p>\n\n\n\n<p>Web sitemiz, taraf\u0131m\u0131zca y\u00f6netilmeyen harici web sitelerine ba\u011flant\u0131lar i\u00e7erebilir. Bu harici siteleri kontrol etmedi\u011fimizi ve onlar\u0131n gizlilik politikalar\u0131ndan sorumlu olmad\u0131\u011f\u0131m\u0131z\u0131 l\u00fctfen unutmay\u0131n. Ki\u015fisel bilgilerinizi vermemeyi se\u00e7ebilirsiniz ancak bu, istedi\u011finiz hizmetlerin bir k\u0131sm\u0131n\u0131 sunmam\u0131z\u0131 engelleyebilir. Web sitemizi kullanmaya devam etmeniz, gizlilik ve ki\u015fisel bilgi uygulamalar\u0131m\u0131z\u0131n kabul edildi\u011fi anlam\u0131na gelecektir. Kullan\u0131c\u0131 verilerini ve ki\u015fisel bilgileri nas\u0131l y\u00f6netti\u011fimiz konusunda sorular\u0131n\u0131z varsa l\u00fctfen bizimle ileti\u015fime ge\u00e7mekten \u00e7ekinmeyin.<\/p>\n\n\n\n<p><strong>PlusMob \u00c7erez Politikas\u0131<\/strong><\/p>\n\n\n\n<p><strong>\u00c7erezler nedir?<\/strong><br>Hemen hemen t\u00fcm profesyonel web sitelerinde oldu\u011fu gibi sitemizde de \u00e7evrimi\u00e7i deneyiminizi geli\u015ftirmek i\u00e7in cihaz\u0131n\u0131za indirilen k\u00fc\u00e7\u00fck dosyalar olan \u00e7erezler kullan\u0131l\u0131r. Bu b\u00f6l\u00fcm hangi bilgileri toplad\u0131klar\u0131n\u0131, bunlar\u0131 nas\u0131l kulland\u0131\u011f\u0131m\u0131z\u0131 ve bazen bu \u00e7erezleri saklaman\u0131n neden gerekli oldu\u011funu a\u00e7\u0131klamaktad\u0131r. Ayr\u0131ca, sitenin i\u015flevselli\u011fini tehlikeye atabilecek olsa da, \u00e7erezlerin y\u00fcklenmesini nas\u0131l engelleyebilece\u011finizi de a\u00e7\u0131klayaca\u011f\u0131z.<\/p>\n\n\n\n<p><strong>\u00c7erezlerin Kullan\u0131m\u0131<\/strong><br>\u00c7erezleri a\u015fa\u011f\u0131da a\u00e7\u0131klanan \u00e7e\u015fitli nedenlerle kullan\u0131yoruz. \u00c7o\u011fu durumda siteye eklenen i\u015flevsellikten \u00f6d\u00fcn vermeden \u00e7erezleri devre d\u0131\u015f\u0131 b\u0131rakmaya y\u00f6nelik standart se\u00e7enekler yoktur. Kulland\u0131\u011f\u0131n\u0131z hizmetleri sa\u011flamak i\u00e7in gerekli olabilece\u011finden, \u00e7erezlere ihtiyac\u0131n\u0131z olup olmad\u0131\u011f\u0131ndan emin de\u011filseniz \u00e7erezleri devre d\u0131\u015f\u0131 b\u0131rakmaman\u0131z \u00f6nerilir.<\/p>\n\n\n\n<p><strong>\u00c7erezleri Devre D\u0131\u015f\u0131 B\u0131rak<\/strong><br>Taray\u0131c\u0131n\u0131z\u0131n ayarlar\u0131n\u0131 yaparak \u00e7erezlerin yerle\u015ftirilmesini engelleyebilirsiniz. Bunu nas\u0131l yapaca\u011f\u0131n\u0131z\u0131 \u00f6\u011frenmek i\u00e7in taray\u0131c\u0131n\u0131z\u0131n Yard\u0131m\u0131na bak\u0131n. \u00c7erezleri devre d\u0131\u015f\u0131 b\u0131rakman\u0131n bu sitenin ve ziyaret etti\u011finiz di\u011fer web sitelerinin i\u015flevselli\u011fini etkileyece\u011fini l\u00fctfen unutmay\u0131n. \u00c7erezlerin devre d\u0131\u015f\u0131 b\u0131rak\u0131lmas\u0131 genellikle web sitesinin belirli i\u015flevlerinin ve \u00f6zelliklerinin kayb\u0131 anlam\u0131na gelir; dolay\u0131s\u0131yla bunlar\u0131n devre d\u0131\u015f\u0131 b\u0131rak\u0131lmamas\u0131 tavsiye edilir.<\/p>\n\n\n\n<p><strong>Kulland\u0131\u011f\u0131m\u0131z \u00c7erezler<\/strong><\/p>\n\n\n\n<ul class=\"wp-block-list\">\n<li><strong>Hesap \u00c7erezleri:<\/strong> Bizde bir hesap olu\u015fturursan\u0131z kay\u0131t s\u00fcrecini ve genel y\u00f6netimi y\u00f6netmek i\u00e7in \u00e7erezleri kullanaca\u011f\u0131z. Bu \u00e7erezler genellikle \u00e7\u0131k\u0131\u015f yapt\u0131\u011f\u0131n\u0131zda silinir, ancak daha sonra \u00e7\u0131k\u0131\u015f yapt\u0131ktan sonra site tercihlerinizi korumak i\u00e7in kalabilirler.<\/li>\n\n\n\n<li><strong>Giri\u015f \u00c7erezleri:<\/strong> Oturum a\u00e7t\u0131\u011f\u0131n\u0131zda oturumunuzu hat\u0131rlamak i\u00e7in \u00e7erezleri kullan\u0131r\u0131z. Bu, farkl\u0131 sayfalar\u0131 ziyaret ederken tekrar tekrar oturum a\u00e7ma zorunlulu\u011funuzu ortadan kald\u0131r\u0131r. Oturum a\u00e7t\u0131\u011f\u0131n\u0131zda yaln\u0131zca k\u0131s\u0131tl\u0131 \u00f6zelliklere ve alanlara eri\u015febilmenizi sa\u011flamak i\u00e7in, oturumunuzu kapatt\u0131\u011f\u0131n\u0131zda bu \u00e7erezler kald\u0131r\u0131l\u0131r veya temizlenir.<\/li>\n\n\n\n<li><strong>B\u00fclten \u00c7erezleri:<\/strong> Site haber b\u00fclteni veya e-posta aboneli\u011fi hizmetleri sunuyorsa, kay\u0131tl\u0131 olup olmad\u0131\u011f\u0131n\u0131z\u0131 ve yaln\u0131zca abone olan veya abone olmayan kullan\u0131c\u0131lar i\u00e7in ge\u00e7erli olan belirli bildirimlerin g\u00f6r\u00fcnt\u00fclenip g\u00f6r\u00fcnt\u00fclenmeyece\u011fini hat\u0131rlamak i\u00e7in \u00e7erezler kullan\u0131labilir.<\/li>\n<\/ul>","protected":false},"excerpt":{"rendered":"<p>A sua privacidade \u00e9 de grande import\u00e2ncia para n\u00f3s. A PlusMob se compromete a proteger a sua privacidade enquanto voc\u00ea utiliza nosso site, bem como outros sites que administramos. Coletamos suas informa\u00e7\u00f5es pessoais apenas quando necess\u00e1rio para fornecer um servi\u00e7o a voc\u00ea, e sempre com m\u00e9todos justos e transparentes, com seu conhecimento e consentimento. Tamb\u00e9m [&hellip;]<\/p>\n","protected":false},"author":1,"featured_media":0,"parent":0,"menu_order":0,"comment_status":"closed","ping_status":"closed","template":"","meta":{"footnotes":""},"class_list":["post-114","page","type-page","status-publish"],"_links":{"self":[{"href":"https:\/\/plusmob.com\/tr\/wp-json\/wp\/v2\/pages\/114","targetHints":{"allow":["GET"]}}],"collection":[{"href":"https:\/\/plusmob.com\/tr\/wp-json\/wp\/v2\/pages"}],"about":[{"href":"https:\/\/plusmob.com\/tr\/wp-json\/wp\/v2\/types\/page"}],"author":[{"embeddable":true,"href":"https:\/\/plusmob.com\/tr\/wp-json\/wp\/v2\/users\/1"}],"replies":[{"embeddable":true,"href":"https:\/\/plusmob.com\/tr\/wp-json\/wp\/v2\/comments?post=114"}],"version-history":[{"count":2,"href":"https:\/\/plusmob.com\/tr\/wp-json\/wp\/v2\/pages\/114\/revisions"}],"predecessor-version":[{"id":455,"href":"https:\/\/plusmob.com\/tr\/wp-json\/wp\/v2\/pages\/114\/revisions\/455"}],"wp:attachment":[{"href":"https:\/\/plusmob.com\/tr\/wp-json\/wp\/v2\/media?parent=114"}],"curies":[{"name":"wp","href":"https:\/\/api.w.org\/{rel}","templated":true}]}}