{"id":114,"date":"2024-05-15T22:22:37","date_gmt":"2024-05-15T22:22:37","guid":{"rendered":"https:\/\/plusmob.com\/?page_id=114"},"modified":"2024-12-18T02:27:54","modified_gmt":"2024-12-18T02:27:54","slug":"%d0%bf%d0%be%d0%bb%d1%96%d1%82%d0%b8%d0%ba%d0%b0-%d0%ba%d0%be%d0%bd%d1%84%d1%96%d0%b4%d0%b5%d0%bd%d1%86%d1%96%d0%b9%d0%bd%d0%be%d1%81%d1%82%d1%96","status":"publish","type":"page","link":"https:\/\/plusmob.com\/uk\/politica-de-privacidade\/","title":{"rendered":"\u041f\u043e\u043b\u0456\u0442\u0438\u043a\u0430 \u043a\u043e\u043d\u0444\u0456\u0434\u0435\u043d\u0446\u0456\u0439\u043d\u043e\u0441\u0442\u0456"},"content":{"rendered":"<p>\u0412\u0430\u0448\u0430 \u043a\u043e\u043d\u0444\u0456\u0434\u0435\u043d\u0446\u0456\u0439\u043d\u0456\u0441\u0442\u044c \u0434\u0443\u0436\u0435 \u0432\u0430\u0436\u043b\u0438\u0432\u0430 \u0434\u043b\u044f \u043d\u0430\u0441. PlusMob \u043f\u0440\u0430\u0433\u043d\u0435 \u0437\u0430\u0445\u0438\u0449\u0430\u0442\u0438 \u0432\u0430\u0448\u0443 \u043a\u043e\u043d\u0444\u0456\u0434\u0435\u043d\u0446\u0456\u0439\u043d\u0456\u0441\u0442\u044c \u043f\u0456\u0434 \u0447\u0430\u0441 \u0432\u0438\u043a\u043e\u0440\u0438\u0441\u0442\u0430\u043d\u043d\u044f \u043d\u0430\u0448\u043e\u0433\u043e \u0432\u0435\u0431-\u0441\u0430\u0439\u0442\u0443, \u0430 \u0442\u0430\u043a\u043e\u0436 \u0456\u043d\u0448\u0438\u0445 \u0432\u0435\u0431-\u0441\u0430\u0439\u0442\u0456\u0432, \u044f\u043a\u0438\u043c\u0438 \u043c\u0438 \u043a\u0435\u0440\u0443\u0454\u043c\u043e. \u041c\u0438 \u0437\u0431\u0438\u0440\u0430\u0454\u043c\u043e \u0432\u0430\u0448\u0443 \u043e\u0441\u043e\u0431\u0438\u0441\u0442\u0443 \u0456\u043d\u0444\u043e\u0440\u043c\u0430\u0446\u0456\u044e \u043b\u0438\u0448\u0435 \u0442\u043e\u0434\u0456, \u043a\u043e\u043b\u0438 \u0446\u0435 \u043d\u0435\u043e\u0431\u0445\u0456\u0434\u043d\u043e \u0434\u043b\u044f \u043d\u0430\u0434\u0430\u043d\u043d\u044f \u0432\u0430\u043c \u043f\u043e\u0441\u043b\u0443\u0433, \u0456 \u0437\u0430\u0432\u0436\u0434\u0438 \u0432\u0438\u043a\u043e\u0440\u0438\u0441\u0442\u043e\u0432\u0443\u044e\u0447\u0438 \u0447\u0435\u0441\u043d\u0456 \u0442\u0430 \u043f\u0440\u043e\u0437\u043e\u0440\u0456 \u043c\u0435\u0442\u043e\u0434\u0438, \u0437 \u0432\u0430\u0448\u043e\u0433\u043e \u0432\u0456\u0434\u043e\u043c\u0430 \u0442\u0430 \u0437\u0433\u043e\u0434\u0438. \u041c\u0438 \u0442\u0430\u043a\u043e\u0436 \u043f\u043e\u044f\u0441\u043d\u044e\u0454\u043c\u043e \u043f\u0440\u0438\u0447\u0438\u043d\u0438 \u0437\u0431\u043e\u0440\u0443 \u0442\u0430 \u0441\u043f\u043e\u0441\u0456\u0431 \u0432\u0438\u043a\u043e\u0440\u0438\u0441\u0442\u0430\u043d\u043d\u044f \u0446\u0456\u0454\u0457 \u0456\u043d\u0444\u043e\u0440\u043c\u0430\u0446\u0456\u0457.<\/p>\n\n\n\n<p>\u0417\u0456\u0431\u0440\u0430\u043d\u0430 \u0456\u043d\u0444\u043e\u0440\u043c\u0430\u0446\u0456\u044f \u0437\u0431\u0435\u0440\u0456\u0433\u0430\u0454\u0442\u044c\u0441\u044f \u043b\u0438\u0448\u0435 \u0441\u0442\u0456\u043b\u044c\u043a\u0438 \u0447\u0430\u0441\u0443, \u0441\u043a\u0456\u043b\u044c\u043a\u0438 \u043d\u0435\u043e\u0431\u0445\u0456\u0434\u043d\u043e \u0434\u043b\u044f \u043d\u0430\u0434\u0430\u043d\u043d\u044f \u0437\u0430\u043f\u0438\u0442\u0430\u043d\u043e\u0457 \u043f\u043e\u0441\u043b\u0443\u0433\u0438. \u041c\u0438 \u0437\u0431\u0435\u0440\u0456\u0433\u0430\u0454\u043c\u043e \u0432\u0430\u0448\u0456 \u0434\u0430\u043d\u0456, \u0437\u0430\u0445\u0438\u0449\u0430\u044e\u0447\u0438 \u0457\u0445 \u043a\u043e\u043c\u0435\u0440\u0446\u0456\u0439\u043d\u043e \u043e\u0431\u0491\u0440\u0443\u043d\u0442\u043e\u0432\u0430\u043d\u0438\u043c\u0438 \u0437\u0430\u0445\u043e\u0434\u0430\u043c\u0438 \u0431\u0435\u0437\u043f\u0435\u043a\u0438, \u0449\u043e\u0431 \u0437\u0430\u043f\u043e\u0431\u0456\u0433\u0442\u0438 \u0432\u0442\u0440\u0430\u0442\u0456, \u043a\u0440\u0430\u0434\u0456\u0436\u0446\u0456, \u0430 \u0442\u0430\u043a\u043e\u0436 \u043d\u0435\u0441\u0430\u043d\u043a\u0446\u0456\u043e\u043d\u043e\u0432\u0430\u043d\u043e\u043c\u0443 \u0434\u043e\u0441\u0442\u0443\u043f\u0443, \u0440\u043e\u0437\u0433\u043e\u043b\u043e\u0448\u0435\u043d\u043d\u044e, \u043a\u043e\u043f\u0456\u044e\u0432\u0430\u043d\u043d\u044e, \u0432\u0438\u043a\u043e\u0440\u0438\u0441\u0442\u0430\u043d\u043d\u044e \u0447\u0438 \u043c\u043e\u0434\u0438\u0444\u0456\u043a\u0430\u0446\u0456\u0457. \u041c\u0438 \u043d\u0435 \u0440\u043e\u0437\u0433\u043e\u043b\u043e\u0448\u0443\u0454\u043c\u043e \u043e\u0441\u043e\u0431\u0438\u0441\u0442\u0443 \u0456\u043d\u0444\u043e\u0440\u043c\u0430\u0446\u0456\u044e \u043f\u0443\u0431\u043b\u0456\u0447\u043d\u043e \u0430\u0431\u043e \u0442\u0440\u0435\u0442\u0456\u043c \u043e\u0441\u043e\u0431\u0430\u043c, \u044f\u043a\u0449\u043e \u0446\u0435 \u043d\u0435 \u0432\u0438\u043c\u0430\u0433\u0430\u0454\u0442\u044c\u0441\u044f \u0437\u0430\u043a\u043e\u043d\u043e\u043c.<\/p>\n\n\n\n<p>\u041d\u0430\u0448 \u0432\u0435\u0431-\u0441\u0430\u0439\u0442 \u043c\u043e\u0436\u0435 \u043c\u0456\u0441\u0442\u0438\u0442\u0438 \u043f\u043e\u0441\u0438\u043b\u0430\u043d\u043d\u044f \u043d\u0430 \u0437\u043e\u0432\u043d\u0456\u0448\u043d\u0456 \u0432\u0435\u0431-\u0441\u0430\u0439\u0442\u0438, \u044f\u043a\u0438\u043c\u0438 \u043c\u0438 \u043d\u0435 \u043a\u0435\u0440\u0443\u0454\u043c\u043e. \u041c\u0430\u0439\u0442\u0435 \u043d\u0430 \u0443\u0432\u0430\u0437\u0456, \u0449\u043e \u043c\u0438 \u043d\u0435 \u043a\u043e\u043d\u0442\u0440\u043e\u043b\u044e\u0454\u043c\u043e \u0446\u0456 \u0437\u043e\u0432\u043d\u0456\u0448\u043d\u0456 \u0441\u0430\u0439\u0442\u0438 \u0442\u0430 \u043d\u0435 \u043d\u0435\u0441\u0435\u043c\u043e \u0432\u0456\u0434\u043f\u043e\u0432\u0456\u0434\u0430\u043b\u044c\u043d\u043e\u0441\u0442\u0456 \u0437\u0430 \u0457\u0445\u043d\u044e \u043f\u043e\u043b\u0456\u0442\u0438\u043a\u0443 \u043a\u043e\u043d\u0444\u0456\u0434\u0435\u043d\u0446\u0456\u0439\u043d\u043e\u0441\u0442\u0456. \u0412\u0438 \u043c\u043e\u0436\u0435\u0442\u0435 \u043d\u0435 \u043d\u0430\u0434\u0430\u0432\u0430\u0442\u0438 \u0441\u0432\u043e\u044e \u043e\u0441\u043e\u0431\u0438\u0441\u0442\u0443 \u0456\u043d\u0444\u043e\u0440\u043c\u0430\u0446\u0456\u044e, \u0430\u043b\u0435 \u0446\u0435 \u043c\u043e\u0436\u0435 \u043f\u0435\u0440\u0435\u0448\u043a\u043e\u0434\u0438\u0442\u0438 \u043d\u0430\u043c \u043d\u0430\u0434\u0430\u0432\u0430\u0442\u0438 \u0434\u0435\u044f\u043a\u0456 \u043f\u043e\u0441\u043b\u0443\u0433\u0438, \u044f\u043a\u0456 \u0432\u0438 \u0445\u043e\u0447\u0435\u0442\u0435. \u041f\u043e\u0434\u0430\u043b\u044c\u0448\u0435 \u0432\u0438\u043a\u043e\u0440\u0438\u0441\u0442\u0430\u043d\u043d\u044f \u0432\u0430\u043c\u0438 \u043d\u0430\u0448\u043e\u0433\u043e \u0432\u0435\u0431-\u0441\u0430\u0439\u0442\u0443 \u0432\u0432\u0430\u0436\u0430\u0442\u0438\u043c\u0435\u0442\u044c\u0441\u044f \u0437\u0433\u043e\u0434\u043e\u044e \u0437 \u043d\u0430\u0448\u0438\u043c\u0438 \u043f\u0440\u0430\u0432\u0438\u043b\u0430\u043c\u0438 \u043a\u043e\u043d\u0444\u0456\u0434\u0435\u043d\u0446\u0456\u0439\u043d\u043e\u0441\u0442\u0456 \u0442\u0430 \u043e\u0441\u043e\u0431\u0438\u0441\u0442\u043e\u0457 \u0456\u043d\u0444\u043e\u0440\u043c\u0430\u0446\u0456\u0457. \u042f\u043a\u0449\u043e \u0443 \u0432\u0430\u0441 \u0432\u0438\u043d\u0438\u043a\u043b\u0438 \u0437\u0430\u043f\u0438\u0442\u0430\u043d\u043d\u044f \u0449\u043e\u0434\u043e \u0442\u043e\u0433\u043e, \u044f\u043a \u043c\u0438 \u043a\u0435\u0440\u0443\u0454\u043c\u043e \u0434\u0430\u043d\u0438\u043c\u0438 \u043a\u043e\u0440\u0438\u0441\u0442\u0443\u0432\u0430\u0447\u0456\u0432 \u0456 \u043e\u0441\u043e\u0431\u0438\u0441\u0442\u043e\u044e \u0456\u043d\u0444\u043e\u0440\u043c\u0430\u0446\u0456\u0454\u044e, \u0437\u0432\u2019\u044f\u0436\u0456\u0442\u044c\u0441\u044f \u0437 \u043d\u0430\u043c\u0438.<\/p>\n\n\n\n<p><strong>\u041f\u043e\u043b\u0456\u0442\u0438\u043a\u0430 \u0432\u0438\u043a\u043e\u0440\u0438\u0441\u0442\u0430\u043d\u043d\u044f \u0444\u0430\u0439\u043b\u0456\u0432 cookie PlusMob<\/strong><\/p>\n\n\n\n<p><strong>\u0429\u043e \u0442\u0430\u043a\u0435 \u0444\u0430\u0439\u043b\u0438 cookie?<\/strong><br>\u042f\u043a \u0456 \u043c\u0430\u0439\u0436\u0435 \u043d\u0430 \u0432\u0441\u0456\u0445 \u043f\u0440\u043e\u0444\u0435\u0441\u0456\u0439\u043d\u0438\u0445 \u0432\u0435\u0431-\u0441\u0430\u0439\u0442\u0430\u0445, \u043d\u0430\u0448 \u0441\u0430\u0439\u0442 \u0432\u0438\u043a\u043e\u0440\u0438\u0441\u0442\u043e\u0432\u0443\u0454 \u0444\u0430\u0439\u043b\u0438 cookie, \u044f\u043a\u0456 \u0454 \u043d\u0435\u0432\u0435\u043b\u0438\u043a\u0438\u043c\u0438 \u0444\u0430\u0439\u043b\u0430\u043c\u0438, \u044f\u043a\u0456 \u0437\u0430\u0432\u0430\u043d\u0442\u0430\u0436\u0443\u044e\u0442\u044c\u0441\u044f \u043d\u0430 \u0432\u0430\u0448 \u043f\u0440\u0438\u0441\u0442\u0440\u0456\u0439, \u0449\u043e\u0431 \u043f\u043e\u043a\u0440\u0430\u0449\u0438\u0442\u0438 \u0440\u043e\u0431\u043e\u0442\u0443 \u0432 \u0406\u043d\u0442\u0435\u0440\u043d\u0435\u0442\u0456. \u0423 \u0446\u044c\u043e\u043c\u0443 \u0440\u043e\u0437\u0434\u0456\u043b\u0456 \u043f\u043e\u044f\u0441\u043d\u044e\u0454\u0442\u044c\u0441\u044f, \u044f\u043a\u0443 \u0456\u043d\u0444\u043e\u0440\u043c\u0430\u0446\u0456\u044e \u0432\u043e\u043d\u0438 \u0437\u0431\u0438\u0440\u0430\u044e\u0442\u044c, \u044f\u043a \u043c\u0438 \u0457\u0457 \u0432\u0438\u043a\u043e\u0440\u0438\u0441\u0442\u043e\u0432\u0443\u0454\u043c\u043e \u0442\u0430 \u0447\u043e\u043c\u0443 \u0456\u043d\u043e\u0434\u0456 \u043d\u0435\u043e\u0431\u0445\u0456\u0434\u043d\u043e \u0437\u0431\u0435\u0440\u0456\u0433\u0430\u0442\u0438 \u0446\u0456 \u0444\u0430\u0439\u043b\u0438 cookie. \u041c\u0438 \u0442\u0430\u043a\u043e\u0436 \u043f\u043e\u044f\u0441\u043d\u0438\u043c\u043e, \u044f\u043a \u043c\u043e\u0436\u043d\u0430 \u0437\u0430\u0431\u043b\u043e\u043a\u0443\u0432\u0430\u0442\u0438 \u0432\u0441\u0442\u0430\u043d\u043e\u0432\u043b\u0435\u043d\u043d\u044f \u0444\u0430\u0439\u043b\u0456\u0432 cookie, \u0445\u043e\u0447\u0430 \u0446\u0435 \u043c\u043e\u0436\u0435 \u043f\u043e\u0441\u0442\u0430\u0432\u0438\u0442\u0438 \u043f\u0456\u0434 \u0437\u0430\u0433\u0440\u043e\u0437\u0443 \u0444\u0443\u043d\u043a\u0446\u0456\u043e\u043d\u0430\u043b\u044c\u043d\u0456\u0441\u0442\u044c \u0441\u0430\u0439\u0442\u0443.<\/p>\n\n\n\n<p><strong>\u0412\u0438\u043a\u043e\u0440\u0438\u0441\u0442\u0430\u043d\u043d\u044f \u0444\u0430\u0439\u043b\u0456\u0432 cookie<\/strong><br>\u041c\u0438 \u0432\u0438\u043a\u043e\u0440\u0438\u0441\u0442\u043e\u0432\u0443\u0454\u043c\u043e \u0444\u0430\u0439\u043b\u0438 cookie \u0437 \u043a\u0456\u043b\u044c\u043a\u043e\u0445 \u043f\u0440\u0438\u0447\u0438\u043d, \u043e\u043f\u0438\u0441\u0430\u043d\u0438\u0445 \u043d\u0438\u0436\u0447\u0435. \u0423 \u0431\u0456\u043b\u044c\u0448\u043e\u0441\u0442\u0456 \u0432\u0438\u043f\u0430\u0434\u043a\u0456\u0432 \u043d\u0435\u043c\u0430\u0454 \u0441\u0442\u0430\u043d\u0434\u0430\u0440\u0442\u043d\u0438\u0445 \u0432\u0430\u0440\u0456\u0430\u043d\u0442\u0456\u0432 \u0432\u0438\u043c\u043a\u043d\u0435\u043d\u043d\u044f \u0444\u0430\u0439\u043b\u0456\u0432 cookie \u0431\u0435\u0437 \u0448\u043a\u043e\u0434\u0438 \u0434\u043b\u044f \u0444\u0443\u043d\u043a\u0446\u0456\u043e\u043d\u0430\u043b\u044c\u043d\u043e\u0441\u0442\u0456, \u0434\u043e\u0434\u0430\u043d\u043e\u0457 \u043d\u0430 \u0441\u0430\u0439\u0442. \u0420\u0435\u043a\u043e\u043c\u0435\u043d\u0434\u0443\u0454\u0442\u044c\u0441\u044f \u043d\u0435 \u0432\u0438\u043c\u0438\u043a\u0430\u0442\u0438 \u0444\u0430\u0439\u043b\u0438 cookie, \u044f\u043a\u0449\u043e \u0432\u0438 \u043d\u0435 \u0432\u043f\u0435\u0432\u043d\u0435\u043d\u0456, \u0447\u0438 \u0432\u043e\u043d\u0438 \u0432\u0430\u043c \u043f\u043e\u0442\u0440\u0456\u0431\u043d\u0456, \u043e\u0441\u043a\u0456\u043b\u044c\u043a\u0438 \u0432\u043e\u043d\u0438 \u043c\u043e\u0436\u0443\u0442\u044c \u0437\u043d\u0430\u0434\u043e\u0431\u0438\u0442\u0438\u0441\u044f \u0434\u043b\u044f \u043d\u0430\u0434\u0430\u043d\u043d\u044f \u043f\u043e\u0441\u043b\u0443\u0433, \u044f\u043a\u0438\u043c\u0438 \u0432\u0438 \u043a\u043e\u0440\u0438\u0441\u0442\u0443\u0454\u0442\u0435\u0441\u044f.<\/p>\n\n\n\n<p><strong>\u0412\u0438\u043c\u043a\u043d\u0443\u0442\u0438 \u0444\u0430\u0439\u043b\u0438 cookie<\/strong><br>\u0412\u0438 \u043c\u043e\u0436\u0435\u0442\u0435 \u0437\u0430\u043f\u043e\u0431\u0456\u0433\u0442\u0438 \u0432\u0441\u0442\u0430\u043d\u043e\u0432\u043b\u0435\u043d\u043d\u044e \u0444\u0430\u0439\u043b\u0456\u0432 cookie, \u043d\u0430\u043b\u0430\u0448\u0442\u0443\u0432\u0430\u0432\u0448\u0438 \u043d\u0430\u043b\u0430\u0448\u0442\u0443\u0432\u0430\u043d\u043d\u044f \u0441\u0432\u043e\u0433\u043e \u0431\u0440\u0430\u0443\u0437\u0435\u0440\u0430. \u041f\u0435\u0440\u0435\u0433\u043b\u044f\u043d\u044c\u0442\u0435 \u0434\u043e\u0432\u0456\u0434\u043a\u0443 \u0441\u0432\u043e\u0433\u043e \u0431\u0440\u0430\u0443\u0437\u0435\u0440\u0430, \u0449\u043e\u0431 \u0434\u0456\u0437\u043d\u0430\u0442\u0438\u0441\u044f, \u044f\u043a \u0446\u0435 \u0437\u0440\u043e\u0431\u0438\u0442\u0438. \u041c\u0430\u0439\u0442\u0435 \u043d\u0430 \u0443\u0432\u0430\u0437\u0456, \u0449\u043e \u0432\u0438\u043c\u043a\u043d\u0435\u043d\u043d\u044f \u0444\u0430\u0439\u043b\u0456\u0432 cookie \u0432\u043f\u043b\u0438\u043d\u0435 \u043d\u0430 \u0444\u0443\u043d\u043a\u0446\u0456\u043e\u043d\u0430\u043b\u044c\u043d\u0456\u0441\u0442\u044c \u0446\u044c\u043e\u0433\u043e \u0442\u0430 \u0456\u043d\u0448\u0438\u0445 \u0432\u0435\u0431-\u0441\u0430\u0439\u0442\u0456\u0432, \u044f\u043a\u0456 \u0432\u0438 \u0432\u0456\u0434\u0432\u0456\u0434\u0443\u0454\u0442\u0435. \u0412\u0438\u043c\u043a\u043d\u0435\u043d\u043d\u044f \u0444\u0430\u0439\u043b\u0456\u0432 cookie \u0437\u0430\u0437\u0432\u0438\u0447\u0430\u0439 \u043e\u0437\u043d\u0430\u0447\u0430\u0454 \u0432\u0442\u0440\u0430\u0442\u0443 \u043f\u0435\u0432\u043d\u0438\u0445 \u0444\u0443\u043d\u043a\u0446\u0456\u043e\u043d\u0430\u043b\u044c\u043d\u0438\u0445 \u043c\u043e\u0436\u043b\u0438\u0432\u043e\u0441\u0442\u0435\u0439 \u0432\u0435\u0431-\u0441\u0430\u0439\u0442\u0443, \u0442\u043e\u043c\u0443 \u0431\u0430\u0436\u0430\u043d\u043e \u043d\u0435 \u0432\u0438\u043c\u0438\u043a\u0430\u0442\u0438 \u0457\u0445.<\/p>\n\n\n\n<p><strong>\u0424\u0430\u0439\u043b\u0438 cookie, \u044f\u043a\u0456 \u043c\u0438 \u0432\u0438\u043a\u043e\u0440\u0438\u0441\u0442\u043e\u0432\u0443\u0454\u043c\u043e<\/strong><\/p>\n\n\n\n<ul class=\"wp-block-list\">\n<li><strong>\u0424\u0430\u0439\u043b\u0438 cookie \u043e\u0431\u043b\u0456\u043a\u043e\u0432\u043e\u0433\u043e \u0437\u0430\u043f\u0438\u0441\u0443:<\/strong> \u042f\u043a\u0449\u043e \u0432\u0438 \u0441\u0442\u0432\u043e\u0440\u0438\u0442\u0435 \u043e\u0431\u043b\u0456\u043a\u043e\u0432\u0438\u0439 \u0437\u0430\u043f\u0438\u0441 \u0443 \u043d\u0430\u0441, \u043c\u0438 \u0432\u0438\u043a\u043e\u0440\u0438\u0441\u0442\u043e\u0432\u0443\u0432\u0430\u0442\u0438\u043c\u0435\u043c\u043e \u0444\u0430\u0439\u043b\u0438 cookie \u0434\u043b\u044f \u043a\u0435\u0440\u0443\u0432\u0430\u043d\u043d\u044f \u043f\u0440\u043e\u0446\u0435\u0441\u043e\u043c \u0440\u0435\u0454\u0441\u0442\u0440\u0430\u0446\u0456\u0457 \u0442\u0430 \u0437\u0430\u0433\u0430\u043b\u044c\u043d\u043e\u0433\u043e \u0430\u0434\u043c\u0456\u043d\u0456\u0441\u0442\u0440\u0443\u0432\u0430\u043d\u043d\u044f. \u0426\u0456 \u0444\u0430\u0439\u043b\u0438 cookie \u0437\u0430\u0437\u0432\u0438\u0447\u0430\u0439 \u0432\u0438\u0434\u0430\u043b\u044f\u044e\u0442\u044c\u0441\u044f, \u043a\u043e\u043b\u0438 \u0432\u0438 \u0432\u0438\u0445\u043e\u0434\u0438\u0442\u0435 \u0437 \u0441\u0438\u0441\u0442\u0435\u043c\u0438, \u0445\u043e\u0447\u0430 \u0432\u043e\u043d\u0438 \u043c\u043e\u0436\u0443\u0442\u044c \u0437\u0430\u043b\u0438\u0448\u0430\u0442\u0438\u0441\u044f \u0439 \u043f\u0456\u0441\u043b\u044f \u0442\u043e\u0433\u043e, \u0449\u043e\u0431 \u0437\u0431\u0435\u0440\u0435\u0433\u0442\u0438 \u0432\u0430\u0448\u0456 \u043d\u0430\u043b\u0430\u0448\u0442\u0443\u0432\u0430\u043d\u043d\u044f \u0441\u0430\u0439\u0442\u0443 \u043f\u0456\u0441\u043b\u044f \u0432\u0438\u0445\u043e\u0434\u0443.<\/li>\n\n\n\n<li><strong>\u0424\u0430\u0439\u043b\u0438 cookie \u0434\u043b\u044f \u0432\u0445\u043e\u0434\u0443:<\/strong> \u041a\u043e\u043b\u0438 \u0432\u0438 \u0432\u0432\u0456\u0439\u0448\u043b\u0438 \u0432 \u0441\u0438\u0441\u0442\u0435\u043c\u0443, \u043c\u0438 \u0432\u0438\u043a\u043e\u0440\u0438\u0441\u0442\u043e\u0432\u0443\u0454\u043c\u043e \u0444\u0430\u0439\u043b\u0438 cookie, \u0449\u043e\u0431 \u0437\u0430\u043f\u0430\u043c&#039;\u044f\u0442\u0430\u0442\u0438 \u0432\u0430\u0448 \u0441\u0435\u0430\u043d\u0441. \u0426\u0435 \u043f\u043e\u0437\u0431\u0430\u0432\u043b\u044f\u0454 \u0432\u0430\u0441 \u0432\u0456\u0434 \u043f\u043e\u0432\u0442\u043e\u0440\u043d\u043e\u0433\u043e \u0432\u0445\u043e\u0434\u0443 \u043f\u0456\u0434 \u0447\u0430\u0441 \u0432\u0456\u0434\u0432\u0456\u0434\u0443\u0432\u0430\u043d\u043d\u044f \u0440\u0456\u0437\u043d\u0438\u0445 \u0441\u0442\u043e\u0440\u0456\u043d\u043e\u043a. \u0426\u0456 \u0444\u0430\u0439\u043b\u0438 cookie \u0432\u0438\u0434\u0430\u043b\u044f\u044e\u0442\u044c\u0441\u044f \u0430\u0431\u043e \u043e\u0447\u0438\u0449\u0430\u044e\u0442\u044c\u0441\u044f, \u043a\u043e\u043b\u0438 \u0432\u0438 \u0432\u0438\u0445\u043e\u0434\u0438\u0442\u0435 \u0437 \u0441\u0438\u0441\u0442\u0435\u043c\u0438, \u0449\u043e\u0431 \u0433\u0430\u0440\u0430\u043d\u0442\u0443\u0432\u0430\u0442\u0438, \u0449\u043e \u0432\u0438 \u043c\u0430\u0454\u0442\u0435 \u0434\u043e\u0441\u0442\u0443\u043f \u043b\u0438\u0448\u0435 \u0434\u043e \u043e\u0431\u043c\u0435\u0436\u0435\u043d\u0438\u0445 \u0444\u0443\u043d\u043a\u0446\u0456\u0439 \u0456 \u043e\u0431\u043b\u0430\u0441\u0442\u0435\u0439, \u043a\u043e\u043b\u0438 \u0432\u0438 \u0432\u0432\u0456\u0439\u0448\u043b\u0438 \u0432 \u0441\u0438\u0441\u0442\u0435\u043c\u0443.<\/li>\n\n\n\n<li><strong>\u0406\u043d\u0444\u043e\u0440\u043c\u0430\u0446\u0456\u0439\u043d\u0456 \u0444\u0430\u0439\u043b\u0438 cookie:<\/strong> \u042f\u043a\u0449\u043e \u0441\u0430\u0439\u0442 \u043f\u0440\u043e\u043f\u043e\u043d\u0443\u0454 \u043f\u043e\u0441\u043b\u0443\u0433\u0438 \u043f\u0456\u0434\u043f\u0438\u0441\u043a\u0438 \u043d\u0430 \u0456\u043d\u0444\u043e\u0440\u043c\u0430\u0446\u0456\u0439\u043d\u0438\u0439 \u0431\u044e\u043b\u0435\u0442\u0435\u043d\u044c \u0430\u0431\u043e \u0435\u043b\u0435\u043a\u0442\u0440\u043e\u043d\u043d\u0443 \u043f\u043e\u0448\u0442\u0443, \u0444\u0430\u0439\u043b\u0438 cookie \u043c\u043e\u0436\u0443\u0442\u044c \u0432\u0438\u043a\u043e\u0440\u0438\u0441\u0442\u043e\u0432\u0443\u0432\u0430\u0442\u0438\u0441\u044f \u0434\u043b\u044f \u0437\u0430\u043f\u0430\u043c\u2019\u044f\u0442\u043e\u0432\u0443\u0432\u0430\u043d\u043d\u044f \u0442\u043e\u0433\u043e, \u0447\u0438 \u0432\u0438 \u0437\u0430\u0440\u0435\u0454\u0441\u0442\u0440\u043e\u0432\u0430\u043d\u0456 \u0442\u0430 \u0447\u0438 \u043c\u0430\u044e\u0442\u044c \u0432\u0456\u0434\u043e\u0431\u0440\u0430\u0436\u0430\u0442\u0438\u0441\u044f \u043f\u0435\u0432\u043d\u0456 \u0441\u043f\u043e\u0432\u0456\u0449\u0435\u043d\u043d\u044f, \u0434\u0456\u0439\u0441\u043d\u0456 \u043b\u0438\u0448\u0435 \u0434\u043b\u044f \u043a\u043e\u0440\u0438\u0441\u0442\u0443\u0432\u0430\u0447\u0456\u0432, \u044f\u043a\u0456 \u043f\u0456\u0434\u043f\u0438\u0441\u0430\u043b\u0438\u0441\u044f \u0447\u0438 \u043d\u0435 \u043f\u0456\u0434\u043f\u0438\u0441\u0430\u043b\u0438\u0441\u044f.<\/li>\n<\/ul>","protected":false},"excerpt":{"rendered":"<p>A sua privacidade \u00e9 de grande import\u00e2ncia para n\u00f3s. A PlusMob se compromete a proteger a sua privacidade enquanto voc\u00ea utiliza nosso site, bem como outros sites que administramos. Coletamos suas informa\u00e7\u00f5es pessoais apenas quando necess\u00e1rio para fornecer um servi\u00e7o a voc\u00ea, e sempre com m\u00e9todos justos e transparentes, com seu conhecimento e consentimento. Tamb\u00e9m [&hellip;]<\/p>\n","protected":false},"author":1,"featured_media":0,"parent":0,"menu_order":0,"comment_status":"closed","ping_status":"closed","template":"","meta":{"footnotes":""},"class_list":["post-114","page","type-page","status-publish"],"_links":{"self":[{"href":"https:\/\/plusmob.com\/uk\/wp-json\/wp\/v2\/pages\/114","targetHints":{"allow":["GET"]}}],"collection":[{"href":"https:\/\/plusmob.com\/uk\/wp-json\/wp\/v2\/pages"}],"about":[{"href":"https:\/\/plusmob.com\/uk\/wp-json\/wp\/v2\/types\/page"}],"author":[{"embeddable":true,"href":"https:\/\/plusmob.com\/uk\/wp-json\/wp\/v2\/users\/1"}],"replies":[{"embeddable":true,"href":"https:\/\/plusmob.com\/uk\/wp-json\/wp\/v2\/comments?post=114"}],"version-history":[{"count":2,"href":"https:\/\/plusmob.com\/uk\/wp-json\/wp\/v2\/pages\/114\/revisions"}],"predecessor-version":[{"id":455,"href":"https:\/\/plusmob.com\/uk\/wp-json\/wp\/v2\/pages\/114\/revisions\/455"}],"wp:attachment":[{"href":"https:\/\/plusmob.com\/uk\/wp-json\/wp\/v2\/media?parent=114"}],"curies":[{"name":"\u0412\u041f","href":"https:\/\/api.w.org\/{rel}","templated":true}]}}