{"id":114,"date":"2024-05-15T22:22:37","date_gmt":"2024-05-15T22:22:37","guid":{"rendered":"https:\/\/plusmob.com\/?page_id=114"},"modified":"2024-12-18T02:27:54","modified_gmt":"2024-12-18T02:27:54","slug":"chinh-sach-bao-mat","status":"publish","type":"page","link":"https:\/\/plusmob.com\/vi\/politica-de-privacidade\/","title":{"rendered":"Ch\u00ednh s\u00e1ch b\u1ea3o m\u1eadt"},"content":{"rendered":"<p>S\u1ef1 ri\u00eang t\u01b0 c\u1ee7a b\u1ea1n r\u1ea5t quan tr\u1ecdng \u0111\u1ed1i v\u1edbi ch\u00fang t\u00f4i. PlusMob cam k\u1ebft b\u1ea3o v\u1ec7 quy\u1ec1n ri\u00eang t\u01b0 c\u1ee7a b\u1ea1n khi b\u1ea1n s\u1eed d\u1ee5ng trang web c\u1ee7a ch\u00fang t\u00f4i c\u0169ng nh\u01b0 c\u00e1c trang web kh\u00e1c m\u00e0 ch\u00fang t\u00f4i qu\u1ea3n l\u00fd. Ch\u00fang t\u00f4i ch\u1ec9 thu th\u1eadp th\u00f4ng tin c\u00e1 nh\u00e2n c\u1ee7a b\u1ea1n khi c\u1ea7n thi\u1ebft \u0111\u1ec3 cung c\u1ea5p d\u1ecbch v\u1ee5 cho b\u1ea1n v\u00e0 lu\u00f4n s\u1eed d\u1ee5ng c\u00e1c ph\u01b0\u01a1ng ph\u00e1p c\u00f4ng b\u1eb1ng v\u00e0 minh b\u1ea1ch v\u1edbi s\u1ef1 hi\u1ec3u bi\u1ebft v\u00e0 \u0111\u1ed3ng \u00fd c\u1ee7a b\u1ea1n. Ch\u00fang t\u00f4i c\u0169ng l\u00e0m r\u00f5 l\u00fd do thu th\u1eadp v\u00e0 c\u00e1ch s\u1eed d\u1ee5ng th\u00f4ng tin n\u00e0y.<\/p>\n\n\n\n<p>Th\u00f4ng tin \u0111\u01b0\u1ee3c thu th\u1eadp ch\u1ec9 \u0111\u01b0\u1ee3c l\u01b0u gi\u1eef trong kho\u1ea3ng th\u1eddi gian c\u1ea7n thi\u1ebft \u0111\u1ec3 cung c\u1ea5p d\u1ecbch v\u1ee5 \u0111\u01b0\u1ee3c y\u00eau c\u1ea7u. Ch\u00fang t\u00f4i l\u01b0u tr\u1eef d\u1eef li\u1ec7u c\u1ee7a b\u1ea1n \u0111\u01b0\u1ee3c b\u1ea3o v\u1ec7 b\u1eb1ng c\u00e1c bi\u1ec7n ph\u00e1p b\u1ea3o m\u1eadt h\u1ee3p l\u00fd v\u1ec1 m\u1eb7t th\u01b0\u01a1ng m\u1ea1i \u0111\u1ec3 ng\u0103n ng\u1eeba m\u1ea5t m\u00e1t, tr\u1ed9m c\u1eafp c\u0169ng nh\u01b0 truy c\u1eadp, ti\u1ebft l\u1ed9, sao ch\u00e9p, s\u1eed d\u1ee5ng ho\u1eb7c s\u1eeda \u0111\u1ed5i tr\u00e1i ph\u00e9p. Ch\u00fang t\u00f4i kh\u00f4ng ti\u1ebft l\u1ed9 th\u00f4ng tin c\u00e1 nh\u00e2n m\u1ed9t c\u00e1ch c\u00f4ng khai ho\u1eb7c cho b\u00ean th\u1ee9 ba tr\u1eeb khi ph\u00e1p lu\u1eadt y\u00eau c\u1ea7u.<\/p>\n\n\n\n<p>Trang web c\u1ee7a ch\u00fang t\u00f4i c\u00f3 th\u1ec3 ch\u1ee9a c\u00e1c li\u00ean k\u1ebft \u0111\u1ebfn c\u00e1c trang web b\u00ean ngo\u00e0i kh\u00f4ng do ch\u00fang t\u00f4i qu\u1ea3n l\u00fd. Xin l\u01b0u \u00fd r\u1eb1ng ch\u00fang t\u00f4i kh\u00f4ng ki\u1ec3m so\u00e1t c\u00e1c trang web b\u00ean ngo\u00e0i n\u00e0y v\u00e0 kh\u00f4ng ch\u1ecbu tr\u00e1ch nhi\u1ec7m v\u1ec1 ch\u00ednh s\u00e1ch b\u1ea3o m\u1eadt c\u1ee7a h\u1ecd. B\u1ea1n c\u00f3 th\u1ec3 ch\u1ecdn kh\u00f4ng cung c\u1ea5p th\u00f4ng tin c\u00e1 nh\u00e2n c\u1ee7a m\u00ecnh, nh\u01b0ng \u0111i\u1ec1u n\u00e0y c\u00f3 th\u1ec3 ng\u0103n ch\u00fang t\u00f4i cung c\u1ea5p m\u1ed9t s\u1ed1 d\u1ecbch v\u1ee5 m\u00e0 b\u1ea1n mu\u1ed1n. Vi\u1ec7c b\u1ea1n ti\u1ebfp t\u1ee5c s\u1eed d\u1ee5ng trang web c\u1ee7a ch\u00fang t\u00f4i s\u1ebd \u0111\u01b0\u1ee3c coi l\u00e0 ch\u1ea5p nh\u1eadn c\u00e1c th\u1ef1c ti\u1ec5n v\u1ec1 quy\u1ec1n ri\u00eang t\u01b0 v\u00e0 th\u00f4ng tin c\u00e1 nh\u00e2n c\u1ee7a ch\u00fang t\u00f4i. N\u1ebfu b\u1ea1n c\u00f3 th\u1eafc m\u1eafc v\u1ec1 c\u00e1ch ch\u00fang t\u00f4i qu\u1ea3n l\u00fd d\u1eef li\u1ec7u ng\u01b0\u1eddi d\u00f9ng v\u00e0 th\u00f4ng tin c\u00e1 nh\u00e2n, vui l\u00f2ng li\u00ean h\u1ec7 v\u1edbi ch\u00fang t\u00f4i.<\/p>\n\n\n\n<p><strong>Ch\u00ednh s\u00e1ch cookie c\u1ee7a PlusMob<\/strong><\/p>\n\n\n\n<p><strong>Cookie l\u00e0 g\u00ec?<\/strong><br>Gi\u1ed1ng nh\u01b0 h\u1ea7u h\u1ebft c\u00e1c trang web chuy\u00ean nghi\u1ec7p, trang web c\u1ee7a ch\u00fang t\u00f4i s\u1eed d\u1ee5ng cookie, l\u00e0 c\u00e1c t\u1ec7p nh\u1ecf \u0111\u01b0\u1ee3c t\u1ea3i xu\u1ed1ng thi\u1ebft b\u1ecb c\u1ee7a b\u1ea1n, \u0111\u1ec3 c\u1ea3i thi\u1ec7n tr\u1ea3i nghi\u1ec7m tr\u1ef1c tuy\u1ebfn c\u1ee7a b\u1ea1n. Ph\u1ea7n n\u00e0y gi\u1ea3i th\u00edch nh\u1eefng th\u00f4ng tin h\u1ecd thu th\u1eadp, c\u00e1ch ch\u00fang t\u00f4i s\u1eed d\u1ee5ng th\u00f4ng tin \u0111\u00f3 v\u00e0 l\u00fd do \u0111\u00f4i khi c\u1ea7n l\u01b0u tr\u1eef nh\u1eefng cookie n\u00e0y. Ch\u00fang t\u00f4i c\u0169ng s\u1ebd gi\u1ea3i th\u00edch c\u00e1ch b\u1ea1n c\u00f3 th\u1ec3 ch\u1eb7n c\u00e0i \u0111\u1eb7t cookie, m\u1eb7c d\u00f9 \u0111i\u1ec1u n\u00e0y c\u00f3 th\u1ec3 \u1ea3nh h\u01b0\u1edfng \u0111\u1ebfn ch\u1ee9c n\u0103ng c\u1ee7a trang web.<\/p>\n\n\n\n<p><strong>S\u1eed d\u1ee5ng Cookie<\/strong><br>Ch\u00fang t\u00f4i s\u1eed d\u1ee5ng cookie v\u00ec nhi\u1ec1u l\u00fd do \u0111\u01b0\u1ee3c m\u00f4 t\u1ea3 b\u00ean d\u01b0\u1edbi. Trong h\u1ea7u h\u1ebft c\u00e1c tr\u01b0\u1eddng h\u1ee3p, kh\u00f4ng c\u00f3 t\u00f9y ch\u1ecdn ti\u00eau chu\u1ea9n n\u00e0o \u0111\u1ec3 t\u1eaft cookie m\u00e0 kh\u00f4ng \u1ea3nh h\u01b0\u1edfng \u0111\u1ebfn ch\u1ee9c n\u0103ng \u0111\u01b0\u1ee3c th\u00eam v\u00e0o trang web. B\u1ea1n kh\u00f4ng n\u00ean t\u1eaft cookie n\u1ebfu b\u1ea1n kh\u00f4ng ch\u1eafc ch\u1eafn li\u1ec7u m\u00ecnh c\u00f3 c\u1ea7n ch\u00fang hay kh\u00f4ng v\u00ec ch\u00fang c\u00f3 th\u1ec3 c\u1ea7n thi\u1ebft \u0111\u1ec3 cung c\u1ea5p c\u00e1c d\u1ecbch v\u1ee5 m\u00e0 b\u1ea1n s\u1eed d\u1ee5ng.<\/p>\n\n\n\n<p><strong>T\u1eaft Cookie<\/strong><br>B\u1ea1n c\u00f3 th\u1ec3 ng\u0103n c\u00e0i \u0111\u1eb7t cookie b\u1eb1ng c\u00e1ch \u0111i\u1ec1u ch\u1ec9nh c\u00e0i \u0111\u1eb7t tr\u00ecnh duy\u1ec7t c\u1ee7a m\u00ecnh. Xem Tr\u1ee3 gi\u00fap c\u1ee7a tr\u00ecnh duy\u1ec7t c\u1ee7a b\u1ea1n \u0111\u1ec3 t\u00ecm hi\u1ec3u c\u00e1ch th\u1ef1c hi\u1ec7n vi\u1ec7c n\u00e0y. Xin l\u01b0u \u00fd r\u1eb1ng vi\u1ec7c t\u1eaft cookie s\u1ebd \u1ea3nh h\u01b0\u1edfng \u0111\u1ebfn ch\u1ee9c n\u0103ng c\u1ee7a trang n\u00e0y v\u00e0 c\u00e1c trang web kh\u00e1c m\u00e0 b\u1ea1n truy c\u1eadp. Vi\u1ec7c t\u1eaft cookie th\u01b0\u1eddng \u0111\u1ed3ng ngh\u0129a v\u1edbi vi\u1ec7c m\u1ea5t m\u1ed9t s\u1ed1 ch\u1ee9c n\u0103ng v\u00e0 t\u00ednh n\u0103ng nh\u1ea5t \u0111\u1ecbnh c\u1ee7a trang web, v\u00ec v\u1eady kh\u00f4ng n\u00ean t\u1eaft ch\u00fang.<\/p>\n\n\n\n<p><strong>Cookie ch\u00fang t\u00f4i s\u1eed d\u1ee5ng<\/strong><\/p>\n\n\n\n<ul class=\"wp-block-list\">\n<li><strong>Cookie t\u00e0i kho\u1ea3n:<\/strong> N\u1ebfu b\u1ea1n t\u1ea1o t\u00e0i kho\u1ea3n v\u1edbi ch\u00fang t\u00f4i, ch\u00fang t\u00f4i s\u1ebd s\u1eed d\u1ee5ng cookie \u0111\u1ec3 qu\u1ea3n l\u00fd qu\u00e1 tr\u00ecnh \u0111\u0103ng k\u00fd v\u00e0 qu\u1ea3n tr\u1ecb chung. Nh\u1eefng cookie n\u00e0y th\u01b0\u1eddng b\u1ecb x\u00f3a khi b\u1ea1n \u0111\u0103ng xu\u1ea5t, m\u1eb7c d\u00f9 ch\u00fang c\u00f3 th\u1ec3 v\u1eabn t\u1ed3n t\u1ea1i sau \u0111\u00f3 \u0111\u1ec3 duy tr\u00ec t\u00f9y ch\u1ecdn trang web c\u1ee7a b\u1ea1n sau khi b\u1ea1n \u0111\u0103ng xu\u1ea5t.<\/li>\n\n\n\n<li><strong>Cookie \u0111\u0103ng nh\u1eadp:<\/strong> Khi b\u1ea1n \u0111\u0103ng nh\u1eadp, ch\u00fang t\u00f4i s\u1eed d\u1ee5ng cookie \u0111\u1ec3 ghi nh\u1edb phi\u00ean c\u1ee7a b\u1ea1n. \u0110i\u1ec1u n\u00e0y gi\u00fap b\u1ea1n kh\u00f4ng ph\u1ea3i \u0111\u0103ng nh\u1eadp nhi\u1ec1u l\u1ea7n khi truy c\u1eadp c\u00e1c trang kh\u00e1c nhau. Nh\u1eefng cookie n\u00e0y b\u1ecb x\u00f3a ho\u1eb7c x\u00f3a khi b\u1ea1n \u0111\u0103ng xu\u1ea5t \u0111\u1ec3 \u0111\u1ea3m b\u1ea3o r\u1eb1ng b\u1ea1n ch\u1ec9 c\u00f3 quy\u1ec1n truy c\u1eadp v\u00e0o c\u00e1c t\u00ednh n\u0103ng v\u00e0 khu v\u1ef1c b\u1ecb h\u1ea1n ch\u1ebf khi \u0111\u0103ng nh\u1eadp.<\/li>\n\n\n\n<li><strong>Cookie b\u1ea3n tin:<\/strong> N\u1ebfu trang web cung c\u1ea5p d\u1ecbch v\u1ee5 \u0111\u0103ng k\u00fd b\u1ea3n tin ho\u1eb7c email, cookie c\u00f3 th\u1ec3 \u0111\u01b0\u1ee3c s\u1eed d\u1ee5ng \u0111\u1ec3 ghi nh\u1edb xem b\u1ea1n \u0111\u00e3 \u0111\u0103ng k\u00fd hay ch\u01b0a v\u00e0 li\u1ec7u m\u1ed9t s\u1ed1 th\u00f4ng b\u00e1o nh\u1ea5t \u0111\u1ecbnh, ch\u1ec9 h\u1ee3p l\u1ec7 cho ng\u01b0\u1eddi d\u00f9ng \u0111\u00e3 \u0111\u0103ng k\u00fd ho\u1eb7c ch\u01b0a \u0111\u0103ng k\u00fd, c\u00f3 \u0111\u01b0\u1ee3c hi\u1ec3n th\u1ecb hay kh\u00f4ng.<\/li>\n<\/ul>","protected":false},"excerpt":{"rendered":"<p>A sua privacidade \u00e9 de grande import\u00e2ncia para n\u00f3s. A PlusMob se compromete a proteger a sua privacidade enquanto voc\u00ea utiliza nosso site, bem como outros sites que administramos. Coletamos suas informa\u00e7\u00f5es pessoais apenas quando necess\u00e1rio para fornecer um servi\u00e7o a voc\u00ea, e sempre com m\u00e9todos justos e transparentes, com seu conhecimento e consentimento. Tamb\u00e9m [&hellip;]<\/p>\n","protected":false},"author":1,"featured_media":0,"parent":0,"menu_order":0,"comment_status":"closed","ping_status":"closed","template":"","meta":{"footnotes":""},"class_list":["post-114","page","type-page","status-publish"],"_links":{"self":[{"href":"https:\/\/plusmob.com\/vi\/wp-json\/wp\/v2\/pages\/114","targetHints":{"allow":["GET"]}}],"collection":[{"href":"https:\/\/plusmob.com\/vi\/wp-json\/wp\/v2\/pages"}],"about":[{"href":"https:\/\/plusmob.com\/vi\/wp-json\/wp\/v2\/types\/page"}],"author":[{"embeddable":true,"href":"https:\/\/plusmob.com\/vi\/wp-json\/wp\/v2\/users\/1"}],"replies":[{"embeddable":true,"href":"https:\/\/plusmob.com\/vi\/wp-json\/wp\/v2\/comments?post=114"}],"version-history":[{"count":2,"href":"https:\/\/plusmob.com\/vi\/wp-json\/wp\/v2\/pages\/114\/revisions"}],"predecessor-version":[{"id":455,"href":"https:\/\/plusmob.com\/vi\/wp-json\/wp\/v2\/pages\/114\/revisions\/455"}],"wp:attachment":[{"href":"https:\/\/plusmob.com\/vi\/wp-json\/wp\/v2\/media?parent=114"}],"curies":[{"name":"trang web","href":"https:\/\/api.w.org\/{rel}","templated":true}]}}