{"id":112,"date":"2024-05-15T22:20:47","date_gmt":"2024-05-15T22:20:47","guid":{"rendered":"https:\/\/plusmob.com\/?page_id=112"},"modified":"2024-05-15T22:20:47","modified_gmt":"2024-05-15T22:20:47","slug":"%e4%bd%bf%e7%94%a8%e6%a2%9d%e6%ac%be","status":"publish","type":"page","link":"https:\/\/plusmob.com\/zh\/termos-de-uso\/","title":{"rendered":"\u4f7f\u7528\u689d\u6b3e"},"content":{"rendered":"<p>\u9032\u5165 PlusMob \u7db2\u7ad9\u5373\u8868\u793a\u60a8\u63a5\u53d7\u9019\u4e9b\u4f7f\u7528\u689d\u6b3e\u4ee5\u53ca\u6240\u6709\u76f8\u95dc\u6cd5\u5f8b\u548c\u6cd5\u898f\uff0c\u4e26\u627f\u8a8d\u60a8\u6709\u8cac\u4efb\u9075\u5b88\u9069\u7528\u7684\u7576\u5730\u6cd5\u5f8b\u3002\u5982\u679c\u60a8\u4e0d\u540c\u610f\u9019\u4e9b\u689d\u6b3e\uff0c\u60a8\u5c07\u88ab\u7981\u6b62\u9020\u8a2a\u6216\u4f7f\u7528\u7db2\u7ad9\u3002\u672c\u7db2\u7ad9\u7684\u5167\u5bb9\u53d7\u73fe\u884c\u667a\u6167\u8ca1\u7522\u6b0a\u548c\u5546\u6a19\u6cd5\u7684\u4fdd\u8b77\u3002<\/p>\n\n\n\n<p><strong>\u8a31\u53ef\u6388\u4e88<\/strong><br>PlusMob \u6388\u4e88\u60a8\u81e8\u6642\u4e0b\u8f09\u7db2\u7ad9\u4e0a\u53ef\u7528\u8cc7\u6599\uff08\u8cc7\u8a0a\u6216\u8edf\u9ad4\uff09\u7684\u526f\u672c\u7684\u6b0a\u5229\uff0c\u50c5\u4f9b\u500b\u4eba\u3001\u975e\u5546\u696d\u6027\u67e5\u770b\u3002\u9019\u7a2e\u7279\u8a31\u6b0a\u662f\u4f7f\u7528\u6b0a\uff0c\u800c\u4e0d\u662f\u6240\u6709\u6b0a\u3002\u4f60\u4e0d\u61c9\u8a72\uff1a<\/p>\n\n\n\n<ul class=\"wp-block-list\">\n<li>\u66f4\u6539\u6216\u8907\u88fd\u6750\u6599\uff1b<\/li>\n\n\n\n<li>\u5c07\u9019\u4e9b\u6750\u6599\u7528\u65bc\u5546\u696d\u76ee\u7684\u6216\u516c\u958b\u5c55\u793a\uff08\u5546\u696d\u6216\u5176\u4ed6\uff09\uff1b<\/li>\n\n\n\n<li>\u5617\u8a66\u5c0d PlusMob \u7db2\u7ad9\u4e0a\u627e\u5230\u7684\u4efb\u4f55\u8edf\u9ad4\u9032\u884c\u9006\u5411\u5de5\u7a0b\u6216\u53cd\u7de8\u8b6f\uff1b<\/li>\n\n\n\n<li>\u522a\u9664\u8cc7\u6599\u4e2d\u7684\u4efb\u4f55\u7248\u6b0a\u8072\u660e\u6216\u5176\u4ed6\u5c08\u6709\u6307\u793a\uff1b<\/li>\n\n\n\n<li>\u5c07\u6750\u6599\u8f49\u767c\u7d66\u4ed6\u4eba\u6216\u5c07\u6750\u6599\u8907\u88fd\u5230\u53e6\u4e00\u53f0\u4f3a\u670d\u5668\u4e0a\u3002<\/li>\n<\/ul>\n\n\n\n<p>\u5982\u679c\u60a8\u9055\u53cd\u4efb\u4f55\u9019\u4e9b\u9650\u5236\uff0c\u8a72\u8a31\u53ef\u8b49\u5c07\u81ea\u52d5\u7d42\u6b62\uff0c\u4e26\u4e14 PlusMob \u53ef\u80fd\u96a8\u6642\u7d42\u6b62\u8a72\u8a31\u53ef\u8b49\u3002\u5728\u7d42\u6b62\u6aa2\u8996\u8cc7\u6599\u6216\u672c\u8a31\u53ef\u7d50\u675f\u5f8c\uff0c\u60a8\u5fc5\u9808\u522a\u9664\u4efb\u4f55\u4e0b\u8f09\u7684\u8cc7\u6599\uff0c\u7121\u8ad6\u662f\u96fb\u5b50\u683c\u5f0f\u6216\u5217\u5370\u683c\u5f0f\u3002<\/p>\n\n\n\n<p><strong>\u514d\u8cac\u8072\u660e<\/strong><br>PlusMob \u7db2\u7ad9\u4e0a\u7684\u8cc7\u6599\u662f\u300c\u539f\u6a23\u300d\u63d0\u4f9b\u3002 PlusMob \u4e0d\u63d0\u4f9b\u4efb\u4f55\u660e\u793a\u6216\u6697\u793a\u7684\u4fdd\u8b49\uff0c\u4e26\u4e14\u4e0d\u627f\u64d4\u6240\u6709\u5176\u4ed6\u4fdd\u8b49\uff0c\u5305\u62ec\u4f46\u4e0d\u9650\u65bc\u9069\u92b7\u6027\u3001\u7279\u5b9a\u7528\u9014\u7684\u9069\u7528\u6027\u6216\u4e0d\u4fb5\u72af\u667a\u6167\u8ca1\u7522\u6b0a\u7684\u6697\u793a\u4fdd\u8b49\u3002<\/p>\n\n\n\n<p><strong>\u8cac\u4efb\u9650\u5236<\/strong><br>\u5728\u4efb\u4f55\u60c5\u6cc1\u4e0b\uff0cPlusMob \u6216\u5176\u4f9b\u61c9\u5546\u5747\u4e0d\u5c0d\u56e0\u4f7f\u7528\u6216\u7121\u6cd5\u4f7f\u7528 PlusMob \u4e0a\u7684\u6750\u6599\u800c\u9020\u6210\u7684\u4efb\u4f55\u640d\u5bb3\u627f\u64d4\u8cac\u4efb\uff0c\u5373\u4f7f\u5df2\u88ab\u544a\u77e5\u767c\u751f\u6b64\u985e\u640d\u5bb3\u7684\u53ef\u80fd\u6027\u3002\u5982\u679c\u7576\u5730\u6cd5\u5f8b\u4e0d\u5141\u8a31\u6392\u9664\u67d0\u4e9b\u4fdd\u8b49\u6216\u9650\u5236\u9593\u63a5\u640d\u5bb3\u7684\u8cac\u4efb\uff0c\u5247\u9019\u4e9b\u6392\u9664\u548c\u9650\u5236\u53ef\u80fd\u4e0d\u9069\u7528\u65bc\u60a8\u3002<\/p>\n\n\n\n<p><strong>\u6750\u6599\u7cbe\u5ea6<\/strong><br>PlusMob \u7db2\u7ad9\u4e0a\u51fa\u73fe\u7684\u8cc7\u6599\u53ef\u80fd\u5305\u542b\u6280\u8853\u3001\u5370\u5237\u6216\u7167\u7247\u932f\u8aa4\u3002 PlusMob \u4e0d\u4fdd\u8b49\u5176\u7db2\u7ad9\u4e0a\u8cc7\u6599\u7684\u6e96\u78ba\u6027\u3001\u5b8c\u6574\u6027\u6216\u53ca\u6642\u6027\uff0c\u4e26\u53ef\u80fd\u96a8\u6642\u66f4\u6539\u8cc7\u6599\u800c\u4e0d\u53e6\u884c\u901a\u77e5\uff0c\u4f46\u4e0d\u505a\u51fa\u4efb\u4f55\u66f4\u65b0\u8cc7\u6599\u7684\u627f\u8afe\u3002<\/p>\n\n\n\n<p><strong>\u9023\u7d50<\/strong><br>PlusMob \u5c1a\u672a\u5be9\u67e5\u8207\u5176\u9023\u7d50\u7684\u6240\u6709\u7db2\u7ad9\uff0c\u4e5f\u4e0d\u5c0d\u4efb\u4f55\u5916\u90e8\u7db2\u7ad9\u7684\u5167\u5bb9\u8ca0\u8cac\u3002\u5305\u542b\u4efb\u4f55\u9023\u7d50\u4e26\u4e0d\u610f\u5473\u8457 PlusMob \u8a8d\u53ef\u8a72\u7db2\u7ad9\u3002\u4f7f\u7528\u9023\u7d50\u7db2\u7ad9\u7684\u98a8\u96aa\u7531\u4f7f\u7528\u8005\u81ea\u884c\u627f\u64d4\u3002<\/p>\n\n\n\n<p><strong>\u689d\u6b3e\u4fee\u6539<\/strong><br>PlusMob \u53ef\u80fd\u96a8\u6642\u4fee\u6539\u9019\u4e9b\u4f7f\u7528\u689d\u6b3e\uff0c\u6055\u4e0d\u53e6\u884c\u901a\u77e5\u3002\u4f7f\u7528\u672c\u7db2\u7ad9\u5373\u8868\u793a\u60a8\u540c\u610f\u53d7\u672c\u4f7f\u7528\u689d\u6b3e\u7684\u6700\u65b0\u7248\u672c\u7684\u7d04\u675f\u3002<\/p>\n\n\n\n<p><strong>\u9069\u7528\u6cd5\u5f8b<\/strong><br>\u9019\u4e9b\u689d\u6b3e\u548c\u689d\u4ef6\u53d7 PlusMob \u6cd5\u5f8b\u7ba1\u8f44\uff0c\u4e26\u4e14\u60a8\u4e0d\u53ef\u64a4\u92b7\u5730\u540c\u610f\u7576\u5730\u6cd5\u9662\u7684\u5c08\u5c6c\u7ba1\u8f44\u6b0a\u3002<\/p>","protected":false},"excerpt":{"rendered":"<p>Ao entrar no site PlusMob, voc\u00ea aceita estes termos de uso, bem como todas as leis e regulamenta\u00e7\u00f5es relevantes, e reconhece que tem a responsabilidade de observar as leis locais aplic\u00e1veis. Caso n\u00e3o concorde com estes termos, voc\u00ea est\u00e1 proibido de acessar ou utilizar o site. Os conte\u00fados presentes neste website est\u00e3o protegidos pelas leis [&hellip;]<\/p>\n","protected":false},"author":1,"featured_media":0,"parent":0,"menu_order":0,"comment_status":"closed","ping_status":"closed","template":"","meta":{"footnotes":""},"class_list":["post-112","page","type-page","status-publish"],"_links":{"self":[{"href":"https:\/\/plusmob.com\/zh\/wp-json\/wp\/v2\/pages\/112","targetHints":{"allow":["GET"]}}],"collection":[{"href":"https:\/\/plusmob.com\/zh\/wp-json\/wp\/v2\/pages"}],"about":[{"href":"https:\/\/plusmob.com\/zh\/wp-json\/wp\/v2\/types\/page"}],"author":[{"embeddable":true,"href":"https:\/\/plusmob.com\/zh\/wp-json\/wp\/v2\/users\/1"}],"replies":[{"embeddable":true,"href":"https:\/\/plusmob.com\/zh\/wp-json\/wp\/v2\/comments?post=112"}],"version-history":[{"count":1,"href":"https:\/\/plusmob.com\/zh\/wp-json\/wp\/v2\/pages\/112\/revisions"}],"predecessor-version":[{"id":113,"href":"https:\/\/plusmob.com\/zh\/wp-json\/wp\/v2\/pages\/112\/revisions\/113"}],"wp:attachment":[{"href":"https:\/\/plusmob.com\/zh\/wp-json\/wp\/v2\/media?parent=112"}],"curies":[{"name":"wp","href":"https:\/\/api.w.org\/{rel}","templated":true}]}}